{"id":997,"date":"2017-08-18T09:09:09","date_gmt":"2017-08-18T06:09:09","guid":{"rendered":"http:\/\/www.brandner.ee\/?page_id=997\/"},"modified":"2025-11-03T14:59:55","modified_gmt":"2025-11-03T12:59:55","slug":"yleista","status":"publish","type":"page","link":"https:\/\/www.brandner.ee\/fi\/yritys\/yleista\/","title":{"rendered":"Yleist\u00e4"},"content":{"rendered":"<table class=\"data-table\" style=\"height: 1005px;\" width=\"863\" cellspacing=\"0\">\n<tbody>\n<tr>\n<td>Yrityksen nimi:<\/td>\n<td>BRANDNER ELECTRONICS O\u00dc<\/td>\n<\/tr>\n<tr>\n<td>Rek. N:ro<\/td>\n<td>17117350<\/td>\n<\/tr>\n<tr>\n<td>ALV:<\/td>\n<td>EE102812264<\/td>\n<\/tr>\n<tr>\n<td width=\"162\">Osoite:<\/td>\n<td width=\"356\">T\u00f6\u00f6stuse 17, 72720 Paide Estonia<\/td>\n<\/tr>\n<tr>\n<td width=\"162\">Puhelin:<\/td>\n<td width=\"356\">+372 384 6320<\/td>\n<\/tr>\n<tr>\n<td width=\"162\"><\/td>\n<td width=\"356\"><\/td>\n<\/tr>\n<tr>\n<td width=\"162\">S\u00e4hk\u00f6posti:<\/td>\n<td width=\"356\"><a href=\"mailto:sales@brandner.ee\">sales@brandner.ee<\/a><\/td>\n<\/tr>\n<tr>\n<td width=\"162\">Tilausten k\u00e4sittely:<\/td>\n<td width=\"356\">Ma &#8211; Pe 8.00 am &#8211; 4.30 pm<\/td>\n<\/tr>\n<tr>\n<td>Toiminta-ala:<\/td>\n<td>Piirilevyjen valmistus prototyyppeihin ja piensarjoihin alkaen 24 h toimituksista.<\/td>\n<\/tr>\n<tr>\n<td width=\"162\">Perustettu:<\/td>\n<td width=\"356\">1997<\/td>\n<\/tr>\n<tr>\n<td width=\"162\">Tuotantoala:<\/td>\n<td width=\"356\">3000 m<sup>2<\/sup><\/td>\n<\/tr>\n<tr>\n<td width=\"162\">Ty\u00f6ntekij\u00f6it\u00e4:<\/td>\n<td width=\"356\">30<\/td>\n<\/tr>\n<tr>\n<td width=\"162\">Omistus:<\/td>\n<td width=\"356\">yksityiset omistajat<\/td>\n<\/tr>\n<tr>\n<td width=\"162\">Liikeidea:<\/td>\n<td width=\"356\">&#8221;Olla asiakkaiden luottama, luonnon kunnioittama ja kilpailijoiden arvostama.&#8221;<\/td>\n<\/tr>\n<tr>\n<td width=\"162\">Businesskonsepti:<\/td>\n<td width=\"356\">Laadukkaita piirilevyj\u00e4 innovaation, osaamisen ja ymp\u00e4rist\u00f6tietoisen ajattelun avulla.<\/td>\n<\/tr>\n<tr>\n<td width=\"162\">Markkina-alue:<\/td>\n<td width=\"356\">Eurooppa<\/td>\n<\/tr>\n<tr>\n<td width=\"162\">Liikevaihto:<\/td>\n<td width=\"356\">3,0 milj. EUR \/ vuos.<\/td>\n<\/tr>\n<tr>\n<td width=\"162\">Tuotantom\u00e4\u00e4r\u00e4:<\/td>\n<td width=\"356\">2000 m<sup>2<\/sup>\u00a0\/ vuos.<\/td>\n<\/tr>\n<tr>\n<td width=\"162\">Laatuj\u00e4rjestelm\u00e4:<\/td>\n<td width=\"356\">ISO9001-2015 sertifioitu<\/td>\n<\/tr>\n<tr>\n<td width=\"162\"><\/td>\n<td width=\"356\"><\/td>\n<\/tr>\n<tr>\n<td width=\"162\">UL lisenssi:<\/td>\n<td width=\"356\">File No E177379<a href=\"http:\/\/database.ul.com\/cgi-bin\/XYV\/template\/LISEXT\/1FRAME\/showpage.html?name=ZPMV2.E177379&amp;ccnshorttitle=Wiring,+Printed+-+Component&amp;objid=1073815178&amp;cfgid=1073741824&amp;version=versionless&amp;parent_id=1073814637&amp;sequence=1\/t_blank\" target=\"_blank\" rel=\"noopener noreferrer\"><br \/>\n<\/a><\/td>\n<\/tr>\n<tr>\n<td width=\"162\">Tuotannon seuranta:<\/td>\n<td width=\"356\">Automatisoitu kaikkialla<\/td>\n<\/tr>\n<tr>\n<td width=\"162\">Koneet:<\/td>\n<td width=\"356\">Tarkkuustesteri s\u00e4hk\u00f6iseen testaukseen<br \/>\nAutomaattiset 250 000 rpm porakoneet<\/p>\n<p>Automaattis\u00e4\u00e4t\u00f6iset valotusyksik\u00f6t +\/- 15\u00b5<\/p>\n<p>Monikerroslevyjen tyhji\u00f6pr\u00e4ssi<br \/>\nAutomaattiannostuksella varustetut kemialliset linjat<br \/>\nMikroviojen galvaaninen linja<\/td>\n<\/tr>\n<tr>\n<td width=\"162\">Materiaalit:<\/td>\n<td width=\"356\">K\u00e4yt\u00e4mme 100 %:sti eurooppalaista PCB-materiaalia. RoHS mukainen FR4 laminaatti yritykselt\u00e4 Panasonic<\/td>\n<\/tr>\n<\/tbody>\n<\/table>\n<p><img loading=\"lazy\" decoding=\"async\" class=\"size-medium wp-image-332 alignleft\" src=\"https:\/\/www.brandner.ee\/wp-content\/uploads\/2017\/08\/factory-200x300.jpg\" alt=\"\" width=\"200\" height=\"300\" \/><\/p>\n<p><img loading=\"lazy\" decoding=\"async\" class=\"alignnone size-medium wp-image-1848\" src=\"https:\/\/www.brandner.ee\/wp-content\/uploads\/2017\/08\/Galvaanika_DSC0866-Kerlin-200x300.jpg\" sizes=\"(max-width: 200px) 100vw, 200px\" srcset=\"https:\/\/www.brandner.ee\/wp-content\/uploads\/2017\/08\/Galvaanika_DSC0866-Kerlin-200x300.jpg 200w, https:\/\/www.brandner.ee\/wp-content\/uploads\/2017\/08\/Galvaanika_DSC0866-Kerlin-768x1154.jpg 768w, https:\/\/www.brandner.ee\/wp-content\/uploads\/2017\/08\/Galvaanika_DSC0866-Kerlin-681x1024.jpg 681w, https:\/\/www.brandner.ee\/wp-content\/uploads\/2017\/08\/Galvaanika_DSC0866-Kerlin.jpg 1496w\" alt=\"\" width=\"200\" height=\"300\" \/><\/p>\n","protected":false},"excerpt":{"rendered":"<p>Yrityksen nimi: BRANDNER ELECTRONICS O\u00dc Rek. N:ro 17117350 ALV: EE102812264 Osoite: T\u00f6\u00f6stuse 17, 72720 Paide Estonia Puhelin: +372 384 6320 S\u00e4hk\u00f6posti: sales@brandner.ee Tilausten k\u00e4sittely: Ma &#8211; Pe 8.00 am &#8211; 4.30 pm Toiminta-ala: Piirilevyjen valmistus prototyyppeihin ja piensarjoihin alkaen 24 h toimituksista. Perustettu: 1997 Tuotantoala: 3000 m2 Ty\u00f6ntekij\u00f6it\u00e4: 30 Omistus: yksityiset omistajat Liikeidea: &#8221;Olla asiakkaiden &hellip;<\/p>\n","protected":false},"author":31,"featured_media":0,"parent":979,"menu_order":20,"comment_status":"closed","ping_status":"closed","template":"template_about-us.php","meta":{"footnotes":""},"yoast_head":"<!-- This site is optimized with the Yoast SEO plugin v21.5 - https:\/\/yoast.com\/wordpress\/plugins\/seo\/ -->\n<title>Yleist\u00e4 - Brandner<\/title>\n<meta name=\"robots\" content=\"index, follow, max-snippet:-1, max-image-preview:large, max-video-preview:-1\" \/>\n<link rel=\"canonical\" href=\"https:\/\/www.brandner.ee\/fi\/yritys\/yleista\/\" \/>\n<meta property=\"og:locale\" content=\"fi_FI\" \/>\n<meta property=\"og:type\" content=\"article\" \/>\n<meta property=\"og:title\" content=\"Yleist\u00e4 - Brandner\" \/>\n<meta property=\"og:description\" content=\"Yrityksen nimi: BRANDNER ELECTRONICS O\u00dc Rek. N:ro 17117350 ALV: EE102812264 Osoite: T\u00f6\u00f6stuse 17, 72720 Paide Estonia Puhelin: +372 384 6320 S\u00e4hk\u00f6posti: sales@brandner.ee Tilausten k\u00e4sittely: Ma &#8211; Pe 8.00 am &#8211; 4.30 pm Toiminta-ala: Piirilevyjen valmistus prototyyppeihin ja piensarjoihin alkaen 24 h toimituksista. Perustettu: 1997 Tuotantoala: 3000 m2 Ty\u00f6ntekij\u00f6it\u00e4: 30 Omistus: yksityiset omistajat Liikeidea: &#8221;Olla asiakkaiden &hellip;\" \/>\n<meta property=\"og:url\" content=\"https:\/\/www.brandner.ee\/fi\/yritys\/yleista\/\" \/>\n<meta property=\"og:site_name\" content=\"Brandner\" \/>\n<meta property=\"article:modified_time\" content=\"2025-11-03T12:59:55+00:00\" \/>\n<meta property=\"og:image\" content=\"https:\/\/www.brandner.ee\/wp-content\/uploads\/2017\/08\/factory-200x300.jpg\" \/>\n<meta name=\"twitter:card\" content=\"summary_large_image\" \/>\n<meta name=\"twitter:label1\" content=\"Arvioitu lukuaika\" \/>\n\t<meta name=\"twitter:data1\" content=\"2 minuuttia\" \/>\n<script type=\"application\/ld+json\" class=\"yoast-schema-graph\">{\"@context\":\"https:\/\/schema.org\",\"@graph\":[{\"@type\":\"WebPage\",\"@id\":\"https:\/\/www.brandner.ee\/fi\/yritys\/yleista\/\",\"url\":\"https:\/\/www.brandner.ee\/fi\/yritys\/yleista\/\",\"name\":\"Yleist\u00e4 - Brandner\",\"isPartOf\":{\"@id\":\"https:\/\/www.brandner.ee\/#website\"},\"datePublished\":\"2017-08-18T06:09:09+00:00\",\"dateModified\":\"2025-11-03T12:59:55+00:00\",\"breadcrumb\":{\"@id\":\"https:\/\/www.brandner.ee\/fi\/yritys\/yleista\/#breadcrumb\"},\"inLanguage\":\"fi\",\"potentialAction\":[{\"@type\":\"ReadAction\",\"target\":[\"https:\/\/www.brandner.ee\/fi\/yritys\/yleista\/\"]}]},{\"@type\":\"BreadcrumbList\",\"@id\":\"https:\/\/www.brandner.ee\/fi\/yritys\/yleista\/#breadcrumb\",\"itemListElement\":[{\"@type\":\"ListItem\",\"position\":1,\"name\":\"Home\",\"item\":\"https:\/\/www.brandner.ee\/fi\/\"},{\"@type\":\"ListItem\",\"position\":2,\"name\":\"Yritys\",\"item\":\"https:\/\/www.brandner.ee\/fi\/yritys\/\"},{\"@type\":\"ListItem\",\"position\":3,\"name\":\"Yleist\u00e4\"}]},{\"@type\":\"WebSite\",\"@id\":\"https:\/\/www.brandner.ee\/#website\",\"url\":\"https:\/\/www.brandner.ee\/\",\"name\":\"Brandner\",\"description\":\"PCB manufacturing\",\"potentialAction\":[{\"@type\":\"SearchAction\",\"target\":{\"@type\":\"EntryPoint\",\"urlTemplate\":\"https:\/\/www.brandner.ee\/?s={search_term_string}\"},\"query-input\":\"required name=search_term_string\"}],\"inLanguage\":\"fi\"}]}<\/script>\n<!-- \/ Yoast SEO plugin. -->","yoast_head_json":{"title":"Yleist\u00e4 - Brandner","robots":{"index":"index","follow":"follow","max-snippet":"max-snippet:-1","max-image-preview":"max-image-preview:large","max-video-preview":"max-video-preview:-1"},"canonical":"https:\/\/www.brandner.ee\/fi\/yritys\/yleista\/","og_locale":"fi_FI","og_type":"article","og_title":"Yleist\u00e4 - Brandner","og_description":"Yrityksen nimi: BRANDNER ELECTRONICS O\u00dc Rek. N:ro 17117350 ALV: EE102812264 Osoite: T\u00f6\u00f6stuse 17, 72720 Paide Estonia Puhelin: +372 384 6320 S\u00e4hk\u00f6posti: sales@brandner.ee Tilausten k\u00e4sittely: Ma &#8211; Pe 8.00 am &#8211; 4.30 pm Toiminta-ala: Piirilevyjen valmistus prototyyppeihin ja piensarjoihin alkaen 24 h toimituksista. Perustettu: 1997 Tuotantoala: 3000 m2 Ty\u00f6ntekij\u00f6it\u00e4: 30 Omistus: yksityiset omistajat Liikeidea: &#8221;Olla asiakkaiden &hellip;","og_url":"https:\/\/www.brandner.ee\/fi\/yritys\/yleista\/","og_site_name":"Brandner","article_modified_time":"2025-11-03T12:59:55+00:00","og_image":[{"url":"https:\/\/www.brandner.ee\/wp-content\/uploads\/2017\/08\/factory-200x300.jpg"}],"twitter_card":"summary_large_image","twitter_misc":{"Arvioitu lukuaika":"2 minuuttia"},"schema":{"@context":"https:\/\/schema.org","@graph":[{"@type":"WebPage","@id":"https:\/\/www.brandner.ee\/fi\/yritys\/yleista\/","url":"https:\/\/www.brandner.ee\/fi\/yritys\/yleista\/","name":"Yleist\u00e4 - Brandner","isPartOf":{"@id":"https:\/\/www.brandner.ee\/#website"},"datePublished":"2017-08-18T06:09:09+00:00","dateModified":"2025-11-03T12:59:55+00:00","breadcrumb":{"@id":"https:\/\/www.brandner.ee\/fi\/yritys\/yleista\/#breadcrumb"},"inLanguage":"fi","potentialAction":[{"@type":"ReadAction","target":["https:\/\/www.brandner.ee\/fi\/yritys\/yleista\/"]}]},{"@type":"BreadcrumbList","@id":"https:\/\/www.brandner.ee\/fi\/yritys\/yleista\/#breadcrumb","itemListElement":[{"@type":"ListItem","position":1,"name":"Home","item":"https:\/\/www.brandner.ee\/fi\/"},{"@type":"ListItem","position":2,"name":"Yritys","item":"https:\/\/www.brandner.ee\/fi\/yritys\/"},{"@type":"ListItem","position":3,"name":"Yleist\u00e4"}]},{"@type":"WebSite","@id":"https:\/\/www.brandner.ee\/#website","url":"https:\/\/www.brandner.ee\/","name":"Brandner","description":"PCB manufacturing","potentialAction":[{"@type":"SearchAction","target":{"@type":"EntryPoint","urlTemplate":"https:\/\/www.brandner.ee\/?s={search_term_string}"},"query-input":"required name=search_term_string"}],"inLanguage":"fi"}]}},"_links":{"self":[{"href":"https:\/\/www.brandner.ee\/fi\/wp-json\/wp\/v2\/pages\/997"}],"collection":[{"href":"https:\/\/www.brandner.ee\/fi\/wp-json\/wp\/v2\/pages"}],"about":[{"href":"https:\/\/www.brandner.ee\/fi\/wp-json\/wp\/v2\/types\/page"}],"author":[{"embeddable":true,"href":"https:\/\/www.brandner.ee\/fi\/wp-json\/wp\/v2\/users\/31"}],"replies":[{"embeddable":true,"href":"https:\/\/www.brandner.ee\/fi\/wp-json\/wp\/v2\/comments?post=997"}],"version-history":[{"count":20,"href":"https:\/\/www.brandner.ee\/fi\/wp-json\/wp\/v2\/pages\/997\/revisions"}],"predecessor-version":[{"id":12909,"href":"https:\/\/www.brandner.ee\/fi\/wp-json\/wp\/v2\/pages\/997\/revisions\/12909"}],"up":[{"embeddable":true,"href":"https:\/\/www.brandner.ee\/fi\/wp-json\/wp\/v2\/pages\/979"}],"wp:attachment":[{"href":"https:\/\/www.brandner.ee\/fi\/wp-json\/wp\/v2\/media?parent=997"}],"curies":[{"name":"wp","href":"https:\/\/api.w.org\/{rel}","templated":true}]}}