{"id":993,"date":"2017-08-17T15:53:00","date_gmt":"2017-08-17T12:53:00","guid":{"rendered":"http:\/\/www.brandner.ee\/?page_id=993\/"},"modified":"2019-01-11T13:58:00","modified_gmt":"2019-01-11T11:58:00","slug":"kalenteri","status":"publish","type":"page","link":"https:\/\/www.brandner.ee\/fi\/yritys\/kalenteri\/","title":{"rendered":"Kalenteri"},"content":{"rendered":"<p>Teimme kalenterin julkiseksi asiakkaille.<\/p>\n<p>Nyt on n\u00e4kyviss\u00e4 meid\u00e4n vapaap\u00e4iv\u00e4t ja lyhennetyt ty\u00f6p\u00e4iv\u00e4t v\u00e4hint\u00e4\u00e4n vuoden verran. Sivulta l\u00f6ytyy my\u00f6s Viron kansalliset juhlap\u00e4iv\u00e4t.<\/p>\n<p>&nbsp;<\/p>\n<p><iframe loading=\"lazy\" style=\"border-width: 0;\" src=\"https:\/\/calendar.google.com\/calendar\/embed?showTitle=0&amp;showTabs=0&amp;height=350&amp;wkst=2&amp;hl=en_GB&amp;bgcolor=%23FFFFFF&amp;src=brandner.pcb%40gmail.com&amp;color=%231B887A&amp;src=en-gb.ee%23holiday%40group.v.calendar.google.com&amp;color=%23125A12&amp;ctz=Europe%2FTallinn\" width=\"500\" height=\"350\" frameborder=\"0\" scrolling=\"no\"><\/iframe><\/p>\n<p>&nbsp;<\/p>\n<p>1. tammikuuta &#8211; Uudenvuodenp\u00e4iv\u00e4<br \/>\n24. helmikuuta &#8211; Itsen\u00e4isyysp\u00e4iv\u00e4<br \/>\nPerjantai ennen p\u00e4\u00e4si\u00e4issunnuntaita &#8211; Pitk\u00e4perjantai<br \/>\n1. toukokuuta &#8211; Vappup\u00e4iv\u00e4<br \/>\n23. kes\u00e4kuuta &#8211; Voitonp\u00e4iv\u00e4<br \/>\n24. kes\u00e4kuuta &#8211; Juhannusp\u00e4iv\u00e4<br \/>\n20. elokuuta &#8211; Viron itsen\u00e4isyysp\u00e4iv\u00e4<br \/>\n24. joulukuuta &#8211; Jouluaatto<br \/>\n25. joulukuuta &#8211; Joulup\u00e4iv\u00e4<br \/>\n26. joulukuuta &#8211; Tapaninp\u00e4iv\u00e4<\/p>\n","protected":false},"excerpt":{"rendered":"<p>Teimme kalenterin julkiseksi asiakkaille. Nyt on n\u00e4kyviss\u00e4 meid\u00e4n vapaap\u00e4iv\u00e4t ja lyhennetyt ty\u00f6p\u00e4iv\u00e4t v\u00e4hint\u00e4\u00e4n vuoden verran. Sivulta l\u00f6ytyy my\u00f6s Viron kansalliset juhlap\u00e4iv\u00e4t. &nbsp; &nbsp; 1. tammikuuta &#8211; Uudenvuodenp\u00e4iv\u00e4 24. helmikuuta &#8211; Itsen\u00e4isyysp\u00e4iv\u00e4 Perjantai ennen p\u00e4\u00e4si\u00e4issunnuntaita &#8211; Pitk\u00e4perjantai 1. toukokuuta &#8211; Vappup\u00e4iv\u00e4 23. kes\u00e4kuuta &#8211; Voitonp\u00e4iv\u00e4 24. kes\u00e4kuuta &#8211; Juhannusp\u00e4iv\u00e4 20. elokuuta &#8211; Viron itsen\u00e4isyysp\u00e4iv\u00e4 24. joulukuuta &hellip;<\/p>\n","protected":false},"author":31,"featured_media":0,"parent":979,"menu_order":40,"comment_status":"closed","ping_status":"closed","template":"template_about-us.php","meta":{"footnotes":""},"yoast_head":"<!-- This site is optimized with the Yoast SEO plugin v21.5 - https:\/\/yoast.com\/wordpress\/plugins\/seo\/ -->\n<title>Kalenteri - Brandner<\/title>\n<meta name=\"robots\" content=\"index, follow, max-snippet:-1, max-image-preview:large, max-video-preview:-1\" \/>\n<link rel=\"canonical\" href=\"https:\/\/www.brandner.ee\/fi\/yritys\/kalenteri\/\" \/>\n<meta property=\"og:locale\" content=\"fi_FI\" \/>\n<meta property=\"og:type\" content=\"article\" \/>\n<meta property=\"og:title\" content=\"Kalenteri - Brandner\" \/>\n<meta property=\"og:description\" content=\"Teimme kalenterin julkiseksi asiakkaille. Nyt on n\u00e4kyviss\u00e4 meid\u00e4n vapaap\u00e4iv\u00e4t ja lyhennetyt ty\u00f6p\u00e4iv\u00e4t v\u00e4hint\u00e4\u00e4n vuoden verran. Sivulta l\u00f6ytyy my\u00f6s Viron kansalliset juhlap\u00e4iv\u00e4t. &nbsp; &nbsp; 1. tammikuuta &#8211; Uudenvuodenp\u00e4iv\u00e4 24. helmikuuta &#8211; Itsen\u00e4isyysp\u00e4iv\u00e4 Perjantai ennen p\u00e4\u00e4si\u00e4issunnuntaita &#8211; Pitk\u00e4perjantai 1. toukokuuta &#8211; Vappup\u00e4iv\u00e4 23. kes\u00e4kuuta &#8211; Voitonp\u00e4iv\u00e4 24. kes\u00e4kuuta &#8211; Juhannusp\u00e4iv\u00e4 20. elokuuta &#8211; Viron itsen\u00e4isyysp\u00e4iv\u00e4 24. joulukuuta &hellip;\" \/>\n<meta property=\"og:url\" content=\"https:\/\/www.brandner.ee\/fi\/yritys\/kalenteri\/\" \/>\n<meta property=\"og:site_name\" content=\"Brandner\" \/>\n<meta property=\"article:modified_time\" content=\"2019-01-11T11:58:00+00:00\" \/>\n<meta name=\"twitter:card\" content=\"summary_large_image\" \/>\n<script type=\"application\/ld+json\" class=\"yoast-schema-graph\">{\"@context\":\"https:\/\/schema.org\",\"@graph\":[{\"@type\":\"WebPage\",\"@id\":\"https:\/\/www.brandner.ee\/fi\/yritys\/kalenteri\/\",\"url\":\"https:\/\/www.brandner.ee\/fi\/yritys\/kalenteri\/\",\"name\":\"Kalenteri - Brandner\",\"isPartOf\":{\"@id\":\"https:\/\/www.brandner.ee\/#website\"},\"datePublished\":\"2017-08-17T12:53:00+00:00\",\"dateModified\":\"2019-01-11T11:58:00+00:00\",\"breadcrumb\":{\"@id\":\"https:\/\/www.brandner.ee\/fi\/yritys\/kalenteri\/#breadcrumb\"},\"inLanguage\":\"fi\",\"potentialAction\":[{\"@type\":\"ReadAction\",\"target\":[\"https:\/\/www.brandner.ee\/fi\/yritys\/kalenteri\/\"]}]},{\"@type\":\"BreadcrumbList\",\"@id\":\"https:\/\/www.brandner.ee\/fi\/yritys\/kalenteri\/#breadcrumb\",\"itemListElement\":[{\"@type\":\"ListItem\",\"position\":1,\"name\":\"Home\",\"item\":\"https:\/\/www.brandner.ee\/fi\/\"},{\"@type\":\"ListItem\",\"position\":2,\"name\":\"Yritys\",\"item\":\"https:\/\/www.brandner.ee\/fi\/yritys\/\"},{\"@type\":\"ListItem\",\"position\":3,\"name\":\"Kalenteri\"}]},{\"@type\":\"WebSite\",\"@id\":\"https:\/\/www.brandner.ee\/#website\",\"url\":\"https:\/\/www.brandner.ee\/\",\"name\":\"Brandner\",\"description\":\"PCB manufacturing\",\"potentialAction\":[{\"@type\":\"SearchAction\",\"target\":{\"@type\":\"EntryPoint\",\"urlTemplate\":\"https:\/\/www.brandner.ee\/?s={search_term_string}\"},\"query-input\":\"required name=search_term_string\"}],\"inLanguage\":\"fi\"}]}<\/script>\n<!-- \/ Yoast SEO plugin. -->","yoast_head_json":{"title":"Kalenteri - Brandner","robots":{"index":"index","follow":"follow","max-snippet":"max-snippet:-1","max-image-preview":"max-image-preview:large","max-video-preview":"max-video-preview:-1"},"canonical":"https:\/\/www.brandner.ee\/fi\/yritys\/kalenteri\/","og_locale":"fi_FI","og_type":"article","og_title":"Kalenteri - Brandner","og_description":"Teimme kalenterin julkiseksi asiakkaille. Nyt on n\u00e4kyviss\u00e4 meid\u00e4n vapaap\u00e4iv\u00e4t ja lyhennetyt ty\u00f6p\u00e4iv\u00e4t v\u00e4hint\u00e4\u00e4n vuoden verran. Sivulta l\u00f6ytyy my\u00f6s Viron kansalliset juhlap\u00e4iv\u00e4t. &nbsp; &nbsp; 1. tammikuuta &#8211; Uudenvuodenp\u00e4iv\u00e4 24. helmikuuta &#8211; Itsen\u00e4isyysp\u00e4iv\u00e4 Perjantai ennen p\u00e4\u00e4si\u00e4issunnuntaita &#8211; Pitk\u00e4perjantai 1. toukokuuta &#8211; Vappup\u00e4iv\u00e4 23. kes\u00e4kuuta &#8211; Voitonp\u00e4iv\u00e4 24. kes\u00e4kuuta &#8211; Juhannusp\u00e4iv\u00e4 20. elokuuta &#8211; Viron itsen\u00e4isyysp\u00e4iv\u00e4 24. joulukuuta &hellip;","og_url":"https:\/\/www.brandner.ee\/fi\/yritys\/kalenteri\/","og_site_name":"Brandner","article_modified_time":"2019-01-11T11:58:00+00:00","twitter_card":"summary_large_image","schema":{"@context":"https:\/\/schema.org","@graph":[{"@type":"WebPage","@id":"https:\/\/www.brandner.ee\/fi\/yritys\/kalenteri\/","url":"https:\/\/www.brandner.ee\/fi\/yritys\/kalenteri\/","name":"Kalenteri - Brandner","isPartOf":{"@id":"https:\/\/www.brandner.ee\/#website"},"datePublished":"2017-08-17T12:53:00+00:00","dateModified":"2019-01-11T11:58:00+00:00","breadcrumb":{"@id":"https:\/\/www.brandner.ee\/fi\/yritys\/kalenteri\/#breadcrumb"},"inLanguage":"fi","potentialAction":[{"@type":"ReadAction","target":["https:\/\/www.brandner.ee\/fi\/yritys\/kalenteri\/"]}]},{"@type":"BreadcrumbList","@id":"https:\/\/www.brandner.ee\/fi\/yritys\/kalenteri\/#breadcrumb","itemListElement":[{"@type":"ListItem","position":1,"name":"Home","item":"https:\/\/www.brandner.ee\/fi\/"},{"@type":"ListItem","position":2,"name":"Yritys","item":"https:\/\/www.brandner.ee\/fi\/yritys\/"},{"@type":"ListItem","position":3,"name":"Kalenteri"}]},{"@type":"WebSite","@id":"https:\/\/www.brandner.ee\/#website","url":"https:\/\/www.brandner.ee\/","name":"Brandner","description":"PCB manufacturing","potentialAction":[{"@type":"SearchAction","target":{"@type":"EntryPoint","urlTemplate":"https:\/\/www.brandner.ee\/?s={search_term_string}"},"query-input":"required name=search_term_string"}],"inLanguage":"fi"}]}},"_links":{"self":[{"href":"https:\/\/www.brandner.ee\/fi\/wp-json\/wp\/v2\/pages\/993"}],"collection":[{"href":"https:\/\/www.brandner.ee\/fi\/wp-json\/wp\/v2\/pages"}],"about":[{"href":"https:\/\/www.brandner.ee\/fi\/wp-json\/wp\/v2\/types\/page"}],"author":[{"embeddable":true,"href":"https:\/\/www.brandner.ee\/fi\/wp-json\/wp\/v2\/users\/31"}],"replies":[{"embeddable":true,"href":"https:\/\/www.brandner.ee\/fi\/wp-json\/wp\/v2\/comments?post=993"}],"version-history":[{"count":7,"href":"https:\/\/www.brandner.ee\/fi\/wp-json\/wp\/v2\/pages\/993\/revisions"}],"predecessor-version":[{"id":2356,"href":"https:\/\/www.brandner.ee\/fi\/wp-json\/wp\/v2\/pages\/993\/revisions\/2356"}],"up":[{"embeddable":true,"href":"https:\/\/www.brandner.ee\/fi\/wp-json\/wp\/v2\/pages\/979"}],"wp:attachment":[{"href":"https:\/\/www.brandner.ee\/fi\/wp-json\/wp\/v2\/media?parent=993"}],"curies":[{"name":"wp","href":"https:\/\/api.w.org\/{rel}","templated":true}]}}