{"id":989,"date":"2017-08-17T15:44:12","date_gmt":"2017-08-17T12:44:12","guid":{"rendered":"http:\/\/www.brandner.ee\/?page_id=989\/"},"modified":"2025-10-31T13:56:30","modified_gmt":"2025-10-31T11:56:30","slug":"historia","status":"publish","type":"page","link":"https:\/\/www.brandner.ee\/fi\/yritys\/historia\/","title":{"rendered":"Historia"},"content":{"rendered":"<p><strong>1995<\/strong> &#8211; Manfred Brandner perusti AS Brandner PCB tehtaan Viroon.<\/p>\n<p><strong>1997<\/strong> &#8211; Toimiva johto osti yrityksen ja samalla perustettiin O\u00dc Brandner PCB.<\/p>\n<p><strong>1999<\/strong> &#8211; Toimintaa kehitettiin investoimalla ensimm\u00e4iseen s\u00e4hk\u00f6iseen testeriin.<\/p>\n<p><strong>2000\u00a0<\/strong>&#8211; Ensimm\u00e4inen vaakatasossa toimiva suorametallointilinja, ISO sertifikaatit.<\/p>\n<p><strong>2001\u00a0<\/strong>&#8211; Tuotantotilojen uusiminen, uusi galvaaninen linja sek\u00e4 vesien k\u00e4sittelylaitos.<\/p>\n<p><strong>2002\u00a0<\/strong>&#8211; Uudet laboratoriotilat ja j\u00e4rjestelm\u00e4t, ensimm\u00e4iset asiakasp\u00e4iv\u00e4t.<\/p>\n<p><strong>2003<\/strong> &#8211; Ty\u00f6ntekij\u00f6iden motivointij\u00e4rjestelm\u00e4 , juotosmaskin esik\u00e4sittelyj\u00e4rjestelm\u00e4.<\/p>\n<p><strong>2004<\/strong> &#8211; Monikerrostekniikan vakiinnuttaminen, lyijytt\u00f6m\u00e4t pinnoiteprosessit.<\/p>\n<p><strong>2005<\/strong> &#8211; Monikerrostekniikan edelleenkehitt\u00e4mist\u00e4, investoinnit r\u00f6ntgenkohdistukseen, sokeat ja haudatut rei\u00e4t.<\/p>\n<p><strong>2005\u00a0Kes\u00e4kuu<\/strong> &#8211; Uuden tehtaan suunnittelun alku, maavaraukset jne.<\/p>\n<p><strong>2005<\/strong> &#8211; Lyijyt\u00f6n HAL-prosessi k\u00e4ytt\u00f6\u00f6n entisen lyijyllisen (Sn\/Pb 60\/40) tilalle.<\/p>\n<p><strong>2006\u00a0Tammikuu\u00a0<\/strong>&#8211; Normaalin jyrsimisen rinnalle tuli mahdollisuus V-urajyrsint\u00e4\u00e4n. T\u00e4ll\u00f6in levyt ovat kylki kyljess\u00e4 toisissaan kiinni. Uran pohjan katkaisupaksuus on 0,2 mm. Irrotuksen j\u00e4lkeen levyjen mittatoleranssi on 0,3 mm. Mik\u00e4li vaaditaan tarkempaa, on syyt\u00e4 k\u00e4ytt\u00e4\u00e4n perinteist\u00e4 jyrsint\u00e4\u00e4.<\/p>\n<p><strong>2007\u00a0Tammikuu <\/strong>&#8211; Uusi tuotanto- ja toimistotilamme avattiin Paidessa, Viron syd\u00e4mess\u00e4.<\/p>\n<p><strong>10.01.2007\u00a0<\/strong>&#8211; Ensimm\u00e4iset piirilevyt l\u00e4htiv\u00e4t uudelta tehtaalta.<\/p>\n<p><strong>2008<\/strong> &#8211; Investoimme uuteen porakoneeseen, jonka ansiosta kapasiteettimme on nyt 1 000\u00a0000 reik\u00e4\u00e4 p\u00e4iv\u00e4ss\u00e4.<\/p>\n<p><strong>2008\u00a0<\/strong>&#8211; Lanseerasimme uuden teknologian, joka mahdollistaa 100\u00b5 pime\u00e4t viat. Vian syvyys voi olla 130\u00b5, juotost\u00e4pl\u00e4 180\u00b5. Kyseinen teknologia sopii sekventaaliseen monikerroslevyjen valmistukseen.<\/p>\n<p><strong>2008\u00a0<\/strong>&#8211; Uusi juotosmaskin asemointilaite, jossa CCD kamera ja jonka avulla tarkkuus nyt \u00b115\u00b5.<\/p>\n<p><strong>2008<\/strong> &#8211; Uusi r\u00f6ntgenprosessi, joka mahdollistaa sekventaalisen levyjen kokoamisen.<\/p>\n<p><strong>2009\u00a0<\/strong>&#8211; Teknillisen kehityksen my\u00f6t\u00e4 saavutimme 260\u00b5-kaulukselliset sokeat l\u00e4piviennit sis\u00e4kerrosten v\u00e4lille. L\u00e4pivienti on 100\u00b5 ja syvyys 150\u00b5 (suhde 1:1,5).<\/p>\n<p><strong>2009<\/strong><strong>\u00a0Syyskuu <\/strong>&#8211; HDI &#8211; levyj\u00e4, joissa 100\u00b5 sokeat l\u00e4piviennit jopa 24 tunnissa.<\/p>\n<p><strong>2009 <\/strong>&#8211; Toimitusvarmuus nyt 98,2 %<\/p>\n<p><strong>2010<\/strong> &#8211; Uudet modernit kotisivut.<\/p>\n<p><strong>2011<\/strong> &#8211; otettu k\u00e4ytt\u00f6\u00f6n kemiallinen kultaus;<\/p>\n<p><strong>2012<\/strong> &#8211; monikerroksisten levyjen asemoinnin parantaminen, nyt voidaan koota 24-kerroksisia levyj\u00e4;<\/p>\n<p><strong>2012<\/strong> &#8211; aloitettiin alumiinipohjaisten levyjen valmistus;<\/p>\n<p><strong>2013<\/strong> &#8211; automaattinen optinen testaus;<\/p>\n<p><strong>2013<\/strong> &#8211; protopiirilevyjenverkkokauppa<\/p>\n<p><strong>2014<\/strong> &#8211; Impedanssien mittauskyky<\/p>\n<p><strong>2014<\/strong> &#8211; Electronica 2014-messuilla Brandner PCB Ltd. nimettiin yhdeksi parhaista vientiyrityksist\u00e4 Virossa.<\/p>\n<p><strong>2015\u00a0<\/strong>&#8211; Sokea reititysmahdollisuus toteutettiin.<\/p>\n<p><strong>01.06.2016<\/strong> &#8211; Backdrilling toteutettiin.<\/p>\n<p><strong>19.01.2017\u00a0<\/strong>&#8211; Asennettiin uusi piirturi &#8211; t\u00e4st\u00e4 l\u00e4htien pystymme k\u00e4sitell\u00e4 useat mallit samaan aikaan.<\/p>\n<p><strong>10.07.2017 <\/strong>&#8211; Uusi laminaattori asennettu<\/p>\n<p><strong>15.10.2017 <\/strong>\u2013 <span id=\"result_box\" class=\"short_text\" lang=\"fi\"><span class=\"\">Brandner PCB <strong>20<\/strong>-vuotisjuhla<\/span><\/span>.<\/p>\n<p><strong>8.12.2017 <\/strong>\u2013 <span id=\"result_box\" class=\"short_text\" lang=\"fi\"><span class=\"\">moderni kotisivu \/ verkkokauppa<\/span><\/span> <a href=\"https:\/\/www.brandner.ee\/fi\/\" target=\"_blank\" rel=\"noopener\">https:\/\/www.brandner.ee\/fi\/<\/a><\/p>\n<p><strong>02.01.2018<\/strong> \u2013<strong> 10<\/strong><span id=\"result_box\" class=\"short_text\" lang=\"fi\"><span class=\"\"> vuotta uuden tuotantorakennuksen valmistumisesta<\/span><\/span>.<\/p>\n<p><span id=\"result_box\" class=\"short_text\" lang=\"fi\"><span class=\"\"><strong>03.02.2018<\/strong> \u2013\u00a0Uusi porauskone on saapunut. Se pystyy poraamaan 20 000 reik\u00e4\u00e4 tunnissa.<\/span><\/span><\/p>\n<p><strong>29.03.2018<\/strong> &#8211; Muiden lis\u00e4ksi uusi tehokkaampi testauskone alkoi ty\u00f6skennell\u00e4.<\/p>\n<p><strong>06.09.2018 &#8211; <\/strong>Etching line.<\/p>\n<p><strong>18.02.2019 &#8211; <\/strong>EV03 Routing and drilling machine.<\/p>\n<p><strong>18.02.2019 &#8211; <\/strong>EV04 Routing and drilling machine.<\/p>\n<p><strong>22.02.2019 &#8211; <\/strong>AOI<\/p>\n<p><strong>02.2020 &#8211; <\/strong>Semi automatic solder mask printer.<\/p>\n<p><strong>10.08.2020<\/strong> &#8211; Laminator for inner layers.<\/p>\n<p><strong>26.10.2020<\/strong> &#8211; Oxidation line , inner layer preparation for pressing.<\/p>\n<p><strong>27.10.2020<\/strong> &#8211; Preparation line for inner layer lamination.<\/p>\n<p><strong>21.12.2020<\/strong> &#8211; Resist developing line.<\/p>\n<p><strong>01.2021<\/strong> &#8211; LDI.<\/p>\n<p><strong>09.09.2021<\/strong> &#8211; New demineralized water column.<\/p>\n<p><strong>15.12.2021<\/strong> &#8211; Resist stripping line.<\/p>\n<p><strong>16.12.2021 &#8211;<\/strong> EV05 Routing and drilling machine.<\/p>\n<p><strong>19.07.2022<\/strong> &#8211; x-ray to check.<\/p>\n<p><strong>August 2025<\/strong> &#8211; Brandner Electronics O\u00dc started operations<\/p>\n","protected":false},"excerpt":{"rendered":"<p>1995 &#8211; Manfred Brandner perusti AS Brandner PCB tehtaan Viroon. 1997 &#8211; Toimiva johto osti yrityksen ja samalla perustettiin O\u00dc Brandner PCB. 1999 &#8211; Toimintaa kehitettiin investoimalla ensimm\u00e4iseen s\u00e4hk\u00f6iseen testeriin. 2000\u00a0&#8211; Ensimm\u00e4inen vaakatasossa toimiva suorametallointilinja, ISO sertifikaatit. 2001\u00a0&#8211; Tuotantotilojen uusiminen, uusi galvaaninen linja sek\u00e4 vesien k\u00e4sittelylaitos. 2002\u00a0&#8211; Uudet laboratoriotilat ja j\u00e4rjestelm\u00e4t, ensimm\u00e4iset asiakasp\u00e4iv\u00e4t. 2003 &#8211; &hellip;<\/p>\n","protected":false},"author":31,"featured_media":0,"parent":979,"menu_order":30,"comment_status":"closed","ping_status":"closed","template":"template_about-us.php","meta":{"footnotes":""},"yoast_head":"<!-- This site is optimized with the Yoast SEO plugin v21.5 - https:\/\/yoast.com\/wordpress\/plugins\/seo\/ -->\n<title>Historia - Brandner<\/title>\n<meta name=\"robots\" content=\"index, follow, max-snippet:-1, max-image-preview:large, max-video-preview:-1\" \/>\n<link rel=\"canonical\" href=\"https:\/\/www.brandner.ee\/fi\/yritys\/historia\/\" \/>\n<meta property=\"og:locale\" content=\"fi_FI\" \/>\n<meta property=\"og:type\" content=\"article\" \/>\n<meta property=\"og:title\" content=\"Historia - Brandner\" \/>\n<meta property=\"og:description\" content=\"1995 &#8211; Manfred Brandner perusti AS Brandner PCB tehtaan Viroon. 1997 &#8211; Toimiva johto osti yrityksen ja samalla perustettiin O\u00dc Brandner PCB. 1999 &#8211; Toimintaa kehitettiin investoimalla ensimm\u00e4iseen s\u00e4hk\u00f6iseen testeriin. 2000\u00a0&#8211; Ensimm\u00e4inen vaakatasossa toimiva suorametallointilinja, ISO sertifikaatit. 2001\u00a0&#8211; Tuotantotilojen uusiminen, uusi galvaaninen linja sek\u00e4 vesien k\u00e4sittelylaitos. 2002\u00a0&#8211; Uudet laboratoriotilat ja j\u00e4rjestelm\u00e4t, ensimm\u00e4iset asiakasp\u00e4iv\u00e4t. 2003 &#8211; &hellip;\" \/>\n<meta property=\"og:url\" content=\"https:\/\/www.brandner.ee\/fi\/yritys\/historia\/\" \/>\n<meta property=\"og:site_name\" content=\"Brandner\" \/>\n<meta property=\"article:modified_time\" content=\"2025-10-31T11:56:30+00:00\" \/>\n<meta name=\"twitter:card\" content=\"summary_large_image\" \/>\n<meta name=\"twitter:label1\" content=\"Arvioitu lukuaika\" \/>\n\t<meta name=\"twitter:data1\" content=\"3 minuuttia\" \/>\n<script type=\"application\/ld+json\" class=\"yoast-schema-graph\">{\"@context\":\"https:\/\/schema.org\",\"@graph\":[{\"@type\":\"WebPage\",\"@id\":\"https:\/\/www.brandner.ee\/fi\/yritys\/historia\/\",\"url\":\"https:\/\/www.brandner.ee\/fi\/yritys\/historia\/\",\"name\":\"Historia - Brandner\",\"isPartOf\":{\"@id\":\"https:\/\/www.brandner.ee\/#website\"},\"datePublished\":\"2017-08-17T12:44:12+00:00\",\"dateModified\":\"2025-10-31T11:56:30+00:00\",\"breadcrumb\":{\"@id\":\"https:\/\/www.brandner.ee\/fi\/yritys\/historia\/#breadcrumb\"},\"inLanguage\":\"fi\",\"potentialAction\":[{\"@type\":\"ReadAction\",\"target\":[\"https:\/\/www.brandner.ee\/fi\/yritys\/historia\/\"]}]},{\"@type\":\"BreadcrumbList\",\"@id\":\"https:\/\/www.brandner.ee\/fi\/yritys\/historia\/#breadcrumb\",\"itemListElement\":[{\"@type\":\"ListItem\",\"position\":1,\"name\":\"Home\",\"item\":\"https:\/\/www.brandner.ee\/fi\/\"},{\"@type\":\"ListItem\",\"position\":2,\"name\":\"Yritys\",\"item\":\"https:\/\/www.brandner.ee\/fi\/yritys\/\"},{\"@type\":\"ListItem\",\"position\":3,\"name\":\"Historia\"}]},{\"@type\":\"WebSite\",\"@id\":\"https:\/\/www.brandner.ee\/#website\",\"url\":\"https:\/\/www.brandner.ee\/\",\"name\":\"Brandner\",\"description\":\"PCB manufacturing\",\"potentialAction\":[{\"@type\":\"SearchAction\",\"target\":{\"@type\":\"EntryPoint\",\"urlTemplate\":\"https:\/\/www.brandner.ee\/?s={search_term_string}\"},\"query-input\":\"required name=search_term_string\"}],\"inLanguage\":\"fi\"}]}<\/script>\n<!-- \/ Yoast SEO plugin. -->","yoast_head_json":{"title":"Historia - Brandner","robots":{"index":"index","follow":"follow","max-snippet":"max-snippet:-1","max-image-preview":"max-image-preview:large","max-video-preview":"max-video-preview:-1"},"canonical":"https:\/\/www.brandner.ee\/fi\/yritys\/historia\/","og_locale":"fi_FI","og_type":"article","og_title":"Historia - Brandner","og_description":"1995 &#8211; Manfred Brandner perusti AS Brandner PCB tehtaan Viroon. 1997 &#8211; Toimiva johto osti yrityksen ja samalla perustettiin O\u00dc Brandner PCB. 1999 &#8211; Toimintaa kehitettiin investoimalla ensimm\u00e4iseen s\u00e4hk\u00f6iseen testeriin. 2000\u00a0&#8211; Ensimm\u00e4inen vaakatasossa toimiva suorametallointilinja, ISO sertifikaatit. 2001\u00a0&#8211; Tuotantotilojen uusiminen, uusi galvaaninen linja sek\u00e4 vesien k\u00e4sittelylaitos. 2002\u00a0&#8211; Uudet laboratoriotilat ja j\u00e4rjestelm\u00e4t, ensimm\u00e4iset asiakasp\u00e4iv\u00e4t. 2003 &#8211; &hellip;","og_url":"https:\/\/www.brandner.ee\/fi\/yritys\/historia\/","og_site_name":"Brandner","article_modified_time":"2025-10-31T11:56:30+00:00","twitter_card":"summary_large_image","twitter_misc":{"Arvioitu lukuaika":"3 minuuttia"},"schema":{"@context":"https:\/\/schema.org","@graph":[{"@type":"WebPage","@id":"https:\/\/www.brandner.ee\/fi\/yritys\/historia\/","url":"https:\/\/www.brandner.ee\/fi\/yritys\/historia\/","name":"Historia - Brandner","isPartOf":{"@id":"https:\/\/www.brandner.ee\/#website"},"datePublished":"2017-08-17T12:44:12+00:00","dateModified":"2025-10-31T11:56:30+00:00","breadcrumb":{"@id":"https:\/\/www.brandner.ee\/fi\/yritys\/historia\/#breadcrumb"},"inLanguage":"fi","potentialAction":[{"@type":"ReadAction","target":["https:\/\/www.brandner.ee\/fi\/yritys\/historia\/"]}]},{"@type":"BreadcrumbList","@id":"https:\/\/www.brandner.ee\/fi\/yritys\/historia\/#breadcrumb","itemListElement":[{"@type":"ListItem","position":1,"name":"Home","item":"https:\/\/www.brandner.ee\/fi\/"},{"@type":"ListItem","position":2,"name":"Yritys","item":"https:\/\/www.brandner.ee\/fi\/yritys\/"},{"@type":"ListItem","position":3,"name":"Historia"}]},{"@type":"WebSite","@id":"https:\/\/www.brandner.ee\/#website","url":"https:\/\/www.brandner.ee\/","name":"Brandner","description":"PCB manufacturing","potentialAction":[{"@type":"SearchAction","target":{"@type":"EntryPoint","urlTemplate":"https:\/\/www.brandner.ee\/?s={search_term_string}"},"query-input":"required name=search_term_string"}],"inLanguage":"fi"}]}},"_links":{"self":[{"href":"https:\/\/www.brandner.ee\/fi\/wp-json\/wp\/v2\/pages\/989"}],"collection":[{"href":"https:\/\/www.brandner.ee\/fi\/wp-json\/wp\/v2\/pages"}],"about":[{"href":"https:\/\/www.brandner.ee\/fi\/wp-json\/wp\/v2\/types\/page"}],"author":[{"embeddable":true,"href":"https:\/\/www.brandner.ee\/fi\/wp-json\/wp\/v2\/users\/31"}],"replies":[{"embeddable":true,"href":"https:\/\/www.brandner.ee\/fi\/wp-json\/wp\/v2\/comments?post=989"}],"version-history":[{"count":18,"href":"https:\/\/www.brandner.ee\/fi\/wp-json\/wp\/v2\/pages\/989\/revisions"}],"predecessor-version":[{"id":12891,"href":"https:\/\/www.brandner.ee\/fi\/wp-json\/wp\/v2\/pages\/989\/revisions\/12891"}],"up":[{"embeddable":true,"href":"https:\/\/www.brandner.ee\/fi\/wp-json\/wp\/v2\/pages\/979"}],"wp:attachment":[{"href":"https:\/\/www.brandner.ee\/fi\/wp-json\/wp\/v2\/media?parent=989"}],"curies":[{"name":"wp","href":"https:\/\/api.w.org\/{rel}","templated":true}]}}