{"id":985,"date":"2017-08-17T15:40:35","date_gmt":"2017-08-17T12:40:35","guid":{"rendered":"http:\/\/www.brandner.ee\/?page_id=985\/"},"modified":"2019-01-11T13:57:31","modified_gmt":"2019-01-11T11:57:31","slug":"arvot","status":"publish","type":"page","link":"https:\/\/www.brandner.ee\/fi\/yritys\/arvot\/","title":{"rendered":"Arvot"},"content":{"rendered":"<p><strong>Ajattelutapa:<br \/>\n<\/strong>Yrityksemme strategiana on ajatella asiakkaitamme yhteisty\u00f6kumppaneina, joiden kanssa yhdess\u00e4 p\u00e4\u00e4semme parhaaseen mahdolliseen tulokseen lopputuotteen laadun, toimitusajan kuin saannonkin suhteen. Asiakaspalaute ja sen antamat tiedot ovat se voima, jonka avulla kykenemme kehitt\u00e4m\u00e4\u00e4n toimintaamme juuri siihen suuntaan, mihin markkinat sit\u00e4 vaativat. Henkil\u00f6kuntamme jatkuva koulutus sek\u00e4 tuotantotilojemme ja koneidemme ajantasalla pit\u00e4minen mahdollistavat kent\u00e4lt\u00e4 tulevien, vaikeidenkin, haasteiden vastaanottamiseen ja niihin vastaamiseen, liittyiv\u00e4tp\u00e4 ne sitten tuotteisiin, asiakaspalveluun tai ymp\u00e4rist\u00f6n suojeluun.\u00a0Mottomme on: ASIAKAS ON NRO 1.<\/p>\n<p>&nbsp;<\/p>\n<p><strong>Laatu menee kaiken edelle:<br \/>\n<\/strong>Laatuajatteluun panostaminen kannustaa meit\u00e4 yh\u00e4 parempaan toimintaan ja yh\u00e4 parempiin lopputuotteisiin. Henkil\u00f6kuntamme perehdytt\u00e4minen kuten koulutuskin t\u00e4ht\u00e4\u00e4v\u00e4t siihen, ett\u00e4 asiakaspalvelumme sek\u00e4 kaikki toimintamme pystyv\u00e4t t\u00e4ytt\u00e4m\u00e4\u00e4n vaativankin asiakkaan kriteerit ensimm\u00e4isest\u00e4 tarjouskyselyst\u00e4, tuotannon eri vaiheissa sek\u00e4 toimitusessa. Hankitut koneet ja laitteet toimivat apuv\u00e4linein\u00e4 ty\u00f6ntekij\u00f6illemme, jotta he voivat toteuttaa t\u00e4m\u00e4n vaatimuksen. Sen vuoksi pyrimmekin investoimaan aina vain parhaisiin tuotannon koneisiin ja laitteisiin.\u00a0Toimintamme laatu on koettu hyv\u00e4ksi useiden merkitt\u00e4vien yritysten toimesta, kuten Elcoteq, Stoneridge Electronics, LEAB, Incap Eesti, Powernet, Pikotec ym.\u00a0Olemme saaneet my\u00f6s ISO-sertifikaatin 9001-2000 ja noudatamme PERFAG 2C ja PERFAG 3E-valmistusstandardeja. Tuotteillamme on my\u00f6s UL-hyv\u00e4ksynt\u00e4.<\/p>\n<p>&nbsp;<\/p>\n<p><strong>Palvelumme:<\/strong><br \/>\nYst\u00e4v\u00e4llinen ja palveluhenkinen tiimimme on aina sinua varten. Tietotaito, nopeus, laatu ja tyytyv\u00e4isyytesi asiakkaana ovat ensiarvoisent\u00e4rkeit\u00e4 asioita meille. Nopeat vastaukset tarjouspyynt\u00f6ihin ja tarkat neuvoa-antavat vastaukset muihinkin kyselyihisi ovat tavaramerkkimme. Yhteisty\u00f6 asiakkaan kanssa ja neuvottelut heid\u00e4n ehdotuksistaan auttavat meit\u00e4 toteuttamaan p\u00e4\u00e4m\u00e4\u00e4r\u00e4\u00e4mme palvelevana yrityksen\u00e4. Soita, olemme t\u00e4\u00e4ll\u00e4 sinua varten.<\/p>\n<p>&nbsp;<\/p>\n<p><strong>Joustavuus:<\/strong><br \/>\nJoustavuus on er\u00e4s t\u00e4rkeimmist\u00e4 toimintaamme kuvaavista arvoista. Mit\u00e4\u00e4n ei kirjoiteta kiveen. Tarvitsemasi muutokset spekseiss\u00e4, m\u00e4\u00e4riss\u00e4, toimitusajoissa, tms. asioissa otetaan huomioon mahdollisuuksien mukaan ja aina kanssasi neuvotellen. Aina kannattaa kysy\u00e4. Keskustellaan ja haetaan paras mahdollinen ratkaisu.<\/p>\n<p>&nbsp;<\/p>\n<p><strong>Ymp\u00e4rist\u00f6j\u00e4rjestelm\u00e4t:<\/strong><br \/>\nPystymme puhtaalla omallatunnolla sanomaan, ett\u00e4 j\u00e4rjestelm\u00e4mme ovat kunnossa ja vastaavat t\u00e4m\u00e4n p\u00e4iv\u00e4n vaatimuksia. Yhteisty\u00f6mme EcoPro ja Ragn-Sells:n kanssa ja oma vesilaitoksemme (toimii ISO 14001-mukaisesti) tekev\u00e4t meist\u00e4 yhden parhaiten hoidetuista ja puhtaimmista piirilevytehtaista Baltiassa ja Pohjolassa.<\/p>\n<p>&nbsp;<\/p>\n<p><strong>Lis\u00e4arvoa sinulle:<\/strong><br \/>\nAsiakkaanamme sinulla on mahdollisuus saada erikoispalveluja. Vaikka k\u00e4ytt\u00e4isit meit\u00e4 harvoin, autamme sinua mielell\u00e4mme.<\/p>\n<ul type=\"disc\">\n<li>Konsultointi (PCB-suunnittelu, materiaalit, teknologiat, trendit alalla, &#8230;);<\/li>\n<li>CAM palvelut. Mikrosection (piirilevyn poikkileikkaus) piirilevyn parametrimittaukset. Jos sinulla on ongelmia levyjesi kanssa, tuo ne meille, katsomme, mik\u00e4 niiss\u00e4 on vikana;<\/li>\n<li>Tehdask\u00e4ynnit (kuinka kaikki tapahtuu).<\/li>\n<\/ul>\n<p>&nbsp;<\/p>\n<p><img loading=\"lazy\" decoding=\"async\" class=\"alignnone size-medium wp-image-1852\" src=\"https:\/\/www.brandner.ee\/wp-content\/uploads\/2017\/08\/personaalteenindus-300x300.jpg\" sizes=\"(max-width: 300px) 100vw, 300px\" srcset=\"https:\/\/www.brandner.ee\/wp-content\/uploads\/2017\/08\/personaalteenindus-300x300.jpg 300w, https:\/\/www.brandner.ee\/wp-content\/uploads\/2017\/08\/personaalteenindus-150x150.jpg 150w, https:\/\/www.brandner.ee\/wp-content\/uploads\/2017\/08\/personaalteenindus-768x768.jpg 768w, https:\/\/www.brandner.ee\/wp-content\/uploads\/2017\/08\/personaalteenindus-1024x1024.jpg 1024w, https:\/\/www.brandner.ee\/wp-content\/uploads\/2017\/08\/personaalteenindus-180x180.jpg 180w, https:\/\/www.brandner.ee\/wp-content\/uploads\/2017\/08\/personaalteenindus-600x600.jpg 600w\" alt=\"\" width=\"300\" height=\"300\" \/><\/p>\n","protected":false},"excerpt":{"rendered":"<p>Ajattelutapa: Yrityksemme strategiana on ajatella asiakkaitamme yhteisty\u00f6kumppaneina, joiden kanssa yhdess\u00e4 p\u00e4\u00e4semme parhaaseen mahdolliseen tulokseen lopputuotteen laadun, toimitusajan kuin saannonkin suhteen. Asiakaspalaute ja sen antamat tiedot ovat se voima, jonka avulla kykenemme kehitt\u00e4m\u00e4\u00e4n toimintaamme juuri siihen suuntaan, mihin markkinat sit\u00e4 vaativat. Henkil\u00f6kuntamme jatkuva koulutus sek\u00e4 tuotantotilojemme ja koneidemme ajantasalla pit\u00e4minen mahdollistavat kent\u00e4lt\u00e4 tulevien, vaikeidenkin, haasteiden vastaanottamiseen &hellip;<\/p>\n","protected":false},"author":31,"featured_media":0,"parent":979,"menu_order":10,"comment_status":"closed","ping_status":"closed","template":"template_about-us.php","meta":{"footnotes":""},"yoast_head":"<!-- This site is optimized with the Yoast SEO plugin v21.5 - https:\/\/yoast.com\/wordpress\/plugins\/seo\/ -->\n<title>Arvot - Brandner<\/title>\n<meta name=\"robots\" content=\"index, follow, max-snippet:-1, max-image-preview:large, max-video-preview:-1\" \/>\n<link rel=\"canonical\" href=\"https:\/\/www.brandner.ee\/fi\/yritys\/arvot\/\" \/>\n<meta property=\"og:locale\" content=\"fi_FI\" \/>\n<meta property=\"og:type\" content=\"article\" \/>\n<meta property=\"og:title\" content=\"Arvot - Brandner\" \/>\n<meta property=\"og:description\" content=\"Ajattelutapa: Yrityksemme strategiana on ajatella asiakkaitamme yhteisty\u00f6kumppaneina, joiden kanssa yhdess\u00e4 p\u00e4\u00e4semme parhaaseen mahdolliseen tulokseen lopputuotteen laadun, toimitusajan kuin saannonkin suhteen. Asiakaspalaute ja sen antamat tiedot ovat se voima, jonka avulla kykenemme kehitt\u00e4m\u00e4\u00e4n toimintaamme juuri siihen suuntaan, mihin markkinat sit\u00e4 vaativat. Henkil\u00f6kuntamme jatkuva koulutus sek\u00e4 tuotantotilojemme ja koneidemme ajantasalla pit\u00e4minen mahdollistavat kent\u00e4lt\u00e4 tulevien, vaikeidenkin, haasteiden vastaanottamiseen &hellip;\" \/>\n<meta property=\"og:url\" content=\"https:\/\/www.brandner.ee\/fi\/yritys\/arvot\/\" \/>\n<meta property=\"og:site_name\" content=\"Brandner\" \/>\n<meta property=\"article:modified_time\" content=\"2019-01-11T11:57:31+00:00\" \/>\n<meta property=\"og:image\" content=\"https:\/\/www.brandner.ee\/wp-content\/uploads\/2017\/08\/personaalteenindus-300x300.jpg\" \/>\n<meta name=\"twitter:card\" content=\"summary_large_image\" \/>\n<meta name=\"twitter:label1\" content=\"Arvioitu lukuaika\" \/>\n\t<meta name=\"twitter:data1\" content=\"2 minuuttia\" \/>\n<script type=\"application\/ld+json\" class=\"yoast-schema-graph\">{\"@context\":\"https:\/\/schema.org\",\"@graph\":[{\"@type\":\"WebPage\",\"@id\":\"https:\/\/www.brandner.ee\/fi\/yritys\/arvot\/\",\"url\":\"https:\/\/www.brandner.ee\/fi\/yritys\/arvot\/\",\"name\":\"Arvot - Brandner\",\"isPartOf\":{\"@id\":\"https:\/\/www.brandner.ee\/#website\"},\"datePublished\":\"2017-08-17T12:40:35+00:00\",\"dateModified\":\"2019-01-11T11:57:31+00:00\",\"breadcrumb\":{\"@id\":\"https:\/\/www.brandner.ee\/fi\/yritys\/arvot\/#breadcrumb\"},\"inLanguage\":\"fi\",\"potentialAction\":[{\"@type\":\"ReadAction\",\"target\":[\"https:\/\/www.brandner.ee\/fi\/yritys\/arvot\/\"]}]},{\"@type\":\"BreadcrumbList\",\"@id\":\"https:\/\/www.brandner.ee\/fi\/yritys\/arvot\/#breadcrumb\",\"itemListElement\":[{\"@type\":\"ListItem\",\"position\":1,\"name\":\"Home\",\"item\":\"https:\/\/www.brandner.ee\/fi\/\"},{\"@type\":\"ListItem\",\"position\":2,\"name\":\"Yritys\",\"item\":\"https:\/\/www.brandner.ee\/fi\/yritys\/\"},{\"@type\":\"ListItem\",\"position\":3,\"name\":\"Arvot\"}]},{\"@type\":\"WebSite\",\"@id\":\"https:\/\/www.brandner.ee\/#website\",\"url\":\"https:\/\/www.brandner.ee\/\",\"name\":\"Brandner\",\"description\":\"PCB manufacturing\",\"potentialAction\":[{\"@type\":\"SearchAction\",\"target\":{\"@type\":\"EntryPoint\",\"urlTemplate\":\"https:\/\/www.brandner.ee\/?s={search_term_string}\"},\"query-input\":\"required name=search_term_string\"}],\"inLanguage\":\"fi\"}]}<\/script>\n<!-- \/ Yoast SEO plugin. -->","yoast_head_json":{"title":"Arvot - Brandner","robots":{"index":"index","follow":"follow","max-snippet":"max-snippet:-1","max-image-preview":"max-image-preview:large","max-video-preview":"max-video-preview:-1"},"canonical":"https:\/\/www.brandner.ee\/fi\/yritys\/arvot\/","og_locale":"fi_FI","og_type":"article","og_title":"Arvot - Brandner","og_description":"Ajattelutapa: Yrityksemme strategiana on ajatella asiakkaitamme yhteisty\u00f6kumppaneina, joiden kanssa yhdess\u00e4 p\u00e4\u00e4semme parhaaseen mahdolliseen tulokseen lopputuotteen laadun, toimitusajan kuin saannonkin suhteen. Asiakaspalaute ja sen antamat tiedot ovat se voima, jonka avulla kykenemme kehitt\u00e4m\u00e4\u00e4n toimintaamme juuri siihen suuntaan, mihin markkinat sit\u00e4 vaativat. Henkil\u00f6kuntamme jatkuva koulutus sek\u00e4 tuotantotilojemme ja koneidemme ajantasalla pit\u00e4minen mahdollistavat kent\u00e4lt\u00e4 tulevien, vaikeidenkin, haasteiden vastaanottamiseen &hellip;","og_url":"https:\/\/www.brandner.ee\/fi\/yritys\/arvot\/","og_site_name":"Brandner","article_modified_time":"2019-01-11T11:57:31+00:00","og_image":[{"url":"https:\/\/www.brandner.ee\/wp-content\/uploads\/2017\/08\/personaalteenindus-300x300.jpg"}],"twitter_card":"summary_large_image","twitter_misc":{"Arvioitu lukuaika":"2 minuuttia"},"schema":{"@context":"https:\/\/schema.org","@graph":[{"@type":"WebPage","@id":"https:\/\/www.brandner.ee\/fi\/yritys\/arvot\/","url":"https:\/\/www.brandner.ee\/fi\/yritys\/arvot\/","name":"Arvot - Brandner","isPartOf":{"@id":"https:\/\/www.brandner.ee\/#website"},"datePublished":"2017-08-17T12:40:35+00:00","dateModified":"2019-01-11T11:57:31+00:00","breadcrumb":{"@id":"https:\/\/www.brandner.ee\/fi\/yritys\/arvot\/#breadcrumb"},"inLanguage":"fi","potentialAction":[{"@type":"ReadAction","target":["https:\/\/www.brandner.ee\/fi\/yritys\/arvot\/"]}]},{"@type":"BreadcrumbList","@id":"https:\/\/www.brandner.ee\/fi\/yritys\/arvot\/#breadcrumb","itemListElement":[{"@type":"ListItem","position":1,"name":"Home","item":"https:\/\/www.brandner.ee\/fi\/"},{"@type":"ListItem","position":2,"name":"Yritys","item":"https:\/\/www.brandner.ee\/fi\/yritys\/"},{"@type":"ListItem","position":3,"name":"Arvot"}]},{"@type":"WebSite","@id":"https:\/\/www.brandner.ee\/#website","url":"https:\/\/www.brandner.ee\/","name":"Brandner","description":"PCB manufacturing","potentialAction":[{"@type":"SearchAction","target":{"@type":"EntryPoint","urlTemplate":"https:\/\/www.brandner.ee\/?s={search_term_string}"},"query-input":"required name=search_term_string"}],"inLanguage":"fi"}]}},"_links":{"self":[{"href":"https:\/\/www.brandner.ee\/fi\/wp-json\/wp\/v2\/pages\/985"}],"collection":[{"href":"https:\/\/www.brandner.ee\/fi\/wp-json\/wp\/v2\/pages"}],"about":[{"href":"https:\/\/www.brandner.ee\/fi\/wp-json\/wp\/v2\/types\/page"}],"author":[{"embeddable":true,"href":"https:\/\/www.brandner.ee\/fi\/wp-json\/wp\/v2\/users\/31"}],"replies":[{"embeddable":true,"href":"https:\/\/www.brandner.ee\/fi\/wp-json\/wp\/v2\/comments?post=985"}],"version-history":[{"count":7,"href":"https:\/\/www.brandner.ee\/fi\/wp-json\/wp\/v2\/pages\/985\/revisions"}],"predecessor-version":[{"id":3662,"href":"https:\/\/www.brandner.ee\/fi\/wp-json\/wp\/v2\/pages\/985\/revisions\/3662"}],"up":[{"embeddable":true,"href":"https:\/\/www.brandner.ee\/fi\/wp-json\/wp\/v2\/pages\/979"}],"wp:attachment":[{"href":"https:\/\/www.brandner.ee\/fi\/wp-json\/wp\/v2\/media?parent=985"}],"curies":[{"name":"wp","href":"https:\/\/api.w.org\/{rel}","templated":true}]}}