{"id":6354,"date":"2019-01-08T12:20:34","date_gmt":"2019-01-08T10:20:34","guid":{"rendered":"https:\/\/www.brandner.ee\/?page_id=6354"},"modified":"2025-07-18T10:53:37","modified_gmt":"2025-07-18T07:53:37","slug":"blind-milling","status":"publish","type":"page","link":"https:\/\/www.brandner.ee\/fi\/tuotantomahdollisuudet\/blind-milling\/","title":{"rendered":"Sokeajyrsint\u00e4 \/ Z-jyrsint\u00e4"},"content":{"rendered":"<p class=\"western\">Piirilevyjen suunnittelussa k\u00e4ytet\u00e4\u00e4n sokkojyrsint\u00e4\u00e4 useista syist\u00e4.<\/p>\n<p class=\"western\">Esimerkiksi:<\/p>\n<ol>\n<li class=\"western\">Komponenttien aukkojen tai leikkausten tekemiseen.<\/li>\n<li class=\"western\">Pinnoitetun sokkojyrsinn\u00e4n avulla poistetaan l\u00e4mp\u00f6\u00e4.<\/li>\n<li class=\"western\">Erikoisprofiilien kiinnitt\u00e4miseen.<\/li>\n<\/ol>\n<p><img loading=\"lazy\" decoding=\"async\" class=\"alignnone wp-image-6414\" src=\"https:\/\/www.brandner.ee\/wp-content\/uploads\/2019\/01\/Pime-frees-DSC_1629-par2-300x157.jpg\" alt=\"\" width=\"392\" height=\"205\" srcset=\"https:\/\/www.brandner.ee\/wp-content\/uploads\/2019\/01\/Pime-frees-DSC_1629-par2-300x157.jpg 300w, https:\/\/www.brandner.ee\/wp-content\/uploads\/2019\/01\/Pime-frees-DSC_1629-par2-768x401.jpg 768w, https:\/\/www.brandner.ee\/wp-content\/uploads\/2019\/01\/Pime-frees-DSC_1629-par2-1024x535.jpg 1024w\" sizes=\"(max-width: 392px) 100vw, 392px\" \/><\/p>\n<p class=\"western\">Sokeajyrsinn\u00e4ss\u00e4 k\u00e4ytet\u00e4\u00e4n tavallisen jyrsimen parametreja.<\/p>\n<p class=\"western\">Brandnerissa sokeajyrsint\u00e4\u00e4n k\u00e4ytett\u00e4viss\u00e4 olevan pienimm\u00e4n ty\u00f6kalun paksuus on 0,6 mm ja suurimman 2,5 mm.<\/p>\n<p class=\"western\">Sokean jyrsinn\u00e4n syvyystoleranssi on +\/- 7 \u03bcm.<\/p>\n<p class=\"western\">Gerber-merkeiss\u00e4 tulee sokeajyrsint\u00e4\u00e4 varten antaa seuraavat tiedot:<\/p>\n<ul>\n<li class=\"western\">\u00c4\u00e4riviiva ja jyrsint\u00e4reitti.<\/li>\n<li class=\"western\">Erillinen sokeajyrsint\u00e4kerros ja kerros on merkitt\u00e4v\u00e4 ymm\u00e4rrett\u00e4v\u00e4sti.<\/li>\n<li class=\"western\">Jyrsinn\u00e4n syvyys (mm).<\/li>\n<li class=\"western\">Onko sokeajyrsint\u00e4 pinnoitettu vai ei.<\/li>\n<\/ul>\n","protected":false},"excerpt":{"rendered":"<p>Piirilevyjen suunnittelussa k\u00e4ytet\u00e4\u00e4n sokkojyrsint\u00e4\u00e4 useista syist\u00e4. Esimerkiksi: Komponenttien aukkojen tai leikkausten tekemiseen. Pinnoitetun sokkojyrsinn\u00e4n avulla poistetaan l\u00e4mp\u00f6\u00e4. Erikoisprofiilien kiinnitt\u00e4miseen. Sokeajyrsinn\u00e4ss\u00e4 k\u00e4ytet\u00e4\u00e4n tavallisen jyrsimen parametreja. Brandnerissa sokeajyrsint\u00e4\u00e4n k\u00e4ytett\u00e4viss\u00e4 olevan pienimm\u00e4n ty\u00f6kalun paksuus on 0,6 mm ja suurimman 2,5 mm. Sokean jyrsinn\u00e4n syvyystoleranssi on +\/- 7 \u03bcm. Gerber-merkeiss\u00e4 tulee sokeajyrsint\u00e4\u00e4 varten antaa seuraavat tiedot: \u00c4\u00e4riviiva ja jyrsint\u00e4reitti. &hellip;<\/p>\n","protected":false},"author":31,"featured_media":0,"parent":999,"menu_order":60,"comment_status":"closed","ping_status":"closed","template":"template_content-sidebar.php","meta":{"footnotes":""},"yoast_head":"<!-- This site is optimized with the Yoast SEO plugin v21.5 - https:\/\/yoast.com\/wordpress\/plugins\/seo\/ -->\n<title>Sokeajyrsint\u00e4 \/ Z-jyrsint\u00e4 - Brandner<\/title>\n<meta name=\"robots\" content=\"index, follow, max-snippet:-1, max-image-preview:large, max-video-preview:-1\" \/>\n<link rel=\"canonical\" href=\"https:\/\/www.brandner.ee\/fi\/tuotantomahdollisuudet\/blind-milling\/\" \/>\n<meta property=\"og:locale\" content=\"fi_FI\" \/>\n<meta property=\"og:type\" content=\"article\" \/>\n<meta property=\"og:title\" content=\"Sokeajyrsint\u00e4 \/ Z-jyrsint\u00e4 - Brandner\" \/>\n<meta property=\"og:description\" content=\"Piirilevyjen suunnittelussa k\u00e4ytet\u00e4\u00e4n sokkojyrsint\u00e4\u00e4 useista syist\u00e4. Esimerkiksi: Komponenttien aukkojen tai leikkausten tekemiseen. Pinnoitetun sokkojyrsinn\u00e4n avulla poistetaan l\u00e4mp\u00f6\u00e4. Erikoisprofiilien kiinnitt\u00e4miseen. Sokeajyrsinn\u00e4ss\u00e4 k\u00e4ytet\u00e4\u00e4n tavallisen jyrsimen parametreja. Brandnerissa sokeajyrsint\u00e4\u00e4n k\u00e4ytett\u00e4viss\u00e4 olevan pienimm\u00e4n ty\u00f6kalun paksuus on 0,6 mm ja suurimman 2,5 mm. Sokean jyrsinn\u00e4n syvyystoleranssi on +\/- 7 \u03bcm. Gerber-merkeiss\u00e4 tulee sokeajyrsint\u00e4\u00e4 varten antaa seuraavat tiedot: \u00c4\u00e4riviiva ja jyrsint\u00e4reitti. &hellip;\" \/>\n<meta property=\"og:url\" content=\"https:\/\/www.brandner.ee\/fi\/tuotantomahdollisuudet\/blind-milling\/\" \/>\n<meta property=\"og:site_name\" content=\"Brandner\" \/>\n<meta property=\"article:modified_time\" content=\"2025-07-18T07:53:37+00:00\" \/>\n<meta property=\"og:image\" content=\"https:\/\/www.brandner.ee\/wp-content\/uploads\/2019\/01\/Pime-frees-DSC_1629-par2-300x157.jpg\" \/>\n<meta name=\"twitter:card\" content=\"summary_large_image\" \/>\n<meta name=\"twitter:label1\" content=\"Arvioitu lukuaika\" \/>\n\t<meta name=\"twitter:data1\" content=\"1 minuutti\" \/>\n<script type=\"application\/ld+json\" class=\"yoast-schema-graph\">{\"@context\":\"https:\/\/schema.org\",\"@graph\":[{\"@type\":\"WebPage\",\"@id\":\"https:\/\/www.brandner.ee\/fi\/tuotantomahdollisuudet\/blind-milling\/\",\"url\":\"https:\/\/www.brandner.ee\/fi\/tuotantomahdollisuudet\/blind-milling\/\",\"name\":\"Sokeajyrsint\u00e4 \/ Z-jyrsint\u00e4 - Brandner\",\"isPartOf\":{\"@id\":\"https:\/\/www.brandner.ee\/#website\"},\"datePublished\":\"2019-01-08T10:20:34+00:00\",\"dateModified\":\"2025-07-18T07:53:37+00:00\",\"breadcrumb\":{\"@id\":\"https:\/\/www.brandner.ee\/fi\/tuotantomahdollisuudet\/blind-milling\/#breadcrumb\"},\"inLanguage\":\"fi\",\"potentialAction\":[{\"@type\":\"ReadAction\",\"target\":[\"https:\/\/www.brandner.ee\/fi\/tuotantomahdollisuudet\/blind-milling\/\"]}]},{\"@type\":\"BreadcrumbList\",\"@id\":\"https:\/\/www.brandner.ee\/fi\/tuotantomahdollisuudet\/blind-milling\/#breadcrumb\",\"itemListElement\":[{\"@type\":\"ListItem\",\"position\":1,\"name\":\"Home\",\"item\":\"https:\/\/www.brandner.ee\/fi\/\"},{\"@type\":\"ListItem\",\"position\":2,\"name\":\"Tuotantomahdollisuudet\",\"item\":\"https:\/\/www.brandner.ee\/fi\/tuotantomahdollisuudet\/\"},{\"@type\":\"ListItem\",\"position\":3,\"name\":\"Sokeajyrsint\u00e4 \/ Z-jyrsint\u00e4\"}]},{\"@type\":\"WebSite\",\"@id\":\"https:\/\/www.brandner.ee\/#website\",\"url\":\"https:\/\/www.brandner.ee\/\",\"name\":\"Brandner\",\"description\":\"PCB manufacturing\",\"potentialAction\":[{\"@type\":\"SearchAction\",\"target\":{\"@type\":\"EntryPoint\",\"urlTemplate\":\"https:\/\/www.brandner.ee\/?s={search_term_string}\"},\"query-input\":\"required name=search_term_string\"}],\"inLanguage\":\"fi\"}]}<\/script>\n<!-- \/ Yoast SEO plugin. -->","yoast_head_json":{"title":"Sokeajyrsint\u00e4 \/ Z-jyrsint\u00e4 - Brandner","robots":{"index":"index","follow":"follow","max-snippet":"max-snippet:-1","max-image-preview":"max-image-preview:large","max-video-preview":"max-video-preview:-1"},"canonical":"https:\/\/www.brandner.ee\/fi\/tuotantomahdollisuudet\/blind-milling\/","og_locale":"fi_FI","og_type":"article","og_title":"Sokeajyrsint\u00e4 \/ Z-jyrsint\u00e4 - Brandner","og_description":"Piirilevyjen suunnittelussa k\u00e4ytet\u00e4\u00e4n sokkojyrsint\u00e4\u00e4 useista syist\u00e4. Esimerkiksi: Komponenttien aukkojen tai leikkausten tekemiseen. Pinnoitetun sokkojyrsinn\u00e4n avulla poistetaan l\u00e4mp\u00f6\u00e4. Erikoisprofiilien kiinnitt\u00e4miseen. Sokeajyrsinn\u00e4ss\u00e4 k\u00e4ytet\u00e4\u00e4n tavallisen jyrsimen parametreja. Brandnerissa sokeajyrsint\u00e4\u00e4n k\u00e4ytett\u00e4viss\u00e4 olevan pienimm\u00e4n ty\u00f6kalun paksuus on 0,6 mm ja suurimman 2,5 mm. Sokean jyrsinn\u00e4n syvyystoleranssi on +\/- 7 \u03bcm. Gerber-merkeiss\u00e4 tulee sokeajyrsint\u00e4\u00e4 varten antaa seuraavat tiedot: \u00c4\u00e4riviiva ja jyrsint\u00e4reitti. &hellip;","og_url":"https:\/\/www.brandner.ee\/fi\/tuotantomahdollisuudet\/blind-milling\/","og_site_name":"Brandner","article_modified_time":"2025-07-18T07:53:37+00:00","og_image":[{"url":"https:\/\/www.brandner.ee\/wp-content\/uploads\/2019\/01\/Pime-frees-DSC_1629-par2-300x157.jpg"}],"twitter_card":"summary_large_image","twitter_misc":{"Arvioitu lukuaika":"1 minuutti"},"schema":{"@context":"https:\/\/schema.org","@graph":[{"@type":"WebPage","@id":"https:\/\/www.brandner.ee\/fi\/tuotantomahdollisuudet\/blind-milling\/","url":"https:\/\/www.brandner.ee\/fi\/tuotantomahdollisuudet\/blind-milling\/","name":"Sokeajyrsint\u00e4 \/ Z-jyrsint\u00e4 - Brandner","isPartOf":{"@id":"https:\/\/www.brandner.ee\/#website"},"datePublished":"2019-01-08T10:20:34+00:00","dateModified":"2025-07-18T07:53:37+00:00","breadcrumb":{"@id":"https:\/\/www.brandner.ee\/fi\/tuotantomahdollisuudet\/blind-milling\/#breadcrumb"},"inLanguage":"fi","potentialAction":[{"@type":"ReadAction","target":["https:\/\/www.brandner.ee\/fi\/tuotantomahdollisuudet\/blind-milling\/"]}]},{"@type":"BreadcrumbList","@id":"https:\/\/www.brandner.ee\/fi\/tuotantomahdollisuudet\/blind-milling\/#breadcrumb","itemListElement":[{"@type":"ListItem","position":1,"name":"Home","item":"https:\/\/www.brandner.ee\/fi\/"},{"@type":"ListItem","position":2,"name":"Tuotantomahdollisuudet","item":"https:\/\/www.brandner.ee\/fi\/tuotantomahdollisuudet\/"},{"@type":"ListItem","position":3,"name":"Sokeajyrsint\u00e4 \/ Z-jyrsint\u00e4"}]},{"@type":"WebSite","@id":"https:\/\/www.brandner.ee\/#website","url":"https:\/\/www.brandner.ee\/","name":"Brandner","description":"PCB manufacturing","potentialAction":[{"@type":"SearchAction","target":{"@type":"EntryPoint","urlTemplate":"https:\/\/www.brandner.ee\/?s={search_term_string}"},"query-input":"required name=search_term_string"}],"inLanguage":"fi"}]}},"_links":{"self":[{"href":"https:\/\/www.brandner.ee\/fi\/wp-json\/wp\/v2\/pages\/6354"}],"collection":[{"href":"https:\/\/www.brandner.ee\/fi\/wp-json\/wp\/v2\/pages"}],"about":[{"href":"https:\/\/www.brandner.ee\/fi\/wp-json\/wp\/v2\/types\/page"}],"author":[{"embeddable":true,"href":"https:\/\/www.brandner.ee\/fi\/wp-json\/wp\/v2\/users\/31"}],"replies":[{"embeddable":true,"href":"https:\/\/www.brandner.ee\/fi\/wp-json\/wp\/v2\/comments?post=6354"}],"version-history":[{"count":9,"href":"https:\/\/www.brandner.ee\/fi\/wp-json\/wp\/v2\/pages\/6354\/revisions"}],"predecessor-version":[{"id":12785,"href":"https:\/\/www.brandner.ee\/fi\/wp-json\/wp\/v2\/pages\/6354\/revisions\/12785"}],"up":[{"embeddable":true,"href":"https:\/\/www.brandner.ee\/fi\/wp-json\/wp\/v2\/pages\/999"}],"wp:attachment":[{"href":"https:\/\/www.brandner.ee\/fi\/wp-json\/wp\/v2\/media?parent=6354"}],"curies":[{"name":"wp","href":"https:\/\/api.w.org\/{rel}","templated":true}]}}