{"id":6341,"date":"2019-01-08T12:13:19","date_gmt":"2019-01-08T10:13:19","guid":{"rendered":"https:\/\/www.brandner.ee\/?page_id=6341"},"modified":"2025-07-18T10:38:08","modified_gmt":"2025-07-18T07:38:08","slug":"blind-buried-vias","status":"publish","type":"page","link":"https:\/\/www.brandner.ee\/fi\/tuotantomahdollisuudet\/blind-buried-vias\/","title":{"rendered":"Sokeat ja haudatut rei\u00e4t"},"content":{"rendered":"<div class=\"col-lg-9 col-md-8 col-sm-7 col-xs-12 padding-top\">\n<div class=\"row\">\n<div class=\"col-md-12\">\n<article id=\"post-6339\" class=\"post-6339 page type-page status-publish hentry\">\n<div class=\"entry-content scrollbox\">\n<p class=\"western\">Erityisen tihe\u00e4ss\u00e4 rakenteessa (HDI) kerrokset yhdistet\u00e4\u00e4n sokeilla ja haudatuilla reikill\u00e4. Sokeilla rei\u00e4ill\u00e4 on n\u00e4kyviss\u00e4 vain levyn toisella puolella, kun taas haudatuilla rei\u00e4ill\u00e4 yhdistet\u00e4\u00e4n sis\u00e4kerroksia n\u00e4kym\u00e4tt\u00f6min\u00e4 kummallakaan pinnalla. Brandnerilla poraamme sokeita ja haudattuja reiki\u00e4 mekaanisesti varmistaaksemme reikien laadun.<\/p>\n<p><img loading=\"lazy\" decoding=\"async\" class=\"alignnone wp-image-6373\" src=\"https:\/\/www.brandner.ee\/wp-content\/uploads\/2019\/01\/ggblhkngnihlfmjm-300x159.png\" sizes=\"(max-width: 428px) 100vw, 428px\" srcset=\"https:\/\/www.brandner.ee\/wp-content\/uploads\/2019\/01\/ggblhkngnihlfmjm-300x159.png 300w, https:\/\/www.brandner.ee\/wp-content\/uploads\/2019\/01\/ggblhkngnihlfmjm.png 563w\" alt=\"\" width=\"428\" height=\"227\" \/><\/p>\n<p class=\"western\">Sokeiden reikien kohdalla on t\u00e4rke\u00e4\u00e4 s\u00e4ilytt\u00e4\u00e4 sivusuhde 1:1. T\u00e4m\u00e4 tarkoittaa, ett\u00e4 jos tarvitaan sokkoporausta, poraussyvyyden on oltava pienempi tai yht\u00e4 suuri kuin poran halkaisija. \u00c4l\u00e4 unohda t\u00e4t\u00e4 suunnitellessasi pinoamista sokkorei&#8217;ill\u00e4 varustetulle piirilevylle.<\/p>\n<\/div>\n<\/article>\n<\/div>\n<\/div>\n<\/div>\n","protected":false},"excerpt":{"rendered":"<p>Erityisen tihe\u00e4ss\u00e4 rakenteessa (HDI) kerrokset yhdistet\u00e4\u00e4n sokeilla ja haudatuilla reikill\u00e4. Sokeilla rei\u00e4ill\u00e4 on n\u00e4kyviss\u00e4 vain levyn toisella puolella, kun taas haudatuilla rei\u00e4ill\u00e4 yhdistet\u00e4\u00e4n sis\u00e4kerroksia n\u00e4kym\u00e4tt\u00f6min\u00e4 kummallakaan pinnalla. Brandnerilla poraamme sokeita ja haudattuja reiki\u00e4 mekaanisesti varmistaaksemme reikien laadun. Sokeiden reikien kohdalla on t\u00e4rke\u00e4\u00e4 s\u00e4ilytt\u00e4\u00e4 sivusuhde 1:1. T\u00e4m\u00e4 tarkoittaa, ett\u00e4 jos tarvitaan sokkoporausta, poraussyvyyden on oltava pienempi &hellip;<\/p>\n","protected":false},"author":31,"featured_media":0,"parent":999,"menu_order":50,"comment_status":"closed","ping_status":"closed","template":"template_content-sidebar.php","meta":{"footnotes":""},"yoast_head":"<!-- This site is optimized with the Yoast SEO plugin v21.5 - https:\/\/yoast.com\/wordpress\/plugins\/seo\/ -->\n<title>Sokeat ja haudatut rei\u00e4t - Brandner<\/title>\n<meta name=\"robots\" content=\"index, follow, max-snippet:-1, max-image-preview:large, max-video-preview:-1\" \/>\n<link rel=\"canonical\" href=\"https:\/\/www.brandner.ee\/fi\/tuotantomahdollisuudet\/blind-buried-vias\/\" \/>\n<meta property=\"og:locale\" content=\"fi_FI\" \/>\n<meta property=\"og:type\" content=\"article\" \/>\n<meta property=\"og:title\" content=\"Sokeat ja haudatut rei\u00e4t - Brandner\" \/>\n<meta property=\"og:description\" content=\"Erityisen tihe\u00e4ss\u00e4 rakenteessa (HDI) kerrokset yhdistet\u00e4\u00e4n sokeilla ja haudatuilla reikill\u00e4. Sokeilla rei\u00e4ill\u00e4 on n\u00e4kyviss\u00e4 vain levyn toisella puolella, kun taas haudatuilla rei\u00e4ill\u00e4 yhdistet\u00e4\u00e4n sis\u00e4kerroksia n\u00e4kym\u00e4tt\u00f6min\u00e4 kummallakaan pinnalla. Brandnerilla poraamme sokeita ja haudattuja reiki\u00e4 mekaanisesti varmistaaksemme reikien laadun. Sokeiden reikien kohdalla on t\u00e4rke\u00e4\u00e4 s\u00e4ilytt\u00e4\u00e4 sivusuhde 1:1. T\u00e4m\u00e4 tarkoittaa, ett\u00e4 jos tarvitaan sokkoporausta, poraussyvyyden on oltava pienempi &hellip;\" \/>\n<meta property=\"og:url\" content=\"https:\/\/www.brandner.ee\/fi\/tuotantomahdollisuudet\/blind-buried-vias\/\" \/>\n<meta property=\"og:site_name\" content=\"Brandner\" \/>\n<meta property=\"article:modified_time\" content=\"2025-07-18T07:38:08+00:00\" \/>\n<meta property=\"og:image\" content=\"https:\/\/www.brandner.ee\/wp-content\/uploads\/2019\/01\/ggblhkngnihlfmjm-300x159.png\" \/>\n<meta name=\"twitter:card\" content=\"summary_large_image\" \/>\n<meta name=\"twitter:label1\" content=\"Arvioitu lukuaika\" \/>\n\t<meta name=\"twitter:data1\" content=\"1 minuutti\" \/>\n<script type=\"application\/ld+json\" class=\"yoast-schema-graph\">{\"@context\":\"https:\/\/schema.org\",\"@graph\":[{\"@type\":\"WebPage\",\"@id\":\"https:\/\/www.brandner.ee\/fi\/tuotantomahdollisuudet\/blind-buried-vias\/\",\"url\":\"https:\/\/www.brandner.ee\/fi\/tuotantomahdollisuudet\/blind-buried-vias\/\",\"name\":\"Sokeat ja haudatut rei\u00e4t - Brandner\",\"isPartOf\":{\"@id\":\"https:\/\/www.brandner.ee\/#website\"},\"datePublished\":\"2019-01-08T10:13:19+00:00\",\"dateModified\":\"2025-07-18T07:38:08+00:00\",\"breadcrumb\":{\"@id\":\"https:\/\/www.brandner.ee\/fi\/tuotantomahdollisuudet\/blind-buried-vias\/#breadcrumb\"},\"inLanguage\":\"fi\",\"potentialAction\":[{\"@type\":\"ReadAction\",\"target\":[\"https:\/\/www.brandner.ee\/fi\/tuotantomahdollisuudet\/blind-buried-vias\/\"]}]},{\"@type\":\"BreadcrumbList\",\"@id\":\"https:\/\/www.brandner.ee\/fi\/tuotantomahdollisuudet\/blind-buried-vias\/#breadcrumb\",\"itemListElement\":[{\"@type\":\"ListItem\",\"position\":1,\"name\":\"Home\",\"item\":\"https:\/\/www.brandner.ee\/fi\/\"},{\"@type\":\"ListItem\",\"position\":2,\"name\":\"Tuotantomahdollisuudet\",\"item\":\"https:\/\/www.brandner.ee\/fi\/tuotantomahdollisuudet\/\"},{\"@type\":\"ListItem\",\"position\":3,\"name\":\"Sokeat ja haudatut rei\u00e4t\"}]},{\"@type\":\"WebSite\",\"@id\":\"https:\/\/www.brandner.ee\/#website\",\"url\":\"https:\/\/www.brandner.ee\/\",\"name\":\"Brandner\",\"description\":\"PCB manufacturing\",\"potentialAction\":[{\"@type\":\"SearchAction\",\"target\":{\"@type\":\"EntryPoint\",\"urlTemplate\":\"https:\/\/www.brandner.ee\/?s={search_term_string}\"},\"query-input\":\"required name=search_term_string\"}],\"inLanguage\":\"fi\"}]}<\/script>\n<!-- \/ Yoast SEO plugin. -->","yoast_head_json":{"title":"Sokeat ja haudatut rei\u00e4t - Brandner","robots":{"index":"index","follow":"follow","max-snippet":"max-snippet:-1","max-image-preview":"max-image-preview:large","max-video-preview":"max-video-preview:-1"},"canonical":"https:\/\/www.brandner.ee\/fi\/tuotantomahdollisuudet\/blind-buried-vias\/","og_locale":"fi_FI","og_type":"article","og_title":"Sokeat ja haudatut rei\u00e4t - Brandner","og_description":"Erityisen tihe\u00e4ss\u00e4 rakenteessa (HDI) kerrokset yhdistet\u00e4\u00e4n sokeilla ja haudatuilla reikill\u00e4. Sokeilla rei\u00e4ill\u00e4 on n\u00e4kyviss\u00e4 vain levyn toisella puolella, kun taas haudatuilla rei\u00e4ill\u00e4 yhdistet\u00e4\u00e4n sis\u00e4kerroksia n\u00e4kym\u00e4tt\u00f6min\u00e4 kummallakaan pinnalla. Brandnerilla poraamme sokeita ja haudattuja reiki\u00e4 mekaanisesti varmistaaksemme reikien laadun. Sokeiden reikien kohdalla on t\u00e4rke\u00e4\u00e4 s\u00e4ilytt\u00e4\u00e4 sivusuhde 1:1. T\u00e4m\u00e4 tarkoittaa, ett\u00e4 jos tarvitaan sokkoporausta, poraussyvyyden on oltava pienempi &hellip;","og_url":"https:\/\/www.brandner.ee\/fi\/tuotantomahdollisuudet\/blind-buried-vias\/","og_site_name":"Brandner","article_modified_time":"2025-07-18T07:38:08+00:00","og_image":[{"url":"https:\/\/www.brandner.ee\/wp-content\/uploads\/2019\/01\/ggblhkngnihlfmjm-300x159.png"}],"twitter_card":"summary_large_image","twitter_misc":{"Arvioitu lukuaika":"1 minuutti"},"schema":{"@context":"https:\/\/schema.org","@graph":[{"@type":"WebPage","@id":"https:\/\/www.brandner.ee\/fi\/tuotantomahdollisuudet\/blind-buried-vias\/","url":"https:\/\/www.brandner.ee\/fi\/tuotantomahdollisuudet\/blind-buried-vias\/","name":"Sokeat ja haudatut rei\u00e4t - Brandner","isPartOf":{"@id":"https:\/\/www.brandner.ee\/#website"},"datePublished":"2019-01-08T10:13:19+00:00","dateModified":"2025-07-18T07:38:08+00:00","breadcrumb":{"@id":"https:\/\/www.brandner.ee\/fi\/tuotantomahdollisuudet\/blind-buried-vias\/#breadcrumb"},"inLanguage":"fi","potentialAction":[{"@type":"ReadAction","target":["https:\/\/www.brandner.ee\/fi\/tuotantomahdollisuudet\/blind-buried-vias\/"]}]},{"@type":"BreadcrumbList","@id":"https:\/\/www.brandner.ee\/fi\/tuotantomahdollisuudet\/blind-buried-vias\/#breadcrumb","itemListElement":[{"@type":"ListItem","position":1,"name":"Home","item":"https:\/\/www.brandner.ee\/fi\/"},{"@type":"ListItem","position":2,"name":"Tuotantomahdollisuudet","item":"https:\/\/www.brandner.ee\/fi\/tuotantomahdollisuudet\/"},{"@type":"ListItem","position":3,"name":"Sokeat ja haudatut rei\u00e4t"}]},{"@type":"WebSite","@id":"https:\/\/www.brandner.ee\/#website","url":"https:\/\/www.brandner.ee\/","name":"Brandner","description":"PCB manufacturing","potentialAction":[{"@type":"SearchAction","target":{"@type":"EntryPoint","urlTemplate":"https:\/\/www.brandner.ee\/?s={search_term_string}"},"query-input":"required name=search_term_string"}],"inLanguage":"fi"}]}},"_links":{"self":[{"href":"https:\/\/www.brandner.ee\/fi\/wp-json\/wp\/v2\/pages\/6341"}],"collection":[{"href":"https:\/\/www.brandner.ee\/fi\/wp-json\/wp\/v2\/pages"}],"about":[{"href":"https:\/\/www.brandner.ee\/fi\/wp-json\/wp\/v2\/types\/page"}],"author":[{"embeddable":true,"href":"https:\/\/www.brandner.ee\/fi\/wp-json\/wp\/v2\/users\/31"}],"replies":[{"embeddable":true,"href":"https:\/\/www.brandner.ee\/fi\/wp-json\/wp\/v2\/comments?post=6341"}],"version-history":[{"count":8,"href":"https:\/\/www.brandner.ee\/fi\/wp-json\/wp\/v2\/pages\/6341\/revisions"}],"predecessor-version":[{"id":12781,"href":"https:\/\/www.brandner.ee\/fi\/wp-json\/wp\/v2\/pages\/6341\/revisions\/12781"}],"up":[{"embeddable":true,"href":"https:\/\/www.brandner.ee\/fi\/wp-json\/wp\/v2\/pages\/999"}],"wp:attachment":[{"href":"https:\/\/www.brandner.ee\/fi\/wp-json\/wp\/v2\/media?parent=6341"}],"curies":[{"name":"wp","href":"https:\/\/api.w.org\/{rel}","templated":true}]}}