{"id":5169,"date":"2018-06-05T12:18:07","date_gmt":"2018-06-05T09:18:07","guid":{"rendered":"https:\/\/www.brandner.ee\/?page_id=5169"},"modified":"2025-07-04T13:20:19","modified_gmt":"2025-07-04T10:20:19","slug":"tietosuoja","status":"publish","type":"page","link":"https:\/\/www.brandner.ee\/fi\/yritys\/tietosuoja\/","title":{"rendered":"Tietosuoja"},"content":{"rendered":"<p>Tutustu tietosuojak\u00e4yt\u00e4nt\u00f6\u00f6n alla olevan linkin kautta.<\/p>\n<p><a href=\"https:\/\/www.brandner.ee\/wp-content\/uploads\/2025\/07\/Privacy_policy.pdf\">Henkil\u00f6tietojen k\u00e4sittelyn ehdot<\/a><\/p>\n","protected":false},"excerpt":{"rendered":"<p>Tutustu tietosuojak\u00e4yt\u00e4nt\u00f6\u00f6n alla olevan linkin kautta. Henkil\u00f6tietojen k\u00e4sittelyn ehdot<\/p>\n","protected":false},"author":31,"featured_media":0,"parent":979,"menu_order":50,"comment_status":"closed","ping_status":"closed","template":"template_about-us.php","meta":{"footnotes":""},"yoast_head":"<!-- This site is optimized with the Yoast SEO plugin v21.5 - https:\/\/yoast.com\/wordpress\/plugins\/seo\/ -->\n<title>Tietosuoja - Brandner<\/title>\n<meta name=\"robots\" content=\"index, follow, max-snippet:-1, max-image-preview:large, max-video-preview:-1\" \/>\n<link rel=\"canonical\" href=\"https:\/\/www.brandner.ee\/fi\/yritys\/tietosuoja\/\" \/>\n<meta property=\"og:locale\" content=\"fi_FI\" \/>\n<meta property=\"og:type\" content=\"article\" \/>\n<meta property=\"og:title\" content=\"Tietosuoja - Brandner\" \/>\n<meta property=\"og:description\" content=\"Tutustu tietosuojak\u00e4yt\u00e4nt\u00f6\u00f6n alla olevan linkin kautta. Henkil\u00f6tietojen k\u00e4sittelyn ehdot\" \/>\n<meta property=\"og:url\" content=\"https:\/\/www.brandner.ee\/fi\/yritys\/tietosuoja\/\" \/>\n<meta property=\"og:site_name\" content=\"Brandner\" \/>\n<meta property=\"article:modified_time\" content=\"2025-07-04T10:20:19+00:00\" \/>\n<meta name=\"twitter:card\" content=\"summary_large_image\" \/>\n<meta name=\"twitter:label1\" content=\"Arvioitu lukuaika\" \/>\n\t<meta name=\"twitter:data1\" content=\"1 minuutti\" \/>\n<script type=\"application\/ld+json\" class=\"yoast-schema-graph\">{\"@context\":\"https:\/\/schema.org\",\"@graph\":[{\"@type\":\"WebPage\",\"@id\":\"https:\/\/www.brandner.ee\/fi\/yritys\/tietosuoja\/\",\"url\":\"https:\/\/www.brandner.ee\/fi\/yritys\/tietosuoja\/\",\"name\":\"Tietosuoja - Brandner\",\"isPartOf\":{\"@id\":\"https:\/\/www.brandner.ee\/#website\"},\"datePublished\":\"2018-06-05T09:18:07+00:00\",\"dateModified\":\"2025-07-04T10:20:19+00:00\",\"breadcrumb\":{\"@id\":\"https:\/\/www.brandner.ee\/fi\/yritys\/tietosuoja\/#breadcrumb\"},\"inLanguage\":\"fi\",\"potentialAction\":[{\"@type\":\"ReadAction\",\"target\":[\"https:\/\/www.brandner.ee\/fi\/yritys\/tietosuoja\/\"]}]},{\"@type\":\"BreadcrumbList\",\"@id\":\"https:\/\/www.brandner.ee\/fi\/yritys\/tietosuoja\/#breadcrumb\",\"itemListElement\":[{\"@type\":\"ListItem\",\"position\":1,\"name\":\"Home\",\"item\":\"https:\/\/www.brandner.ee\/fi\/\"},{\"@type\":\"ListItem\",\"position\":2,\"name\":\"Yritys\",\"item\":\"https:\/\/www.brandner.ee\/fi\/yritys\/\"},{\"@type\":\"ListItem\",\"position\":3,\"name\":\"Tietosuoja\"}]},{\"@type\":\"WebSite\",\"@id\":\"https:\/\/www.brandner.ee\/#website\",\"url\":\"https:\/\/www.brandner.ee\/\",\"name\":\"Brandner\",\"description\":\"PCB manufacturing\",\"potentialAction\":[{\"@type\":\"SearchAction\",\"target\":{\"@type\":\"EntryPoint\",\"urlTemplate\":\"https:\/\/www.brandner.ee\/?s={search_term_string}\"},\"query-input\":\"required name=search_term_string\"}],\"inLanguage\":\"fi\"}]}<\/script>\n<!-- \/ Yoast SEO plugin. -->","yoast_head_json":{"title":"Tietosuoja - Brandner","robots":{"index":"index","follow":"follow","max-snippet":"max-snippet:-1","max-image-preview":"max-image-preview:large","max-video-preview":"max-video-preview:-1"},"canonical":"https:\/\/www.brandner.ee\/fi\/yritys\/tietosuoja\/","og_locale":"fi_FI","og_type":"article","og_title":"Tietosuoja - Brandner","og_description":"Tutustu tietosuojak\u00e4yt\u00e4nt\u00f6\u00f6n alla olevan linkin kautta. Henkil\u00f6tietojen k\u00e4sittelyn ehdot","og_url":"https:\/\/www.brandner.ee\/fi\/yritys\/tietosuoja\/","og_site_name":"Brandner","article_modified_time":"2025-07-04T10:20:19+00:00","twitter_card":"summary_large_image","twitter_misc":{"Arvioitu lukuaika":"1 minuutti"},"schema":{"@context":"https:\/\/schema.org","@graph":[{"@type":"WebPage","@id":"https:\/\/www.brandner.ee\/fi\/yritys\/tietosuoja\/","url":"https:\/\/www.brandner.ee\/fi\/yritys\/tietosuoja\/","name":"Tietosuoja - Brandner","isPartOf":{"@id":"https:\/\/www.brandner.ee\/#website"},"datePublished":"2018-06-05T09:18:07+00:00","dateModified":"2025-07-04T10:20:19+00:00","breadcrumb":{"@id":"https:\/\/www.brandner.ee\/fi\/yritys\/tietosuoja\/#breadcrumb"},"inLanguage":"fi","potentialAction":[{"@type":"ReadAction","target":["https:\/\/www.brandner.ee\/fi\/yritys\/tietosuoja\/"]}]},{"@type":"BreadcrumbList","@id":"https:\/\/www.brandner.ee\/fi\/yritys\/tietosuoja\/#breadcrumb","itemListElement":[{"@type":"ListItem","position":1,"name":"Home","item":"https:\/\/www.brandner.ee\/fi\/"},{"@type":"ListItem","position":2,"name":"Yritys","item":"https:\/\/www.brandner.ee\/fi\/yritys\/"},{"@type":"ListItem","position":3,"name":"Tietosuoja"}]},{"@type":"WebSite","@id":"https:\/\/www.brandner.ee\/#website","url":"https:\/\/www.brandner.ee\/","name":"Brandner","description":"PCB manufacturing","potentialAction":[{"@type":"SearchAction","target":{"@type":"EntryPoint","urlTemplate":"https:\/\/www.brandner.ee\/?s={search_term_string}"},"query-input":"required name=search_term_string"}],"inLanguage":"fi"}]}},"_links":{"self":[{"href":"https:\/\/www.brandner.ee\/fi\/wp-json\/wp\/v2\/pages\/5169"}],"collection":[{"href":"https:\/\/www.brandner.ee\/fi\/wp-json\/wp\/v2\/pages"}],"about":[{"href":"https:\/\/www.brandner.ee\/fi\/wp-json\/wp\/v2\/types\/page"}],"author":[{"embeddable":true,"href":"https:\/\/www.brandner.ee\/fi\/wp-json\/wp\/v2\/users\/31"}],"replies":[{"embeddable":true,"href":"https:\/\/www.brandner.ee\/fi\/wp-json\/wp\/v2\/comments?post=5169"}],"version-history":[{"count":3,"href":"https:\/\/www.brandner.ee\/fi\/wp-json\/wp\/v2\/pages\/5169\/revisions"}],"predecessor-version":[{"id":12548,"href":"https:\/\/www.brandner.ee\/fi\/wp-json\/wp\/v2\/pages\/5169\/revisions\/12548"}],"up":[{"embeddable":true,"href":"https:\/\/www.brandner.ee\/fi\/wp-json\/wp\/v2\/pages\/979"}],"wp:attachment":[{"href":"https:\/\/www.brandner.ee\/fi\/wp-json\/wp\/v2\/media?parent=5169"}],"curies":[{"name":"wp","href":"https:\/\/api.w.org\/{rel}","templated":true}]}}