{"id":3479,"date":"2017-12-05T15:10:51","date_gmt":"2017-12-05T13:10:51","guid":{"rendered":"https:\/\/www.brandner.ee\/?page_id=3479"},"modified":"2025-07-09T12:05:15","modified_gmt":"2025-07-09T09:05:15","slug":"piensarjat-uutuus","status":"publish","type":"page","link":"https:\/\/www.brandner.ee\/fi\/tuotantomahdollisuudet\/piensarjat-uutuus\/","title":{"rendered":"Piensarjat &#8211; UUTUUS!"},"content":{"rendered":"<p>Tarjoamme nyt my\u00f6s piensarjojen tuotantoa, jonka valmistusaika on alkaen 7 ty\u00f6p\u00e4iv\u00e4.<\/p>\n<ul>\n<li><strong>1-8<\/strong> kerrosta, FR4;<\/li>\n<li>levyn tai aihion maksimi koko <strong>360mm x 460mm<\/strong>;<\/li>\n<li><strong>vihre\u00e4<\/strong> juotosmaski (muut v\u00e4rit pyynn\u00f6st\u00e4)<\/li>\n<li><strong>HASL<\/strong>&#8211; tai <strong>ENIG<\/strong>&#8211; pinnoite;<\/li>\n<li><strong>jyrsin, V-ura<\/strong>;<\/li>\n<li><strong>aihiointi<\/strong> meilt\u00e4 ennen kun aloitettaan tuotantoa, asiakas vahvistaa aihion esikatselu ja meilt\u00e4 l\u00e4hetet\u00e4\u00e4n aihioitut stensiilitiedostot.<\/li>\n<\/ul>\n<p>Odotamme hintapyynt\u00f6j\u00e4 s\u00e4hk\u00f6postiin\u00a0<a class=\"moz-txt-link-abbreviated\" href=\"mailto:sales@brandner.ee\">sales@brandner.ee<\/a><\/p>\n","protected":false},"excerpt":{"rendered":"<p>Tarjoamme nyt my\u00f6s piensarjojen tuotantoa, jonka valmistusaika on alkaen 7 ty\u00f6p\u00e4iv\u00e4. 1-8 kerrosta, FR4; levyn tai aihion maksimi koko 360mm x 460mm; vihre\u00e4 juotosmaski (muut v\u00e4rit pyynn\u00f6st\u00e4) HASL&#8211; tai ENIG&#8211; pinnoite; jyrsin, V-ura; aihiointi meilt\u00e4 ennen kun aloitettaan tuotantoa, asiakas vahvistaa aihion esikatselu ja meilt\u00e4 l\u00e4hetet\u00e4\u00e4n aihioitut stensiilitiedostot. Odotamme hintapyynt\u00f6j\u00e4 s\u00e4hk\u00f6postiin\u00a0sales@brandner.ee<\/p>\n","protected":false},"author":31,"featured_media":0,"parent":999,"menu_order":100,"comment_status":"closed","ping_status":"closed","template":"template_content-sidebar.php","meta":{"footnotes":""},"yoast_head":"<!-- This site is optimized with the Yoast SEO plugin v21.5 - https:\/\/yoast.com\/wordpress\/plugins\/seo\/ -->\n<title>Piensarjat - UUTUUS! - Brandner<\/title>\n<meta name=\"robots\" content=\"index, follow, max-snippet:-1, max-image-preview:large, max-video-preview:-1\" \/>\n<link rel=\"canonical\" href=\"https:\/\/www.brandner.ee\/fi\/tuotantomahdollisuudet\/piensarjat-uutuus\/\" \/>\n<meta property=\"og:locale\" content=\"fi_FI\" \/>\n<meta property=\"og:type\" content=\"article\" \/>\n<meta property=\"og:title\" content=\"Piensarjat - UUTUUS! - Brandner\" \/>\n<meta property=\"og:description\" content=\"Tarjoamme nyt my\u00f6s piensarjojen tuotantoa, jonka valmistusaika on alkaen 7 ty\u00f6p\u00e4iv\u00e4. 1-8 kerrosta, FR4; levyn tai aihion maksimi koko 360mm x 460mm; vihre\u00e4 juotosmaski (muut v\u00e4rit pyynn\u00f6st\u00e4) HASL&#8211; tai ENIG&#8211; pinnoite; jyrsin, V-ura; aihiointi meilt\u00e4 ennen kun aloitettaan tuotantoa, asiakas vahvistaa aihion esikatselu ja meilt\u00e4 l\u00e4hetet\u00e4\u00e4n aihioitut stensiilitiedostot. Odotamme hintapyynt\u00f6j\u00e4 s\u00e4hk\u00f6postiin\u00a0sales@brandner.ee\" \/>\n<meta property=\"og:url\" content=\"https:\/\/www.brandner.ee\/fi\/tuotantomahdollisuudet\/piensarjat-uutuus\/\" \/>\n<meta property=\"og:site_name\" content=\"Brandner\" \/>\n<meta property=\"article:modified_time\" content=\"2025-07-09T09:05:15+00:00\" \/>\n<meta name=\"twitter:card\" content=\"summary_large_image\" \/>\n<script type=\"application\/ld+json\" class=\"yoast-schema-graph\">{\"@context\":\"https:\/\/schema.org\",\"@graph\":[{\"@type\":\"WebPage\",\"@id\":\"https:\/\/www.brandner.ee\/fi\/tuotantomahdollisuudet\/piensarjat-uutuus\/\",\"url\":\"https:\/\/www.brandner.ee\/fi\/tuotantomahdollisuudet\/piensarjat-uutuus\/\",\"name\":\"Piensarjat - UUTUUS! - Brandner\",\"isPartOf\":{\"@id\":\"https:\/\/www.brandner.ee\/#website\"},\"datePublished\":\"2017-12-05T13:10:51+00:00\",\"dateModified\":\"2025-07-09T09:05:15+00:00\",\"breadcrumb\":{\"@id\":\"https:\/\/www.brandner.ee\/fi\/tuotantomahdollisuudet\/piensarjat-uutuus\/#breadcrumb\"},\"inLanguage\":\"fi\",\"potentialAction\":[{\"@type\":\"ReadAction\",\"target\":[\"https:\/\/www.brandner.ee\/fi\/tuotantomahdollisuudet\/piensarjat-uutuus\/\"]}]},{\"@type\":\"BreadcrumbList\",\"@id\":\"https:\/\/www.brandner.ee\/fi\/tuotantomahdollisuudet\/piensarjat-uutuus\/#breadcrumb\",\"itemListElement\":[{\"@type\":\"ListItem\",\"position\":1,\"name\":\"Home\",\"item\":\"https:\/\/www.brandner.ee\/fi\/\"},{\"@type\":\"ListItem\",\"position\":2,\"name\":\"Tuotantomahdollisuudet\",\"item\":\"https:\/\/www.brandner.ee\/fi\/tuotantomahdollisuudet\/\"},{\"@type\":\"ListItem\",\"position\":3,\"name\":\"Piensarjat &#8211; UUTUUS!\"}]},{\"@type\":\"WebSite\",\"@id\":\"https:\/\/www.brandner.ee\/#website\",\"url\":\"https:\/\/www.brandner.ee\/\",\"name\":\"Brandner\",\"description\":\"PCB manufacturing\",\"potentialAction\":[{\"@type\":\"SearchAction\",\"target\":{\"@type\":\"EntryPoint\",\"urlTemplate\":\"https:\/\/www.brandner.ee\/?s={search_term_string}\"},\"query-input\":\"required name=search_term_string\"}],\"inLanguage\":\"fi\"}]}<\/script>\n<!-- \/ Yoast SEO plugin. -->","yoast_head_json":{"title":"Piensarjat - UUTUUS! - Brandner","robots":{"index":"index","follow":"follow","max-snippet":"max-snippet:-1","max-image-preview":"max-image-preview:large","max-video-preview":"max-video-preview:-1"},"canonical":"https:\/\/www.brandner.ee\/fi\/tuotantomahdollisuudet\/piensarjat-uutuus\/","og_locale":"fi_FI","og_type":"article","og_title":"Piensarjat - UUTUUS! - Brandner","og_description":"Tarjoamme nyt my\u00f6s piensarjojen tuotantoa, jonka valmistusaika on alkaen 7 ty\u00f6p\u00e4iv\u00e4. 1-8 kerrosta, FR4; levyn tai aihion maksimi koko 360mm x 460mm; vihre\u00e4 juotosmaski (muut v\u00e4rit pyynn\u00f6st\u00e4) HASL&#8211; tai ENIG&#8211; pinnoite; jyrsin, V-ura; aihiointi meilt\u00e4 ennen kun aloitettaan tuotantoa, asiakas vahvistaa aihion esikatselu ja meilt\u00e4 l\u00e4hetet\u00e4\u00e4n aihioitut stensiilitiedostot. Odotamme hintapyynt\u00f6j\u00e4 s\u00e4hk\u00f6postiin\u00a0sales@brandner.ee","og_url":"https:\/\/www.brandner.ee\/fi\/tuotantomahdollisuudet\/piensarjat-uutuus\/","og_site_name":"Brandner","article_modified_time":"2025-07-09T09:05:15+00:00","twitter_card":"summary_large_image","schema":{"@context":"https:\/\/schema.org","@graph":[{"@type":"WebPage","@id":"https:\/\/www.brandner.ee\/fi\/tuotantomahdollisuudet\/piensarjat-uutuus\/","url":"https:\/\/www.brandner.ee\/fi\/tuotantomahdollisuudet\/piensarjat-uutuus\/","name":"Piensarjat - UUTUUS! - Brandner","isPartOf":{"@id":"https:\/\/www.brandner.ee\/#website"},"datePublished":"2017-12-05T13:10:51+00:00","dateModified":"2025-07-09T09:05:15+00:00","breadcrumb":{"@id":"https:\/\/www.brandner.ee\/fi\/tuotantomahdollisuudet\/piensarjat-uutuus\/#breadcrumb"},"inLanguage":"fi","potentialAction":[{"@type":"ReadAction","target":["https:\/\/www.brandner.ee\/fi\/tuotantomahdollisuudet\/piensarjat-uutuus\/"]}]},{"@type":"BreadcrumbList","@id":"https:\/\/www.brandner.ee\/fi\/tuotantomahdollisuudet\/piensarjat-uutuus\/#breadcrumb","itemListElement":[{"@type":"ListItem","position":1,"name":"Home","item":"https:\/\/www.brandner.ee\/fi\/"},{"@type":"ListItem","position":2,"name":"Tuotantomahdollisuudet","item":"https:\/\/www.brandner.ee\/fi\/tuotantomahdollisuudet\/"},{"@type":"ListItem","position":3,"name":"Piensarjat &#8211; UUTUUS!"}]},{"@type":"WebSite","@id":"https:\/\/www.brandner.ee\/#website","url":"https:\/\/www.brandner.ee\/","name":"Brandner","description":"PCB manufacturing","potentialAction":[{"@type":"SearchAction","target":{"@type":"EntryPoint","urlTemplate":"https:\/\/www.brandner.ee\/?s={search_term_string}"},"query-input":"required name=search_term_string"}],"inLanguage":"fi"}]}},"_links":{"self":[{"href":"https:\/\/www.brandner.ee\/fi\/wp-json\/wp\/v2\/pages\/3479"}],"collection":[{"href":"https:\/\/www.brandner.ee\/fi\/wp-json\/wp\/v2\/pages"}],"about":[{"href":"https:\/\/www.brandner.ee\/fi\/wp-json\/wp\/v2\/types\/page"}],"author":[{"embeddable":true,"href":"https:\/\/www.brandner.ee\/fi\/wp-json\/wp\/v2\/users\/31"}],"replies":[{"embeddable":true,"href":"https:\/\/www.brandner.ee\/fi\/wp-json\/wp\/v2\/comments?post=3479"}],"version-history":[{"count":6,"href":"https:\/\/www.brandner.ee\/fi\/wp-json\/wp\/v2\/pages\/3479\/revisions"}],"predecessor-version":[{"id":12612,"href":"https:\/\/www.brandner.ee\/fi\/wp-json\/wp\/v2\/pages\/3479\/revisions\/12612"}],"up":[{"embeddable":true,"href":"https:\/\/www.brandner.ee\/fi\/wp-json\/wp\/v2\/pages\/999"}],"wp:attachment":[{"href":"https:\/\/www.brandner.ee\/fi\/wp-json\/wp\/v2\/media?parent=3479"}],"curies":[{"name":"wp","href":"https:\/\/api.w.org\/{rel}","templated":true}]}}