{"id":1352,"date":"2017-08-21T09:26:57","date_gmt":"2017-08-21T06:26:57","guid":{"rendered":"http:\/\/www.brandner.ee\/?page_id=1352\/"},"modified":"2020-10-23T14:19:27","modified_gmt":"2020-10-23T11:19:27","slug":"impedanssi","status":"publish","type":"page","link":"https:\/\/www.brandner.ee\/fi\/hyvat-neuvot\/impedanssi\/","title":{"rendered":"Impedanssi"},"content":{"rendered":"<p>Mit\u00e4 tulisi tiet\u00e4\u00e4 ominaisimpedanssin omaavien levyjen suunnittelussa:<br \/>\n1. Eri materiaalien eri vahvuuksilla on erilaiset dielektriset ominaisuudet. Meid\u00e4n k\u00e4yt\u00f6ss\u00e4 olevien materiaalien vakioarvot l\u00f6yd\u00e4t\u00a0<a href=\"https:\/\/www.brandner.ee\/wp-content\/uploads\/2017\/08\/DielectricConstants_R-1755V_R-1650V.pdf\">t\u00e4st\u00e4<\/a>;\u00a0 <a href=\"https:\/\/www.brandner.ee\/wp-content\/uploads\/2019\/04\/R-1755V-Laminate.pdf\">t\u00e4st\u00e4<\/a> ja <a href=\"https:\/\/www.brandner.ee\/wp-content\/uploads\/2019\/04\/R-1650V-Dk-Df.pdf\">t\u00e4st\u00e4<\/a>;<br \/>\n2. Liit\u00e4nn\u00e4n toimintataajuus. Sen mukaisen dielektrisen vakion saat edell\u00e4 mainitusta materiaalien taulukosta;<br \/>\n3. Sis\u00e4kerrosten kuparikerrosten nimellispaksuudet v\u00e4henev\u00e4t meid\u00e4n prosessissa 3\u00b5! esimerkiksi 18\u00b5 foliolla p\u00e4\u00e4llystetyn sis\u00e4kerroksen kuparin paksuus on valmistusprosessin j\u00e4lkeen 15\u00b5 eli ominaisimpedanssi laskettaessa sy\u00f6tet\u00e4\u00e4n ohjelmaan l\u00e4ht\u00f6tiedoksi 15\u00b5. T\u00e4m\u00e4 arvo riippuu valmistajan k\u00e4ytt\u00e4mist\u00e4 prosesseista ja saattaa poiketa meid\u00e4n 3\u00b5:sta.<br \/>\n4. Ulkoisten kerrosten kuparin paksuudet kasvavat galvaanisen kuparoinnin johdosta v\u00e4hint\u00e4\u00e4n 35\u00b5 verran eli t\u00e4ss\u00e4 tulee huomioida alusfolio + galvaaninen kuparointi (12\u00b5 + 35\u00b5 =47\u00b5);<br \/>\n5. Ulkokerrosten topografia eli kuparialueen yhten\u00e4isyys. Ei-yhten\u00e4inen topografia luo tilanteen, jossa harvemmalla kuparialueella on kuparin paksuus linjoilla jopa 2x suurempi kuin t\u00e4ytetyll\u00e4 alueella;<br \/>\n6. Linjojen kaventuminen juotosprosessin aikana. Linjan leveys kapenee v\u00e4himmill\u00e4\u00e4n alusfolion paksuuden verran;<br \/>\n7. Tarvittavien sis\u00e4- ja v\u00e4likerrosten olemassa olo piirilevyjen toimittajalla. J\u00e4rkev\u00e4\u00e4 olisi selvitt\u00e4\u00e4 suunnittelun aikana valitun toimittajan varastossa olevat materiaalit ja suunnitella sen tiedon pohjalta. Meid\u00e4n materiaalivalikoima l\u00f6ytyy\u00a0<a href=\"https:\/\/www.brandner.ee\/wp-content\/uploads\/2018\/11\/stock-list-ENG_M.pdf\" target=\"_blank\" rel=\"noopener noreferrer\">t\u00e4st\u00e4<\/a>. Jos teid\u00e4n ilmoittama rakenne ja toimittajan tarjoama rakenne eiv\u00e4t t\u00e4sm\u00e4\u00e4, laskekaa ominaisimpedanssi uudelleen, k\u00e4ytt\u00e4m\u00e4ll\u00e4 laskelmaan toimittajan rakennetta.<br \/>\n8. Liit\u00e4 tiedostoihin aina tekninen tieto, jossa ilmoitat ominaisimpedanssin tyypin (single, diff pair), impedanssin arvon ohmeissa ja toleranssit, signaalin ja tukikerroksen numerot (signal, ref) linjan leveys ja et\u00e4isyys (my\u00f6s D-koodi olisi hyv\u00e4 tiet\u00e4\u00e4). Er\u00e4s teknisten tietojen vaihtoehto on esitetty alhaalla:<\/p>\n<p><img loading=\"lazy\" decoding=\"async\" src=\"https:\/\/www.brandner.ee\/wp-content\/uploads\/2017\/10\/ImpedanceSpec.png\" alt=\"\" width=\"500\" height=\"69\" \/><\/p>\n","protected":false},"excerpt":{"rendered":"<p>Mit\u00e4 tulisi tiet\u00e4\u00e4 ominaisimpedanssin omaavien levyjen suunnittelussa: 1. Eri materiaalien eri vahvuuksilla on erilaiset dielektriset ominaisuudet. Meid\u00e4n k\u00e4yt\u00f6ss\u00e4 olevien materiaalien vakioarvot l\u00f6yd\u00e4t\u00a0t\u00e4st\u00e4;\u00a0 t\u00e4st\u00e4 ja t\u00e4st\u00e4; 2. Liit\u00e4nn\u00e4n toimintataajuus. Sen mukaisen dielektrisen vakion saat edell\u00e4 mainitusta materiaalien taulukosta; 3. Sis\u00e4kerrosten kuparikerrosten nimellispaksuudet v\u00e4henev\u00e4t meid\u00e4n prosessissa 3\u00b5! esimerkiksi 18\u00b5 foliolla p\u00e4\u00e4llystetyn sis\u00e4kerroksen kuparin paksuus on valmistusprosessin j\u00e4lkeen &hellip;<\/p>\n","protected":false},"author":31,"featured_media":0,"parent":2722,"menu_order":30,"comment_status":"closed","ping_status":"closed","template":"template_content-sidebar.php","meta":{"footnotes":""},"yoast_head":"<!-- This site is optimized with the Yoast SEO plugin v21.5 - https:\/\/yoast.com\/wordpress\/plugins\/seo\/ -->\n<title>Impedanssi - Brandner<\/title>\n<meta name=\"robots\" content=\"index, follow, max-snippet:-1, max-image-preview:large, max-video-preview:-1\" \/>\n<link rel=\"canonical\" href=\"https:\/\/www.brandner.ee\/fi\/hyvat-neuvot\/impedanssi\/\" \/>\n<meta property=\"og:locale\" content=\"fi_FI\" \/>\n<meta property=\"og:type\" content=\"article\" \/>\n<meta property=\"og:title\" content=\"Impedanssi - Brandner\" \/>\n<meta property=\"og:description\" content=\"Mit\u00e4 tulisi tiet\u00e4\u00e4 ominaisimpedanssin omaavien levyjen suunnittelussa: 1. Eri materiaalien eri vahvuuksilla on erilaiset dielektriset ominaisuudet. Meid\u00e4n k\u00e4yt\u00f6ss\u00e4 olevien materiaalien vakioarvot l\u00f6yd\u00e4t\u00a0t\u00e4st\u00e4;\u00a0 t\u00e4st\u00e4 ja t\u00e4st\u00e4; 2. Liit\u00e4nn\u00e4n toimintataajuus. Sen mukaisen dielektrisen vakion saat edell\u00e4 mainitusta materiaalien taulukosta; 3. Sis\u00e4kerrosten kuparikerrosten nimellispaksuudet v\u00e4henev\u00e4t meid\u00e4n prosessissa 3\u00b5! esimerkiksi 18\u00b5 foliolla p\u00e4\u00e4llystetyn sis\u00e4kerroksen kuparin paksuus on valmistusprosessin j\u00e4lkeen &hellip;\" \/>\n<meta property=\"og:url\" content=\"https:\/\/www.brandner.ee\/fi\/hyvat-neuvot\/impedanssi\/\" \/>\n<meta property=\"og:site_name\" content=\"Brandner\" \/>\n<meta property=\"article:modified_time\" content=\"2020-10-23T11:19:27+00:00\" \/>\n<meta property=\"og:image\" content=\"https:\/\/www.brandner.ee\/wp-content\/uploads\/2017\/10\/ImpedanceSpec.png\" \/>\n<meta name=\"twitter:card\" content=\"summary_large_image\" \/>\n<meta name=\"twitter:label1\" content=\"Arvioitu lukuaika\" \/>\n\t<meta name=\"twitter:data1\" content=\"1 minuutti\" \/>\n<script type=\"application\/ld+json\" class=\"yoast-schema-graph\">{\"@context\":\"https:\/\/schema.org\",\"@graph\":[{\"@type\":\"WebPage\",\"@id\":\"https:\/\/www.brandner.ee\/fi\/hyvat-neuvot\/impedanssi\/\",\"url\":\"https:\/\/www.brandner.ee\/fi\/hyvat-neuvot\/impedanssi\/\",\"name\":\"Impedanssi - Brandner\",\"isPartOf\":{\"@id\":\"https:\/\/www.brandner.ee\/#website\"},\"datePublished\":\"2017-08-21T06:26:57+00:00\",\"dateModified\":\"2020-10-23T11:19:27+00:00\",\"breadcrumb\":{\"@id\":\"https:\/\/www.brandner.ee\/fi\/hyvat-neuvot\/impedanssi\/#breadcrumb\"},\"inLanguage\":\"fi\",\"potentialAction\":[{\"@type\":\"ReadAction\",\"target\":[\"https:\/\/www.brandner.ee\/fi\/hyvat-neuvot\/impedanssi\/\"]}]},{\"@type\":\"BreadcrumbList\",\"@id\":\"https:\/\/www.brandner.ee\/fi\/hyvat-neuvot\/impedanssi\/#breadcrumb\",\"itemListElement\":[{\"@type\":\"ListItem\",\"position\":1,\"name\":\"Home\",\"item\":\"https:\/\/www.brandner.ee\/fi\/\"},{\"@type\":\"ListItem\",\"position\":2,\"name\":\"Hyv\u00e4t neuvot\",\"item\":\"https:\/\/www.brandner.ee\/fi\/hyvat-neuvot\/\"},{\"@type\":\"ListItem\",\"position\":3,\"name\":\"Impedanssi\"}]},{\"@type\":\"WebSite\",\"@id\":\"https:\/\/www.brandner.ee\/#website\",\"url\":\"https:\/\/www.brandner.ee\/\",\"name\":\"Brandner\",\"description\":\"PCB manufacturing\",\"potentialAction\":[{\"@type\":\"SearchAction\",\"target\":{\"@type\":\"EntryPoint\",\"urlTemplate\":\"https:\/\/www.brandner.ee\/?s={search_term_string}\"},\"query-input\":\"required name=search_term_string\"}],\"inLanguage\":\"fi\"}]}<\/script>\n<!-- \/ Yoast SEO plugin. -->","yoast_head_json":{"title":"Impedanssi - Brandner","robots":{"index":"index","follow":"follow","max-snippet":"max-snippet:-1","max-image-preview":"max-image-preview:large","max-video-preview":"max-video-preview:-1"},"canonical":"https:\/\/www.brandner.ee\/fi\/hyvat-neuvot\/impedanssi\/","og_locale":"fi_FI","og_type":"article","og_title":"Impedanssi - Brandner","og_description":"Mit\u00e4 tulisi tiet\u00e4\u00e4 ominaisimpedanssin omaavien levyjen suunnittelussa: 1. Eri materiaalien eri vahvuuksilla on erilaiset dielektriset ominaisuudet. Meid\u00e4n k\u00e4yt\u00f6ss\u00e4 olevien materiaalien vakioarvot l\u00f6yd\u00e4t\u00a0t\u00e4st\u00e4;\u00a0 t\u00e4st\u00e4 ja t\u00e4st\u00e4; 2. Liit\u00e4nn\u00e4n toimintataajuus. Sen mukaisen dielektrisen vakion saat edell\u00e4 mainitusta materiaalien taulukosta; 3. Sis\u00e4kerrosten kuparikerrosten nimellispaksuudet v\u00e4henev\u00e4t meid\u00e4n prosessissa 3\u00b5! esimerkiksi 18\u00b5 foliolla p\u00e4\u00e4llystetyn sis\u00e4kerroksen kuparin paksuus on valmistusprosessin j\u00e4lkeen &hellip;","og_url":"https:\/\/www.brandner.ee\/fi\/hyvat-neuvot\/impedanssi\/","og_site_name":"Brandner","article_modified_time":"2020-10-23T11:19:27+00:00","og_image":[{"url":"https:\/\/www.brandner.ee\/wp-content\/uploads\/2017\/10\/ImpedanceSpec.png"}],"twitter_card":"summary_large_image","twitter_misc":{"Arvioitu lukuaika":"1 minuutti"},"schema":{"@context":"https:\/\/schema.org","@graph":[{"@type":"WebPage","@id":"https:\/\/www.brandner.ee\/fi\/hyvat-neuvot\/impedanssi\/","url":"https:\/\/www.brandner.ee\/fi\/hyvat-neuvot\/impedanssi\/","name":"Impedanssi - Brandner","isPartOf":{"@id":"https:\/\/www.brandner.ee\/#website"},"datePublished":"2017-08-21T06:26:57+00:00","dateModified":"2020-10-23T11:19:27+00:00","breadcrumb":{"@id":"https:\/\/www.brandner.ee\/fi\/hyvat-neuvot\/impedanssi\/#breadcrumb"},"inLanguage":"fi","potentialAction":[{"@type":"ReadAction","target":["https:\/\/www.brandner.ee\/fi\/hyvat-neuvot\/impedanssi\/"]}]},{"@type":"BreadcrumbList","@id":"https:\/\/www.brandner.ee\/fi\/hyvat-neuvot\/impedanssi\/#breadcrumb","itemListElement":[{"@type":"ListItem","position":1,"name":"Home","item":"https:\/\/www.brandner.ee\/fi\/"},{"@type":"ListItem","position":2,"name":"Hyv\u00e4t neuvot","item":"https:\/\/www.brandner.ee\/fi\/hyvat-neuvot\/"},{"@type":"ListItem","position":3,"name":"Impedanssi"}]},{"@type":"WebSite","@id":"https:\/\/www.brandner.ee\/#website","url":"https:\/\/www.brandner.ee\/","name":"Brandner","description":"PCB manufacturing","potentialAction":[{"@type":"SearchAction","target":{"@type":"EntryPoint","urlTemplate":"https:\/\/www.brandner.ee\/?s={search_term_string}"},"query-input":"required name=search_term_string"}],"inLanguage":"fi"}]}},"_links":{"self":[{"href":"https:\/\/www.brandner.ee\/fi\/wp-json\/wp\/v2\/pages\/1352"}],"collection":[{"href":"https:\/\/www.brandner.ee\/fi\/wp-json\/wp\/v2\/pages"}],"about":[{"href":"https:\/\/www.brandner.ee\/fi\/wp-json\/wp\/v2\/types\/page"}],"author":[{"embeddable":true,"href":"https:\/\/www.brandner.ee\/fi\/wp-json\/wp\/v2\/users\/31"}],"replies":[{"embeddable":true,"href":"https:\/\/www.brandner.ee\/fi\/wp-json\/wp\/v2\/comments?post=1352"}],"version-history":[{"count":13,"href":"https:\/\/www.brandner.ee\/fi\/wp-json\/wp\/v2\/pages\/1352\/revisions"}],"predecessor-version":[{"id":8515,"href":"https:\/\/www.brandner.ee\/fi\/wp-json\/wp\/v2\/pages\/1352\/revisions\/8515"}],"up":[{"embeddable":true,"href":"https:\/\/www.brandner.ee\/fi\/wp-json\/wp\/v2\/pages\/2722"}],"wp:attachment":[{"href":"https:\/\/www.brandner.ee\/fi\/wp-json\/wp\/v2\/media?parent=1352"}],"curies":[{"name":"wp","href":"https:\/\/api.w.org\/{rel}","templated":true}]}}