{"id":12763,"date":"2025-07-18T10:26:34","date_gmt":"2025-07-18T07:26:34","guid":{"rendered":"https:\/\/www.brandner.ee\/?page_id=12763"},"modified":"2025-07-18T10:26:35","modified_gmt":"2025-07-18T07:26:35","slug":"takaosan-poraus","status":"publish","type":"page","link":"https:\/\/www.brandner.ee\/fi\/tuotantomahdollisuudet\/takaosan-poraus\/","title":{"rendered":"Takaosan poraus"},"content":{"rendered":"\n<p>Takareik\u00e4 on k\u00e4tev\u00e4 tapa saada aikaan s\u00e4hk\u00f6inen yhteys piirilevyn sis\u00e4- ja ulkokerroksen v\u00e4lille, kun poran sivusuhde ei riit\u00e4 sokkoreikien poraamiseen.<br><br>Valmistus etenee seuraavasti \u2013 ensin porataan levyn l\u00e4pi normaalin pinnoitetun l\u00e4pirei\u00e4n (PTH) tapaan ja k\u00e4sitell\u00e4\u00e4n se esipinnoitusliuoksessa rei\u00e4n valmistelemiseksi metallointia varten. Sitten rei\u00e4t porataan uudelleen esipinnoitusaineen osittaiseksi poistamiseksi. T\u00e4m\u00e4 varmistaa, ett\u00e4 my\u00f6hemmin pinnoitusprosessissa metalli tarttuu vain t\u00e4h\u00e4n ennalta m\u00e4\u00e4r\u00e4ttyyn l\u00e4piviennin syvyyteen, jossa esipinnoitus on viel\u00e4 ehj\u00e4.<br><br>Erilaisten liuosten tunkeutuminen l\u00e4pivienteihin on huomattavasti tehokkaampaa kuin sokkoreikiin, joten my\u00f6s pinnoitustulos on parempi. Jos harkitset takarei\u00e4n poraamista, muista, ett\u00e4 takareik\u00e4porauksen poran koon on oltava v\u00e4hint\u00e4\u00e4n 0,3 mm suurempi kuin alkuper\u00e4isen PTH:n poran koon ja takareikiin n\u00e4hden v\u00e4himm\u00e4iset\u00e4isyys on 0,2 mm. Jos olet ep\u00e4varma, valitse suurempi koko tai ota yhteytt\u00e4 myyntiedustajiimme osoitteessa <a href=\"mailto:sales@brandner.ee\">sales@brandner.ee<\/a><\/p>\n\n\n\n<figure class=\"wp-block-image size-full is-resized\"><img loading=\"lazy\" decoding=\"async\" width=\"768\" height=\"815\" src=\"https:\/\/www.brandner.ee\/wp-content\/uploads\/2025\/07\/image-19.png\" alt=\"\" class=\"wp-image-12764\" style=\"width:496px;height:auto\" srcset=\"https:\/\/www.brandner.ee\/wp-content\/uploads\/2025\/07\/image-19.png 768w, https:\/\/www.brandner.ee\/wp-content\/uploads\/2025\/07\/image-19-283x300.png 283w, https:\/\/www.brandner.ee\/wp-content\/uploads\/2025\/07\/image-19-600x637.png 600w\" sizes=\"(max-width: 768px) 100vw, 768px\" \/><\/figure>\n","protected":false},"excerpt":{"rendered":"<p>Takareik\u00e4 on k\u00e4tev\u00e4 tapa saada aikaan s\u00e4hk\u00f6inen yhteys piirilevyn sis\u00e4- ja ulkokerroksen v\u00e4lille, kun poran sivusuhde ei riit\u00e4 sokkoreikien poraamiseen. Valmistus etenee seuraavasti \u2013 ensin porataan levyn l\u00e4pi normaalin pinnoitetun l\u00e4pirei\u00e4n (PTH) tapaan ja k\u00e4sitell\u00e4\u00e4n se esipinnoitusliuoksessa rei\u00e4n valmistelemiseksi metallointia varten. Sitten rei\u00e4t porataan uudelleen esipinnoitusaineen osittaiseksi poistamiseksi. T\u00e4m\u00e4 varmistaa, ett\u00e4 my\u00f6hemmin pinnoitusprosessissa metalli tarttuu &hellip;<\/p>\n","protected":false},"author":170,"featured_media":0,"parent":999,"menu_order":70,"comment_status":"closed","ping_status":"closed","template":"template_content-sidebar.php","meta":{"footnotes":""},"yoast_head":"<!-- This site is optimized with the Yoast SEO plugin v21.5 - https:\/\/yoast.com\/wordpress\/plugins\/seo\/ -->\n<title>Takaosan poraus - Brandner<\/title>\n<meta name=\"robots\" content=\"index, follow, max-snippet:-1, max-image-preview:large, max-video-preview:-1\" \/>\n<link rel=\"canonical\" href=\"https:\/\/www.brandner.ee\/fi\/tuotantomahdollisuudet\/takaosan-poraus\/\" \/>\n<meta property=\"og:locale\" content=\"fi_FI\" \/>\n<meta property=\"og:type\" content=\"article\" \/>\n<meta property=\"og:title\" content=\"Takaosan poraus - Brandner\" \/>\n<meta property=\"og:description\" content=\"Takareik\u00e4 on k\u00e4tev\u00e4 tapa saada aikaan s\u00e4hk\u00f6inen yhteys piirilevyn sis\u00e4- ja ulkokerroksen v\u00e4lille, kun poran sivusuhde ei riit\u00e4 sokkoreikien poraamiseen. Valmistus etenee seuraavasti \u2013 ensin porataan levyn l\u00e4pi normaalin pinnoitetun l\u00e4pirei\u00e4n (PTH) tapaan ja k\u00e4sitell\u00e4\u00e4n se esipinnoitusliuoksessa rei\u00e4n valmistelemiseksi metallointia varten. Sitten rei\u00e4t porataan uudelleen esipinnoitusaineen osittaiseksi poistamiseksi. T\u00e4m\u00e4 varmistaa, ett\u00e4 my\u00f6hemmin pinnoitusprosessissa metalli tarttuu &hellip;\" \/>\n<meta property=\"og:url\" content=\"https:\/\/www.brandner.ee\/fi\/tuotantomahdollisuudet\/takaosan-poraus\/\" \/>\n<meta property=\"og:site_name\" content=\"Brandner\" \/>\n<meta property=\"article:modified_time\" content=\"2025-07-18T07:26:35+00:00\" \/>\n<meta property=\"og:image\" content=\"https:\/\/www.brandner.ee\/wp-content\/uploads\/2025\/07\/image-19.png\" \/>\n<meta name=\"twitter:card\" content=\"summary_large_image\" \/>\n<meta name=\"twitter:label1\" content=\"Arvioitu lukuaika\" \/>\n\t<meta name=\"twitter:data1\" content=\"1 minuutti\" \/>\n<script type=\"application\/ld+json\" class=\"yoast-schema-graph\">{\"@context\":\"https:\/\/schema.org\",\"@graph\":[{\"@type\":\"WebPage\",\"@id\":\"https:\/\/www.brandner.ee\/fi\/tuotantomahdollisuudet\/takaosan-poraus\/\",\"url\":\"https:\/\/www.brandner.ee\/fi\/tuotantomahdollisuudet\/takaosan-poraus\/\",\"name\":\"Takaosan poraus - Brandner\",\"isPartOf\":{\"@id\":\"https:\/\/www.brandner.ee\/#website\"},\"datePublished\":\"2025-07-18T07:26:34+00:00\",\"dateModified\":\"2025-07-18T07:26:35+00:00\",\"breadcrumb\":{\"@id\":\"https:\/\/www.brandner.ee\/fi\/tuotantomahdollisuudet\/takaosan-poraus\/#breadcrumb\"},\"inLanguage\":\"fi\",\"potentialAction\":[{\"@type\":\"ReadAction\",\"target\":[\"https:\/\/www.brandner.ee\/fi\/tuotantomahdollisuudet\/takaosan-poraus\/\"]}]},{\"@type\":\"BreadcrumbList\",\"@id\":\"https:\/\/www.brandner.ee\/fi\/tuotantomahdollisuudet\/takaosan-poraus\/#breadcrumb\",\"itemListElement\":[{\"@type\":\"ListItem\",\"position\":1,\"name\":\"Home\",\"item\":\"https:\/\/www.brandner.ee\/fi\/\"},{\"@type\":\"ListItem\",\"position\":2,\"name\":\"Tuotantomahdollisuudet\",\"item\":\"https:\/\/www.brandner.ee\/fi\/tuotantomahdollisuudet\/\"},{\"@type\":\"ListItem\",\"position\":3,\"name\":\"Takaosan poraus\"}]},{\"@type\":\"WebSite\",\"@id\":\"https:\/\/www.brandner.ee\/#website\",\"url\":\"https:\/\/www.brandner.ee\/\",\"name\":\"Brandner\",\"description\":\"PCB manufacturing\",\"potentialAction\":[{\"@type\":\"SearchAction\",\"target\":{\"@type\":\"EntryPoint\",\"urlTemplate\":\"https:\/\/www.brandner.ee\/?s={search_term_string}\"},\"query-input\":\"required name=search_term_string\"}],\"inLanguage\":\"fi\"}]}<\/script>\n<!-- \/ Yoast SEO plugin. -->","yoast_head_json":{"title":"Takaosan poraus - Brandner","robots":{"index":"index","follow":"follow","max-snippet":"max-snippet:-1","max-image-preview":"max-image-preview:large","max-video-preview":"max-video-preview:-1"},"canonical":"https:\/\/www.brandner.ee\/fi\/tuotantomahdollisuudet\/takaosan-poraus\/","og_locale":"fi_FI","og_type":"article","og_title":"Takaosan poraus - Brandner","og_description":"Takareik\u00e4 on k\u00e4tev\u00e4 tapa saada aikaan s\u00e4hk\u00f6inen yhteys piirilevyn sis\u00e4- ja ulkokerroksen v\u00e4lille, kun poran sivusuhde ei riit\u00e4 sokkoreikien poraamiseen. Valmistus etenee seuraavasti \u2013 ensin porataan levyn l\u00e4pi normaalin pinnoitetun l\u00e4pirei\u00e4n (PTH) tapaan ja k\u00e4sitell\u00e4\u00e4n se esipinnoitusliuoksessa rei\u00e4n valmistelemiseksi metallointia varten. Sitten rei\u00e4t porataan uudelleen esipinnoitusaineen osittaiseksi poistamiseksi. T\u00e4m\u00e4 varmistaa, ett\u00e4 my\u00f6hemmin pinnoitusprosessissa metalli tarttuu &hellip;","og_url":"https:\/\/www.brandner.ee\/fi\/tuotantomahdollisuudet\/takaosan-poraus\/","og_site_name":"Brandner","article_modified_time":"2025-07-18T07:26:35+00:00","og_image":[{"url":"https:\/\/www.brandner.ee\/wp-content\/uploads\/2025\/07\/image-19.png"}],"twitter_card":"summary_large_image","twitter_misc":{"Arvioitu lukuaika":"1 minuutti"},"schema":{"@context":"https:\/\/schema.org","@graph":[{"@type":"WebPage","@id":"https:\/\/www.brandner.ee\/fi\/tuotantomahdollisuudet\/takaosan-poraus\/","url":"https:\/\/www.brandner.ee\/fi\/tuotantomahdollisuudet\/takaosan-poraus\/","name":"Takaosan poraus - Brandner","isPartOf":{"@id":"https:\/\/www.brandner.ee\/#website"},"datePublished":"2025-07-18T07:26:34+00:00","dateModified":"2025-07-18T07:26:35+00:00","breadcrumb":{"@id":"https:\/\/www.brandner.ee\/fi\/tuotantomahdollisuudet\/takaosan-poraus\/#breadcrumb"},"inLanguage":"fi","potentialAction":[{"@type":"ReadAction","target":["https:\/\/www.brandner.ee\/fi\/tuotantomahdollisuudet\/takaosan-poraus\/"]}]},{"@type":"BreadcrumbList","@id":"https:\/\/www.brandner.ee\/fi\/tuotantomahdollisuudet\/takaosan-poraus\/#breadcrumb","itemListElement":[{"@type":"ListItem","position":1,"name":"Home","item":"https:\/\/www.brandner.ee\/fi\/"},{"@type":"ListItem","position":2,"name":"Tuotantomahdollisuudet","item":"https:\/\/www.brandner.ee\/fi\/tuotantomahdollisuudet\/"},{"@type":"ListItem","position":3,"name":"Takaosan poraus"}]},{"@type":"WebSite","@id":"https:\/\/www.brandner.ee\/#website","url":"https:\/\/www.brandner.ee\/","name":"Brandner","description":"PCB manufacturing","potentialAction":[{"@type":"SearchAction","target":{"@type":"EntryPoint","urlTemplate":"https:\/\/www.brandner.ee\/?s={search_term_string}"},"query-input":"required name=search_term_string"}],"inLanguage":"fi"}]}},"_links":{"self":[{"href":"https:\/\/www.brandner.ee\/fi\/wp-json\/wp\/v2\/pages\/12763"}],"collection":[{"href":"https:\/\/www.brandner.ee\/fi\/wp-json\/wp\/v2\/pages"}],"about":[{"href":"https:\/\/www.brandner.ee\/fi\/wp-json\/wp\/v2\/types\/page"}],"author":[{"embeddable":true,"href":"https:\/\/www.brandner.ee\/fi\/wp-json\/wp\/v2\/users\/170"}],"replies":[{"embeddable":true,"href":"https:\/\/www.brandner.ee\/fi\/wp-json\/wp\/v2\/comments?post=12763"}],"version-history":[{"count":1,"href":"https:\/\/www.brandner.ee\/fi\/wp-json\/wp\/v2\/pages\/12763\/revisions"}],"predecessor-version":[{"id":12767,"href":"https:\/\/www.brandner.ee\/fi\/wp-json\/wp\/v2\/pages\/12763\/revisions\/12767"}],"up":[{"embeddable":true,"href":"https:\/\/www.brandner.ee\/fi\/wp-json\/wp\/v2\/pages\/999"}],"wp:attachment":[{"href":"https:\/\/www.brandner.ee\/fi\/wp-json\/wp\/v2\/media?parent=12763"}],"curies":[{"name":"wp","href":"https:\/\/api.w.org\/{rel}","templated":true}]}}