{"id":12758,"date":"2025-07-18T10:25:07","date_gmt":"2025-07-18T07:25:07","guid":{"rendered":"https:\/\/www.brandner.ee\/?page_id=12758"},"modified":"2025-07-18T10:25:07","modified_gmt":"2025-07-18T07:25:07","slug":"viistot-reunat","status":"publish","type":"page","link":"https:\/\/www.brandner.ee\/fi\/tuotantomahdollisuudet\/viistot-reunat\/","title":{"rendered":"Viistot reunat"},"content":{"rendered":"\n<p>Lautojen reunojen viist\u00e4minen on mahdollista.<br><br>Viistettyj\u00e4 reunoja k\u00e4ytt\u00e4vi\u00e4 levyj\u00e4 paneloitaessa on huomioitava, ett\u00e4 viistettyyn reunaan ei voi lis\u00e4t\u00e4 kehyst\u00e4.<br><br>Vaiheistettua reunaa suunniteltaessa on huomioitava, ett\u00e4 kuparilevyn tai -johdon et\u00e4isyys vaiheesta on v\u00e4hint\u00e4\u00e4n 0,2 mm.<br><br>Viist\u00e4mist\u00e4 varten on annettava seuraavat tiedot:<\/p>\n\n\n\n<ul>\n<li>Vaihekulma<\/li>\n\n\n\n<li>Vaiheen leveys<\/li>\n\n\n\n<li>Julkisivun reunan j\u00e4\u00e4nn\u00f6spaksuus <\/li>\n<\/ul>\n\n\n\n<figure class=\"wp-block-image size-full is-resized\"><img loading=\"lazy\" decoding=\"async\" width=\"768\" height=\"440\" src=\"https:\/\/www.brandner.ee\/wp-content\/uploads\/2025\/07\/image-18.png\" alt=\"\" class=\"wp-image-12759\" style=\"width:631px;height:auto\" srcset=\"https:\/\/www.brandner.ee\/wp-content\/uploads\/2025\/07\/image-18.png 768w, https:\/\/www.brandner.ee\/wp-content\/uploads\/2025\/07\/image-18-300x172.png 300w, https:\/\/www.brandner.ee\/wp-content\/uploads\/2025\/07\/image-18-600x344.png 600w\" sizes=\"(max-width: 768px) 100vw, 768px\" \/><\/figure>\n","protected":false},"excerpt":{"rendered":"<p>Lautojen reunojen viist\u00e4minen on mahdollista. Viistettyj\u00e4 reunoja k\u00e4ytt\u00e4vi\u00e4 levyj\u00e4 paneloitaessa on huomioitava, ett\u00e4 viistettyyn reunaan ei voi lis\u00e4t\u00e4 kehyst\u00e4. Vaiheistettua reunaa suunniteltaessa on huomioitava, ett\u00e4 kuparilevyn tai -johdon et\u00e4isyys vaiheesta on v\u00e4hint\u00e4\u00e4n 0,2 mm. Viist\u00e4mist\u00e4 varten on annettava seuraavat tiedot:<\/p>\n","protected":false},"author":170,"featured_media":0,"parent":999,"menu_order":40,"comment_status":"closed","ping_status":"closed","template":"template_content-sidebar.php","meta":{"footnotes":""},"yoast_head":"<!-- This site is optimized with the Yoast SEO plugin v21.5 - https:\/\/yoast.com\/wordpress\/plugins\/seo\/ -->\n<title>Viistot reunat - Brandner<\/title>\n<meta name=\"robots\" content=\"index, follow, max-snippet:-1, max-image-preview:large, max-video-preview:-1\" \/>\n<link rel=\"canonical\" href=\"https:\/\/www.brandner.ee\/fi\/tuotantomahdollisuudet\/viistot-reunat\/\" \/>\n<meta property=\"og:locale\" content=\"fi_FI\" \/>\n<meta property=\"og:type\" content=\"article\" \/>\n<meta property=\"og:title\" content=\"Viistot reunat - Brandner\" \/>\n<meta property=\"og:description\" content=\"Lautojen reunojen viist\u00e4minen on mahdollista. Viistettyj\u00e4 reunoja k\u00e4ytt\u00e4vi\u00e4 levyj\u00e4 paneloitaessa on huomioitava, ett\u00e4 viistettyyn reunaan ei voi lis\u00e4t\u00e4 kehyst\u00e4. Vaiheistettua reunaa suunniteltaessa on huomioitava, ett\u00e4 kuparilevyn tai -johdon et\u00e4isyys vaiheesta on v\u00e4hint\u00e4\u00e4n 0,2 mm. Viist\u00e4mist\u00e4 varten on annettava seuraavat tiedot:\" \/>\n<meta property=\"og:url\" content=\"https:\/\/www.brandner.ee\/fi\/tuotantomahdollisuudet\/viistot-reunat\/\" \/>\n<meta property=\"og:site_name\" content=\"Brandner\" \/>\n<meta property=\"og:image\" content=\"https:\/\/www.brandner.ee\/wp-content\/uploads\/2025\/07\/image-18.png\" \/>\n<meta name=\"twitter:card\" content=\"summary_large_image\" \/>\n<meta name=\"twitter:label1\" content=\"Arvioitu lukuaika\" \/>\n\t<meta name=\"twitter:data1\" content=\"1 minuutti\" \/>\n<script type=\"application\/ld+json\" class=\"yoast-schema-graph\">{\"@context\":\"https:\/\/schema.org\",\"@graph\":[{\"@type\":\"WebPage\",\"@id\":\"https:\/\/www.brandner.ee\/fi\/tuotantomahdollisuudet\/viistot-reunat\/\",\"url\":\"https:\/\/www.brandner.ee\/fi\/tuotantomahdollisuudet\/viistot-reunat\/\",\"name\":\"Viistot reunat - Brandner\",\"isPartOf\":{\"@id\":\"https:\/\/www.brandner.ee\/#website\"},\"datePublished\":\"2025-07-18T07:25:07+00:00\",\"dateModified\":\"2025-07-18T07:25:07+00:00\",\"breadcrumb\":{\"@id\":\"https:\/\/www.brandner.ee\/fi\/tuotantomahdollisuudet\/viistot-reunat\/#breadcrumb\"},\"inLanguage\":\"fi\",\"potentialAction\":[{\"@type\":\"ReadAction\",\"target\":[\"https:\/\/www.brandner.ee\/fi\/tuotantomahdollisuudet\/viistot-reunat\/\"]}]},{\"@type\":\"BreadcrumbList\",\"@id\":\"https:\/\/www.brandner.ee\/fi\/tuotantomahdollisuudet\/viistot-reunat\/#breadcrumb\",\"itemListElement\":[{\"@type\":\"ListItem\",\"position\":1,\"name\":\"Home\",\"item\":\"https:\/\/www.brandner.ee\/fi\/\"},{\"@type\":\"ListItem\",\"position\":2,\"name\":\"Tuotantomahdollisuudet\",\"item\":\"https:\/\/www.brandner.ee\/fi\/tuotantomahdollisuudet\/\"},{\"@type\":\"ListItem\",\"position\":3,\"name\":\"Viistot reunat\"}]},{\"@type\":\"WebSite\",\"@id\":\"https:\/\/www.brandner.ee\/#website\",\"url\":\"https:\/\/www.brandner.ee\/\",\"name\":\"Brandner\",\"description\":\"PCB manufacturing\",\"potentialAction\":[{\"@type\":\"SearchAction\",\"target\":{\"@type\":\"EntryPoint\",\"urlTemplate\":\"https:\/\/www.brandner.ee\/?s={search_term_string}\"},\"query-input\":\"required name=search_term_string\"}],\"inLanguage\":\"fi\"}]}<\/script>\n<!-- \/ Yoast SEO plugin. -->","yoast_head_json":{"title":"Viistot reunat - Brandner","robots":{"index":"index","follow":"follow","max-snippet":"max-snippet:-1","max-image-preview":"max-image-preview:large","max-video-preview":"max-video-preview:-1"},"canonical":"https:\/\/www.brandner.ee\/fi\/tuotantomahdollisuudet\/viistot-reunat\/","og_locale":"fi_FI","og_type":"article","og_title":"Viistot reunat - Brandner","og_description":"Lautojen reunojen viist\u00e4minen on mahdollista. Viistettyj\u00e4 reunoja k\u00e4ytt\u00e4vi\u00e4 levyj\u00e4 paneloitaessa on huomioitava, ett\u00e4 viistettyyn reunaan ei voi lis\u00e4t\u00e4 kehyst\u00e4. Vaiheistettua reunaa suunniteltaessa on huomioitava, ett\u00e4 kuparilevyn tai -johdon et\u00e4isyys vaiheesta on v\u00e4hint\u00e4\u00e4n 0,2 mm. Viist\u00e4mist\u00e4 varten on annettava seuraavat tiedot:","og_url":"https:\/\/www.brandner.ee\/fi\/tuotantomahdollisuudet\/viistot-reunat\/","og_site_name":"Brandner","og_image":[{"url":"https:\/\/www.brandner.ee\/wp-content\/uploads\/2025\/07\/image-18.png"}],"twitter_card":"summary_large_image","twitter_misc":{"Arvioitu lukuaika":"1 minuutti"},"schema":{"@context":"https:\/\/schema.org","@graph":[{"@type":"WebPage","@id":"https:\/\/www.brandner.ee\/fi\/tuotantomahdollisuudet\/viistot-reunat\/","url":"https:\/\/www.brandner.ee\/fi\/tuotantomahdollisuudet\/viistot-reunat\/","name":"Viistot reunat - Brandner","isPartOf":{"@id":"https:\/\/www.brandner.ee\/#website"},"datePublished":"2025-07-18T07:25:07+00:00","dateModified":"2025-07-18T07:25:07+00:00","breadcrumb":{"@id":"https:\/\/www.brandner.ee\/fi\/tuotantomahdollisuudet\/viistot-reunat\/#breadcrumb"},"inLanguage":"fi","potentialAction":[{"@type":"ReadAction","target":["https:\/\/www.brandner.ee\/fi\/tuotantomahdollisuudet\/viistot-reunat\/"]}]},{"@type":"BreadcrumbList","@id":"https:\/\/www.brandner.ee\/fi\/tuotantomahdollisuudet\/viistot-reunat\/#breadcrumb","itemListElement":[{"@type":"ListItem","position":1,"name":"Home","item":"https:\/\/www.brandner.ee\/fi\/"},{"@type":"ListItem","position":2,"name":"Tuotantomahdollisuudet","item":"https:\/\/www.brandner.ee\/fi\/tuotantomahdollisuudet\/"},{"@type":"ListItem","position":3,"name":"Viistot reunat"}]},{"@type":"WebSite","@id":"https:\/\/www.brandner.ee\/#website","url":"https:\/\/www.brandner.ee\/","name":"Brandner","description":"PCB manufacturing","potentialAction":[{"@type":"SearchAction","target":{"@type":"EntryPoint","urlTemplate":"https:\/\/www.brandner.ee\/?s={search_term_string}"},"query-input":"required name=search_term_string"}],"inLanguage":"fi"}]}},"_links":{"self":[{"href":"https:\/\/www.brandner.ee\/fi\/wp-json\/wp\/v2\/pages\/12758"}],"collection":[{"href":"https:\/\/www.brandner.ee\/fi\/wp-json\/wp\/v2\/pages"}],"about":[{"href":"https:\/\/www.brandner.ee\/fi\/wp-json\/wp\/v2\/types\/page"}],"author":[{"embeddable":true,"href":"https:\/\/www.brandner.ee\/fi\/wp-json\/wp\/v2\/users\/170"}],"replies":[{"embeddable":true,"href":"https:\/\/www.brandner.ee\/fi\/wp-json\/wp\/v2\/comments?post=12758"}],"version-history":[{"count":1,"href":"https:\/\/www.brandner.ee\/fi\/wp-json\/wp\/v2\/pages\/12758\/revisions"}],"predecessor-version":[{"id":12762,"href":"https:\/\/www.brandner.ee\/fi\/wp-json\/wp\/v2\/pages\/12758\/revisions\/12762"}],"up":[{"embeddable":true,"href":"https:\/\/www.brandner.ee\/fi\/wp-json\/wp\/v2\/pages\/999"}],"wp:attachment":[{"href":"https:\/\/www.brandner.ee\/fi\/wp-json\/wp\/v2\/media?parent=12758"}],"curies":[{"name":"wp","href":"https:\/\/api.w.org\/{rel}","templated":true}]}}