{"id":12748,"date":"2025-07-18T10:08:43","date_gmt":"2025-07-18T07:08:43","guid":{"rendered":"https:\/\/www.brandner.ee\/?page_id=12748"},"modified":"2025-07-18T10:08:44","modified_gmt":"2025-07-18T07:08:44","slug":"upotetut-reiat","status":"publish","type":"page","link":"https:\/\/www.brandner.ee\/fi\/tuotantomahdollisuudet\/upotetut-reiat\/","title":{"rendered":"Upotetut rei\u00e4t"},"content":{"rendered":"\n<p><strong>Ruuvinkantoihin on mahdollista tilata uppokantareiki\u00e4.<\/strong><\/p>\n\n\n\n<p><br>Upotettavan alueen enimm\u00e4ishalkaisija<br>Pinnoitettu       4,9 mm<br>Ei-pinnoitettu   5,0 mm<br>Uppokulma       90\u00b0 <\/p>\n\n\n\n<figure class=\"wp-block-image size-full is-resized\"><img loading=\"lazy\" decoding=\"async\" width=\"768\" height=\"587\" src=\"https:\/\/www.brandner.ee\/wp-content\/uploads\/2025\/07\/image-17.png\" alt=\"\" class=\"wp-image-12749\" style=\"width:561px;height:auto\" srcset=\"https:\/\/www.brandner.ee\/wp-content\/uploads\/2025\/07\/image-17.png 768w, https:\/\/www.brandner.ee\/wp-content\/uploads\/2025\/07\/image-17-300x229.png 300w, https:\/\/www.brandner.ee\/wp-content\/uploads\/2025\/07\/image-17-600x459.png 600w\" sizes=\"(max-width: 768px) 100vw, 768px\" \/><\/figure>\n\n\n\n<p>Suunnittelussa on ehdottoman t\u00e4rke\u00e4\u00e4 kuvata, kummalta puolelta (YLH\u00c4\u00c4LT\u00c4 vai ALAP\u00c4\u00c4LT\u00c4) ja kuinka syv\u00e4lle upotus on teht\u00e4v\u00e4.<\/p>\n","protected":false},"excerpt":{"rendered":"<p>Ruuvinkantoihin on mahdollista tilata uppokantareiki\u00e4. Upotettavan alueen enimm\u00e4ishalkaisijaPinnoitettu 4,9 mmEi-pinnoitettu 5,0 mmUppokulma 90\u00b0 Suunnittelussa on ehdottoman t\u00e4rke\u00e4\u00e4 kuvata, kummalta puolelta (YLH\u00c4\u00c4LT\u00c4 vai ALAP\u00c4\u00c4LT\u00c4) ja kuinka syv\u00e4lle upotus on teht\u00e4v\u00e4.<\/p>\n","protected":false},"author":170,"featured_media":0,"parent":999,"menu_order":30,"comment_status":"closed","ping_status":"closed","template":"template_content-sidebar.php","meta":{"footnotes":""},"yoast_head":"<!-- This site is optimized with the Yoast SEO plugin v21.5 - https:\/\/yoast.com\/wordpress\/plugins\/seo\/ -->\n<title>Upotetut rei\u00e4t - Brandner<\/title>\n<meta name=\"robots\" content=\"index, follow, max-snippet:-1, max-image-preview:large, max-video-preview:-1\" \/>\n<link rel=\"canonical\" href=\"https:\/\/www.brandner.ee\/fi\/tuotantomahdollisuudet\/upotetut-reiat\/\" \/>\n<meta property=\"og:locale\" content=\"fi_FI\" \/>\n<meta property=\"og:type\" content=\"article\" \/>\n<meta property=\"og:title\" content=\"Upotetut rei\u00e4t - Brandner\" \/>\n<meta property=\"og:description\" content=\"Ruuvinkantoihin on mahdollista tilata uppokantareiki\u00e4. Upotettavan alueen enimm\u00e4ishalkaisijaPinnoitettu 4,9 mmEi-pinnoitettu 5,0 mmUppokulma 90\u00b0 Suunnittelussa on ehdottoman t\u00e4rke\u00e4\u00e4 kuvata, kummalta puolelta (YLH\u00c4\u00c4LT\u00c4 vai ALAP\u00c4\u00c4LT\u00c4) ja kuinka syv\u00e4lle upotus on teht\u00e4v\u00e4.\" \/>\n<meta property=\"og:url\" content=\"https:\/\/www.brandner.ee\/fi\/tuotantomahdollisuudet\/upotetut-reiat\/\" \/>\n<meta property=\"og:site_name\" content=\"Brandner\" \/>\n<meta property=\"article:modified_time\" content=\"2025-07-18T07:08:44+00:00\" \/>\n<meta property=\"og:image\" content=\"https:\/\/www.brandner.ee\/wp-content\/uploads\/2025\/07\/image-17.png\" \/>\n<meta name=\"twitter:card\" content=\"summary_large_image\" \/>\n<meta name=\"twitter:label1\" content=\"Arvioitu lukuaika\" \/>\n\t<meta name=\"twitter:data1\" content=\"1 minuutti\" \/>\n<script type=\"application\/ld+json\" class=\"yoast-schema-graph\">{\"@context\":\"https:\/\/schema.org\",\"@graph\":[{\"@type\":\"WebPage\",\"@id\":\"https:\/\/www.brandner.ee\/fi\/tuotantomahdollisuudet\/upotetut-reiat\/\",\"url\":\"https:\/\/www.brandner.ee\/fi\/tuotantomahdollisuudet\/upotetut-reiat\/\",\"name\":\"Upotetut rei\u00e4t - Brandner\",\"isPartOf\":{\"@id\":\"https:\/\/www.brandner.ee\/#website\"},\"datePublished\":\"2025-07-18T07:08:43+00:00\",\"dateModified\":\"2025-07-18T07:08:44+00:00\",\"breadcrumb\":{\"@id\":\"https:\/\/www.brandner.ee\/fi\/tuotantomahdollisuudet\/upotetut-reiat\/#breadcrumb\"},\"inLanguage\":\"fi\",\"potentialAction\":[{\"@type\":\"ReadAction\",\"target\":[\"https:\/\/www.brandner.ee\/fi\/tuotantomahdollisuudet\/upotetut-reiat\/\"]}]},{\"@type\":\"BreadcrumbList\",\"@id\":\"https:\/\/www.brandner.ee\/fi\/tuotantomahdollisuudet\/upotetut-reiat\/#breadcrumb\",\"itemListElement\":[{\"@type\":\"ListItem\",\"position\":1,\"name\":\"Home\",\"item\":\"https:\/\/www.brandner.ee\/fi\/\"},{\"@type\":\"ListItem\",\"position\":2,\"name\":\"Tuotantomahdollisuudet\",\"item\":\"https:\/\/www.brandner.ee\/fi\/tuotantomahdollisuudet\/\"},{\"@type\":\"ListItem\",\"position\":3,\"name\":\"Upotetut rei\u00e4t\"}]},{\"@type\":\"WebSite\",\"@id\":\"https:\/\/www.brandner.ee\/#website\",\"url\":\"https:\/\/www.brandner.ee\/\",\"name\":\"Brandner\",\"description\":\"PCB manufacturing\",\"potentialAction\":[{\"@type\":\"SearchAction\",\"target\":{\"@type\":\"EntryPoint\",\"urlTemplate\":\"https:\/\/www.brandner.ee\/?s={search_term_string}\"},\"query-input\":\"required name=search_term_string\"}],\"inLanguage\":\"fi\"}]}<\/script>\n<!-- \/ Yoast SEO plugin. -->","yoast_head_json":{"title":"Upotetut rei\u00e4t - Brandner","robots":{"index":"index","follow":"follow","max-snippet":"max-snippet:-1","max-image-preview":"max-image-preview:large","max-video-preview":"max-video-preview:-1"},"canonical":"https:\/\/www.brandner.ee\/fi\/tuotantomahdollisuudet\/upotetut-reiat\/","og_locale":"fi_FI","og_type":"article","og_title":"Upotetut rei\u00e4t - Brandner","og_description":"Ruuvinkantoihin on mahdollista tilata uppokantareiki\u00e4. Upotettavan alueen enimm\u00e4ishalkaisijaPinnoitettu 4,9 mmEi-pinnoitettu 5,0 mmUppokulma 90\u00b0 Suunnittelussa on ehdottoman t\u00e4rke\u00e4\u00e4 kuvata, kummalta puolelta (YLH\u00c4\u00c4LT\u00c4 vai ALAP\u00c4\u00c4LT\u00c4) ja kuinka syv\u00e4lle upotus on teht\u00e4v\u00e4.","og_url":"https:\/\/www.brandner.ee\/fi\/tuotantomahdollisuudet\/upotetut-reiat\/","og_site_name":"Brandner","article_modified_time":"2025-07-18T07:08:44+00:00","og_image":[{"url":"https:\/\/www.brandner.ee\/wp-content\/uploads\/2025\/07\/image-17.png"}],"twitter_card":"summary_large_image","twitter_misc":{"Arvioitu lukuaika":"1 minuutti"},"schema":{"@context":"https:\/\/schema.org","@graph":[{"@type":"WebPage","@id":"https:\/\/www.brandner.ee\/fi\/tuotantomahdollisuudet\/upotetut-reiat\/","url":"https:\/\/www.brandner.ee\/fi\/tuotantomahdollisuudet\/upotetut-reiat\/","name":"Upotetut rei\u00e4t - Brandner","isPartOf":{"@id":"https:\/\/www.brandner.ee\/#website"},"datePublished":"2025-07-18T07:08:43+00:00","dateModified":"2025-07-18T07:08:44+00:00","breadcrumb":{"@id":"https:\/\/www.brandner.ee\/fi\/tuotantomahdollisuudet\/upotetut-reiat\/#breadcrumb"},"inLanguage":"fi","potentialAction":[{"@type":"ReadAction","target":["https:\/\/www.brandner.ee\/fi\/tuotantomahdollisuudet\/upotetut-reiat\/"]}]},{"@type":"BreadcrumbList","@id":"https:\/\/www.brandner.ee\/fi\/tuotantomahdollisuudet\/upotetut-reiat\/#breadcrumb","itemListElement":[{"@type":"ListItem","position":1,"name":"Home","item":"https:\/\/www.brandner.ee\/fi\/"},{"@type":"ListItem","position":2,"name":"Tuotantomahdollisuudet","item":"https:\/\/www.brandner.ee\/fi\/tuotantomahdollisuudet\/"},{"@type":"ListItem","position":3,"name":"Upotetut rei\u00e4t"}]},{"@type":"WebSite","@id":"https:\/\/www.brandner.ee\/#website","url":"https:\/\/www.brandner.ee\/","name":"Brandner","description":"PCB manufacturing","potentialAction":[{"@type":"SearchAction","target":{"@type":"EntryPoint","urlTemplate":"https:\/\/www.brandner.ee\/?s={search_term_string}"},"query-input":"required name=search_term_string"}],"inLanguage":"fi"}]}},"_links":{"self":[{"href":"https:\/\/www.brandner.ee\/fi\/wp-json\/wp\/v2\/pages\/12748"}],"collection":[{"href":"https:\/\/www.brandner.ee\/fi\/wp-json\/wp\/v2\/pages"}],"about":[{"href":"https:\/\/www.brandner.ee\/fi\/wp-json\/wp\/v2\/types\/page"}],"author":[{"embeddable":true,"href":"https:\/\/www.brandner.ee\/fi\/wp-json\/wp\/v2\/users\/170"}],"replies":[{"embeddable":true,"href":"https:\/\/www.brandner.ee\/fi\/wp-json\/wp\/v2\/comments?post=12748"}],"version-history":[{"count":2,"href":"https:\/\/www.brandner.ee\/fi\/wp-json\/wp\/v2\/pages\/12748\/revisions"}],"predecessor-version":[{"id":12756,"href":"https:\/\/www.brandner.ee\/fi\/wp-json\/wp\/v2\/pages\/12748\/revisions\/12756"}],"up":[{"embeddable":true,"href":"https:\/\/www.brandner.ee\/fi\/wp-json\/wp\/v2\/pages\/999"}],"wp:attachment":[{"href":"https:\/\/www.brandner.ee\/fi\/wp-json\/wp\/v2\/media?parent=12748"}],"curies":[{"name":"wp","href":"https:\/\/api.w.org\/{rel}","templated":true}]}}