{"id":12742,"date":"2025-07-18T10:04:56","date_gmt":"2025-07-18T07:04:56","guid":{"rendered":"https:\/\/www.brandner.ee\/?page_id=12742"},"modified":"2025-07-18T10:20:03","modified_gmt":"2025-07-18T07:20:03","slug":"puolileikatut-reiat-ja-urat","status":"publish","type":"page","link":"https:\/\/www.brandner.ee\/fi\/tuotantomahdollisuudet\/puolileikatut-reiat-ja-urat\/","title":{"rendered":"Puolileikatut rei\u00e4t ja urat"},"content":{"rendered":"\n<p>Metallipinnoitetun puolirei\u00e4n v\u00e4himm\u00e4ishalkaisija    0,6 mm <strong>A<\/strong><br>Reikien v\u00e4linen v\u00e4himm\u00e4iset\u00e4isyys                             0,7 mm <strong>B<\/strong><br>Jyrsint\u00e4et\u00e4isyys, jos levy paneelissa                            3,0 mm <strong>C<\/strong><br><br>My\u00f6s puolireik\u00e4urien tekeminen on mahdollista.<\/p>\n\n\n\n<figure class=\"wp-block-image size-full is-resized\"><img loading=\"lazy\" decoding=\"async\" width=\"768\" height=\"587\" src=\"https:\/\/www.brandner.ee\/wp-content\/uploads\/2025\/07\/image-16.png\" alt=\"\" class=\"wp-image-12743\" style=\"width:561px;height:auto\" srcset=\"https:\/\/www.brandner.ee\/wp-content\/uploads\/2025\/07\/image-16.png 768w, https:\/\/www.brandner.ee\/wp-content\/uploads\/2025\/07\/image-16-300x229.png 300w, https:\/\/www.brandner.ee\/wp-content\/uploads\/2025\/07\/image-16-600x459.png 600w\" sizes=\"(max-width: 768px) 100vw, 768px\" \/><\/figure>\n","protected":false},"excerpt":{"rendered":"<p>Metallipinnoitetun puolirei\u00e4n v\u00e4himm\u00e4ishalkaisija 0,6 mm AReikien v\u00e4linen v\u00e4himm\u00e4iset\u00e4isyys 0,7 mm BJyrsint\u00e4et\u00e4isyys, jos levy paneelissa 3,0 mm C My\u00f6s puolireik\u00e4urien tekeminen on mahdollista.<\/p>\n","protected":false},"author":170,"featured_media":0,"parent":999,"menu_order":20,"comment_status":"closed","ping_status":"closed","template":"template_content-sidebar.php","meta":{"footnotes":""},"yoast_head":"<!-- This site is optimized with the Yoast SEO plugin v21.5 - https:\/\/yoast.com\/wordpress\/plugins\/seo\/ -->\n<title>Puolileikatut rei\u00e4t ja urat - Brandner<\/title>\n<meta name=\"robots\" content=\"index, follow, max-snippet:-1, max-image-preview:large, max-video-preview:-1\" \/>\n<link rel=\"canonical\" href=\"https:\/\/www.brandner.ee\/fi\/tuotantomahdollisuudet\/puolileikatut-reiat-ja-urat\/\" \/>\n<meta property=\"og:locale\" content=\"fi_FI\" \/>\n<meta property=\"og:type\" content=\"article\" \/>\n<meta property=\"og:title\" content=\"Puolileikatut rei\u00e4t ja urat - Brandner\" \/>\n<meta property=\"og:description\" content=\"Metallipinnoitetun puolirei\u00e4n v\u00e4himm\u00e4ishalkaisija 0,6 mm AReikien v\u00e4linen v\u00e4himm\u00e4iset\u00e4isyys 0,7 mm BJyrsint\u00e4et\u00e4isyys, jos levy paneelissa 3,0 mm C My\u00f6s puolireik\u00e4urien tekeminen on mahdollista.\" \/>\n<meta property=\"og:url\" content=\"https:\/\/www.brandner.ee\/fi\/tuotantomahdollisuudet\/puolileikatut-reiat-ja-urat\/\" \/>\n<meta property=\"og:site_name\" content=\"Brandner\" \/>\n<meta property=\"article:modified_time\" content=\"2025-07-18T07:20:03+00:00\" \/>\n<meta property=\"og:image\" content=\"https:\/\/www.brandner.ee\/wp-content\/uploads\/2025\/07\/image-16.png\" \/>\n<meta name=\"twitter:card\" content=\"summary_large_image\" \/>\n<meta name=\"twitter:label1\" content=\"Arvioitu lukuaika\" \/>\n\t<meta name=\"twitter:data1\" content=\"1 minuutti\" \/>\n<script type=\"application\/ld+json\" class=\"yoast-schema-graph\">{\"@context\":\"https:\/\/schema.org\",\"@graph\":[{\"@type\":\"WebPage\",\"@id\":\"https:\/\/www.brandner.ee\/fi\/tuotantomahdollisuudet\/puolileikatut-reiat-ja-urat\/\",\"url\":\"https:\/\/www.brandner.ee\/fi\/tuotantomahdollisuudet\/puolileikatut-reiat-ja-urat\/\",\"name\":\"Puolileikatut rei\u00e4t ja urat - Brandner\",\"isPartOf\":{\"@id\":\"https:\/\/www.brandner.ee\/#website\"},\"datePublished\":\"2025-07-18T07:04:56+00:00\",\"dateModified\":\"2025-07-18T07:20:03+00:00\",\"breadcrumb\":{\"@id\":\"https:\/\/www.brandner.ee\/fi\/tuotantomahdollisuudet\/puolileikatut-reiat-ja-urat\/#breadcrumb\"},\"inLanguage\":\"fi\",\"potentialAction\":[{\"@type\":\"ReadAction\",\"target\":[\"https:\/\/www.brandner.ee\/fi\/tuotantomahdollisuudet\/puolileikatut-reiat-ja-urat\/\"]}]},{\"@type\":\"BreadcrumbList\",\"@id\":\"https:\/\/www.brandner.ee\/fi\/tuotantomahdollisuudet\/puolileikatut-reiat-ja-urat\/#breadcrumb\",\"itemListElement\":[{\"@type\":\"ListItem\",\"position\":1,\"name\":\"Home\",\"item\":\"https:\/\/www.brandner.ee\/fi\/\"},{\"@type\":\"ListItem\",\"position\":2,\"name\":\"Tuotantomahdollisuudet\",\"item\":\"https:\/\/www.brandner.ee\/fi\/tuotantomahdollisuudet\/\"},{\"@type\":\"ListItem\",\"position\":3,\"name\":\"Puolileikatut rei\u00e4t ja urat\"}]},{\"@type\":\"WebSite\",\"@id\":\"https:\/\/www.brandner.ee\/#website\",\"url\":\"https:\/\/www.brandner.ee\/\",\"name\":\"Brandner\",\"description\":\"PCB manufacturing\",\"potentialAction\":[{\"@type\":\"SearchAction\",\"target\":{\"@type\":\"EntryPoint\",\"urlTemplate\":\"https:\/\/www.brandner.ee\/?s={search_term_string}\"},\"query-input\":\"required name=search_term_string\"}],\"inLanguage\":\"fi\"}]}<\/script>\n<!-- \/ Yoast SEO plugin. -->","yoast_head_json":{"title":"Puolileikatut rei\u00e4t ja urat - Brandner","robots":{"index":"index","follow":"follow","max-snippet":"max-snippet:-1","max-image-preview":"max-image-preview:large","max-video-preview":"max-video-preview:-1"},"canonical":"https:\/\/www.brandner.ee\/fi\/tuotantomahdollisuudet\/puolileikatut-reiat-ja-urat\/","og_locale":"fi_FI","og_type":"article","og_title":"Puolileikatut rei\u00e4t ja urat - Brandner","og_description":"Metallipinnoitetun puolirei\u00e4n v\u00e4himm\u00e4ishalkaisija 0,6 mm AReikien v\u00e4linen v\u00e4himm\u00e4iset\u00e4isyys 0,7 mm BJyrsint\u00e4et\u00e4isyys, jos levy paneelissa 3,0 mm C My\u00f6s puolireik\u00e4urien tekeminen on mahdollista.","og_url":"https:\/\/www.brandner.ee\/fi\/tuotantomahdollisuudet\/puolileikatut-reiat-ja-urat\/","og_site_name":"Brandner","article_modified_time":"2025-07-18T07:20:03+00:00","og_image":[{"url":"https:\/\/www.brandner.ee\/wp-content\/uploads\/2025\/07\/image-16.png"}],"twitter_card":"summary_large_image","twitter_misc":{"Arvioitu lukuaika":"1 minuutti"},"schema":{"@context":"https:\/\/schema.org","@graph":[{"@type":"WebPage","@id":"https:\/\/www.brandner.ee\/fi\/tuotantomahdollisuudet\/puolileikatut-reiat-ja-urat\/","url":"https:\/\/www.brandner.ee\/fi\/tuotantomahdollisuudet\/puolileikatut-reiat-ja-urat\/","name":"Puolileikatut rei\u00e4t ja urat - Brandner","isPartOf":{"@id":"https:\/\/www.brandner.ee\/#website"},"datePublished":"2025-07-18T07:04:56+00:00","dateModified":"2025-07-18T07:20:03+00:00","breadcrumb":{"@id":"https:\/\/www.brandner.ee\/fi\/tuotantomahdollisuudet\/puolileikatut-reiat-ja-urat\/#breadcrumb"},"inLanguage":"fi","potentialAction":[{"@type":"ReadAction","target":["https:\/\/www.brandner.ee\/fi\/tuotantomahdollisuudet\/puolileikatut-reiat-ja-urat\/"]}]},{"@type":"BreadcrumbList","@id":"https:\/\/www.brandner.ee\/fi\/tuotantomahdollisuudet\/puolileikatut-reiat-ja-urat\/#breadcrumb","itemListElement":[{"@type":"ListItem","position":1,"name":"Home","item":"https:\/\/www.brandner.ee\/fi\/"},{"@type":"ListItem","position":2,"name":"Tuotantomahdollisuudet","item":"https:\/\/www.brandner.ee\/fi\/tuotantomahdollisuudet\/"},{"@type":"ListItem","position":3,"name":"Puolileikatut rei\u00e4t ja urat"}]},{"@type":"WebSite","@id":"https:\/\/www.brandner.ee\/#website","url":"https:\/\/www.brandner.ee\/","name":"Brandner","description":"PCB manufacturing","potentialAction":[{"@type":"SearchAction","target":{"@type":"EntryPoint","urlTemplate":"https:\/\/www.brandner.ee\/?s={search_term_string}"},"query-input":"required name=search_term_string"}],"inLanguage":"fi"}]}},"_links":{"self":[{"href":"https:\/\/www.brandner.ee\/fi\/wp-json\/wp\/v2\/pages\/12742"}],"collection":[{"href":"https:\/\/www.brandner.ee\/fi\/wp-json\/wp\/v2\/pages"}],"about":[{"href":"https:\/\/www.brandner.ee\/fi\/wp-json\/wp\/v2\/types\/page"}],"author":[{"embeddable":true,"href":"https:\/\/www.brandner.ee\/fi\/wp-json\/wp\/v2\/users\/170"}],"replies":[{"embeddable":true,"href":"https:\/\/www.brandner.ee\/fi\/wp-json\/wp\/v2\/comments?post=12742"}],"version-history":[{"count":2,"href":"https:\/\/www.brandner.ee\/fi\/wp-json\/wp\/v2\/pages\/12742\/revisions"}],"predecessor-version":[{"id":12757,"href":"https:\/\/www.brandner.ee\/fi\/wp-json\/wp\/v2\/pages\/12742\/revisions\/12757"}],"up":[{"embeddable":true,"href":"https:\/\/www.brandner.ee\/fi\/wp-json\/wp\/v2\/pages\/999"}],"wp:attachment":[{"href":"https:\/\/www.brandner.ee\/fi\/wp-json\/wp\/v2\/media?parent=12742"}],"curies":[{"name":"wp","href":"https:\/\/api.w.org\/{rel}","templated":true}]}}