{"id":12723,"date":"2025-07-18T09:59:04","date_gmt":"2025-07-18T06:59:04","guid":{"rendered":"https:\/\/www.brandner.ee\/?page_id=12723"},"modified":"2025-07-18T09:59:05","modified_gmt":"2025-07-18T06:59:05","slug":"polygons","status":"publish","type":"page","link":"https:\/\/www.brandner.ee\/fi\/hyvat-neuvot\/polygons\/","title":{"rendered":"Polygons"},"content":{"rendered":"\n<p><strong>Kun suunnittelet monikulmioita, eli kuparialueita, noudata seuraavia s\u00e4\u00e4nt\u00f6j\u00e4:<\/strong><br>1. K\u00e4yt\u00e4 rasterit\u00e4ytt\u00f6\u00e4 monikulmioiden suunnittelussa ja pyri v\u00e4ltt\u00e4m\u00e4\u00e4n vektorit\u00e4ytt\u00f6\u00e4.<br><br>V\u00e4\u00e4rin:<\/p>\n\n\n\n<figure class=\"wp-block-image size-full\"><img loading=\"lazy\" decoding=\"async\" width=\"326\" height=\"132\" src=\"https:\/\/www.brandner.ee\/wp-content\/uploads\/2025\/07\/image-11.png\" alt=\"\" class=\"wp-image-12724\" srcset=\"https:\/\/www.brandner.ee\/wp-content\/uploads\/2025\/07\/image-11.png 326w, https:\/\/www.brandner.ee\/wp-content\/uploads\/2025\/07\/image-11-300x121.png 300w\" sizes=\"(max-width: 326px) 100vw, 326px\" \/><\/figure>\n\n\n\n<p>2. Vektorit\u00e4ytt\u00f6\u00e4 k\u00e4ytett\u00e4ess\u00e4 suositellun viivanleveyden tulisi olla v\u00e4hint\u00e4\u00e4n 25 \u00b5. Alle 0,1 mm:n viivanleveys voi monissa tapauksissa johtaa piirturiohjelman jumiutumiseen tai virheisiin k\u00e4yrien interpoloinnissa.<br><br>V\u00e4\u00e4rin:<\/p>\n\n\n\n<figure class=\"wp-block-image size-full\"><img loading=\"lazy\" decoding=\"async\" width=\"326\" height=\"132\" src=\"https:\/\/www.brandner.ee\/wp-content\/uploads\/2025\/07\/image-12.png\" alt=\"\" class=\"wp-image-12727\" srcset=\"https:\/\/www.brandner.ee\/wp-content\/uploads\/2025\/07\/image-12.png 326w, https:\/\/www.brandner.ee\/wp-content\/uploads\/2025\/07\/image-12-300x121.png 300w\" sizes=\"(max-width: 326px) 100vw, 326px\" \/><\/figure>\n\n\n\n<p>3. \u00c4l\u00e4 yhdist\u00e4 saman p\u00e4\u00e4kerroksen monikulmioita k\u00e4ytt\u00e4m\u00e4ll\u00e4 eri t\u00e4ytt\u00f6tekniikoita.<br><br>V\u00e4\u00e4rin:<\/p>\n\n\n\n<figure class=\"wp-block-image size-full\"><img loading=\"lazy\" decoding=\"async\" width=\"326\" height=\"132\" src=\"https:\/\/www.brandner.ee\/wp-content\/uploads\/2025\/07\/image-13.png\" alt=\"\" class=\"wp-image-12730\" srcset=\"https:\/\/www.brandner.ee\/wp-content\/uploads\/2025\/07\/image-13.png 326w, https:\/\/www.brandner.ee\/wp-content\/uploads\/2025\/07\/image-13-300x121.png 300w\" sizes=\"(max-width: 326px) 100vw, 326px\" \/><\/figure>\n\n\n\n<p>4. V\u00e4lt\u00e4 viivoitettuja monikulmioita. Varmista tarvittaessa, ett\u00e4 viivoituskuvion viivanleveys on v\u00e4hint\u00e4\u00e4n 0,125 mm.<br><br>V\u00e4\u00e4rin:<\/p>\n\n\n\n<figure class=\"wp-block-image size-full\"><img loading=\"lazy\" decoding=\"async\" width=\"323\" height=\"132\" src=\"https:\/\/www.brandner.ee\/wp-content\/uploads\/2025\/07\/image-14.png\" alt=\"\" class=\"wp-image-12733\" srcset=\"https:\/\/www.brandner.ee\/wp-content\/uploads\/2025\/07\/image-14.png 323w, https:\/\/www.brandner.ee\/wp-content\/uploads\/2025\/07\/image-14-300x123.png 300w\" sizes=\"(max-width: 323px) 100vw, 323px\" \/><\/figure>\n\n\n\n<p>5. Kun piirr\u00e4t negatiivisia monikulmioita positiivisessa tilassa, varmista, ett\u00e4 monikulmiossa ei ole alle 1 milin levyisi\u00e4 yhteyksi\u00e4.<br><br>V\u00e4\u00e4rin:<\/p>\n\n\n\n<figure class=\"wp-block-image size-full\"><img loading=\"lazy\" decoding=\"async\" width=\"326\" height=\"132\" src=\"https:\/\/www.brandner.ee\/wp-content\/uploads\/2025\/07\/image-15.png\" alt=\"\" class=\"wp-image-12736\" srcset=\"https:\/\/www.brandner.ee\/wp-content\/uploads\/2025\/07\/image-15.png 326w, https:\/\/www.brandner.ee\/wp-content\/uploads\/2025\/07\/image-15-300x121.png 300w\" sizes=\"(max-width: 326px) 100vw, 326px\" \/><\/figure>\n\n\n\n<p><\/p>\n","protected":false},"excerpt":{"rendered":"<p>Kun suunnittelet monikulmioita, eli kuparialueita, noudata seuraavia s\u00e4\u00e4nt\u00f6j\u00e4:1. K\u00e4yt\u00e4 rasterit\u00e4ytt\u00f6\u00e4 monikulmioiden suunnittelussa ja pyri v\u00e4ltt\u00e4m\u00e4\u00e4n vektorit\u00e4ytt\u00f6\u00e4. V\u00e4\u00e4rin: 2. Vektorit\u00e4ytt\u00f6\u00e4 k\u00e4ytett\u00e4ess\u00e4 suositellun viivanleveyden tulisi olla v\u00e4hint\u00e4\u00e4n 25 \u00b5. Alle 0,1 mm:n viivanleveys voi monissa tapauksissa johtaa piirturiohjelman jumiutumiseen tai virheisiin k\u00e4yrien interpoloinnissa. V\u00e4\u00e4rin: 3. \u00c4l\u00e4 yhdist\u00e4 saman p\u00e4\u00e4kerroksen monikulmioita k\u00e4ytt\u00e4m\u00e4ll\u00e4 eri t\u00e4ytt\u00f6tekniikoita. V\u00e4\u00e4rin: 4. V\u00e4lt\u00e4 viivoitettuja &hellip;<\/p>\n","protected":false},"author":170,"featured_media":0,"parent":2722,"menu_order":50,"comment_status":"closed","ping_status":"closed","template":"template_content-sidebar.php","meta":{"footnotes":""},"yoast_head":"<!-- This site is optimized with the Yoast SEO plugin v21.5 - https:\/\/yoast.com\/wordpress\/plugins\/seo\/ -->\n<title>Polygons - Brandner<\/title>\n<meta name=\"robots\" content=\"index, follow, max-snippet:-1, max-image-preview:large, max-video-preview:-1\" \/>\n<link rel=\"canonical\" href=\"https:\/\/www.brandner.ee\/fi\/hyvat-neuvot\/polygons\/\" \/>\n<meta property=\"og:locale\" content=\"fi_FI\" \/>\n<meta property=\"og:type\" content=\"article\" \/>\n<meta property=\"og:title\" content=\"Polygons - Brandner\" \/>\n<meta property=\"og:description\" content=\"Kun suunnittelet monikulmioita, eli kuparialueita, noudata seuraavia s\u00e4\u00e4nt\u00f6j\u00e4:1. K\u00e4yt\u00e4 rasterit\u00e4ytt\u00f6\u00e4 monikulmioiden suunnittelussa ja pyri v\u00e4ltt\u00e4m\u00e4\u00e4n vektorit\u00e4ytt\u00f6\u00e4. V\u00e4\u00e4rin: 2. Vektorit\u00e4ytt\u00f6\u00e4 k\u00e4ytett\u00e4ess\u00e4 suositellun viivanleveyden tulisi olla v\u00e4hint\u00e4\u00e4n 25 \u00b5. Alle 0,1 mm:n viivanleveys voi monissa tapauksissa johtaa piirturiohjelman jumiutumiseen tai virheisiin k\u00e4yrien interpoloinnissa. V\u00e4\u00e4rin: 3. \u00c4l\u00e4 yhdist\u00e4 saman p\u00e4\u00e4kerroksen monikulmioita k\u00e4ytt\u00e4m\u00e4ll\u00e4 eri t\u00e4ytt\u00f6tekniikoita. V\u00e4\u00e4rin: 4. V\u00e4lt\u00e4 viivoitettuja &hellip;\" \/>\n<meta property=\"og:url\" content=\"https:\/\/www.brandner.ee\/fi\/hyvat-neuvot\/polygons\/\" \/>\n<meta property=\"og:site_name\" content=\"Brandner\" \/>\n<meta property=\"article:modified_time\" content=\"2025-07-18T06:59:05+00:00\" \/>\n<meta property=\"og:image\" content=\"https:\/\/www.brandner.ee\/wp-content\/uploads\/2025\/07\/image-11.png\" \/>\n<meta name=\"twitter:card\" content=\"summary_large_image\" \/>\n<meta name=\"twitter:label1\" content=\"Arvioitu lukuaika\" \/>\n\t<meta name=\"twitter:data1\" content=\"2 minuuttia\" \/>\n<script type=\"application\/ld+json\" class=\"yoast-schema-graph\">{\"@context\":\"https:\/\/schema.org\",\"@graph\":[{\"@type\":\"WebPage\",\"@id\":\"https:\/\/www.brandner.ee\/fi\/hyvat-neuvot\/polygons\/\",\"url\":\"https:\/\/www.brandner.ee\/fi\/hyvat-neuvot\/polygons\/\",\"name\":\"Polygons - Brandner\",\"isPartOf\":{\"@id\":\"https:\/\/www.brandner.ee\/#website\"},\"datePublished\":\"2025-07-18T06:59:04+00:00\",\"dateModified\":\"2025-07-18T06:59:05+00:00\",\"breadcrumb\":{\"@id\":\"https:\/\/www.brandner.ee\/fi\/hyvat-neuvot\/polygons\/#breadcrumb\"},\"inLanguage\":\"fi\",\"potentialAction\":[{\"@type\":\"ReadAction\",\"target\":[\"https:\/\/www.brandner.ee\/fi\/hyvat-neuvot\/polygons\/\"]}]},{\"@type\":\"BreadcrumbList\",\"@id\":\"https:\/\/www.brandner.ee\/fi\/hyvat-neuvot\/polygons\/#breadcrumb\",\"itemListElement\":[{\"@type\":\"ListItem\",\"position\":1,\"name\":\"Home\",\"item\":\"https:\/\/www.brandner.ee\/fi\/\"},{\"@type\":\"ListItem\",\"position\":2,\"name\":\"Hyv\u00e4t neuvot\",\"item\":\"https:\/\/www.brandner.ee\/fi\/hyvat-neuvot\/\"},{\"@type\":\"ListItem\",\"position\":3,\"name\":\"Polygons\"}]},{\"@type\":\"WebSite\",\"@id\":\"https:\/\/www.brandner.ee\/#website\",\"url\":\"https:\/\/www.brandner.ee\/\",\"name\":\"Brandner\",\"description\":\"PCB manufacturing\",\"potentialAction\":[{\"@type\":\"SearchAction\",\"target\":{\"@type\":\"EntryPoint\",\"urlTemplate\":\"https:\/\/www.brandner.ee\/?s={search_term_string}\"},\"query-input\":\"required name=search_term_string\"}],\"inLanguage\":\"fi\"}]}<\/script>\n<!-- \/ Yoast SEO plugin. -->","yoast_head_json":{"title":"Polygons - Brandner","robots":{"index":"index","follow":"follow","max-snippet":"max-snippet:-1","max-image-preview":"max-image-preview:large","max-video-preview":"max-video-preview:-1"},"canonical":"https:\/\/www.brandner.ee\/fi\/hyvat-neuvot\/polygons\/","og_locale":"fi_FI","og_type":"article","og_title":"Polygons - Brandner","og_description":"Kun suunnittelet monikulmioita, eli kuparialueita, noudata seuraavia s\u00e4\u00e4nt\u00f6j\u00e4:1. K\u00e4yt\u00e4 rasterit\u00e4ytt\u00f6\u00e4 monikulmioiden suunnittelussa ja pyri v\u00e4ltt\u00e4m\u00e4\u00e4n vektorit\u00e4ytt\u00f6\u00e4. V\u00e4\u00e4rin: 2. Vektorit\u00e4ytt\u00f6\u00e4 k\u00e4ytett\u00e4ess\u00e4 suositellun viivanleveyden tulisi olla v\u00e4hint\u00e4\u00e4n 25 \u00b5. Alle 0,1 mm:n viivanleveys voi monissa tapauksissa johtaa piirturiohjelman jumiutumiseen tai virheisiin k\u00e4yrien interpoloinnissa. V\u00e4\u00e4rin: 3. \u00c4l\u00e4 yhdist\u00e4 saman p\u00e4\u00e4kerroksen monikulmioita k\u00e4ytt\u00e4m\u00e4ll\u00e4 eri t\u00e4ytt\u00f6tekniikoita. V\u00e4\u00e4rin: 4. V\u00e4lt\u00e4 viivoitettuja &hellip;","og_url":"https:\/\/www.brandner.ee\/fi\/hyvat-neuvot\/polygons\/","og_site_name":"Brandner","article_modified_time":"2025-07-18T06:59:05+00:00","og_image":[{"url":"https:\/\/www.brandner.ee\/wp-content\/uploads\/2025\/07\/image-11.png"}],"twitter_card":"summary_large_image","twitter_misc":{"Arvioitu lukuaika":"2 minuuttia"},"schema":{"@context":"https:\/\/schema.org","@graph":[{"@type":"WebPage","@id":"https:\/\/www.brandner.ee\/fi\/hyvat-neuvot\/polygons\/","url":"https:\/\/www.brandner.ee\/fi\/hyvat-neuvot\/polygons\/","name":"Polygons - Brandner","isPartOf":{"@id":"https:\/\/www.brandner.ee\/#website"},"datePublished":"2025-07-18T06:59:04+00:00","dateModified":"2025-07-18T06:59:05+00:00","breadcrumb":{"@id":"https:\/\/www.brandner.ee\/fi\/hyvat-neuvot\/polygons\/#breadcrumb"},"inLanguage":"fi","potentialAction":[{"@type":"ReadAction","target":["https:\/\/www.brandner.ee\/fi\/hyvat-neuvot\/polygons\/"]}]},{"@type":"BreadcrumbList","@id":"https:\/\/www.brandner.ee\/fi\/hyvat-neuvot\/polygons\/#breadcrumb","itemListElement":[{"@type":"ListItem","position":1,"name":"Home","item":"https:\/\/www.brandner.ee\/fi\/"},{"@type":"ListItem","position":2,"name":"Hyv\u00e4t neuvot","item":"https:\/\/www.brandner.ee\/fi\/hyvat-neuvot\/"},{"@type":"ListItem","position":3,"name":"Polygons"}]},{"@type":"WebSite","@id":"https:\/\/www.brandner.ee\/#website","url":"https:\/\/www.brandner.ee\/","name":"Brandner","description":"PCB manufacturing","potentialAction":[{"@type":"SearchAction","target":{"@type":"EntryPoint","urlTemplate":"https:\/\/www.brandner.ee\/?s={search_term_string}"},"query-input":"required name=search_term_string"}],"inLanguage":"fi"}]}},"_links":{"self":[{"href":"https:\/\/www.brandner.ee\/fi\/wp-json\/wp\/v2\/pages\/12723"}],"collection":[{"href":"https:\/\/www.brandner.ee\/fi\/wp-json\/wp\/v2\/pages"}],"about":[{"href":"https:\/\/www.brandner.ee\/fi\/wp-json\/wp\/v2\/types\/page"}],"author":[{"embeddable":true,"href":"https:\/\/www.brandner.ee\/fi\/wp-json\/wp\/v2\/users\/170"}],"replies":[{"embeddable":true,"href":"https:\/\/www.brandner.ee\/fi\/wp-json\/wp\/v2\/comments?post=12723"}],"version-history":[{"count":1,"href":"https:\/\/www.brandner.ee\/fi\/wp-json\/wp\/v2\/pages\/12723\/revisions"}],"predecessor-version":[{"id":12739,"href":"https:\/\/www.brandner.ee\/fi\/wp-json\/wp\/v2\/pages\/12723\/revisions\/12739"}],"up":[{"embeddable":true,"href":"https:\/\/www.brandner.ee\/fi\/wp-json\/wp\/v2\/pages\/2722"}],"wp:attachment":[{"href":"https:\/\/www.brandner.ee\/fi\/wp-json\/wp\/v2\/media?parent=12723"}],"curies":[{"name":"wp","href":"https:\/\/api.w.org\/{rel}","templated":true}]}}