{"id":12719,"date":"2025-07-18T09:54:02","date_gmt":"2025-07-18T06:54:02","guid":{"rendered":"https:\/\/www.brandner.ee\/?page_id=12719"},"modified":"2025-07-18T09:54:02","modified_gmt":"2025-07-18T06:54:02","slug":"valmistustiedot-ja-muodot","status":"publish","type":"page","link":"https:\/\/www.brandner.ee\/fi\/hyvat-neuvot\/valmistustiedot-ja-muodot\/","title":{"rendered":"Valmistustiedot ja -muodot"},"content":{"rendered":"\n<p>Jotta piirilevyvalmistaja ja asiakas ymm\u00e4rt\u00e4isiv\u00e4t toisensa v\u00e4litt\u00f6m\u00e4sti, pyyd\u00e4mme teit\u00e4 k\u00e4ytt\u00e4m\u00e4\u00e4n suunnitteluty\u00f6ss\u00e4nne seuraavia tieto- ja tiedostonimilinkkej\u00e4. CAD-ohjelmasta viedess\u00e4nne pakkaa tarvittavat tiedostot (*.zip- tai *.rar-muodossa) ja nime\u00e4 sarja oman harkintanne mukaan \u2013 k\u00e4ytt\u00e4m\u00e4ll\u00e4 suunnittelun nime\u00e4, numeroa jne. Jos teet muutoksia Brandner Electronicsille jo l\u00e4hetettyihin tiedostoihin, muista lis\u00e4t\u00e4 versionimike tai -numero sarjan nimeen. N\u00e4in v\u00e4ltyt tilanteelta, jossa valmistaja saattaisi k\u00e4ytt\u00e4\u00e4 aiempaa &#8221;v\u00e4\u00e4r\u00e4\u00e4&#8221; versiota.<\/p>\n\n\n\n<figure class=\"wp-block-table\"><table><tbody><tr><td><strong>Data designation(type)<\/strong><\/td><td><strong>Format<\/strong><\/td><td><strong>File name<\/strong><\/td><\/tr><tr><td>Top layer (Top)<\/td><td>Gerber RS-274X, 3\/3 mm<\/td><td>top.gbr<\/td><\/tr><tr><td>Bottom layer (Bottom)<\/td><td>Gerber RS-274X, 3\/3 mm<\/td><td>bot.gbr<\/td><\/tr><tr><td>Innerlayers numbered from top to bottom<\/td><td>Gerber RS-274X, 3\/3 mm<\/td><td>i2.gbr;i3.gbr;i4.gbr etc<\/td><\/tr><tr><td>Top soldermask (topmask)<\/td><td>Gerber RS-274X, 3\/3 mm<\/td><td>topmask.gbr<\/td><\/tr><tr><td>Bottom soldermask (botmask)<\/td><td>Gerber RS-274X, 3\/3 mm<\/td><td>botmask.gbr<\/td><\/tr><tr><td>Top silkscreen, legend, marking<\/td><td>Gerber RS-274X, 3\/3 mm<\/td><td>topsilk.gbr<\/td><\/tr><tr><td>Bottom silkscreen,legend,marking<\/td><td>Gerber RS-274X, 3\/3 mm<\/td><td>botsilk.gbr<\/td><\/tr><tr><td>Outline, border and cut outs<\/td><td>Gerber RS-274X, 3\/3 mm<\/td><td>border.gbr<\/td><\/tr><tr><td>Top pastemask<\/td><td>Gerber RS-274X, 3\/3 mm<\/td><td>toppaste.gbr<\/td><\/tr><tr><td>Bottom pastemask<\/td><td>Gerber RS-274X, 3\/3 mm<\/td><td>botpaste.gbr<\/td><\/tr><tr><td>Drill file for plated holes (PTH)<\/td><td>Excellon 2 3\/3 mm<\/td><td>plated.drl<\/td><\/tr><tr><td>Drill file for nonplated holes (NPTH)<\/td><td>Excellon 2 3\/3 mm<\/td><td>unplated.drl<\/td><\/tr><tr><td>Blind vias drill file from top to innerlayer 2 (for example)<\/td><td>Excellon 2 3\/3 mm<\/td><td>topi2.drl<\/td><\/tr><tr><td>Buried vias drill file between innerlayer 2 and 3 (for example)<\/td><td>Excellon 2 3\/3 mm<\/td><td>i2i3.drl<\/td><\/tr><\/tbody><\/table><\/figure>\n\n\n\n<p id=\"tw-target-text\"><strong>HUOM!<\/strong> Taulukko n\u00e4ytt\u00e4\u00e4 yhteydet suosituimpien piirilevyominaisuuksien v\u00e4lill\u00e4. Jos ty\u00f6ss\u00e4si ei esimerkiksi ole sokeita reiki\u00e4, tyhji\u00e4 tiedostoja ei tarvitse luoda.<\/p>\n","protected":false},"excerpt":{"rendered":"<p>Jotta piirilevyvalmistaja ja asiakas ymm\u00e4rt\u00e4isiv\u00e4t toisensa v\u00e4litt\u00f6m\u00e4sti, pyyd\u00e4mme teit\u00e4 k\u00e4ytt\u00e4m\u00e4\u00e4n suunnitteluty\u00f6ss\u00e4nne seuraavia tieto- ja tiedostonimilinkkej\u00e4. CAD-ohjelmasta viedess\u00e4nne pakkaa tarvittavat tiedostot (*.zip- tai *.rar-muodossa) ja nime\u00e4 sarja oman harkintanne mukaan \u2013 k\u00e4ytt\u00e4m\u00e4ll\u00e4 suunnittelun nime\u00e4, numeroa jne. Jos teet muutoksia Brandner Electronicsille jo l\u00e4hetettyihin tiedostoihin, muista lis\u00e4t\u00e4 versionimike tai -numero sarjan nimeen. N\u00e4in v\u00e4ltyt tilanteelta, jossa valmistaja &hellip;<\/p>\n","protected":false},"author":170,"featured_media":0,"parent":2722,"menu_order":40,"comment_status":"closed","ping_status":"closed","template":"template_content-sidebar.php","meta":{"footnotes":""},"yoast_head":"<!-- This site is optimized with the Yoast SEO plugin v21.5 - https:\/\/yoast.com\/wordpress\/plugins\/seo\/ -->\n<title>Valmistustiedot ja -muodot - Brandner<\/title>\n<meta name=\"robots\" content=\"index, follow, max-snippet:-1, max-image-preview:large, max-video-preview:-1\" \/>\n<link rel=\"canonical\" href=\"https:\/\/www.brandner.ee\/fi\/hyvat-neuvot\/valmistustiedot-ja-muodot\/\" \/>\n<meta property=\"og:locale\" content=\"fi_FI\" \/>\n<meta property=\"og:type\" content=\"article\" \/>\n<meta property=\"og:title\" content=\"Valmistustiedot ja -muodot - Brandner\" \/>\n<meta property=\"og:description\" content=\"Jotta piirilevyvalmistaja ja asiakas ymm\u00e4rt\u00e4isiv\u00e4t toisensa v\u00e4litt\u00f6m\u00e4sti, pyyd\u00e4mme teit\u00e4 k\u00e4ytt\u00e4m\u00e4\u00e4n suunnitteluty\u00f6ss\u00e4nne seuraavia tieto- ja tiedostonimilinkkej\u00e4. CAD-ohjelmasta viedess\u00e4nne pakkaa tarvittavat tiedostot (*.zip- tai *.rar-muodossa) ja nime\u00e4 sarja oman harkintanne mukaan \u2013 k\u00e4ytt\u00e4m\u00e4ll\u00e4 suunnittelun nime\u00e4, numeroa jne. Jos teet muutoksia Brandner Electronicsille jo l\u00e4hetettyihin tiedostoihin, muista lis\u00e4t\u00e4 versionimike tai -numero sarjan nimeen. N\u00e4in v\u00e4ltyt tilanteelta, jossa valmistaja &hellip;\" \/>\n<meta property=\"og:url\" content=\"https:\/\/www.brandner.ee\/fi\/hyvat-neuvot\/valmistustiedot-ja-muodot\/\" \/>\n<meta property=\"og:site_name\" content=\"Brandner\" \/>\n<meta name=\"twitter:card\" content=\"summary_large_image\" \/>\n<meta name=\"twitter:label1\" content=\"Arvioitu lukuaika\" \/>\n\t<meta name=\"twitter:data1\" content=\"2 minuuttia\" \/>\n<script type=\"application\/ld+json\" class=\"yoast-schema-graph\">{\"@context\":\"https:\/\/schema.org\",\"@graph\":[{\"@type\":\"WebPage\",\"@id\":\"https:\/\/www.brandner.ee\/fi\/hyvat-neuvot\/valmistustiedot-ja-muodot\/\",\"url\":\"https:\/\/www.brandner.ee\/fi\/hyvat-neuvot\/valmistustiedot-ja-muodot\/\",\"name\":\"Valmistustiedot ja -muodot - Brandner\",\"isPartOf\":{\"@id\":\"https:\/\/www.brandner.ee\/#website\"},\"datePublished\":\"2025-07-18T06:54:02+00:00\",\"dateModified\":\"2025-07-18T06:54:02+00:00\",\"breadcrumb\":{\"@id\":\"https:\/\/www.brandner.ee\/fi\/hyvat-neuvot\/valmistustiedot-ja-muodot\/#breadcrumb\"},\"inLanguage\":\"fi\",\"potentialAction\":[{\"@type\":\"ReadAction\",\"target\":[\"https:\/\/www.brandner.ee\/fi\/hyvat-neuvot\/valmistustiedot-ja-muodot\/\"]}]},{\"@type\":\"BreadcrumbList\",\"@id\":\"https:\/\/www.brandner.ee\/fi\/hyvat-neuvot\/valmistustiedot-ja-muodot\/#breadcrumb\",\"itemListElement\":[{\"@type\":\"ListItem\",\"position\":1,\"name\":\"Home\",\"item\":\"https:\/\/www.brandner.ee\/fi\/\"},{\"@type\":\"ListItem\",\"position\":2,\"name\":\"Hyv\u00e4t neuvot\",\"item\":\"https:\/\/www.brandner.ee\/fi\/hyvat-neuvot\/\"},{\"@type\":\"ListItem\",\"position\":3,\"name\":\"Valmistustiedot ja -muodot\"}]},{\"@type\":\"WebSite\",\"@id\":\"https:\/\/www.brandner.ee\/#website\",\"url\":\"https:\/\/www.brandner.ee\/\",\"name\":\"Brandner\",\"description\":\"PCB manufacturing\",\"potentialAction\":[{\"@type\":\"SearchAction\",\"target\":{\"@type\":\"EntryPoint\",\"urlTemplate\":\"https:\/\/www.brandner.ee\/?s={search_term_string}\"},\"query-input\":\"required name=search_term_string\"}],\"inLanguage\":\"fi\"}]}<\/script>\n<!-- \/ Yoast SEO plugin. -->","yoast_head_json":{"title":"Valmistustiedot ja -muodot - Brandner","robots":{"index":"index","follow":"follow","max-snippet":"max-snippet:-1","max-image-preview":"max-image-preview:large","max-video-preview":"max-video-preview:-1"},"canonical":"https:\/\/www.brandner.ee\/fi\/hyvat-neuvot\/valmistustiedot-ja-muodot\/","og_locale":"fi_FI","og_type":"article","og_title":"Valmistustiedot ja -muodot - Brandner","og_description":"Jotta piirilevyvalmistaja ja asiakas ymm\u00e4rt\u00e4isiv\u00e4t toisensa v\u00e4litt\u00f6m\u00e4sti, pyyd\u00e4mme teit\u00e4 k\u00e4ytt\u00e4m\u00e4\u00e4n suunnitteluty\u00f6ss\u00e4nne seuraavia tieto- ja tiedostonimilinkkej\u00e4. CAD-ohjelmasta viedess\u00e4nne pakkaa tarvittavat tiedostot (*.zip- tai *.rar-muodossa) ja nime\u00e4 sarja oman harkintanne mukaan \u2013 k\u00e4ytt\u00e4m\u00e4ll\u00e4 suunnittelun nime\u00e4, numeroa jne. Jos teet muutoksia Brandner Electronicsille jo l\u00e4hetettyihin tiedostoihin, muista lis\u00e4t\u00e4 versionimike tai -numero sarjan nimeen. N\u00e4in v\u00e4ltyt tilanteelta, jossa valmistaja &hellip;","og_url":"https:\/\/www.brandner.ee\/fi\/hyvat-neuvot\/valmistustiedot-ja-muodot\/","og_site_name":"Brandner","twitter_card":"summary_large_image","twitter_misc":{"Arvioitu lukuaika":"2 minuuttia"},"schema":{"@context":"https:\/\/schema.org","@graph":[{"@type":"WebPage","@id":"https:\/\/www.brandner.ee\/fi\/hyvat-neuvot\/valmistustiedot-ja-muodot\/","url":"https:\/\/www.brandner.ee\/fi\/hyvat-neuvot\/valmistustiedot-ja-muodot\/","name":"Valmistustiedot ja -muodot - Brandner","isPartOf":{"@id":"https:\/\/www.brandner.ee\/#website"},"datePublished":"2025-07-18T06:54:02+00:00","dateModified":"2025-07-18T06:54:02+00:00","breadcrumb":{"@id":"https:\/\/www.brandner.ee\/fi\/hyvat-neuvot\/valmistustiedot-ja-muodot\/#breadcrumb"},"inLanguage":"fi","potentialAction":[{"@type":"ReadAction","target":["https:\/\/www.brandner.ee\/fi\/hyvat-neuvot\/valmistustiedot-ja-muodot\/"]}]},{"@type":"BreadcrumbList","@id":"https:\/\/www.brandner.ee\/fi\/hyvat-neuvot\/valmistustiedot-ja-muodot\/#breadcrumb","itemListElement":[{"@type":"ListItem","position":1,"name":"Home","item":"https:\/\/www.brandner.ee\/fi\/"},{"@type":"ListItem","position":2,"name":"Hyv\u00e4t neuvot","item":"https:\/\/www.brandner.ee\/fi\/hyvat-neuvot\/"},{"@type":"ListItem","position":3,"name":"Valmistustiedot ja -muodot"}]},{"@type":"WebSite","@id":"https:\/\/www.brandner.ee\/#website","url":"https:\/\/www.brandner.ee\/","name":"Brandner","description":"PCB manufacturing","potentialAction":[{"@type":"SearchAction","target":{"@type":"EntryPoint","urlTemplate":"https:\/\/www.brandner.ee\/?s={search_term_string}"},"query-input":"required name=search_term_string"}],"inLanguage":"fi"}]}},"_links":{"self":[{"href":"https:\/\/www.brandner.ee\/fi\/wp-json\/wp\/v2\/pages\/12719"}],"collection":[{"href":"https:\/\/www.brandner.ee\/fi\/wp-json\/wp\/v2\/pages"}],"about":[{"href":"https:\/\/www.brandner.ee\/fi\/wp-json\/wp\/v2\/types\/page"}],"author":[{"embeddable":true,"href":"https:\/\/www.brandner.ee\/fi\/wp-json\/wp\/v2\/users\/170"}],"replies":[{"embeddable":true,"href":"https:\/\/www.brandner.ee\/fi\/wp-json\/wp\/v2\/comments?post=12719"}],"version-history":[{"count":1,"href":"https:\/\/www.brandner.ee\/fi\/wp-json\/wp\/v2\/pages\/12719\/revisions"}],"predecessor-version":[{"id":12721,"href":"https:\/\/www.brandner.ee\/fi\/wp-json\/wp\/v2\/pages\/12719\/revisions\/12721"}],"up":[{"embeddable":true,"href":"https:\/\/www.brandner.ee\/fi\/wp-json\/wp\/v2\/pages\/2722"}],"wp:attachment":[{"href":"https:\/\/www.brandner.ee\/fi\/wp-json\/wp\/v2\/media?parent=12719"}],"curies":[{"name":"wp","href":"https:\/\/api.w.org\/{rel}","templated":true}]}}