{"id":12674,"date":"2025-07-18T09:28:05","date_gmt":"2025-07-18T06:28:05","guid":{"rendered":"https:\/\/www.brandner.ee\/?page_id=12674"},"modified":"2025-07-18T09:45:43","modified_gmt":"2025-07-18T06:45:43","slug":"faq","status":"publish","type":"page","link":"https:\/\/www.brandner.ee\/fi\/hyvat-neuvot\/faq\/","title":{"rendered":"FAQ"},"content":{"rendered":"\n<div class=\"wp-block-columns is-layout-flex wp-container-core-columns-is-layout-1 wp-block-columns-is-layout-flex\">\n<div class=\"wp-block-column is-layout-flow wp-block-column-is-layout-flow\" style=\"flex-basis:100%\">\n<p><\/p>\n\n\n\n<p><\/p>\n\n\n\n<p><\/p>\n\n\n\n<p><\/p>\n\n\n\n<p>Olemme koonneet t\u00e4h\u00e4n useimmin kysytyt kysymykset ja aiheet, joita kysyt\u00e4\u00e4n kirjaimellisesti joka p\u00e4iv\u00e4, yh\u00e4 uudelleen ja uudelleen.<br><br><strong>1) Maskin aukkoja pit\u00e4\u00e4 pienent\u00e4\u00e4? Miksi? Kuinka paljon?<\/strong><br><br>Voimme korjata t\u00e4m\u00e4n, jos annat meille kirjallisen luvan tehd\u00e4 niin.<br><br>Liian suuret maskin aukot voivat aiheuttaa ongelmia my\u00f6hemm\u00e4ss\u00e4 juotosprosessissa \u2013 ilman asianmukaisesti pienennettyj\u00e4 maskin aukkoja on olemassa &#8221;juotossillan&#8221; vaara metalloitujen alueiden \/ tyynyjen \/ johtojen jne. v\u00e4lille.<br><br>T\u00e4m\u00e4 voi johtaa ei-toivottuihin yhteyksiin ja oikosulkuun. Kysymykseen &#8221;Kuinka paljon maskin aukkoja tarkalleen ottaen pienennet\u00e4\u00e4n&#8221; ei ole mit\u00e4\u00e4n tarkkaa numeerista arvoa. Kaikki tehd\u00e4\u00e4n tapauskohtaisesti, ja joskus se voi kiistanalaisesti tarkoittaa, ett\u00e4 meid\u00e4n on suurennettava aukkoja tietyiss\u00e4 kohdissa. Teemme sen niin v\u00e4h\u00e4n kuin mahdollista ja niin paljon kuin on tarpeen, kaikki omaan sis\u00e4iseen osaamiseemme ja 20 vuoden kokemukseemme perustuen.<br><br>Maskin aukot on korjattava: <\/p>\n\n\n\n<figure class=\"wp-block-image size-full\"><img loading=\"lazy\" decoding=\"async\" width=\"300\" height=\"253\" src=\"https:\/\/www.brandner.ee\/wp-content\/uploads\/2025\/07\/image-9.png\" alt=\"\" class=\"wp-image-12711\"\/><\/figure>\n<\/div>\n<\/div>\n\n\n\n<div class=\"wp-block-group\"><div class=\"wp-block-group__inner-container is-layout-constrained wp-block-group-is-layout-constrained\">\n<div class=\"wp-block-columns is-layout-flex wp-container-core-columns-is-layout-2 wp-block-columns-is-layout-flex\">\n<div class=\"wp-block-column is-layout-flow wp-block-column-is-layout-flow\" style=\"flex-basis:100%\">\n<p>Oikeat maskin aukot: <\/p>\n\n\n\n<figure class=\"wp-block-image size-full\"><img loading=\"lazy\" decoding=\"async\" width=\"300\" height=\"269\" src=\"https:\/\/www.brandner.ee\/wp-content\/uploads\/2025\/07\/image-10.png\" alt=\"\" class=\"wp-image-12714\"\/><\/figure>\n<\/div>\n<\/div>\n<\/div><\/div>\n\n\n\n<div class=\"wp-block-group\"><div class=\"wp-block-group__inner-container is-layout-constrained wp-block-group-is-layout-constrained\">\n<div class=\"wp-block-columns is-layout-flex wp-container-core-columns-is-layout-3 wp-block-columns-is-layout-flex\">\n<div class=\"wp-block-column is-layout-flow wp-block-column-is-layout-flow\" style=\"flex-basis:100%\">\n<p><strong>2) Ep\u00e4tasapainoinen topografia? Mit\u00e4 se tarkoittaa ja mik\u00e4 on pahin mahdollinen skenaario? Miten &#8221;tasapainotan&#8221; sen?<\/strong><br><br>Topografian tasaaminen tarkoittaa kuparikerroksen tasapainottamista. Merkitt\u00e4v\u00e4t erot kuparipinta-alan jakautumisessa, suuri kuparitaso toisella puolella ja kapeat kiskot vastakkaisella puolella, aiheuttavat ep\u00e4tasapainoisen pinnoitustuloksen sinkitysprosessin aikana. Kuparin paksuus kiskoilla voi olla jopa kaksinkertainen tasoon verrattuna. Pahimmassa tapauksessa t\u00e4m\u00e4 johtaa metallisoitujen alueiden\/tyynyjen\/johtojen jne. yhteen sulautumiseen. Erilainen pinnoituspaksuus levyn poikki on jo itsess\u00e4\u00e4n ilmeinen ongelma impedanssin hallinnan kannalta.<br><br>Mahdollisia ratkaisuja:<br><br>1) Lis\u00e4\u00e4 metallisoituja tasoja mahdollisuuksien mukaan (vastakkaiseen suuntaan kuin olemassa olevat)<br>2) Jos levyt on paneloitu, anna meille lupa metalloida kehykset<br><br>Katso alla olevat kuvat ongelman visuaalisesta kuvauksesta:<\/p>\n<\/div>\n<\/div>\n<\/div><\/div>\n\n\n\n<figure class=\"wp-block-image size-full\"><img loading=\"lazy\" decoding=\"async\" width=\"1002\" height=\"297\" src=\"https:\/\/www.brandner.ee\/wp-content\/uploads\/2025\/07\/image-2.png\" alt=\"\" class=\"wp-image-12682\" srcset=\"https:\/\/www.brandner.ee\/wp-content\/uploads\/2025\/07\/image-2.png 1002w, https:\/\/www.brandner.ee\/wp-content\/uploads\/2025\/07\/image-2-300x89.png 300w, https:\/\/www.brandner.ee\/wp-content\/uploads\/2025\/07\/image-2-768x228.png 768w, https:\/\/www.brandner.ee\/wp-content\/uploads\/2025\/07\/image-2-600x178.png 600w\" sizes=\"(max-width: 1002px) 100vw, 1002px\" \/><\/figure>\n\n\n\n<div class=\"wp-block-columns is-layout-flex wp-container-core-columns-is-layout-4 wp-block-columns-is-layout-flex\">\n<div class=\"wp-block-column is-layout-flow wp-block-column-is-layout-flow\" style=\"flex-basis:100%\">\n<p>Kaikki vihre\u00e4t alueet ovat kuparia. Huomaa laudan vasemman ja oikean puolen peittoalueen kokonaisero.<\/p>\n<\/div>\n<\/div>\n\n\n\n<figure class=\"wp-block-image size-full\"><img loading=\"lazy\" decoding=\"async\" width=\"500\" height=\"499\" src=\"https:\/\/www.brandner.ee\/wp-content\/uploads\/2025\/07\/image-3.png\" alt=\"\" class=\"wp-image-12685\" srcset=\"https:\/\/www.brandner.ee\/wp-content\/uploads\/2025\/07\/image-3.png 500w, https:\/\/www.brandner.ee\/wp-content\/uploads\/2025\/07\/image-3-300x300.png 300w, https:\/\/www.brandner.ee\/wp-content\/uploads\/2025\/07\/image-3-150x150.png 150w, https:\/\/www.brandner.ee\/wp-content\/uploads\/2025\/07\/image-3-100x100.png 100w\" sizes=\"(max-width: 500px) 100vw, 500px\" \/><\/figure>\n\n\n\n<div class=\"wp-block-columns is-layout-flex wp-container-core-columns-is-layout-5 wp-block-columns-is-layout-flex\">\n<div class=\"wp-block-column is-layout-flow wp-block-column-is-layout-flow\" style=\"flex-basis:100%\">\n<p><\/p>\n\n\n\n<p><strong>3) Jyrsint\u00e4 leikkaa kuparia? Mit\u00e4 voi tapahtua?<\/strong><br><br>Riippuen siit\u00e4, kuinka vakavasti ja miss\u00e4 leikkausreitti h\u00e4iritsee metalloituja alueita, t\u00e4m\u00e4 ongelma voi olla joko kosmeettinen tai suurempi ongelma. Yleens\u00e4 jyrsin nostaa hieman avoimia leikattuja kuparireunoja, kun se leikkaa materiaalin l\u00e4pi (tunnetaan my\u00f6s nimell\u00e4 &#8221;purseet&#8221; \u2013 hyvin pienet ulkonemat jyrsinradan ymp\u00e4rill\u00e4) \u2013 T\u00e4m\u00e4 voi aiheuttaa ongelmia, jos piirilevy on ment\u00e4v\u00e4 automaattiseen juotoskoneeseen, jossa se voi h\u00e4irit\u00e4 sapluunan asianmukaista ja tiivist\u00e4 kiinnitt\u00e4mist\u00e4 piirilevyyn. Ilmoitamme sinulle aina t\u00e4llaisesta ongelmasta ja suosittelemme sen korjaamista. Joka tapauksessa sinun on otettava t\u00e4ysi vastuu suunnittelustasi, kun annat meille kirjallisen &#8221;\u00e4l\u00e4 lopeta, tuota&#8221; -m\u00e4\u00e4r\u00e4yksen.<br><br><strong>4) &#8221;Maskitaskun vaara on olemassa&#8221;? Mit\u00e4 se tarkoittaa ja miksi se on vaarallinen?<\/strong><br><br>Maskitasku = maski rei\u00e4n p\u00e4\u00e4ll\u00e4 vain toisella puolella, ja toinen puoli on avoin, jolloin muodostuu suljettu &#8221;tasku&#8221;. Miksi t\u00e4m\u00e4 on huolimatonta suunnittelua: piirilevyjen valmistuksessa k\u00e4ytet\u00e4\u00e4n valtavia m\u00e4\u00e4ri\u00e4 kemiallisia liuoksia, joiden l\u00e4pi piirilevyn on k\u00e4yt\u00e4v\u00e4. N\u00e4it\u00e4 liuoksia on l\u00e4hes mahdotonta pest\u00e4 pois maskin taskuista 100 % varmuudella. Taskun sis\u00e4ll\u00e4 olevat kemikaalij\u00e4\u00e4m\u00e4t aiheuttavat my\u00f6hemmin tuotantoprosessissa monia odottamattomia ongelmia \u2013 toisin sanoen kontaminaatiota. T\u00e4m\u00e4 todenn\u00e4k\u00f6isesti vaikuttaa kyseisten alueiden viimeistelyyn. Suunnittele suunnitelmasi fiksusti \u2013 \u00e4l\u00e4 j\u00e4t\u00e4 maskin taskuja mihink\u00e4\u00e4n. Katso alla oleva IPC-standardin kuva:<\/p>\n<\/div>\n<\/div>\n\n\n\n<figure class=\"wp-block-image size-full is-resized\"><img loading=\"lazy\" decoding=\"async\" width=\"768\" height=\"416\" src=\"https:\/\/www.brandner.ee\/wp-content\/uploads\/2025\/07\/image-4.png\" alt=\"\" class=\"wp-image-12688\" style=\"width:471px;height:auto\" srcset=\"https:\/\/www.brandner.ee\/wp-content\/uploads\/2025\/07\/image-4.png 768w, https:\/\/www.brandner.ee\/wp-content\/uploads\/2025\/07\/image-4-300x163.png 300w, https:\/\/www.brandner.ee\/wp-content\/uploads\/2025\/07\/image-4-600x325.png 600w\" sizes=\"(max-width: 768px) 100vw, 768px\" \/><\/figure>\n\n\n\n<div class=\"wp-block-columns is-layout-flex wp-container-core-columns-is-layout-6 wp-block-columns-is-layout-flex\">\n<div class=\"wp-block-column is-layout-flow wp-block-column-is-layout-flow\" style=\"flex-basis:100%\">\n<p><strong>5) \u201dLevyll\u00e4si on resistitasku\u201d? Mit\u00e4 se tarkoittaa ja miksi se on vaarallinen?<\/strong><br><br>Yleinen piirilevyjen valmistusmenetelm\u00e4 on menetelm\u00e4, jossa kuparifolio p\u00e4\u00e4llystet\u00e4\u00e4n valoresistill\u00e4, joka on tarkoitus poistaa osittain my\u00f6hemmin.<br><br>Kehitysprosessissa valoherkk\u00e4 resisti altistetaan valolle kuvion luomiseksi. Kuvion ulkopuolella oleva resisti poistetaan ja ei-toivottu kupari sy\u00f6vytet\u00e4\u00e4n pois.<br><br>Jos kuviossa on ter\u00e4vi\u00e4 kulmia tai liian kapeita rakoja, on olemassa vaara, ett\u00e4 tarpeeton resistimateriaali tarttuu ja irtoaa my\u00f6hemmiss\u00e4 tuotantovaiheissa. T\u00e4m\u00e4 voi johtaa ei-toivottuihin oikosulkuihin. T\u00e4m\u00e4n v\u00e4ltt\u00e4miseksi pyyd\u00e4mme asiakkaitamme korjaamaan suunnitteluaan v\u00e4ltt\u00e4en ter\u00e4vi\u00e4 kulmia ja varmistaen, ett\u00e4 mik\u00e4\u00e4n suunnitteluelementti ei ole huonosti liitetty.<br><br>N\u00e4yte huonosti liitetyist\u00e4 osista, kuva A. Punaisessa kehyksess\u00e4 esitettyjen kaltaisia nauhoja ei tarvitse j\u00e4tt\u00e4\u00e4. Sama kohta korjattuna on esitetty kuvassa B.<\/p>\n<\/div>\n<\/div>\n\n\n\n<figure class=\"wp-block-image size-full is-resized\"><img loading=\"lazy\" decoding=\"async\" width=\"768\" height=\"280\" src=\"https:\/\/www.brandner.ee\/wp-content\/uploads\/2025\/07\/image-7.png\" alt=\"\" class=\"wp-image-12697\" style=\"width:615px;height:auto\" srcset=\"https:\/\/www.brandner.ee\/wp-content\/uploads\/2025\/07\/image-7.png 768w, https:\/\/www.brandner.ee\/wp-content\/uploads\/2025\/07\/image-7-300x109.png 300w, https:\/\/www.brandner.ee\/wp-content\/uploads\/2025\/07\/image-7-600x219.png 600w\" sizes=\"(max-width: 768px) 100vw, 768px\" \/><\/figure>\n\n\n\n<figure class=\"wp-block-image size-full\"><img loading=\"lazy\" decoding=\"async\" width=\"300\" height=\"161\" src=\"https:\/\/www.brandner.ee\/wp-content\/uploads\/2025\/07\/image-8.png\" alt=\"\" class=\"wp-image-12700\"\/><\/figure>\n\n\n\n<div class=\"wp-block-columns is-layout-flex wp-container-core-columns-is-layout-7 wp-block-columns-is-layout-flex\">\n<div class=\"wp-block-column is-layout-flow wp-block-column-is-layout-flow\" style=\"flex-basis:100%\">\n<p><strong>6) Miksi yksitt\u00e4isiss\u00e4 levyiss\u00e4 tai paneeleissa on oltava py\u00f6ristetyt kulmat?<\/strong><br><br>Turvallisen kuljetuksen ja varastoinnin varmistamiseksi kaikki levyt pakataan ilmatiiviisti antistaattiseen kuplamuoviin. Kulmat on py\u00f6ristetty, jotta ter\u00e4v\u00e4t k\u00e4rjet eiv\u00e4t puhkaise paketin kuplamuovia k\u00e4sittelyn aikana.<br><br>Jos tarvitset ter\u00e4v\u00e4kulmaisia levyj\u00e4, tilaa ne paneeleina (V-urattu ja kehystetty) tai lis\u00e4\u00e4 v\u00e4hint\u00e4\u00e4n 5 mm leve\u00e4 kehys, joka on tarkoitettu erotettavaksi V-leikkauksella levyn vastakkaisille puolille.<br><br><strong>7) Poraussyvyyden rajoitukset, kuvasuhde \u2013 mit\u00e4 se tarkoittaa?<\/strong><br><br>Kuvasuhde on poraussyvyyden ja poran halkaisijan v\u00e4linen suhde. Brander Electronicsilla l\u00e4pireikien kuvasuhde on 1:16, mik\u00e4 tarkoittaa, ett\u00e4 l\u00e4pireikien syvyys ei ole yli 16 kertaa poran halkaisija. Poikkeuksena s\u00e4\u00e4nn\u00f6st\u00e4 0,1 mm:n poranterill\u00e4 on kuvasuhde 1:12, joten niill\u00e4 voidaan porata vain 1,2 mm:n syvyyteen.<br><br>Sokeiden reikien kohdalla on t\u00e4rke\u00e4\u00e4 s\u00e4ilytt\u00e4\u00e4 sivusuhde 1:1. T\u00e4m\u00e4 tarkoittaa, ett\u00e4 jos tarvitaan sokkoreiki\u00e4, poraussyvyyden on oltava pienempi tai yht\u00e4 suuri kuin poran halkaisija. Muista t\u00e4m\u00e4 yksityiskohta, kun suunnittelet pinoamista sokkorei&#8217;ill\u00e4 varustetulle piirilevylle.<\/p>\n<\/div>\n<\/div>\n","protected":false},"excerpt":{"rendered":"<p>Olemme koonneet t\u00e4h\u00e4n useimmin kysytyt kysymykset ja aiheet, joita kysyt\u00e4\u00e4n kirjaimellisesti joka p\u00e4iv\u00e4, yh\u00e4 uudelleen ja uudelleen. 1) Maskin aukkoja pit\u00e4\u00e4 pienent\u00e4\u00e4? Miksi? Kuinka paljon? Voimme korjata t\u00e4m\u00e4n, jos annat meille kirjallisen luvan tehd\u00e4 niin. Liian suuret maskin aukot voivat aiheuttaa ongelmia my\u00f6hemm\u00e4ss\u00e4 juotosprosessissa \u2013 ilman asianmukaisesti pienennettyj\u00e4 maskin aukkoja on olemassa &#8221;juotossillan&#8221; vaara metalloitujen &hellip;<\/p>\n","protected":false},"author":170,"featured_media":0,"parent":2722,"menu_order":20,"comment_status":"closed","ping_status":"closed","template":"template_content-sidebar.php","meta":{"footnotes":""},"yoast_head":"<!-- This site is optimized with the Yoast SEO plugin v21.5 - https:\/\/yoast.com\/wordpress\/plugins\/seo\/ -->\n<title>FAQ - Brandner<\/title>\n<meta name=\"robots\" content=\"index, follow, max-snippet:-1, max-image-preview:large, max-video-preview:-1\" \/>\n<link rel=\"canonical\" href=\"https:\/\/www.brandner.ee\/fi\/hyvat-neuvot\/faq\/\" \/>\n<meta property=\"og:locale\" content=\"fi_FI\" \/>\n<meta property=\"og:type\" content=\"article\" \/>\n<meta property=\"og:title\" content=\"FAQ - Brandner\" \/>\n<meta property=\"og:description\" content=\"Olemme koonneet t\u00e4h\u00e4n useimmin kysytyt kysymykset ja aiheet, joita kysyt\u00e4\u00e4n kirjaimellisesti joka p\u00e4iv\u00e4, yh\u00e4 uudelleen ja uudelleen. 1) Maskin aukkoja pit\u00e4\u00e4 pienent\u00e4\u00e4? Miksi? Kuinka paljon? Voimme korjata t\u00e4m\u00e4n, jos annat meille kirjallisen luvan tehd\u00e4 niin. Liian suuret maskin aukot voivat aiheuttaa ongelmia my\u00f6hemm\u00e4ss\u00e4 juotosprosessissa \u2013 ilman asianmukaisesti pienennettyj\u00e4 maskin aukkoja on olemassa &#8221;juotossillan&#8221; vaara metalloitujen &hellip;\" \/>\n<meta property=\"og:url\" content=\"https:\/\/www.brandner.ee\/fi\/hyvat-neuvot\/faq\/\" \/>\n<meta property=\"og:site_name\" content=\"Brandner\" \/>\n<meta property=\"article:modified_time\" content=\"2025-07-18T06:45:43+00:00\" \/>\n<meta property=\"og:image\" content=\"https:\/\/www.brandner.ee\/wp-content\/uploads\/2025\/07\/image-9.png\" \/>\n<meta name=\"twitter:card\" content=\"summary_large_image\" \/>\n<meta name=\"twitter:label1\" content=\"Arvioitu lukuaika\" \/>\n\t<meta name=\"twitter:data1\" content=\"6 minuuttia\" \/>\n<script type=\"application\/ld+json\" class=\"yoast-schema-graph\">{\"@context\":\"https:\/\/schema.org\",\"@graph\":[{\"@type\":\"WebPage\",\"@id\":\"https:\/\/www.brandner.ee\/fi\/hyvat-neuvot\/faq\/\",\"url\":\"https:\/\/www.brandner.ee\/fi\/hyvat-neuvot\/faq\/\",\"name\":\"FAQ - Brandner\",\"isPartOf\":{\"@id\":\"https:\/\/www.brandner.ee\/#website\"},\"datePublished\":\"2025-07-18T06:28:05+00:00\",\"dateModified\":\"2025-07-18T06:45:43+00:00\",\"breadcrumb\":{\"@id\":\"https:\/\/www.brandner.ee\/fi\/hyvat-neuvot\/faq\/#breadcrumb\"},\"inLanguage\":\"fi\",\"potentialAction\":[{\"@type\":\"ReadAction\",\"target\":[\"https:\/\/www.brandner.ee\/fi\/hyvat-neuvot\/faq\/\"]}]},{\"@type\":\"BreadcrumbList\",\"@id\":\"https:\/\/www.brandner.ee\/fi\/hyvat-neuvot\/faq\/#breadcrumb\",\"itemListElement\":[{\"@type\":\"ListItem\",\"position\":1,\"name\":\"Home\",\"item\":\"https:\/\/www.brandner.ee\/fi\/\"},{\"@type\":\"ListItem\",\"position\":2,\"name\":\"Hyv\u00e4t neuvot\",\"item\":\"https:\/\/www.brandner.ee\/fi\/hyvat-neuvot\/\"},{\"@type\":\"ListItem\",\"position\":3,\"name\":\"FAQ\"}]},{\"@type\":\"WebSite\",\"@id\":\"https:\/\/www.brandner.ee\/#website\",\"url\":\"https:\/\/www.brandner.ee\/\",\"name\":\"Brandner\",\"description\":\"PCB manufacturing\",\"potentialAction\":[{\"@type\":\"SearchAction\",\"target\":{\"@type\":\"EntryPoint\",\"urlTemplate\":\"https:\/\/www.brandner.ee\/?s={search_term_string}\"},\"query-input\":\"required name=search_term_string\"}],\"inLanguage\":\"fi\"}]}<\/script>\n<!-- \/ Yoast SEO plugin. -->","yoast_head_json":{"title":"FAQ - Brandner","robots":{"index":"index","follow":"follow","max-snippet":"max-snippet:-1","max-image-preview":"max-image-preview:large","max-video-preview":"max-video-preview:-1"},"canonical":"https:\/\/www.brandner.ee\/fi\/hyvat-neuvot\/faq\/","og_locale":"fi_FI","og_type":"article","og_title":"FAQ - Brandner","og_description":"Olemme koonneet t\u00e4h\u00e4n useimmin kysytyt kysymykset ja aiheet, joita kysyt\u00e4\u00e4n kirjaimellisesti joka p\u00e4iv\u00e4, yh\u00e4 uudelleen ja uudelleen. 1) Maskin aukkoja pit\u00e4\u00e4 pienent\u00e4\u00e4? Miksi? Kuinka paljon? Voimme korjata t\u00e4m\u00e4n, jos annat meille kirjallisen luvan tehd\u00e4 niin. Liian suuret maskin aukot voivat aiheuttaa ongelmia my\u00f6hemm\u00e4ss\u00e4 juotosprosessissa \u2013 ilman asianmukaisesti pienennettyj\u00e4 maskin aukkoja on olemassa &#8221;juotossillan&#8221; vaara metalloitujen &hellip;","og_url":"https:\/\/www.brandner.ee\/fi\/hyvat-neuvot\/faq\/","og_site_name":"Brandner","article_modified_time":"2025-07-18T06:45:43+00:00","og_image":[{"url":"https:\/\/www.brandner.ee\/wp-content\/uploads\/2025\/07\/image-9.png"}],"twitter_card":"summary_large_image","twitter_misc":{"Arvioitu lukuaika":"6 minuuttia"},"schema":{"@context":"https:\/\/schema.org","@graph":[{"@type":"WebPage","@id":"https:\/\/www.brandner.ee\/fi\/hyvat-neuvot\/faq\/","url":"https:\/\/www.brandner.ee\/fi\/hyvat-neuvot\/faq\/","name":"FAQ - Brandner","isPartOf":{"@id":"https:\/\/www.brandner.ee\/#website"},"datePublished":"2025-07-18T06:28:05+00:00","dateModified":"2025-07-18T06:45:43+00:00","breadcrumb":{"@id":"https:\/\/www.brandner.ee\/fi\/hyvat-neuvot\/faq\/#breadcrumb"},"inLanguage":"fi","potentialAction":[{"@type":"ReadAction","target":["https:\/\/www.brandner.ee\/fi\/hyvat-neuvot\/faq\/"]}]},{"@type":"BreadcrumbList","@id":"https:\/\/www.brandner.ee\/fi\/hyvat-neuvot\/faq\/#breadcrumb","itemListElement":[{"@type":"ListItem","position":1,"name":"Home","item":"https:\/\/www.brandner.ee\/fi\/"},{"@type":"ListItem","position":2,"name":"Hyv\u00e4t neuvot","item":"https:\/\/www.brandner.ee\/fi\/hyvat-neuvot\/"},{"@type":"ListItem","position":3,"name":"FAQ"}]},{"@type":"WebSite","@id":"https:\/\/www.brandner.ee\/#website","url":"https:\/\/www.brandner.ee\/","name":"Brandner","description":"PCB manufacturing","potentialAction":[{"@type":"SearchAction","target":{"@type":"EntryPoint","urlTemplate":"https:\/\/www.brandner.ee\/?s={search_term_string}"},"query-input":"required name=search_term_string"}],"inLanguage":"fi"}]}},"_links":{"self":[{"href":"https:\/\/www.brandner.ee\/fi\/wp-json\/wp\/v2\/pages\/12674"}],"collection":[{"href":"https:\/\/www.brandner.ee\/fi\/wp-json\/wp\/v2\/pages"}],"about":[{"href":"https:\/\/www.brandner.ee\/fi\/wp-json\/wp\/v2\/types\/page"}],"author":[{"embeddable":true,"href":"https:\/\/www.brandner.ee\/fi\/wp-json\/wp\/v2\/users\/170"}],"replies":[{"embeddable":true,"href":"https:\/\/www.brandner.ee\/fi\/wp-json\/wp\/v2\/comments?post=12674"}],"version-history":[{"count":5,"href":"https:\/\/www.brandner.ee\/fi\/wp-json\/wp\/v2\/pages\/12674\/revisions"}],"predecessor-version":[{"id":12718,"href":"https:\/\/www.brandner.ee\/fi\/wp-json\/wp\/v2\/pages\/12674\/revisions\/12718"}],"up":[{"embeddable":true,"href":"https:\/\/www.brandner.ee\/fi\/wp-json\/wp\/v2\/pages\/2722"}],"wp:attachment":[{"href":"https:\/\/www.brandner.ee\/fi\/wp-json\/wp\/v2\/media?parent=12674"}],"curies":[{"name":"wp","href":"https:\/\/api.w.org\/{rel}","templated":true}]}}