{"id":12670,"date":"2025-07-18T08:23:47","date_gmt":"2025-07-18T05:23:47","guid":{"rendered":"https:\/\/www.brandner.ee\/?page_id=12670"},"modified":"2025-07-18T08:23:47","modified_gmt":"2025-07-18T05:23:47","slug":"yleisia-virheita-piirilevysuunnittelussa","status":"publish","type":"page","link":"https:\/\/www.brandner.ee\/fi\/hyvat-neuvot\/yleisia-virheita-piirilevysuunnittelussa\/","title":{"rendered":"Yleisi\u00e4 virheit\u00e4 Piirilevysuunnittelussa"},"content":{"rendered":"\n<ul>\n<li>Poran koot on k\u00e4sitelty ilman ylim\u00e4\u00e4r\u00e4ist\u00e4 metallointia reikiin.<\/li>\n\n\n\n<li>Johdot ja niiden asettelu suunnitellaan leikkausalueelle.<\/li>\n\n\n\n<li>Johtimen ja tilan v\u00e4linen et\u00e4isyys j\u00e4tet\u00e4\u00e4n minimaaliseksi, vaikka suunnittelu ei sit\u00e4 vaadi.<\/li>\n\n\n\n<li>Jos kuparitason ja sis\u00e4kerrosten rei\u00e4n v\u00e4linen et\u00e4isyys on 100\u00b5 tai v\u00e4hemm\u00e4n, se voi aiheuttaa oikosulun materiaalin laajenemisen vuoksi.<\/li>\n\n\n\n<li>Koska jyrsint\u00e4ty\u00f6kalut ovat py\u00f6ristettyj\u00e4, 90\u00b0:n leikkauksia ei voida tehd\u00e4 j\u00e4tt\u00e4m\u00e4tt\u00e4 ty\u00f6kalun s\u00e4dett\u00e4 nurkkaan.<\/li>\n\n\n\n<li>Juotosmaskin aukko on liian suuri vierekk\u00e4isten pisteiden v\u00e4lill\u00e4, mik\u00e4 voi aiheuttaa oikosulkuja niiden v\u00e4lille.<\/li>\n\n\n\n<li>Merkint\u00e4viivan leveys on alle 100\u00b5.<\/li>\n<\/ul>\n","protected":false},"excerpt":{"rendered":"","protected":false},"author":170,"featured_media":0,"parent":2722,"menu_order":0,"comment_status":"closed","ping_status":"closed","template":"template_content-sidebar.php","meta":{"footnotes":""},"yoast_head":"<!-- This site is optimized with the Yoast SEO plugin v21.5 - https:\/\/yoast.com\/wordpress\/plugins\/seo\/ -->\n<title>Yleisi\u00e4 virheit\u00e4 Piirilevysuunnittelussa - Brandner<\/title>\n<meta name=\"robots\" content=\"index, follow, max-snippet:-1, max-image-preview:large, max-video-preview:-1\" \/>\n<link rel=\"canonical\" href=\"https:\/\/www.brandner.ee\/fi\/hyvat-neuvot\/yleisia-virheita-piirilevysuunnittelussa\/\" \/>\n<meta property=\"og:locale\" content=\"fi_FI\" \/>\n<meta property=\"og:type\" content=\"article\" \/>\n<meta property=\"og:title\" content=\"Yleisi\u00e4 virheit\u00e4 Piirilevysuunnittelussa - Brandner\" \/>\n<meta property=\"og:url\" content=\"https:\/\/www.brandner.ee\/fi\/hyvat-neuvot\/yleisia-virheita-piirilevysuunnittelussa\/\" \/>\n<meta property=\"og:site_name\" content=\"Brandner\" \/>\n<meta name=\"twitter:card\" content=\"summary_large_image\" \/>\n<meta name=\"twitter:label1\" content=\"Arvioitu lukuaika\" \/>\n\t<meta name=\"twitter:data1\" content=\"1 minuutti\" \/>\n<script type=\"application\/ld+json\" class=\"yoast-schema-graph\">{\"@context\":\"https:\/\/schema.org\",\"@graph\":[{\"@type\":\"WebPage\",\"@id\":\"https:\/\/www.brandner.ee\/fi\/hyvat-neuvot\/yleisia-virheita-piirilevysuunnittelussa\/\",\"url\":\"https:\/\/www.brandner.ee\/fi\/hyvat-neuvot\/yleisia-virheita-piirilevysuunnittelussa\/\",\"name\":\"Yleisi\u00e4 virheit\u00e4 Piirilevysuunnittelussa - Brandner\",\"isPartOf\":{\"@id\":\"https:\/\/www.brandner.ee\/#website\"},\"datePublished\":\"2025-07-18T05:23:47+00:00\",\"dateModified\":\"2025-07-18T05:23:47+00:00\",\"breadcrumb\":{\"@id\":\"https:\/\/www.brandner.ee\/fi\/hyvat-neuvot\/yleisia-virheita-piirilevysuunnittelussa\/#breadcrumb\"},\"inLanguage\":\"fi\",\"potentialAction\":[{\"@type\":\"ReadAction\",\"target\":[\"https:\/\/www.brandner.ee\/fi\/hyvat-neuvot\/yleisia-virheita-piirilevysuunnittelussa\/\"]}]},{\"@type\":\"BreadcrumbList\",\"@id\":\"https:\/\/www.brandner.ee\/fi\/hyvat-neuvot\/yleisia-virheita-piirilevysuunnittelussa\/#breadcrumb\",\"itemListElement\":[{\"@type\":\"ListItem\",\"position\":1,\"name\":\"Home\",\"item\":\"https:\/\/www.brandner.ee\/fi\/\"},{\"@type\":\"ListItem\",\"position\":2,\"name\":\"Hyv\u00e4t neuvot\",\"item\":\"https:\/\/www.brandner.ee\/fi\/hyvat-neuvot\/\"},{\"@type\":\"ListItem\",\"position\":3,\"name\":\"Yleisi\u00e4 virheit\u00e4 Piirilevysuunnittelussa\"}]},{\"@type\":\"WebSite\",\"@id\":\"https:\/\/www.brandner.ee\/#website\",\"url\":\"https:\/\/www.brandner.ee\/\",\"name\":\"Brandner\",\"description\":\"PCB manufacturing\",\"potentialAction\":[{\"@type\":\"SearchAction\",\"target\":{\"@type\":\"EntryPoint\",\"urlTemplate\":\"https:\/\/www.brandner.ee\/?s={search_term_string}\"},\"query-input\":\"required name=search_term_string\"}],\"inLanguage\":\"fi\"}]}<\/script>\n<!-- \/ Yoast SEO plugin. -->","yoast_head_json":{"title":"Yleisi\u00e4 virheit\u00e4 Piirilevysuunnittelussa - Brandner","robots":{"index":"index","follow":"follow","max-snippet":"max-snippet:-1","max-image-preview":"max-image-preview:large","max-video-preview":"max-video-preview:-1"},"canonical":"https:\/\/www.brandner.ee\/fi\/hyvat-neuvot\/yleisia-virheita-piirilevysuunnittelussa\/","og_locale":"fi_FI","og_type":"article","og_title":"Yleisi\u00e4 virheit\u00e4 Piirilevysuunnittelussa - Brandner","og_url":"https:\/\/www.brandner.ee\/fi\/hyvat-neuvot\/yleisia-virheita-piirilevysuunnittelussa\/","og_site_name":"Brandner","twitter_card":"summary_large_image","twitter_misc":{"Arvioitu lukuaika":"1 minuutti"},"schema":{"@context":"https:\/\/schema.org","@graph":[{"@type":"WebPage","@id":"https:\/\/www.brandner.ee\/fi\/hyvat-neuvot\/yleisia-virheita-piirilevysuunnittelussa\/","url":"https:\/\/www.brandner.ee\/fi\/hyvat-neuvot\/yleisia-virheita-piirilevysuunnittelussa\/","name":"Yleisi\u00e4 virheit\u00e4 Piirilevysuunnittelussa - Brandner","isPartOf":{"@id":"https:\/\/www.brandner.ee\/#website"},"datePublished":"2025-07-18T05:23:47+00:00","dateModified":"2025-07-18T05:23:47+00:00","breadcrumb":{"@id":"https:\/\/www.brandner.ee\/fi\/hyvat-neuvot\/yleisia-virheita-piirilevysuunnittelussa\/#breadcrumb"},"inLanguage":"fi","potentialAction":[{"@type":"ReadAction","target":["https:\/\/www.brandner.ee\/fi\/hyvat-neuvot\/yleisia-virheita-piirilevysuunnittelussa\/"]}]},{"@type":"BreadcrumbList","@id":"https:\/\/www.brandner.ee\/fi\/hyvat-neuvot\/yleisia-virheita-piirilevysuunnittelussa\/#breadcrumb","itemListElement":[{"@type":"ListItem","position":1,"name":"Home","item":"https:\/\/www.brandner.ee\/fi\/"},{"@type":"ListItem","position":2,"name":"Hyv\u00e4t neuvot","item":"https:\/\/www.brandner.ee\/fi\/hyvat-neuvot\/"},{"@type":"ListItem","position":3,"name":"Yleisi\u00e4 virheit\u00e4 Piirilevysuunnittelussa"}]},{"@type":"WebSite","@id":"https:\/\/www.brandner.ee\/#website","url":"https:\/\/www.brandner.ee\/","name":"Brandner","description":"PCB manufacturing","potentialAction":[{"@type":"SearchAction","target":{"@type":"EntryPoint","urlTemplate":"https:\/\/www.brandner.ee\/?s={search_term_string}"},"query-input":"required name=search_term_string"}],"inLanguage":"fi"}]}},"_links":{"self":[{"href":"https:\/\/www.brandner.ee\/fi\/wp-json\/wp\/v2\/pages\/12670"}],"collection":[{"href":"https:\/\/www.brandner.ee\/fi\/wp-json\/wp\/v2\/pages"}],"about":[{"href":"https:\/\/www.brandner.ee\/fi\/wp-json\/wp\/v2\/types\/page"}],"author":[{"embeddable":true,"href":"https:\/\/www.brandner.ee\/fi\/wp-json\/wp\/v2\/users\/170"}],"replies":[{"embeddable":true,"href":"https:\/\/www.brandner.ee\/fi\/wp-json\/wp\/v2\/comments?post=12670"}],"version-history":[{"count":2,"href":"https:\/\/www.brandner.ee\/fi\/wp-json\/wp\/v2\/pages\/12670\/revisions"}],"predecessor-version":[{"id":12672,"href":"https:\/\/www.brandner.ee\/fi\/wp-json\/wp\/v2\/pages\/12670\/revisions\/12672"}],"up":[{"embeddable":true,"href":"https:\/\/www.brandner.ee\/fi\/wp-json\/wp\/v2\/pages\/2722"}],"wp:attachment":[{"href":"https:\/\/www.brandner.ee\/fi\/wp-json\/wp\/v2\/media?parent=12670"}],"curies":[{"name":"wp","href":"https:\/\/api.w.org\/{rel}","templated":true}]}}