{"id":1013,"date":"2017-08-18T09:31:23","date_gmt":"2017-08-18T06:31:23","guid":{"rendered":"http:\/\/www.brandner.ee\/?page_id=1013\/"},"modified":"2019-01-11T14:23:39","modified_gmt":"2019-01-11T12:23:39","slug":"stensiilit","status":"publish","type":"page","link":"https:\/\/www.brandner.ee\/fi\/tuotantomahdollisuudet\/stensiilit\/","title":{"rendered":"Stensiilit"},"content":{"rendered":"<p>Yhteisty\u00f6ss\u00e4 Sincotron O\u00dc-n kanssa tarjoamme asiakkaille my\u00f6s stensiilien tilaamista piirilevyjen yhteydess\u00e4.<\/p>\n<p>Stensiilin tarjouksen tarvitsemme seuravia tietoja:<\/p>\n<ul>\n<li>Onko stensiilin tarvetta molemmille, tai vaan yhdelle levyn puolelle? Jos vaan yhdelle, niin kummalle?<\/li>\n<li>Stensiilin lopulliset mitat (leveys, korkeus)<\/li>\n<li>Stensiilin materiaalin paksuus. Materiaali on saatavilla 0,075mm-0,3mm<\/li>\n<li>Stensiilin kiinnitys: k\u00e4yt\u00f6ss\u00e4 olevan kehyksen tuotemerkki, kiinnitysreikien m\u00e4\u00e4r\u00e4, koko ja sijanti.<\/li>\n<li>Tuleko stensiilille merkinta? Sijanti?<\/li>\n<\/ul>\n<p>Haluttaessa on mahdollista k\u00e4ytt\u00e4\u00e4 stensiileiss\u00e4 kemikaalia, joka est\u00e4\u00e4 juotospastan tarttumista reikiin.<br \/>\nJos stensiili tilataan pikaty\u00f6n\u00e4, toimitusaika t\u00e4ytyy kysy\u00e4 erikseen joka kerta.<\/p>\n<p>Sincotron O\u00dc tarjoaa stensiilej\u00e4 my\u00f6s alumiinikehyksill\u00e4. Leikkaamiseen k\u00e4ytet\u00e4\u00e4n laserleikkuria. Kaikki stensiilit skannataan ja tarkistetaan, tarvittaessa mahdollisuus raportille.<\/p>\n<p>Lis\u00e4tietoja\u00a0<a class=\"moz-txt-link-abbreviated\" href=\"http:\/\/www.sincotron.eu\/\" target=\"_blank\" rel=\"noopener\">www.sincotron.eu<\/a><\/p>\n","protected":false},"excerpt":{"rendered":"<p>Yhteisty\u00f6ss\u00e4 Sincotron O\u00dc-n kanssa tarjoamme asiakkaille my\u00f6s stensiilien tilaamista piirilevyjen yhteydess\u00e4. Stensiilin tarjouksen tarvitsemme seuravia tietoja: Onko stensiilin tarvetta molemmille, tai vaan yhdelle levyn puolelle? Jos vaan yhdelle, niin kummalle? Stensiilin lopulliset mitat (leveys, korkeus) Stensiilin materiaalin paksuus. Materiaali on saatavilla 0,075mm-0,3mm Stensiilin kiinnitys: k\u00e4yt\u00f6ss\u00e4 olevan kehyksen tuotemerkki, kiinnitysreikien m\u00e4\u00e4r\u00e4, koko ja sijanti. Tuleko stensiilille &hellip;<\/p>\n","protected":false},"author":31,"featured_media":0,"parent":999,"menu_order":120,"comment_status":"closed","ping_status":"closed","template":"template_content-sidebar.php","meta":{"footnotes":""},"yoast_head":"<!-- This site is optimized with the Yoast SEO plugin v21.5 - https:\/\/yoast.com\/wordpress\/plugins\/seo\/ -->\n<title>Stensiilit - Brandner<\/title>\n<meta name=\"robots\" content=\"index, follow, max-snippet:-1, max-image-preview:large, max-video-preview:-1\" \/>\n<link rel=\"canonical\" href=\"https:\/\/www.brandner.ee\/fi\/tuotantomahdollisuudet\/stensiilit\/\" \/>\n<meta property=\"og:locale\" content=\"fi_FI\" \/>\n<meta property=\"og:type\" content=\"article\" \/>\n<meta property=\"og:title\" content=\"Stensiilit - Brandner\" \/>\n<meta property=\"og:description\" content=\"Yhteisty\u00f6ss\u00e4 Sincotron O\u00dc-n kanssa tarjoamme asiakkaille my\u00f6s stensiilien tilaamista piirilevyjen yhteydess\u00e4. Stensiilin tarjouksen tarvitsemme seuravia tietoja: Onko stensiilin tarvetta molemmille, tai vaan yhdelle levyn puolelle? Jos vaan yhdelle, niin kummalle? Stensiilin lopulliset mitat (leveys, korkeus) Stensiilin materiaalin paksuus. Materiaali on saatavilla 0,075mm-0,3mm Stensiilin kiinnitys: k\u00e4yt\u00f6ss\u00e4 olevan kehyksen tuotemerkki, kiinnitysreikien m\u00e4\u00e4r\u00e4, koko ja sijanti. Tuleko stensiilille &hellip;\" \/>\n<meta property=\"og:url\" content=\"https:\/\/www.brandner.ee\/fi\/tuotantomahdollisuudet\/stensiilit\/\" \/>\n<meta property=\"og:site_name\" content=\"Brandner\" \/>\n<meta property=\"article:modified_time\" content=\"2019-01-11T12:23:39+00:00\" \/>\n<meta name=\"twitter:card\" content=\"summary_large_image\" \/>\n<meta name=\"twitter:label1\" content=\"Arvioitu lukuaika\" \/>\n\t<meta name=\"twitter:data1\" content=\"1 minuutti\" \/>\n<script type=\"application\/ld+json\" class=\"yoast-schema-graph\">{\"@context\":\"https:\/\/schema.org\",\"@graph\":[{\"@type\":\"WebPage\",\"@id\":\"https:\/\/www.brandner.ee\/fi\/tuotantomahdollisuudet\/stensiilit\/\",\"url\":\"https:\/\/www.brandner.ee\/fi\/tuotantomahdollisuudet\/stensiilit\/\",\"name\":\"Stensiilit - Brandner\",\"isPartOf\":{\"@id\":\"https:\/\/www.brandner.ee\/#website\"},\"datePublished\":\"2017-08-18T06:31:23+00:00\",\"dateModified\":\"2019-01-11T12:23:39+00:00\",\"breadcrumb\":{\"@id\":\"https:\/\/www.brandner.ee\/fi\/tuotantomahdollisuudet\/stensiilit\/#breadcrumb\"},\"inLanguage\":\"fi\",\"potentialAction\":[{\"@type\":\"ReadAction\",\"target\":[\"https:\/\/www.brandner.ee\/fi\/tuotantomahdollisuudet\/stensiilit\/\"]}]},{\"@type\":\"BreadcrumbList\",\"@id\":\"https:\/\/www.brandner.ee\/fi\/tuotantomahdollisuudet\/stensiilit\/#breadcrumb\",\"itemListElement\":[{\"@type\":\"ListItem\",\"position\":1,\"name\":\"Home\",\"item\":\"https:\/\/www.brandner.ee\/fi\/\"},{\"@type\":\"ListItem\",\"position\":2,\"name\":\"Tuotantomahdollisuudet\",\"item\":\"https:\/\/www.brandner.ee\/fi\/tuotantomahdollisuudet\/\"},{\"@type\":\"ListItem\",\"position\":3,\"name\":\"Stensiilit\"}]},{\"@type\":\"WebSite\",\"@id\":\"https:\/\/www.brandner.ee\/#website\",\"url\":\"https:\/\/www.brandner.ee\/\",\"name\":\"Brandner\",\"description\":\"PCB manufacturing\",\"potentialAction\":[{\"@type\":\"SearchAction\",\"target\":{\"@type\":\"EntryPoint\",\"urlTemplate\":\"https:\/\/www.brandner.ee\/?s={search_term_string}\"},\"query-input\":\"required name=search_term_string\"}],\"inLanguage\":\"fi\"}]}<\/script>\n<!-- \/ Yoast SEO plugin. -->","yoast_head_json":{"title":"Stensiilit - Brandner","robots":{"index":"index","follow":"follow","max-snippet":"max-snippet:-1","max-image-preview":"max-image-preview:large","max-video-preview":"max-video-preview:-1"},"canonical":"https:\/\/www.brandner.ee\/fi\/tuotantomahdollisuudet\/stensiilit\/","og_locale":"fi_FI","og_type":"article","og_title":"Stensiilit - Brandner","og_description":"Yhteisty\u00f6ss\u00e4 Sincotron O\u00dc-n kanssa tarjoamme asiakkaille my\u00f6s stensiilien tilaamista piirilevyjen yhteydess\u00e4. Stensiilin tarjouksen tarvitsemme seuravia tietoja: Onko stensiilin tarvetta molemmille, tai vaan yhdelle levyn puolelle? Jos vaan yhdelle, niin kummalle? Stensiilin lopulliset mitat (leveys, korkeus) Stensiilin materiaalin paksuus. Materiaali on saatavilla 0,075mm-0,3mm Stensiilin kiinnitys: k\u00e4yt\u00f6ss\u00e4 olevan kehyksen tuotemerkki, kiinnitysreikien m\u00e4\u00e4r\u00e4, koko ja sijanti. Tuleko stensiilille &hellip;","og_url":"https:\/\/www.brandner.ee\/fi\/tuotantomahdollisuudet\/stensiilit\/","og_site_name":"Brandner","article_modified_time":"2019-01-11T12:23:39+00:00","twitter_card":"summary_large_image","twitter_misc":{"Arvioitu lukuaika":"1 minuutti"},"schema":{"@context":"https:\/\/schema.org","@graph":[{"@type":"WebPage","@id":"https:\/\/www.brandner.ee\/fi\/tuotantomahdollisuudet\/stensiilit\/","url":"https:\/\/www.brandner.ee\/fi\/tuotantomahdollisuudet\/stensiilit\/","name":"Stensiilit - Brandner","isPartOf":{"@id":"https:\/\/www.brandner.ee\/#website"},"datePublished":"2017-08-18T06:31:23+00:00","dateModified":"2019-01-11T12:23:39+00:00","breadcrumb":{"@id":"https:\/\/www.brandner.ee\/fi\/tuotantomahdollisuudet\/stensiilit\/#breadcrumb"},"inLanguage":"fi","potentialAction":[{"@type":"ReadAction","target":["https:\/\/www.brandner.ee\/fi\/tuotantomahdollisuudet\/stensiilit\/"]}]},{"@type":"BreadcrumbList","@id":"https:\/\/www.brandner.ee\/fi\/tuotantomahdollisuudet\/stensiilit\/#breadcrumb","itemListElement":[{"@type":"ListItem","position":1,"name":"Home","item":"https:\/\/www.brandner.ee\/fi\/"},{"@type":"ListItem","position":2,"name":"Tuotantomahdollisuudet","item":"https:\/\/www.brandner.ee\/fi\/tuotantomahdollisuudet\/"},{"@type":"ListItem","position":3,"name":"Stensiilit"}]},{"@type":"WebSite","@id":"https:\/\/www.brandner.ee\/#website","url":"https:\/\/www.brandner.ee\/","name":"Brandner","description":"PCB manufacturing","potentialAction":[{"@type":"SearchAction","target":{"@type":"EntryPoint","urlTemplate":"https:\/\/www.brandner.ee\/?s={search_term_string}"},"query-input":"required name=search_term_string"}],"inLanguage":"fi"}]}},"_links":{"self":[{"href":"https:\/\/www.brandner.ee\/fi\/wp-json\/wp\/v2\/pages\/1013"}],"collection":[{"href":"https:\/\/www.brandner.ee\/fi\/wp-json\/wp\/v2\/pages"}],"about":[{"href":"https:\/\/www.brandner.ee\/fi\/wp-json\/wp\/v2\/types\/page"}],"author":[{"embeddable":true,"href":"https:\/\/www.brandner.ee\/fi\/wp-json\/wp\/v2\/users\/31"}],"replies":[{"embeddable":true,"href":"https:\/\/www.brandner.ee\/fi\/wp-json\/wp\/v2\/comments?post=1013"}],"version-history":[{"count":8,"href":"https:\/\/www.brandner.ee\/fi\/wp-json\/wp\/v2\/pages\/1013\/revisions"}],"predecessor-version":[{"id":5040,"href":"https:\/\/www.brandner.ee\/fi\/wp-json\/wp\/v2\/pages\/1013\/revisions\/5040"}],"up":[{"embeddable":true,"href":"https:\/\/www.brandner.ee\/fi\/wp-json\/wp\/v2\/pages\/999"}],"wp:attachment":[{"href":"https:\/\/www.brandner.ee\/fi\/wp-json\/wp\/v2\/media?parent=1013"}],"curies":[{"name":"wp","href":"https:\/\/api.w.org\/{rel}","templated":true}]}}