{"id":1010,"date":"2017-08-18T09:29:49","date_gmt":"2017-08-18T06:29:49","guid":{"rendered":"http:\/\/www.brandner.ee\/?page_id=1010\/"},"modified":"2026-03-17T13:30:43","modified_gmt":"2026-03-17T11:30:43","slug":"pikatyot-protolevyille","status":"publish","type":"page","link":"https:\/\/www.brandner.ee\/fi\/tuotantomahdollisuudet\/pikatyot-protolevyille\/","title":{"rendered":"Pikaty\u00f6t Protolevyille"},"content":{"rendered":"<h4><strong>24 tunnissa valmistetut piirilevyt:<\/strong><\/h4>\n<ul>\n<li class=\"western\">jopa 10 kerrosta<\/li>\n<li class=\"western\">maksimitilausala 16 dm\u00b2<\/li>\n<li class=\"western\">minimirei\u00e4n halkaisija 0,2 mm<\/li>\n<li class=\"western\">jopa 10 000 reik\u00e4\u00e4 tilausta kohden<\/li>\n<li class=\"western\">vihre\u00e4 juotosmaski<\/li>\n<li class=\"western\">yksitt\u00e4iset piirilevyt tai paneelit, jos paneeli on koottu asiakkaan toimesta ja paneelin gerberit l\u00e4hetet\u00e4\u00e4n<\/li>\n<li class=\"western\">ei sokeita tai haudattuja reiki\u00e4, ei monipaneelireiki\u00e4<\/li>\n<\/ul>\n<h4><strong>48 <\/strong><strong>tunnissa valmistetut piirilevyt<\/strong><strong>:<\/strong><\/h4>\n<ul>\n<li class=\"western\">jopa 16 kerrosta<\/li>\n<li class=\"western\">maksimitilauspinta-ala 33 dm\u00b2<\/li>\n<li class=\"western\">minimirei\u00e4n halkaisija 0,2 mm<\/li>\n<li class=\"western\">jopa 25 000 reik\u00e4\u00e4 tilausta kohden<\/li>\n<li class=\"western\">vihre\u00e4 juotosmaski<\/li>\n<li class=\"western\">yksitt\u00e4iset piirilevyt tai paneelit, jos paneeli on koottu asiakkaan toimesta ja paneeliin l\u00e4hetet\u00e4\u00e4n gerber-narut<\/li>\n<li class=\"western\">ei sokeita tai haudattuja reiki\u00e4, ei monipaneelireiki\u00e4<\/li>\n<\/ul>\n<h4><strong>72 <\/strong><strong>tunnissa valmistetut piirilevyt<\/strong><strong>:<\/strong><\/h4>\n<ul>\n<li class=\"western\">jopa 24 kerrosta<\/li>\n<li class=\"western\">maksimitilauspinta-ala 33 dm\u00b2<\/li>\n<li class=\"western\">minimirei\u00e4n halkaisija 0,2 mm<\/li>\n<li class=\"western\">jopa 35 000 reik\u00e4\u00e4 tilausta<\/li>\n<li class=\"western\"><a name=\"tw-target-text Copy 9\"><\/a>vihre\u00e4 juotosmaski<\/li>\n<li class=\"western\">yksi piirilevy, paneeli tai monipaneeli \u2013 kaikki vaihtoehdot saatavilla<\/li>\n<li class=\"western\">paneelitus pyynn\u00f6st\u00e4 yksitt\u00e4iselle piirilevylle<\/li>\n<li class=\"western\">ei sokeita tai haudattuja reiki\u00e4, ei puolileikattuja uria\/reiki\u00e4<\/li>\n<\/ul>\n<p class=\"western\"><strong>Pikatilaus kaikkine tiedostoineen on teht\u00e4v\u00e4 ja vahvistettava viimeist\u00e4\u00e4n klo 12.00 (GMT+2) menness\u00e4.<\/strong><\/p>\n<p class=\"western\"><strong>Asiakas on t\u00e4ysin vastuussa Gerber-tiedostoissa l\u00f6ydetyist\u00e4 suunnitteluvirheist\u00e4. Valmistaja ei ole vastuussa suunnittelusta johtuvien virheiden l\u00f6yt\u00e4misest\u00e4 ja raportoinnista. <\/strong><\/p>\n<p class=\"western\"><strong>Sokeilla ja haudatuilla rei&#8217;ill\u00e4 varustettujen piirilevyjen valmistusaika alkaa 5 WD! <\/strong><\/p>\n<p class=\"western\"><strong>Tarvitsetko kiireellisesti sokeilla ja\/tai haudatuilla rei&#8217;ill\u00e4 varustetun piirilevyn?<\/strong><\/p>\n<p class=\"western\">Valmistamme sokeilla tai haudatuilla rei&#8217;ill\u00e4 varustetut piirilevyt 5 WD, jos:<\/p>\n<ul>\n<li class=\"western\">jopa 12 kerrosta;<\/li>\n<li class=\"western\">min. l\u00e4pimitta 0,2 mm;<\/li>\n<li class=\"western\">reiki\u00e4 tilausta kohden 30 000 tai v\u00e4hemm\u00e4n;<\/li>\n<li class=\"western\">suurin tilausala 360 x 460 mm.<\/li>\n<\/ul>\n<p class=\"western\">L\u00e4het\u00e4 tiedustelu osoitteeseen <a href=\"mailto:sales@brandner.ee\">sales@brandner.ee<\/a><strong>!<\/strong><\/p>\n<p><img loading=\"lazy\" decoding=\"async\" class=\"alignnone wp-image-396\" src=\"https:\/\/www.brandner.ee\/wp-content\/uploads\/2017\/08\/SpeedBRN-300x200.jpg\" alt=\"\" width=\"515\" height=\"343\" srcset=\"https:\/\/www.brandner.ee\/wp-content\/uploads\/2017\/08\/SpeedBRN-300x200.jpg 300w, https:\/\/www.brandner.ee\/wp-content\/uploads\/2017\/08\/SpeedBRN.jpg 500w\" sizes=\"(max-width: 515px) 100vw, 515px\" \/><\/p>\n","protected":false},"excerpt":{"rendered":"<p>24 tunnissa valmistetut piirilevyt: jopa 10 kerrosta maksimitilausala 16 dm\u00b2 minimirei\u00e4n halkaisija 0,2 mm jopa 10 000 reik\u00e4\u00e4 tilausta kohden vihre\u00e4 juotosmaski yksitt\u00e4iset piirilevyt tai paneelit, jos paneeli on koottu asiakkaan toimesta ja paneelin gerberit l\u00e4hetet\u00e4\u00e4n ei sokeita tai haudattuja reiki\u00e4, ei monipaneelireiki\u00e4 48 tunnissa valmistetut piirilevyt: jopa 16 kerrosta maksimitilauspinta-ala 33 dm\u00b2 minimirei\u00e4n halkaisija &hellip;<\/p>\n","protected":false},"author":31,"featured_media":0,"parent":999,"menu_order":110,"comment_status":"closed","ping_status":"closed","template":"template_content-sidebar.php","meta":{"footnotes":""},"yoast_head":"<!-- This site is optimized with the Yoast SEO plugin v21.5 - https:\/\/yoast.com\/wordpress\/plugins\/seo\/ -->\n<title>Pikaty\u00f6t Protolevyille - Brandner<\/title>\n<meta name=\"robots\" content=\"index, follow, max-snippet:-1, max-image-preview:large, max-video-preview:-1\" \/>\n<link rel=\"canonical\" href=\"https:\/\/www.brandner.ee\/fi\/tuotantomahdollisuudet\/pikatyot-protolevyille\/\" \/>\n<meta property=\"og:locale\" content=\"fi_FI\" \/>\n<meta property=\"og:type\" content=\"article\" \/>\n<meta property=\"og:title\" content=\"Pikaty\u00f6t Protolevyille - Brandner\" \/>\n<meta property=\"og:description\" content=\"24 tunnissa valmistetut piirilevyt: jopa 10 kerrosta maksimitilausala 16 dm\u00b2 minimirei\u00e4n halkaisija 0,2 mm jopa 10 000 reik\u00e4\u00e4 tilausta kohden vihre\u00e4 juotosmaski yksitt\u00e4iset piirilevyt tai paneelit, jos paneeli on koottu asiakkaan toimesta ja paneelin gerberit l\u00e4hetet\u00e4\u00e4n ei sokeita tai haudattuja reiki\u00e4, ei monipaneelireiki\u00e4 48 tunnissa valmistetut piirilevyt: jopa 16 kerrosta maksimitilauspinta-ala 33 dm\u00b2 minimirei\u00e4n halkaisija &hellip;\" \/>\n<meta property=\"og:url\" content=\"https:\/\/www.brandner.ee\/fi\/tuotantomahdollisuudet\/pikatyot-protolevyille\/\" \/>\n<meta property=\"og:site_name\" content=\"Brandner\" \/>\n<meta property=\"article:modified_time\" content=\"2026-03-17T11:30:43+00:00\" \/>\n<meta property=\"og:image\" content=\"https:\/\/www.brandner.ee\/wp-content\/uploads\/2017\/08\/SpeedBRN-300x200.jpg\" \/>\n<meta name=\"twitter:card\" content=\"summary_large_image\" \/>\n<meta name=\"twitter:label1\" content=\"Arvioitu lukuaika\" \/>\n\t<meta name=\"twitter:data1\" content=\"2 minuuttia\" \/>\n<script type=\"application\/ld+json\" class=\"yoast-schema-graph\">{\"@context\":\"https:\/\/schema.org\",\"@graph\":[{\"@type\":\"WebPage\",\"@id\":\"https:\/\/www.brandner.ee\/fi\/tuotantomahdollisuudet\/pikatyot-protolevyille\/\",\"url\":\"https:\/\/www.brandner.ee\/fi\/tuotantomahdollisuudet\/pikatyot-protolevyille\/\",\"name\":\"Pikaty\u00f6t Protolevyille - Brandner\",\"isPartOf\":{\"@id\":\"https:\/\/www.brandner.ee\/#website\"},\"datePublished\":\"2017-08-18T06:29:49+00:00\",\"dateModified\":\"2026-03-17T11:30:43+00:00\",\"breadcrumb\":{\"@id\":\"https:\/\/www.brandner.ee\/fi\/tuotantomahdollisuudet\/pikatyot-protolevyille\/#breadcrumb\"},\"inLanguage\":\"fi\",\"potentialAction\":[{\"@type\":\"ReadAction\",\"target\":[\"https:\/\/www.brandner.ee\/fi\/tuotantomahdollisuudet\/pikatyot-protolevyille\/\"]}]},{\"@type\":\"BreadcrumbList\",\"@id\":\"https:\/\/www.brandner.ee\/fi\/tuotantomahdollisuudet\/pikatyot-protolevyille\/#breadcrumb\",\"itemListElement\":[{\"@type\":\"ListItem\",\"position\":1,\"name\":\"Home\",\"item\":\"https:\/\/www.brandner.ee\/fi\/\"},{\"@type\":\"ListItem\",\"position\":2,\"name\":\"Tuotantomahdollisuudet\",\"item\":\"https:\/\/www.brandner.ee\/fi\/tuotantomahdollisuudet\/\"},{\"@type\":\"ListItem\",\"position\":3,\"name\":\"Pikaty\u00f6t Protolevyille\"}]},{\"@type\":\"WebSite\",\"@id\":\"https:\/\/www.brandner.ee\/#website\",\"url\":\"https:\/\/www.brandner.ee\/\",\"name\":\"Brandner\",\"description\":\"PCB manufacturing\",\"potentialAction\":[{\"@type\":\"SearchAction\",\"target\":{\"@type\":\"EntryPoint\",\"urlTemplate\":\"https:\/\/www.brandner.ee\/?s={search_term_string}\"},\"query-input\":\"required name=search_term_string\"}],\"inLanguage\":\"fi\"}]}<\/script>\n<!-- \/ Yoast SEO plugin. -->","yoast_head_json":{"title":"Pikaty\u00f6t Protolevyille - Brandner","robots":{"index":"index","follow":"follow","max-snippet":"max-snippet:-1","max-image-preview":"max-image-preview:large","max-video-preview":"max-video-preview:-1"},"canonical":"https:\/\/www.brandner.ee\/fi\/tuotantomahdollisuudet\/pikatyot-protolevyille\/","og_locale":"fi_FI","og_type":"article","og_title":"Pikaty\u00f6t Protolevyille - Brandner","og_description":"24 tunnissa valmistetut piirilevyt: jopa 10 kerrosta maksimitilausala 16 dm\u00b2 minimirei\u00e4n halkaisija 0,2 mm jopa 10 000 reik\u00e4\u00e4 tilausta kohden vihre\u00e4 juotosmaski yksitt\u00e4iset piirilevyt tai paneelit, jos paneeli on koottu asiakkaan toimesta ja paneelin gerberit l\u00e4hetet\u00e4\u00e4n ei sokeita tai haudattuja reiki\u00e4, ei monipaneelireiki\u00e4 48 tunnissa valmistetut piirilevyt: jopa 16 kerrosta maksimitilauspinta-ala 33 dm\u00b2 minimirei\u00e4n halkaisija &hellip;","og_url":"https:\/\/www.brandner.ee\/fi\/tuotantomahdollisuudet\/pikatyot-protolevyille\/","og_site_name":"Brandner","article_modified_time":"2026-03-17T11:30:43+00:00","og_image":[{"url":"https:\/\/www.brandner.ee\/wp-content\/uploads\/2017\/08\/SpeedBRN-300x200.jpg"}],"twitter_card":"summary_large_image","twitter_misc":{"Arvioitu lukuaika":"2 minuuttia"},"schema":{"@context":"https:\/\/schema.org","@graph":[{"@type":"WebPage","@id":"https:\/\/www.brandner.ee\/fi\/tuotantomahdollisuudet\/pikatyot-protolevyille\/","url":"https:\/\/www.brandner.ee\/fi\/tuotantomahdollisuudet\/pikatyot-protolevyille\/","name":"Pikaty\u00f6t Protolevyille - Brandner","isPartOf":{"@id":"https:\/\/www.brandner.ee\/#website"},"datePublished":"2017-08-18T06:29:49+00:00","dateModified":"2026-03-17T11:30:43+00:00","breadcrumb":{"@id":"https:\/\/www.brandner.ee\/fi\/tuotantomahdollisuudet\/pikatyot-protolevyille\/#breadcrumb"},"inLanguage":"fi","potentialAction":[{"@type":"ReadAction","target":["https:\/\/www.brandner.ee\/fi\/tuotantomahdollisuudet\/pikatyot-protolevyille\/"]}]},{"@type":"BreadcrumbList","@id":"https:\/\/www.brandner.ee\/fi\/tuotantomahdollisuudet\/pikatyot-protolevyille\/#breadcrumb","itemListElement":[{"@type":"ListItem","position":1,"name":"Home","item":"https:\/\/www.brandner.ee\/fi\/"},{"@type":"ListItem","position":2,"name":"Tuotantomahdollisuudet","item":"https:\/\/www.brandner.ee\/fi\/tuotantomahdollisuudet\/"},{"@type":"ListItem","position":3,"name":"Pikaty\u00f6t Protolevyille"}]},{"@type":"WebSite","@id":"https:\/\/www.brandner.ee\/#website","url":"https:\/\/www.brandner.ee\/","name":"Brandner","description":"PCB manufacturing","potentialAction":[{"@type":"SearchAction","target":{"@type":"EntryPoint","urlTemplate":"https:\/\/www.brandner.ee\/?s={search_term_string}"},"query-input":"required name=search_term_string"}],"inLanguage":"fi"}]}},"_links":{"self":[{"href":"https:\/\/www.brandner.ee\/fi\/wp-json\/wp\/v2\/pages\/1010"}],"collection":[{"href":"https:\/\/www.brandner.ee\/fi\/wp-json\/wp\/v2\/pages"}],"about":[{"href":"https:\/\/www.brandner.ee\/fi\/wp-json\/wp\/v2\/types\/page"}],"author":[{"embeddable":true,"href":"https:\/\/www.brandner.ee\/fi\/wp-json\/wp\/v2\/users\/31"}],"replies":[{"embeddable":true,"href":"https:\/\/www.brandner.ee\/fi\/wp-json\/wp\/v2\/comments?post=1010"}],"version-history":[{"count":14,"href":"https:\/\/www.brandner.ee\/fi\/wp-json\/wp\/v2\/pages\/1010\/revisions"}],"predecessor-version":[{"id":13040,"href":"https:\/\/www.brandner.ee\/fi\/wp-json\/wp\/v2\/pages\/1010\/revisions\/13040"}],"up":[{"embeddable":true,"href":"https:\/\/www.brandner.ee\/fi\/wp-json\/wp\/v2\/pages\/999"}],"wp:attachment":[{"href":"https:\/\/www.brandner.ee\/fi\/wp-json\/wp\/v2\/media?parent=1010"}],"curies":[{"name":"wp","href":"https:\/\/api.w.org\/{rel}","templated":true}]}}