{"id":1007,"date":"2017-08-18T09:25:21","date_gmt":"2017-08-18T06:25:21","guid":{"rendered":"http:\/\/www.brandner.ee\/?page_id=1007\/"},"modified":"2019-01-11T14:23:06","modified_gmt":"2019-01-11T12:23:06","slug":"prototyypit","status":"publish","type":"page","link":"https:\/\/www.brandner.ee\/fi\/tuotantomahdollisuudet\/prototyypit\/","title":{"rendered":"Prototyypit"},"content":{"rendered":"<ul>\n<li>1-12 kpl;<\/li>\n<li>vakiopaksuudet 0.36 &#8211; 2.4mm;<\/li>\n<li>monikerros tai kaksipuoliset piirilevyt;<\/li>\n<li>sokeat ja haudatut l\u00e4piviennit;<\/li>\n<li>erikoiskasaukset;<\/li>\n<li>toimitusajat 24h, 48h, 72h, jne;<\/li>\n<li>UL hyv\u00e4ksytty<\/li>\n<li>Ei aloituskustannuksia, ei minimitilausm\u00e4\u00e4r\u00e4\u00e4<\/li>\n<\/ul>\n<p>&nbsp;<\/p>\n<p>Kysy tarjousta:\u00a0<a href=\"mailto:sales@brandner.ee\">sales@brandner.ee<\/a><\/p>\n<p>tai <a href=\"https:\/\/www.brandner.ee\/fi\/kysy-hintatarjousta\/\">pyyd\u00e4 hintatarjousta<\/a><\/p>\n","protected":false},"excerpt":{"rendered":"<p>1-12 kpl; vakiopaksuudet 0.36 &#8211; 2.4mm; monikerros tai kaksipuoliset piirilevyt; sokeat ja haudatut l\u00e4piviennit; erikoiskasaukset; toimitusajat 24h, 48h, 72h, jne; UL hyv\u00e4ksytty Ei aloituskustannuksia, ei minimitilausm\u00e4\u00e4r\u00e4\u00e4 &nbsp; Kysy tarjousta:\u00a0sales@brandner.ee tai pyyd\u00e4 hintatarjousta<\/p>\n","protected":false},"author":31,"featured_media":0,"parent":999,"menu_order":90,"comment_status":"closed","ping_status":"closed","template":"template_content-sidebar.php","meta":{"footnotes":""},"yoast_head":"<!-- This site is optimized with the Yoast SEO plugin v21.5 - https:\/\/yoast.com\/wordpress\/plugins\/seo\/ -->\n<title>Prototyypit - Brandner<\/title>\n<meta name=\"robots\" content=\"index, follow, max-snippet:-1, max-image-preview:large, max-video-preview:-1\" \/>\n<link rel=\"canonical\" href=\"https:\/\/www.brandner.ee\/fi\/tuotantomahdollisuudet\/prototyypit\/\" \/>\n<meta property=\"og:locale\" content=\"fi_FI\" \/>\n<meta property=\"og:type\" content=\"article\" \/>\n<meta property=\"og:title\" content=\"Prototyypit - Brandner\" \/>\n<meta property=\"og:description\" content=\"1-12 kpl; vakiopaksuudet 0.36 &#8211; 2.4mm; monikerros tai kaksipuoliset piirilevyt; sokeat ja haudatut l\u00e4piviennit; erikoiskasaukset; toimitusajat 24h, 48h, 72h, jne; UL hyv\u00e4ksytty Ei aloituskustannuksia, ei minimitilausm\u00e4\u00e4r\u00e4\u00e4 &nbsp; Kysy tarjousta:\u00a0sales@brandner.ee tai pyyd\u00e4 hintatarjousta\" \/>\n<meta property=\"og:url\" content=\"https:\/\/www.brandner.ee\/fi\/tuotantomahdollisuudet\/prototyypit\/\" \/>\n<meta property=\"og:site_name\" content=\"Brandner\" \/>\n<meta property=\"article:modified_time\" content=\"2019-01-11T12:23:06+00:00\" \/>\n<meta name=\"twitter:card\" content=\"summary_large_image\" \/>\n<script type=\"application\/ld+json\" class=\"yoast-schema-graph\">{\"@context\":\"https:\/\/schema.org\",\"@graph\":[{\"@type\":\"WebPage\",\"@id\":\"https:\/\/www.brandner.ee\/fi\/tuotantomahdollisuudet\/prototyypit\/\",\"url\":\"https:\/\/www.brandner.ee\/fi\/tuotantomahdollisuudet\/prototyypit\/\",\"name\":\"Prototyypit - Brandner\",\"isPartOf\":{\"@id\":\"https:\/\/www.brandner.ee\/#website\"},\"datePublished\":\"2017-08-18T06:25:21+00:00\",\"dateModified\":\"2019-01-11T12:23:06+00:00\",\"breadcrumb\":{\"@id\":\"https:\/\/www.brandner.ee\/fi\/tuotantomahdollisuudet\/prototyypit\/#breadcrumb\"},\"inLanguage\":\"fi\",\"potentialAction\":[{\"@type\":\"ReadAction\",\"target\":[\"https:\/\/www.brandner.ee\/fi\/tuotantomahdollisuudet\/prototyypit\/\"]}]},{\"@type\":\"BreadcrumbList\",\"@id\":\"https:\/\/www.brandner.ee\/fi\/tuotantomahdollisuudet\/prototyypit\/#breadcrumb\",\"itemListElement\":[{\"@type\":\"ListItem\",\"position\":1,\"name\":\"Home\",\"item\":\"https:\/\/www.brandner.ee\/fi\/\"},{\"@type\":\"ListItem\",\"position\":2,\"name\":\"Tuotantomahdollisuudet\",\"item\":\"https:\/\/www.brandner.ee\/fi\/tuotantomahdollisuudet\/\"},{\"@type\":\"ListItem\",\"position\":3,\"name\":\"Prototyypit\"}]},{\"@type\":\"WebSite\",\"@id\":\"https:\/\/www.brandner.ee\/#website\",\"url\":\"https:\/\/www.brandner.ee\/\",\"name\":\"Brandner\",\"description\":\"PCB manufacturing\",\"potentialAction\":[{\"@type\":\"SearchAction\",\"target\":{\"@type\":\"EntryPoint\",\"urlTemplate\":\"https:\/\/www.brandner.ee\/?s={search_term_string}\"},\"query-input\":\"required name=search_term_string\"}],\"inLanguage\":\"fi\"}]}<\/script>\n<!-- \/ Yoast SEO plugin. -->","yoast_head_json":{"title":"Prototyypit - Brandner","robots":{"index":"index","follow":"follow","max-snippet":"max-snippet:-1","max-image-preview":"max-image-preview:large","max-video-preview":"max-video-preview:-1"},"canonical":"https:\/\/www.brandner.ee\/fi\/tuotantomahdollisuudet\/prototyypit\/","og_locale":"fi_FI","og_type":"article","og_title":"Prototyypit - Brandner","og_description":"1-12 kpl; vakiopaksuudet 0.36 &#8211; 2.4mm; monikerros tai kaksipuoliset piirilevyt; sokeat ja haudatut l\u00e4piviennit; erikoiskasaukset; toimitusajat 24h, 48h, 72h, jne; UL hyv\u00e4ksytty Ei aloituskustannuksia, ei minimitilausm\u00e4\u00e4r\u00e4\u00e4 &nbsp; Kysy tarjousta:\u00a0sales@brandner.ee tai pyyd\u00e4 hintatarjousta","og_url":"https:\/\/www.brandner.ee\/fi\/tuotantomahdollisuudet\/prototyypit\/","og_site_name":"Brandner","article_modified_time":"2019-01-11T12:23:06+00:00","twitter_card":"summary_large_image","schema":{"@context":"https:\/\/schema.org","@graph":[{"@type":"WebPage","@id":"https:\/\/www.brandner.ee\/fi\/tuotantomahdollisuudet\/prototyypit\/","url":"https:\/\/www.brandner.ee\/fi\/tuotantomahdollisuudet\/prototyypit\/","name":"Prototyypit - Brandner","isPartOf":{"@id":"https:\/\/www.brandner.ee\/#website"},"datePublished":"2017-08-18T06:25:21+00:00","dateModified":"2019-01-11T12:23:06+00:00","breadcrumb":{"@id":"https:\/\/www.brandner.ee\/fi\/tuotantomahdollisuudet\/prototyypit\/#breadcrumb"},"inLanguage":"fi","potentialAction":[{"@type":"ReadAction","target":["https:\/\/www.brandner.ee\/fi\/tuotantomahdollisuudet\/prototyypit\/"]}]},{"@type":"BreadcrumbList","@id":"https:\/\/www.brandner.ee\/fi\/tuotantomahdollisuudet\/prototyypit\/#breadcrumb","itemListElement":[{"@type":"ListItem","position":1,"name":"Home","item":"https:\/\/www.brandner.ee\/fi\/"},{"@type":"ListItem","position":2,"name":"Tuotantomahdollisuudet","item":"https:\/\/www.brandner.ee\/fi\/tuotantomahdollisuudet\/"},{"@type":"ListItem","position":3,"name":"Prototyypit"}]},{"@type":"WebSite","@id":"https:\/\/www.brandner.ee\/#website","url":"https:\/\/www.brandner.ee\/","name":"Brandner","description":"PCB manufacturing","potentialAction":[{"@type":"SearchAction","target":{"@type":"EntryPoint","urlTemplate":"https:\/\/www.brandner.ee\/?s={search_term_string}"},"query-input":"required name=search_term_string"}],"inLanguage":"fi"}]}},"_links":{"self":[{"href":"https:\/\/www.brandner.ee\/fi\/wp-json\/wp\/v2\/pages\/1007"}],"collection":[{"href":"https:\/\/www.brandner.ee\/fi\/wp-json\/wp\/v2\/pages"}],"about":[{"href":"https:\/\/www.brandner.ee\/fi\/wp-json\/wp\/v2\/types\/page"}],"author":[{"embeddable":true,"href":"https:\/\/www.brandner.ee\/fi\/wp-json\/wp\/v2\/users\/31"}],"replies":[{"embeddable":true,"href":"https:\/\/www.brandner.ee\/fi\/wp-json\/wp\/v2\/comments?post=1007"}],"version-history":[{"count":6,"href":"https:\/\/www.brandner.ee\/fi\/wp-json\/wp\/v2\/pages\/1007\/revisions"}],"predecessor-version":[{"id":4423,"href":"https:\/\/www.brandner.ee\/fi\/wp-json\/wp\/v2\/pages\/1007\/revisions\/4423"}],"up":[{"embeddable":true,"href":"https:\/\/www.brandner.ee\/fi\/wp-json\/wp\/v2\/pages\/999"}],"wp:attachment":[{"href":"https:\/\/www.brandner.ee\/fi\/wp-json\/wp\/v2\/media?parent=1007"}],"curies":[{"name":"wp","href":"https:\/\/api.w.org\/{rel}","templated":true}]}}