{"id":860,"date":"2017-08-17T11:17:20","date_gmt":"2017-08-17T08:17:20","guid":{"rendered":"http:\/\/www.brandner.ee\/?page_id=860\/"},"modified":"2025-07-02T14:39:48","modified_gmt":"2025-07-02T11:39:48","slug":"tarnetingimused","status":"publish","type":"page","link":"https:\/\/www.brandner.ee\/et\/tarnetingimused\/","title":{"rendered":"Tarnetingimused"},"content":{"rendered":"<h2 class=\"western\" align=\"justify\"><strong>Brandner Electronics O\u00dc poolt m\u00fc\u00fcdavate tr\u00fckkplaatide tarnetingimused<\/strong><\/h2>\n<p class=\"western\" align=\"justify\">K\u00e4esolevas dokumendis on esitatud Brandner Electronics O\u00dc (registrikood: 17117350, registreeritud asukoht: T\u00f6\u00f6stuse 17, 72720 Paide) (\u201eTarnija\u201c) poolt m\u00fc\u00fcdavate tr\u00fckkplaatide tarnetingimused (\u201eTingimused\u201c).<\/p>\n<p>Tingimused kehtivad esitatud kujul alates 01.07.2025. Tarnetingimuste kehtiv versioon ja Tarnija kontaktandmed on k\u00e4ttesaadavad Tarnija kodulehel www.brandner.ee.<\/p>\n<p><strong>\u00dclds\u00e4tted<\/strong><br \/>\n1. Tingimuste kohaldamine. Kui Tehingu poolte vahel ei ole kokkulepitud teisiti, kohalduvad Tingimused k\u00f5ikidele m\u00fc\u00fcgitehingutele, kus Tarnija m\u00fc\u00fcb ja tarnib teisele isikule (\u201eKlient\u201c, edaspidi koos Tarnijaga \u201ePooled\u201c) tr\u00fckkplaate (\u201eTehing\u201c).<\/p>\n<p>2.\u00a0<strong>Erandid<\/strong>. Pooled v\u00f5ivad (teatud asjaolude osas) kokku leppida Tingimustes s\u00e4testatust erinevad tingimused. Sellisel juhul kehtivad vastavas osas eraldi kokkulepitud tingimused ning eraldi kokkuleppimata tingimuste osas kohaldatakse k\u00e4esolevaid Tingimusi. K\u00f5ik asjassepuutuvad teated ja kokkulepped edastatakse Poolte vahel kirjalikku taasesitamist v\u00f5imaldavas vormis.<\/p>\n<p><strong>Tehingu tegemine<\/strong><br \/>\n3. Tehingu algatamine, hinnapakkumine. Tehingu algatamiseks esitab Klient Tarnijale soovitava tr\u00fckkplaadi (\u201eToode\u201c) digitaalse, Tarnija poolt aktsepteeritavas formaadis kirjelduse koos vajalike spetsifikatsioonidega ning soovitavad Toote tarnimise tingimused (\u201eP\u00e4ring\u201c). Toote kirjeldus ja spetsifikatsioon peavad vastavama rahvusvaheliste standardite IPC A-600H ja IPC 6012B n\u00f5uetele, mis on k\u00e4ttesaadavad veebaadressilt www.ipc.org. Tarnijal on \u00f5igus n\u00f5uda P\u00e4ringus esitatud andmete t\u00e4psustamist. Esitatud P\u00e4ringu p\u00f5hjal koostab Tarnija hinnapakkumise (\u201eHinnapakkumine\u201c) ja esitab selle Kliendile. Tarnijal on \u00f5igus loobuda Hinnapakkumise esitamisest, teatades sellest Kliendile.<br \/>\n4. Tellimus. Kliendi kirjalikku taasesitamist v\u00f5imaldavas vormis antud n\u00f5usolekut Hinnapakkumises toodud tingimuste kohaselt ja kirjeldusele vastavat toodet tellida loevad Pooled Tellimuseks.<br \/>\n5. Tellimuskinnitus ja lepingu s\u00f5lmimine. Tarnija kinnitab saadud Tellimuse alusel v\u00f5etud tarnekohustust Tellimuskinnituse edastamisega Kliendile. Tellimuskinnituses esitatakse soovitava Toote kirjeldus, Toote hind, Toote tarnetingimused (s.h. tarnep\u00e4ev valmistajatehasest ja transporditingimused) ja maksetingimused (\u201eTellimuskinnitus\u201c). Tellimuskinnituses v\u00f5ib esitada ka muid andmeid, mida Tarnija asjakohaseks peab v\u00f5i mida Klient on soovinud t\u00e4psustada. Leping Tehingu tegemiseks (\u201eLeping\u201c) loetakse s\u00f5lmituks Tellimuskinnituse v\u00e4ljastamisega Tarnija poolt. Tellimuskinnituse edastab Tarnija Kliendile aadressile, mille kaudu Klient esitas Tellimuse.<\/p>\n<p><strong>Toote tarne tingimused<\/strong><br \/>\n6. Tarne. Tarnija kohustub Toote tarnima koosk\u00f5las Tehingu tingimustega. Tarnija asub Toodet tarnima p\u00e4rast Tehingu tegemist ning Lepingu s\u00f5lmimist koosk\u00f5las Tingimuste punktiga 5. Tarneaeg pikeneb automaatselt aja v\u00f5rra, mis kulub Tellimuse t\u00e4itmise k\u00e4igus tekkida v\u00f5ivatele tehnilistele k\u00fcsimustele vastuste v\u00f5i n\u00f5usolekute saamiseks Kliendilt.<br \/>\n7. Eeltingimuste t\u00e4itmine. Kui Tehingu tingimuste kohaselt on Klient kohustatud tasuma ettemaksu v\u00f5i t\u00e4itma muid eeltingimuseks olevaid kohustusi, asub Tarnija Toodet tarnima p\u00e4rast ettemaksu laekumist v\u00f5i muude vastavate kohustuste t\u00e4itmist.<br \/>\n8. Tarne peatamine, rahalise limiidi kehtestamine, tarnet\u00e4htaja pikenemine. Tarnijal on \u00f5igus mitte alustada tarnimist v\u00f5i tarnimine peatada juhul, kui Kliendil on tema ees muid t\u00e4itmata kohustusi (eelk\u00f5ige juhul, kui Klient ei ole t\u00e4htaegselt t\u00e4itnud muudest Tehingutest tulenevaid kohustusi). Tarnijal on \u00f5igus oma paremal \u00e4ran\u00e4gemisel kehtestada Kliendile rahaline limiit, mille ulatuses v\u00f5ib sellel Kliendil olla Tarnija ees Tehingutest tulenevaid rahalisi kohustusi mille tasumise t\u00e4htaeg pole veel saabunud. Tarnijal on \u00f5igus Toodet seni mitte tarnida, kuni selliste kohustuste kogusumma nimetatud limiiti \u00fcletab. Tarnija informeerib Klienti sellise limiidi olemasolust ja suurusest Kliendi j\u00e4relp\u00e4rimise alusel. Kui Tarnija l\u00fckkab k\u00e4esolevas punktis nimetatud alustel Toote tarnimise alustamise edasi, loetakse Tehingus kokkulepitud tarnet\u00e4htaeg automaatselt vastava perioodi v\u00f5rra pikenenuks.<br \/>\n9. Pakkimine, transport ja Toote \u00fcleandmine. Tarnija pakib iga Toote vastavalt rahvusvahelistes standardites IPC A-600H ja IPC 6012B vastava toote jaoks etten\u00e4htud reeglitele. Toote soovitava transpordiviisi ja transporditeenuse osutaja n\u00e4itab Klient P\u00e4ringu esitamisel. Kui Klient transpordiviisi ja teenuse osutajat Tarnijale teatavaks ei tee, valib need Tarnija oma paremal \u00e4ran\u00e4gemisel, arvestades sealjuures oma kogemusi Tootega sarnaste kaupade tarnimisel. Toote pakkimise kulud kannab Tarnija ja Toote transpordikulud kannab Klient. Tarnijal on \u00f5igus tasuda transpordikulu Kliendi eest ning lisada vastav kulu Kliendile esitatavale arvele. Toode loetakse Kliendile \u00fcleantuks alates hetkest, millal Toode on \u00fcle antud transporditeenuse osutajale.<br \/>\n10. Tarne hilinemine. Kui Toodet ei ole v\u00f5imalik tarnida Tehingus kokkulepitud ajal, informeerib Tarnija sellest Klienti viivitamatult ning teatab uue tarneaja. Kui Tehingus oli kokkulepitud kiirtarnes ja Toode oli sellele vastavalt hinnastatud, siis sellise tarne hilinemisel korrigeerib Tarnija Toote hinda vastavalt tegelikule tarneajale.<\/p>\n<p><strong>Omandi \u00fclemineku tingimused<\/strong><br \/>\n11. Toote juhusliku h\u00e4vimise v\u00f5i kahjustumise riisiko \u00fcleminek. Toote juhusliku h\u00e4vimise v\u00f5i kahjustumise riisiko l\u00e4heb Kliendile \u00fcle alates hetkest, millal Toode on \u00fcle antud transporditeenuse osutajale v\u00f5i Kliendile.<br \/>\n12. Toote omandi\u00f5iguse \u00fcleminek ja omandireservatsioon. Toote omandi\u00f5igus l\u00e4heb Kliendile \u00fcle Toote \u00fcleandmisel transporditeenuse osutajale v\u00f5i Kliendile tingimusel, et Klient on Toote eest t\u00e4ielikult tasunud (s.t t\u00e4itnud kohaselt k\u00f5ik Tehingust tulenevad maksekohustused Tarnija ees). Kui Klient ei ole Toote eest selle \u00fcleandmisel t\u00e4ielikult tasunud, l\u00e4heb omandi\u00f5igus Kliendile \u00fcle t\u00e4ielikult tasumisel.<\/p>\n<p><strong>Kliendi kohustused Toote \u00fclevaatamisel ja kasutamisel<\/strong><br \/>\n13. Kliendi kohustus Toode \u00fcle vaadata ja puudustest informeerimine. Klient on kohustatud Toote k\u00e4ttesaamisel kontrollima, kas Toote kogus on koosk\u00f5las tarnele lisatud saatelehe ja Tehingus kokkulepituga ning tegema k\u00f5ik j\u00f5upingutused veendumaks, kas Toode on vastab Tehingus kokkulepitud kvaliteedile ja muudele tingimustele. Mis tahes puuduse avastamisest on Klient kohustatud Tarnijat informeerima viivitamatult kuid igal juhul hiljemalt 180 (\u00fchesaja kaheksak\u00fcmne) p\u00e4eva jooksul p\u00e4rast Toote k\u00e4ttesaamist. Tarnel v\u00f5i Tootel esinevatest puudustest teatamisega viivitamisel on Tarnijal \u00f5igus vastavat pretensiooni mitte arvestada.<br \/>\n14. Kliendi kohustus kasutada Toodet vastavalt etten\u00e4htud reeglitele. Klient on kohustatud kasutama Toodet vastavalt rahvusvahelistes standardites IPC A-600H v\u00f5i IPC 6012B etten\u00e4htud reeglitele. Kui Tarnija on andnud m\u00f5nele Tootele kaasa t\u00e4iendavad kasutusjuhendid, peab Klient Toote kasutamisel nendest juhinduma. Toote (s.h \u00fcmbert\u00f6\u00f6deldud Toote) \u00fcleandmisel kolmandatele isikutele on Klient kohustatud selliseid kolmandaid isikuid eelnimetatud kasutusreeglite j\u00e4rgmise kohustusest informeerima ning tagama, et sellised kolmandad isikud kasutusreegleid t\u00e4ies ulatuses j\u00e4rgiks.<\/p>\n<p><strong>Toote puudused<\/strong><br \/>\n15. Tehinguga kokkulepitust erinevate omadustega Toode. Kui selgub, et tarnitud Toode ei vasta Tehinguga kokkulepitud ja Tellimuskinnituses fikseeritud tingimustele ja selline mittevastavus on p\u00f5hjustatud tootmisveast v\u00f5i tootmisel kasutatud ebakvaliteetsest materjalist, kohustub Tarnija (eelnevalt Kliendiga konsulteerides) kas: (a) v\u00f5tma vastu tagastatud Toote ning k\u00f5rvaldama puudused v\u00f5i asendama mittevastava Toote \u00f5igete omadustega Tootega, (b) tegema mittevastavale Tootele allahindluse, v\u00f5i (c) kompenseerima Kliendile Toote maksumuse.<br \/>\n16. Toote tagastamine. Juhul, kui Klient soovib lasta Tarnijal k\u00f5rvaldada Toote puudused v\u00f5i soovib mittevastava Toote asendamist v\u00f5i selle maksumuse t\u00e4ielikku h\u00fcvitamist, tuleb mittevastav Toode Tarnija kulul Tarnijale tagastada. Kliendil on keelatud mittevastavat Toodet kasutada, muuta v\u00f5i \u00fcmber t\u00f6\u00f6delda ning lubada seda teha kolmandatel isikutel.<\/p>\n<p><strong>Tasumistingimused<\/strong><br \/>\n17. Toote eest tasumine. Klient tasub Toote eest vastavalt Tehingus kokkulepitud tingimustele ja Tarnija poolt v\u00e4ljastatud arvele.<br \/>\n18. Viivis. Juhul kui Klient viivitab maksete tasumisega, on ta Tarnija n\u00f5udmisel kohustatud tasuma viivist 0,1% (null koma \u00fcks protsenti) t\u00e4htajaks tasumata summalt iga tasumisega viivitatud p\u00e4eva eest.<\/p>\n<p><strong>Garantii ja Poolte vastutus<\/strong><br \/>\n19. Garantii. Tarnija annab 6 (kuue) kuu pikkuse garantii sellistele tarnitud Toodetele, mis kannavad m\u00e4rgistust \u201eBRN\u201c. Muudele tarnitud Toodetele Tarnija garantiid ei anna. Garantii kehtivuse t\u00e4htaeg algab Toote Kliendile \u00fcleandmisest. Garantii kehtib vaid tingimusel, et Klient v\u00f5i muu Toote kasutaja j\u00e4rgib Toote kasutamisel t\u00e4pselt rahvusvahelistes standardites IPC A-600H v\u00f5i IPC 6012B etten\u00e4htud reegleid. Garantii h\u00f5lmab \u00fcksnes vigu ja puudusi, mis on tekkinud tulenevalt tootmisveast v\u00f5i tootmisel kasutatud ebakvaliteetsest materjalist. Garantiist tulenevate \u00f5iguste teostamiseks kohustub Klient teatama Tarnijale puudusest viivitamatult, kuid igal juhul hiljemalt 30 (kolmek\u00fcmne) p\u00e4eva jooksul p\u00e4rast puuduse ilmnemist. Tarnija kohustub m\u00f5istliku aja jooksul oma kulul kas garantiiga h\u00f5lmatud puudused k\u00f5rvaldama v\u00f5i Toote asendama, vastavalt oma paremale \u00e4ran\u00e4gemisele. K\u00e4esolev garantii ei piira Kliendi muude seadusest tulenevate \u00f5iguste teostamist.<br \/>\n20. Tarnija vastutuse piirang. Tarnija ei vastuta seoses Toote (v\u00f5i \u00fcmbert\u00f6\u00f6deldud Toote) kasutamisega tekkinud kahju eest, kui kahju tekkimise p\u00f5hjuseks oli Toote mitte-n\u00f5uetekohane (s.t vastavaid reegleid ja juhendeid eirav) kasutamine v\u00f5i \u00fcmbert\u00f6\u00f6tlemine v\u00f5i muu Tingimustest v\u00f5i Tehingust tulenevate kohustuste rikkumine Kliendi poolt. Tarnija ei vastuta mittevastava Toote kasutamisest tekkiva kahju, samuti Tehingus s\u00e4testamata tingimuste mittevastavuse v\u00f5i sellest tuleneva v\u00f5imaliku edasise kahju eest. Tarnija rahaline vastutus seoses mittevastava Toote parandamise, asendamise v\u00f5i selle maksumuse h\u00fcvitamisega kaasnevate kulude eest on piiratud mittevastava Toote kahekordse tellimishinnaga. Tarnija ei vastuta tarne hilinemise eest, kui viivituse p\u00f5hjustas transporditeenuse osutaja.<br \/>\n21. Tellimuse muutmine. Juhul, kui Tarnija on asunud Lepingut t\u00e4itma ning Klient soovib muuta Toodet v\u00f5i Tellimust, on Tarnijal \u00f5igus n\u00f5uda Lepingu muutmisega seotud kulutuste h\u00fcvitamist. Selguse huvides, Tarnija ei ole kohustatud Toote v\u00f5i Tellimuse muutmisega n\u00f5ustuma.<\/p>\n<p><strong>L\u00f5pps\u00e4tted<\/strong><br \/>\n22. V\u00e4\u00e4ramatu j\u00f5ud. Tarnija ei vastuta oma Tehingust tulenevate kohustuste rikkumise eest, kui rikkumise p\u00f5hjustas v\u00e4\u00e4ramatu j\u00f5u asjaolude esinemine. V\u00e4\u00e4ramatu j\u00f5u asjaolude esinemisel teavitab Tarnija sellest Klienti viivitamatult.<br \/>\n23. Tehingu tingimuste muutmine. Kui Tingimustes pole s\u00e4testatud teisiti, saab Tehingu tingimusi muuta vaid Tehingu poolte kokkuleppel. Tarnija v\u00f5ib, sellest Kliendile teatades, muuta Tehingus kokkulepitud Toote hinda euro devalveerimise v\u00f5i revalveerimise korral, vastavalt devalveerimise v\u00f5i revalveerimise m\u00e4\u00e4rale.<br \/>\n24. Tingimuste muutmine. Tarnijal on \u00f5igus Tingimusi igal ajal muuta ja sellised muudatused hakkavad kehtima alates muutmise hetkest, kuid muudatused ei m\u00f5juta muutmise hetkeks s\u00f5lmitud Tehingute tingimusi. Tingimuste muutmisel avaldab Tarnija muudatused oma kodulehel. Tarnija v\u00f5ib saata muudetud Tingimused ka Kliendile. S\u00f5lmides Kliendiga p\u00e4rast Tingimuste muutmist esimese Tehingu viitab Tarnija muudetud Tingimustele.<br \/>\n25. Teated. Kui Tehingu poolte vahel pole kokkulepitud teisiti, tuleb Tehinguga seotud teated ja muu infovahetus esitada kirjalikku taasesitamist v\u00f5imaldavas vormis.<br \/>\n26. Konfidentsiaalsus. Pooled hoiavad Tehingu tingimusi konfidentsiaalsetena ning ei avalda neid kolmandatele isikutele ilma teise poole n\u00f5usolekuta.<br \/>\n27. Kohaldatav \u00f5igus ja vaidluste lahendamine. Lepingule kohaldatakse Eesti Vabariigi \u00f5igust. K\u00f5ik k\u00e4esolevast Lepingust tulenevad erimeelsused p\u00fc\u00fctakse lahendada l\u00e4bir\u00e4\u00e4kimiste teel. Juhul, kui l\u00e4bir\u00e4\u00e4kimised ei anna m\u00f5istliku aja jooksul tulemust, lahendatakse erimeelsused Harju Maakohtus, Kentmanni kohtumajas.<\/p>\n","protected":false},"excerpt":{"rendered":"<p>Brandner Electronics O\u00dc poolt m\u00fc\u00fcdavate tr\u00fckkplaatide tarnetingimused K\u00e4esolevas dokumendis on esitatud Brandner Electronics O\u00dc (registrikood: 17117350, registreeritud asukoht: T\u00f6\u00f6stuse 17, 72720 Paide) (\u201eTarnija\u201c) poolt m\u00fc\u00fcdavate tr\u00fckkplaatide tarnetingimused (\u201eTingimused\u201c). Tingimused kehtivad esitatud kujul alates 01.07.2025. Tarnetingimuste kehtiv versioon ja Tarnija kontaktandmed on k\u00e4ttesaadavad Tarnija kodulehel www.brandner.ee. \u00dclds\u00e4tted 1. Tingimuste kohaldamine. Kui Tehingu poolte vahel ei ole &hellip;<\/p>\n","protected":false},"author":31,"featured_media":0,"parent":0,"menu_order":0,"comment_status":"closed","ping_status":"closed","template":"","meta":{"footnotes":""},"yoast_head":"<!-- This site is optimized with the Yoast SEO plugin v21.5 - https:\/\/yoast.com\/wordpress\/plugins\/seo\/ -->\n<title>Tarnetingimused - Brandner<\/title>\n<meta name=\"robots\" content=\"index, follow, max-snippet:-1, max-image-preview:large, max-video-preview:-1\" \/>\n<link rel=\"canonical\" href=\"https:\/\/www.brandner.ee\/et\/tarnetingimused\/\" \/>\n<meta property=\"og:locale\" content=\"et_EE\" \/>\n<meta property=\"og:type\" content=\"article\" \/>\n<meta property=\"og:title\" content=\"Tarnetingimused - Brandner\" \/>\n<meta property=\"og:description\" content=\"Brandner Electronics O\u00dc poolt m\u00fc\u00fcdavate tr\u00fckkplaatide tarnetingimused K\u00e4esolevas dokumendis on esitatud Brandner Electronics O\u00dc (registrikood: 17117350, registreeritud asukoht: T\u00f6\u00f6stuse 17, 72720 Paide) (\u201eTarnija\u201c) poolt m\u00fc\u00fcdavate tr\u00fckkplaatide tarnetingimused (\u201eTingimused\u201c). Tingimused kehtivad esitatud kujul alates 01.07.2025. Tarnetingimuste kehtiv versioon ja Tarnija kontaktandmed on k\u00e4ttesaadavad Tarnija kodulehel www.brandner.ee. \u00dclds\u00e4tted 1. Tingimuste kohaldamine. Kui Tehingu poolte vahel ei ole &hellip;\" \/>\n<meta property=\"og:url\" content=\"https:\/\/www.brandner.ee\/et\/tarnetingimused\/\" \/>\n<meta property=\"og:site_name\" content=\"Brandner\" \/>\n<meta property=\"article:modified_time\" content=\"2025-07-02T11:39:48+00:00\" \/>\n<meta name=\"twitter:card\" content=\"summary_large_image\" \/>\n<meta name=\"twitter:label1\" content=\"Est. reading time\" \/>\n\t<meta name=\"twitter:data1\" content=\"8 minutit\" \/>\n<script type=\"application\/ld+json\" class=\"yoast-schema-graph\">{\"@context\":\"https:\/\/schema.org\",\"@graph\":[{\"@type\":\"WebPage\",\"@id\":\"https:\/\/www.brandner.ee\/et\/tarnetingimused\/\",\"url\":\"https:\/\/www.brandner.ee\/et\/tarnetingimused\/\",\"name\":\"Tarnetingimused - Brandner\",\"isPartOf\":{\"@id\":\"https:\/\/www.brandner.ee\/#website\"},\"datePublished\":\"2017-08-17T08:17:20+00:00\",\"dateModified\":\"2025-07-02T11:39:48+00:00\",\"breadcrumb\":{\"@id\":\"https:\/\/www.brandner.ee\/et\/tarnetingimused\/#breadcrumb\"},\"inLanguage\":\"et\",\"potentialAction\":[{\"@type\":\"ReadAction\",\"target\":[\"https:\/\/www.brandner.ee\/et\/tarnetingimused\/\"]}]},{\"@type\":\"BreadcrumbList\",\"@id\":\"https:\/\/www.brandner.ee\/et\/tarnetingimused\/#breadcrumb\",\"itemListElement\":[{\"@type\":\"ListItem\",\"position\":1,\"name\":\"Home\",\"item\":\"https:\/\/www.brandner.ee\/et\/\"},{\"@type\":\"ListItem\",\"position\":2,\"name\":\"Tarnetingimused\"}]},{\"@type\":\"WebSite\",\"@id\":\"https:\/\/www.brandner.ee\/#website\",\"url\":\"https:\/\/www.brandner.ee\/\",\"name\":\"Brandner\",\"description\":\"PCB manufacturing\",\"potentialAction\":[{\"@type\":\"SearchAction\",\"target\":{\"@type\":\"EntryPoint\",\"urlTemplate\":\"https:\/\/www.brandner.ee\/?s={search_term_string}\"},\"query-input\":\"required name=search_term_string\"}],\"inLanguage\":\"et\"}]}<\/script>\n<!-- \/ Yoast SEO plugin. -->","yoast_head_json":{"title":"Tarnetingimused - Brandner","robots":{"index":"index","follow":"follow","max-snippet":"max-snippet:-1","max-image-preview":"max-image-preview:large","max-video-preview":"max-video-preview:-1"},"canonical":"https:\/\/www.brandner.ee\/et\/tarnetingimused\/","og_locale":"et_EE","og_type":"article","og_title":"Tarnetingimused - Brandner","og_description":"Brandner Electronics O\u00dc poolt m\u00fc\u00fcdavate tr\u00fckkplaatide tarnetingimused K\u00e4esolevas dokumendis on esitatud Brandner Electronics O\u00dc (registrikood: 17117350, registreeritud asukoht: T\u00f6\u00f6stuse 17, 72720 Paide) (\u201eTarnija\u201c) poolt m\u00fc\u00fcdavate tr\u00fckkplaatide tarnetingimused (\u201eTingimused\u201c). Tingimused kehtivad esitatud kujul alates 01.07.2025. Tarnetingimuste kehtiv versioon ja Tarnija kontaktandmed on k\u00e4ttesaadavad Tarnija kodulehel www.brandner.ee. \u00dclds\u00e4tted 1. Tingimuste kohaldamine. Kui Tehingu poolte vahel ei ole &hellip;","og_url":"https:\/\/www.brandner.ee\/et\/tarnetingimused\/","og_site_name":"Brandner","article_modified_time":"2025-07-02T11:39:48+00:00","twitter_card":"summary_large_image","twitter_misc":{"Est. reading time":"8 minutit"},"schema":{"@context":"https:\/\/schema.org","@graph":[{"@type":"WebPage","@id":"https:\/\/www.brandner.ee\/et\/tarnetingimused\/","url":"https:\/\/www.brandner.ee\/et\/tarnetingimused\/","name":"Tarnetingimused - Brandner","isPartOf":{"@id":"https:\/\/www.brandner.ee\/#website"},"datePublished":"2017-08-17T08:17:20+00:00","dateModified":"2025-07-02T11:39:48+00:00","breadcrumb":{"@id":"https:\/\/www.brandner.ee\/et\/tarnetingimused\/#breadcrumb"},"inLanguage":"et","potentialAction":[{"@type":"ReadAction","target":["https:\/\/www.brandner.ee\/et\/tarnetingimused\/"]}]},{"@type":"BreadcrumbList","@id":"https:\/\/www.brandner.ee\/et\/tarnetingimused\/#breadcrumb","itemListElement":[{"@type":"ListItem","position":1,"name":"Home","item":"https:\/\/www.brandner.ee\/et\/"},{"@type":"ListItem","position":2,"name":"Tarnetingimused"}]},{"@type":"WebSite","@id":"https:\/\/www.brandner.ee\/#website","url":"https:\/\/www.brandner.ee\/","name":"Brandner","description":"PCB manufacturing","potentialAction":[{"@type":"SearchAction","target":{"@type":"EntryPoint","urlTemplate":"https:\/\/www.brandner.ee\/?s={search_term_string}"},"query-input":"required name=search_term_string"}],"inLanguage":"et"}]}},"_links":{"self":[{"href":"https:\/\/www.brandner.ee\/et\/wp-json\/wp\/v2\/pages\/860"}],"collection":[{"href":"https:\/\/www.brandner.ee\/et\/wp-json\/wp\/v2\/pages"}],"about":[{"href":"https:\/\/www.brandner.ee\/et\/wp-json\/wp\/v2\/types\/page"}],"author":[{"embeddable":true,"href":"https:\/\/www.brandner.ee\/et\/wp-json\/wp\/v2\/users\/31"}],"replies":[{"embeddable":true,"href":"https:\/\/www.brandner.ee\/et\/wp-json\/wp\/v2\/comments?post=860"}],"version-history":[{"count":3,"href":"https:\/\/www.brandner.ee\/et\/wp-json\/wp\/v2\/pages\/860\/revisions"}],"predecessor-version":[{"id":12524,"href":"https:\/\/www.brandner.ee\/et\/wp-json\/wp\/v2\/pages\/860\/revisions\/12524"}],"wp:attachment":[{"href":"https:\/\/www.brandner.ee\/et\/wp-json\/wp\/v2\/media?parent=860"}],"curies":[{"name":"wp","href":"https:\/\/api.w.org\/{rel}","templated":true}]}}