{"id":846,"date":"2017-08-17T11:00:19","date_gmt":"2017-08-17T08:00:19","guid":{"rendered":"http:\/\/www.brandner.ee\/?page_id=846\/"},"modified":"2017-10-04T14:02:37","modified_gmt":"2017-10-04T11:02:37","slug":"korduvtellimustele-nuud-parimad-hinnad","status":"publish","type":"page","link":"https:\/\/www.brandner.ee\/et\/huva-nou\/korduvtellimustele-nuud-parimad-hinnad\/","title":{"rendered":"Korduvtellimustele N\u00fc\u00fcd Parimad Hinnad!"},"content":{"rendered":"<p>Saad suvepuhkusest kahekordset kasu, kui tellid plaadid meilt parima hinnaga!<\/p>\n<p>Kuni augusti l\u00f5puni kordust\u00f6\u00f6dele erihinnad &#8211; esita hinnap\u00e4ring ja saadame Sulle personaalse pakkumise!<\/p>\n<p>Palume arvestada, et kui tellisite k\u00fcsitud t\u00f6\u00f6d viimati rohkem kui aasta tagasi, teeme pakkumise ja soodustuse uuendatud hinnale.<\/p>\n<p>&nbsp;<\/p>\n<p><img loading=\"lazy\" decoding=\"async\" src=\"http:\/\/www.brandner.ee\/wp-content\/uploads\/2017\/10\/Beach_800x800px_EST.png\" alt=\"\" width=\"470\" height=\"474\" \/><\/p>\n","protected":false},"excerpt":{"rendered":"<p>Saad suvepuhkusest kahekordset kasu, kui tellid plaadid meilt parima hinnaga! Kuni augusti l\u00f5puni kordust\u00f6\u00f6dele erihinnad &#8211; esita hinnap\u00e4ring ja saadame Sulle personaalse pakkumise! Palume arvestada, et kui tellisite k\u00fcsitud t\u00f6\u00f6d viimati rohkem kui aasta tagasi, teeme pakkumise ja soodustuse uuendatud hinnale. &nbsp;<\/p>\n","protected":false},"author":31,"featured_media":0,"parent":807,"menu_order":7,"comment_status":"closed","ping_status":"closed","template":"template_content-sidebar.php","meta":{"footnotes":""},"yoast_head":"<!-- This site is optimized with the Yoast SEO plugin v21.5 - https:\/\/yoast.com\/wordpress\/plugins\/seo\/ -->\n<title>Korduvtellimustele N\u00fc\u00fcd Parimad Hinnad! - Brandner<\/title>\n<meta name=\"robots\" content=\"index, follow, max-snippet:-1, max-image-preview:large, max-video-preview:-1\" \/>\n<link rel=\"canonical\" href=\"https:\/\/www.brandner.ee\/et\/huva-nou\/korduvtellimustele-nuud-parimad-hinnad\/\" \/>\n<meta property=\"og:locale\" content=\"et_EE\" \/>\n<meta property=\"og:type\" content=\"article\" \/>\n<meta property=\"og:title\" content=\"Korduvtellimustele N\u00fc\u00fcd Parimad Hinnad! - Brandner\" \/>\n<meta property=\"og:description\" content=\"Saad suvepuhkusest kahekordset kasu, kui tellid plaadid meilt parima hinnaga! Kuni augusti l\u00f5puni kordust\u00f6\u00f6dele erihinnad &#8211; esita hinnap\u00e4ring ja saadame Sulle personaalse pakkumise! Palume arvestada, et kui tellisite k\u00fcsitud t\u00f6\u00f6d viimati rohkem kui aasta tagasi, teeme pakkumise ja soodustuse uuendatud hinnale. &nbsp;\" \/>\n<meta property=\"og:url\" content=\"https:\/\/www.brandner.ee\/et\/huva-nou\/korduvtellimustele-nuud-parimad-hinnad\/\" \/>\n<meta property=\"og:site_name\" content=\"Brandner\" \/>\n<meta property=\"article:modified_time\" content=\"2017-10-04T11:02:37+00:00\" \/>\n<meta property=\"og:image\" content=\"http:\/\/www.brandner.ee\/wp-content\/uploads\/2017\/10\/Beach_800x800px_EST.png\" \/>\n<meta name=\"twitter:card\" content=\"summary_large_image\" \/>\n<script type=\"application\/ld+json\" class=\"yoast-schema-graph\">{\"@context\":\"https:\/\/schema.org\",\"@graph\":[{\"@type\":\"WebPage\",\"@id\":\"https:\/\/www.brandner.ee\/et\/huva-nou\/korduvtellimustele-nuud-parimad-hinnad\/\",\"url\":\"https:\/\/www.brandner.ee\/et\/huva-nou\/korduvtellimustele-nuud-parimad-hinnad\/\",\"name\":\"Korduvtellimustele N\u00fc\u00fcd Parimad Hinnad! - Brandner\",\"isPartOf\":{\"@id\":\"https:\/\/www.brandner.ee\/#website\"},\"datePublished\":\"2017-08-17T08:00:19+00:00\",\"dateModified\":\"2017-10-04T11:02:37+00:00\",\"breadcrumb\":{\"@id\":\"https:\/\/www.brandner.ee\/et\/huva-nou\/korduvtellimustele-nuud-parimad-hinnad\/#breadcrumb\"},\"inLanguage\":\"et\",\"potentialAction\":[{\"@type\":\"ReadAction\",\"target\":[\"https:\/\/www.brandner.ee\/et\/huva-nou\/korduvtellimustele-nuud-parimad-hinnad\/\"]}]},{\"@type\":\"BreadcrumbList\",\"@id\":\"https:\/\/www.brandner.ee\/et\/huva-nou\/korduvtellimustele-nuud-parimad-hinnad\/#breadcrumb\",\"itemListElement\":[{\"@type\":\"ListItem\",\"position\":1,\"name\":\"Home\",\"item\":\"https:\/\/www.brandner.ee\/et\/\"},{\"@type\":\"ListItem\",\"position\":2,\"name\":\"H\u00fcva N\u00f5u\",\"item\":\"https:\/\/www.brandner.ee\/et\/huva-nou\/\"},{\"@type\":\"ListItem\",\"position\":3,\"name\":\"Korduvtellimustele N\u00fc\u00fcd Parimad Hinnad!\"}]},{\"@type\":\"WebSite\",\"@id\":\"https:\/\/www.brandner.ee\/#website\",\"url\":\"https:\/\/www.brandner.ee\/\",\"name\":\"Brandner\",\"description\":\"PCB manufacturing\",\"potentialAction\":[{\"@type\":\"SearchAction\",\"target\":{\"@type\":\"EntryPoint\",\"urlTemplate\":\"https:\/\/www.brandner.ee\/?s={search_term_string}\"},\"query-input\":\"required name=search_term_string\"}],\"inLanguage\":\"et\"}]}<\/script>\n<!-- \/ Yoast SEO plugin. -->","yoast_head_json":{"title":"Korduvtellimustele N\u00fc\u00fcd Parimad Hinnad! - Brandner","robots":{"index":"index","follow":"follow","max-snippet":"max-snippet:-1","max-image-preview":"max-image-preview:large","max-video-preview":"max-video-preview:-1"},"canonical":"https:\/\/www.brandner.ee\/et\/huva-nou\/korduvtellimustele-nuud-parimad-hinnad\/","og_locale":"et_EE","og_type":"article","og_title":"Korduvtellimustele N\u00fc\u00fcd Parimad Hinnad! - Brandner","og_description":"Saad suvepuhkusest kahekordset kasu, kui tellid plaadid meilt parima hinnaga! Kuni augusti l\u00f5puni kordust\u00f6\u00f6dele erihinnad &#8211; esita hinnap\u00e4ring ja saadame Sulle personaalse pakkumise! Palume arvestada, et kui tellisite k\u00fcsitud t\u00f6\u00f6d viimati rohkem kui aasta tagasi, teeme pakkumise ja soodustuse uuendatud hinnale. &nbsp;","og_url":"https:\/\/www.brandner.ee\/et\/huva-nou\/korduvtellimustele-nuud-parimad-hinnad\/","og_site_name":"Brandner","article_modified_time":"2017-10-04T11:02:37+00:00","og_image":[{"url":"http:\/\/www.brandner.ee\/wp-content\/uploads\/2017\/10\/Beach_800x800px_EST.png"}],"twitter_card":"summary_large_image","schema":{"@context":"https:\/\/schema.org","@graph":[{"@type":"WebPage","@id":"https:\/\/www.brandner.ee\/et\/huva-nou\/korduvtellimustele-nuud-parimad-hinnad\/","url":"https:\/\/www.brandner.ee\/et\/huva-nou\/korduvtellimustele-nuud-parimad-hinnad\/","name":"Korduvtellimustele N\u00fc\u00fcd Parimad Hinnad! - Brandner","isPartOf":{"@id":"https:\/\/www.brandner.ee\/#website"},"datePublished":"2017-08-17T08:00:19+00:00","dateModified":"2017-10-04T11:02:37+00:00","breadcrumb":{"@id":"https:\/\/www.brandner.ee\/et\/huva-nou\/korduvtellimustele-nuud-parimad-hinnad\/#breadcrumb"},"inLanguage":"et","potentialAction":[{"@type":"ReadAction","target":["https:\/\/www.brandner.ee\/et\/huva-nou\/korduvtellimustele-nuud-parimad-hinnad\/"]}]},{"@type":"BreadcrumbList","@id":"https:\/\/www.brandner.ee\/et\/huva-nou\/korduvtellimustele-nuud-parimad-hinnad\/#breadcrumb","itemListElement":[{"@type":"ListItem","position":1,"name":"Home","item":"https:\/\/www.brandner.ee\/et\/"},{"@type":"ListItem","position":2,"name":"H\u00fcva N\u00f5u","item":"https:\/\/www.brandner.ee\/et\/huva-nou\/"},{"@type":"ListItem","position":3,"name":"Korduvtellimustele N\u00fc\u00fcd Parimad Hinnad!"}]},{"@type":"WebSite","@id":"https:\/\/www.brandner.ee\/#website","url":"https:\/\/www.brandner.ee\/","name":"Brandner","description":"PCB manufacturing","potentialAction":[{"@type":"SearchAction","target":{"@type":"EntryPoint","urlTemplate":"https:\/\/www.brandner.ee\/?s={search_term_string}"},"query-input":"required name=search_term_string"}],"inLanguage":"et"}]}},"_links":{"self":[{"href":"https:\/\/www.brandner.ee\/et\/wp-json\/wp\/v2\/pages\/846"}],"collection":[{"href":"https:\/\/www.brandner.ee\/et\/wp-json\/wp\/v2\/pages"}],"about":[{"href":"https:\/\/www.brandner.ee\/et\/wp-json\/wp\/v2\/types\/page"}],"author":[{"embeddable":true,"href":"https:\/\/www.brandner.ee\/et\/wp-json\/wp\/v2\/users\/31"}],"replies":[{"embeddable":true,"href":"https:\/\/www.brandner.ee\/et\/wp-json\/wp\/v2\/comments?post=846"}],"version-history":[{"count":4,"href":"https:\/\/www.brandner.ee\/et\/wp-json\/wp\/v2\/pages\/846\/revisions"}],"predecessor-version":[{"id":2866,"href":"https:\/\/www.brandner.ee\/et\/wp-json\/wp\/v2\/pages\/846\/revisions\/2866"}],"up":[{"embeddable":true,"href":"https:\/\/www.brandner.ee\/et\/wp-json\/wp\/v2\/pages\/807"}],"wp:attachment":[{"href":"https:\/\/www.brandner.ee\/et\/wp-json\/wp\/v2\/media?parent=846"}],"curies":[{"name":"wp","href":"https:\/\/api.w.org\/{rel}","templated":true}]}}