{"id":840,"date":"2017-08-17T10:57:10","date_gmt":"2017-08-17T07:57:10","guid":{"rendered":"http:\/\/www.brandner.ee\/?page_id=840\/"},"modified":"2019-01-11T14:26:31","modified_gmt":"2019-01-11T12:26:31","slug":"polugoonid","status":"publish","type":"page","link":"https:\/\/www.brandner.ee\/et\/huva-nou\/polugoonid\/","title":{"rendered":"Pol\u00fcgoonid"},"content":{"rendered":"<table style=\"height: 1439px;\" width=\"678\">\n<tbody>\n<tr>\n<td><strong>Pol\u00fcgoonide e vasealade projekteerimisel tuleks l\u00e4htuda j\u00e4rgmistest reeglitest:<\/strong><\/p>\n<p>&nbsp;<\/td>\n<\/tr>\n<tr>\n<td>1. Kasutage projekteerimisel rastriga pol\u00fcgoonide t\u00e4itmist (raster fill) ja proovige v\u00e4ltida joontega joonistamist (vector fill)<\/p>\n<p>Mittekorrektne:<\/td>\n<\/tr>\n<tr>\n<td>\u00a0<img loading=\"lazy\" decoding=\"async\" src=\"https:\/\/www.brandner.ee\/wp-content\/uploads\/2017\/10\/VectorFill.png\" alt=\"\" width=\"326\" height=\"132\" \/><\/p>\n<p>&nbsp;<\/td>\n<\/tr>\n<tr>\n<td>2. Joonega t\u00e4itmisel on soovitav joonelaius mitte alla 25\u00b5(1mils). Joonelaius alla 1 milsi v\u00f5ib mitmetel juhtudel viia plotteri programmi seiskumiseni v\u00f5i kaarte interpolatsiooni vigadeni.<\/p>\n<p>Mittekorrektne:<\/td>\n<\/tr>\n<tr>\n<td>\u00a0<img loading=\"lazy\" decoding=\"async\" src=\"https:\/\/www.brandner.ee\/wp-content\/uploads\/2017\/10\/LessThan1.png\" alt=\"\" width=\"326\" height=\"132\" \/><\/p>\n<p>&nbsp;<\/td>\n<\/tr>\n<tr>\n<td>3. \u00c4rge kombineerige samas juhtivas kihis olevaid pol\u00fcgoone kasutades erinevaid t\u00e4itmis (joonistamis) viise.<\/p>\n<p>Mittekorrektne:<\/td>\n<\/tr>\n<tr>\n<td>\u00a0<img loading=\"lazy\" decoding=\"async\" src=\"https:\/\/www.brandner.ee\/wp-content\/uploads\/2017\/10\/Combined.png\" alt=\"\" width=\"326\" height=\"132\" \/><\/p>\n<p>&nbsp;<\/td>\n<\/tr>\n<tr>\n<td>4. V\u00e4ltige pol\u00fcgoonide tegemist v\u00f5rgustikuna (hatched). Vajadusel kasutage v\u00f5rgu minimaalseks joonelaiuseks 0.125mm(5mils)<\/p>\n<p>Mittekorrektne:<\/td>\n<\/tr>\n<tr>\n<td>\u00a0<img loading=\"lazy\" decoding=\"async\" src=\"https:\/\/www.brandner.ee\/wp-content\/uploads\/2017\/10\/Hatched.png\" alt=\"\" width=\"323\" height=\"132\" \/><\/p>\n<p>&nbsp;<\/td>\n<\/tr>\n<tr>\n<td>5. Negatiivsete pol\u00fcgoonide joonistamisel positiivis kontrollige, et pol\u00fcgoonis ei oleks alla 1 milsi laiuseid \u00fchendusi.<\/p>\n<p>Mittekorrektne:<\/td>\n<\/tr>\n<\/tbody>\n<\/table>\n<p><img loading=\"lazy\" decoding=\"async\" src=\"https:\/\/www.brandner.ee\/wp-content\/uploads\/2017\/10\/PosNegVoid.png\" alt=\"\" width=\"326\" height=\"132\" \/><\/p>\n","protected":false},"excerpt":{"rendered":"<p>Pol\u00fcgoonide e vasealade projekteerimisel tuleks l\u00e4htuda j\u00e4rgmistest reeglitest: &nbsp; 1. Kasutage projekteerimisel rastriga pol\u00fcgoonide t\u00e4itmist (raster fill) ja proovige v\u00e4ltida joontega joonistamist (vector fill) Mittekorrektne: \u00a0 &nbsp; 2. Joonega t\u00e4itmisel on soovitav joonelaius mitte alla 25\u00b5(1mils). Joonelaius alla 1 milsi v\u00f5ib mitmetel juhtudel viia plotteri programmi seiskumiseni v\u00f5i kaarte interpolatsiooni vigadeni. Mittekorrektne: \u00a0 &nbsp; 3. &hellip;<\/p>\n","protected":false},"author":31,"featured_media":0,"parent":807,"menu_order":50,"comment_status":"closed","ping_status":"closed","template":"template_content-sidebar.php","meta":{"footnotes":""},"yoast_head":"<!-- This site is optimized with the Yoast SEO plugin v21.5 - https:\/\/yoast.com\/wordpress\/plugins\/seo\/ -->\n<title>Pol\u00fcgoonid - Brandner<\/title>\n<meta name=\"robots\" content=\"index, follow, max-snippet:-1, max-image-preview:large, max-video-preview:-1\" \/>\n<link rel=\"canonical\" href=\"https:\/\/www.brandner.ee\/et\/huva-nou\/polugoonid\/\" \/>\n<meta property=\"og:locale\" content=\"et_EE\" \/>\n<meta property=\"og:type\" content=\"article\" \/>\n<meta property=\"og:title\" content=\"Pol\u00fcgoonid - Brandner\" \/>\n<meta property=\"og:description\" content=\"Pol\u00fcgoonide e vasealade projekteerimisel tuleks l\u00e4htuda j\u00e4rgmistest reeglitest: &nbsp; 1. Kasutage projekteerimisel rastriga pol\u00fcgoonide t\u00e4itmist (raster fill) ja proovige v\u00e4ltida joontega joonistamist (vector fill) Mittekorrektne: \u00a0 &nbsp; 2. Joonega t\u00e4itmisel on soovitav joonelaius mitte alla 25\u00b5(1mils). Joonelaius alla 1 milsi v\u00f5ib mitmetel juhtudel viia plotteri programmi seiskumiseni v\u00f5i kaarte interpolatsiooni vigadeni. Mittekorrektne: \u00a0 &nbsp; 3. &hellip;\" \/>\n<meta property=\"og:url\" content=\"https:\/\/www.brandner.ee\/et\/huva-nou\/polugoonid\/\" \/>\n<meta property=\"og:site_name\" content=\"Brandner\" \/>\n<meta property=\"article:modified_time\" content=\"2019-01-11T12:26:31+00:00\" \/>\n<meta property=\"og:image\" content=\"http:\/\/www.brandner.ee\/wp-content\/uploads\/2017\/10\/VectorFill.png\" \/>\n<meta name=\"twitter:card\" content=\"summary_large_image\" \/>\n<meta name=\"twitter:label1\" content=\"Est. reading time\" \/>\n\t<meta name=\"twitter:data1\" content=\"1 minut\" \/>\n<script type=\"application\/ld+json\" class=\"yoast-schema-graph\">{\"@context\":\"https:\/\/schema.org\",\"@graph\":[{\"@type\":\"WebPage\",\"@id\":\"https:\/\/www.brandner.ee\/et\/huva-nou\/polugoonid\/\",\"url\":\"https:\/\/www.brandner.ee\/et\/huva-nou\/polugoonid\/\",\"name\":\"Pol\u00fcgoonid - Brandner\",\"isPartOf\":{\"@id\":\"https:\/\/www.brandner.ee\/#website\"},\"datePublished\":\"2017-08-17T07:57:10+00:00\",\"dateModified\":\"2019-01-11T12:26:31+00:00\",\"breadcrumb\":{\"@id\":\"https:\/\/www.brandner.ee\/et\/huva-nou\/polugoonid\/#breadcrumb\"},\"inLanguage\":\"et\",\"potentialAction\":[{\"@type\":\"ReadAction\",\"target\":[\"https:\/\/www.brandner.ee\/et\/huva-nou\/polugoonid\/\"]}]},{\"@type\":\"BreadcrumbList\",\"@id\":\"https:\/\/www.brandner.ee\/et\/huva-nou\/polugoonid\/#breadcrumb\",\"itemListElement\":[{\"@type\":\"ListItem\",\"position\":1,\"name\":\"Home\",\"item\":\"https:\/\/www.brandner.ee\/et\/\"},{\"@type\":\"ListItem\",\"position\":2,\"name\":\"H\u00fcva N\u00f5u\",\"item\":\"https:\/\/www.brandner.ee\/et\/huva-nou\/\"},{\"@type\":\"ListItem\",\"position\":3,\"name\":\"Pol\u00fcgoonid\"}]},{\"@type\":\"WebSite\",\"@id\":\"https:\/\/www.brandner.ee\/#website\",\"url\":\"https:\/\/www.brandner.ee\/\",\"name\":\"Brandner\",\"description\":\"PCB manufacturing\",\"potentialAction\":[{\"@type\":\"SearchAction\",\"target\":{\"@type\":\"EntryPoint\",\"urlTemplate\":\"https:\/\/www.brandner.ee\/?s={search_term_string}\"},\"query-input\":\"required name=search_term_string\"}],\"inLanguage\":\"et\"}]}<\/script>\n<!-- \/ Yoast SEO plugin. -->","yoast_head_json":{"title":"Pol\u00fcgoonid - Brandner","robots":{"index":"index","follow":"follow","max-snippet":"max-snippet:-1","max-image-preview":"max-image-preview:large","max-video-preview":"max-video-preview:-1"},"canonical":"https:\/\/www.brandner.ee\/et\/huva-nou\/polugoonid\/","og_locale":"et_EE","og_type":"article","og_title":"Pol\u00fcgoonid - Brandner","og_description":"Pol\u00fcgoonide e vasealade projekteerimisel tuleks l\u00e4htuda j\u00e4rgmistest reeglitest: &nbsp; 1. Kasutage projekteerimisel rastriga pol\u00fcgoonide t\u00e4itmist (raster fill) ja proovige v\u00e4ltida joontega joonistamist (vector fill) Mittekorrektne: \u00a0 &nbsp; 2. Joonega t\u00e4itmisel on soovitav joonelaius mitte alla 25\u00b5(1mils). Joonelaius alla 1 milsi v\u00f5ib mitmetel juhtudel viia plotteri programmi seiskumiseni v\u00f5i kaarte interpolatsiooni vigadeni. Mittekorrektne: \u00a0 &nbsp; 3. &hellip;","og_url":"https:\/\/www.brandner.ee\/et\/huva-nou\/polugoonid\/","og_site_name":"Brandner","article_modified_time":"2019-01-11T12:26:31+00:00","og_image":[{"url":"http:\/\/www.brandner.ee\/wp-content\/uploads\/2017\/10\/VectorFill.png"}],"twitter_card":"summary_large_image","twitter_misc":{"Est. reading time":"1 minut"},"schema":{"@context":"https:\/\/schema.org","@graph":[{"@type":"WebPage","@id":"https:\/\/www.brandner.ee\/et\/huva-nou\/polugoonid\/","url":"https:\/\/www.brandner.ee\/et\/huva-nou\/polugoonid\/","name":"Pol\u00fcgoonid - Brandner","isPartOf":{"@id":"https:\/\/www.brandner.ee\/#website"},"datePublished":"2017-08-17T07:57:10+00:00","dateModified":"2019-01-11T12:26:31+00:00","breadcrumb":{"@id":"https:\/\/www.brandner.ee\/et\/huva-nou\/polugoonid\/#breadcrumb"},"inLanguage":"et","potentialAction":[{"@type":"ReadAction","target":["https:\/\/www.brandner.ee\/et\/huva-nou\/polugoonid\/"]}]},{"@type":"BreadcrumbList","@id":"https:\/\/www.brandner.ee\/et\/huva-nou\/polugoonid\/#breadcrumb","itemListElement":[{"@type":"ListItem","position":1,"name":"Home","item":"https:\/\/www.brandner.ee\/et\/"},{"@type":"ListItem","position":2,"name":"H\u00fcva N\u00f5u","item":"https:\/\/www.brandner.ee\/et\/huva-nou\/"},{"@type":"ListItem","position":3,"name":"Pol\u00fcgoonid"}]},{"@type":"WebSite","@id":"https:\/\/www.brandner.ee\/#website","url":"https:\/\/www.brandner.ee\/","name":"Brandner","description":"PCB manufacturing","potentialAction":[{"@type":"SearchAction","target":{"@type":"EntryPoint","urlTemplate":"https:\/\/www.brandner.ee\/?s={search_term_string}"},"query-input":"required name=search_term_string"}],"inLanguage":"et"}]}},"_links":{"self":[{"href":"https:\/\/www.brandner.ee\/et\/wp-json\/wp\/v2\/pages\/840"}],"collection":[{"href":"https:\/\/www.brandner.ee\/et\/wp-json\/wp\/v2\/pages"}],"about":[{"href":"https:\/\/www.brandner.ee\/et\/wp-json\/wp\/v2\/types\/page"}],"author":[{"embeddable":true,"href":"https:\/\/www.brandner.ee\/et\/wp-json\/wp\/v2\/users\/31"}],"replies":[{"embeddable":true,"href":"https:\/\/www.brandner.ee\/et\/wp-json\/wp\/v2\/comments?post=840"}],"version-history":[{"count":10,"href":"https:\/\/www.brandner.ee\/et\/wp-json\/wp\/v2\/pages\/840\/revisions"}],"predecessor-version":[{"id":4074,"href":"https:\/\/www.brandner.ee\/et\/wp-json\/wp\/v2\/pages\/840\/revisions\/4074"}],"up":[{"embeddable":true,"href":"https:\/\/www.brandner.ee\/et\/wp-json\/wp\/v2\/pages\/807"}],"wp:attachment":[{"href":"https:\/\/www.brandner.ee\/et\/wp-json\/wp\/v2\/media?parent=840"}],"curies":[{"name":"wp","href":"https:\/\/api.w.org\/{rel}","templated":true}]}}