{"id":838,"date":"2017-08-17T10:53:21","date_gmt":"2017-08-17T07:53:21","guid":{"rendered":"http:\/\/www.brandner.ee\/?page_id=838\/"},"modified":"2025-08-11T09:10:08","modified_gmt":"2025-08-11T06:10:08","slug":"valmistusandmed-ja-formaadid","status":"publish","type":"page","link":"https:\/\/www.brandner.ee\/et\/huva-nou\/valmistusandmed-ja-formaadid\/","title":{"rendered":"Valmistusandmed ja Formaadid"},"content":{"rendered":"<p>Selleks, et tr\u00fckkplaadi valmistaja ja tellija saaksid teineteisest koheselt aru, palume teil oma projekteerimist\u00f6\u00f6s kasutada alltoodud andmete ja failinimede seoseid.<\/p>\n<p>CAD-i programmist eksportimisel pakkige vajalikud failid kokku (*.zip v\u00f5i *rar formaadis) ja nimetage saadud komplekt vastavalt oma \u00e4ran\u00e4gemise j\u00e4rgi &#8211; v\u00e4ljat\u00f6\u00f6tluse nimi, number jne. Kui te peaksite tegema juba Brandner Electronics&#8217;isse saadetud failides muudatusi, siis palun \u00e4rge unustage lisada komplekti nimesse versiooni t\u00e4hist v\u00f5i numbrit. See hoiab \u00e4ra olukorra, kus v\u00f5idakse valmistamisel kasutada eelnevat nn vigast versiooni.<\/p>\n<table class=\"data-table\" style=\"height: 900px;\" width=\"858\" cellspacing=\"0\">\n<tbody>\n<tr>\n<td><strong>Andmete nimetus<\/strong><\/td>\n<td nowrap=\"nowrap\"><strong>Formaat<\/strong><\/td>\n<td><strong>Faili nimi<\/strong><\/td>\n<\/tr>\n<tr>\n<td>\u00dclapoole juhtiv kiht(Top)<\/td>\n<td nowrap=\"nowrap\">Gerber RS-274X, 3\/3 mm<\/td>\n<td>top.gbr<\/td>\n<\/tr>\n<tr>\n<td>Alapoole juhtiv kiht(Bottom)<\/td>\n<td nowrap=\"nowrap\">Gerber RS-274X, 3\/3 mm<\/td>\n<td>bot.gbr<\/td>\n<\/tr>\n<tr>\n<td>Sisekiht, numeratsioon \u00fclevalt allapoole<\/td>\n<td nowrap=\"nowrap\">Gerber RS-274X, 3\/3 mm<\/td>\n<td>i2.gbr;i3.gbr;i4.gbr jne<\/td>\n<\/tr>\n<tr>\n<td>\u00dclapoole jootemask(topmask)<\/td>\n<td nowrap=\"nowrap\">Gerber RS-274X, 3\/3 mm<\/td>\n<td>topmask.gbr<\/td>\n<\/tr>\n<tr>\n<td>Alapoole jootemask<\/td>\n<td nowrap=\"nowrap\">Gerber RS-274X, 3\/3 mm<\/td>\n<td>botmask.gbr<\/td>\n<\/tr>\n<tr>\n<td>\u00dclapoole markeering<\/td>\n<td nowrap=\"nowrap\">Gerber RS-274X, 3\/3 mm<\/td>\n<td>topsilk.gbr<\/td>\n<\/tr>\n<tr>\n<td>Alapoole markeering<\/td>\n<td nowrap=\"nowrap\">Gerber RS-274X, 3\/3 mm<\/td>\n<td>botsilk.gbr<\/td>\n<\/tr>\n<tr>\n<td>V\u00e4ljal\u00f5ike gabariit, erikujulised v\u00e4ljal\u00f5iked<\/td>\n<td nowrap=\"nowrap\">Gerber RS-274X, 3\/3 mm<\/td>\n<td>border.gbr<\/td>\n<\/tr>\n<tr>\n<td>\u00dclapoole pastamask<\/td>\n<td nowrap=\"nowrap\">Gerber RS-274X, 3\/3 mm<\/td>\n<td>toppaste.gbr<\/td>\n<\/tr>\n<tr>\n<td>Alapoole pastamask<\/td>\n<td nowrap=\"nowrap\">Gerber RS-274X, 3\/3 mm<\/td>\n<td>botpaste.gbr<\/td>\n<\/tr>\n<tr>\n<td>Metaliseeritud avade puurfail<\/td>\n<td nowrap=\"nowrap\">Excellon 2 3\/3 mm<\/td>\n<td>plated.drl<\/td>\n<\/tr>\n<tr>\n<td>Metaliseerimata avade puurfail<\/td>\n<td nowrap=\"nowrap\">Excellon 2 3\/3 mm<\/td>\n<td>unplated.drl<\/td>\n<\/tr>\n<tr>\n<td>Pimetate avade puurfail \u00fclakihist II sisekihti (n\u00e4iteks)<\/td>\n<td nowrap=\"nowrap\">Excellon 2 3\/3 mm<\/td>\n<td>topi2.drl<\/td>\n<\/tr>\n<tr>\n<td>Maetud avade puurfail II ja III sisekihi vahel (n\u00e4iteks)<\/td>\n<td nowrap=\"nowrap\">Excellon 2 3\/3 mm<\/td>\n<td>i2i3.drl<\/td>\n<\/tr>\n<\/tbody>\n<\/table>\n<p><strong>NB!<\/strong> Tabelis on toodud enamkasutavate failide seosed. Kui teie t\u00f6\u00f6s puuduvad n\u00e4iteks pimedad avad vms, siis ei ole vajalik neid t\u00fchjana genereerida.<\/p>\n","protected":false},"excerpt":{"rendered":"<p>Selleks, et tr\u00fckkplaadi valmistaja ja tellija saaksid teineteisest koheselt aru, palume teil oma projekteerimist\u00f6\u00f6s kasutada alltoodud andmete ja failinimede seoseid. CAD-i programmist eksportimisel pakkige vajalikud failid kokku (*.zip v\u00f5i *rar formaadis) ja nimetage saadud komplekt vastavalt oma \u00e4ran\u00e4gemise j\u00e4rgi &#8211; v\u00e4ljat\u00f6\u00f6tluse nimi, number jne. Kui te peaksite tegema juba Brandner Electronics&#8217;isse saadetud failides muudatusi, siis &hellip;<\/p>\n","protected":false},"author":31,"featured_media":0,"parent":807,"menu_order":40,"comment_status":"closed","ping_status":"closed","template":"template_content-sidebar.php","meta":{"footnotes":""},"yoast_head":"<!-- This site is optimized with the Yoast SEO plugin v21.5 - https:\/\/yoast.com\/wordpress\/plugins\/seo\/ -->\n<title>Valmistusandmed ja Formaadid - Brandner<\/title>\n<meta name=\"robots\" content=\"index, follow, max-snippet:-1, max-image-preview:large, max-video-preview:-1\" \/>\n<link rel=\"canonical\" href=\"https:\/\/www.brandner.ee\/et\/huva-nou\/valmistusandmed-ja-formaadid\/\" \/>\n<meta property=\"og:locale\" content=\"et_EE\" \/>\n<meta property=\"og:type\" content=\"article\" \/>\n<meta property=\"og:title\" content=\"Valmistusandmed ja Formaadid - Brandner\" \/>\n<meta property=\"og:description\" content=\"Selleks, et tr\u00fckkplaadi valmistaja ja tellija saaksid teineteisest koheselt aru, palume teil oma projekteerimist\u00f6\u00f6s kasutada alltoodud andmete ja failinimede seoseid. CAD-i programmist eksportimisel pakkige vajalikud failid kokku (*.zip v\u00f5i *rar formaadis) ja nimetage saadud komplekt vastavalt oma \u00e4ran\u00e4gemise j\u00e4rgi &#8211; v\u00e4ljat\u00f6\u00f6tluse nimi, number jne. Kui te peaksite tegema juba Brandner Electronics&#8217;isse saadetud failides muudatusi, siis &hellip;\" \/>\n<meta property=\"og:url\" content=\"https:\/\/www.brandner.ee\/et\/huva-nou\/valmistusandmed-ja-formaadid\/\" \/>\n<meta property=\"og:site_name\" content=\"Brandner\" \/>\n<meta property=\"article:modified_time\" content=\"2025-08-11T06:10:08+00:00\" \/>\n<meta name=\"twitter:card\" content=\"summary_large_image\" \/>\n<meta name=\"twitter:label1\" content=\"Est. reading time\" \/>\n\t<meta name=\"twitter:data1\" content=\"2 minutit\" \/>\n<script type=\"application\/ld+json\" class=\"yoast-schema-graph\">{\"@context\":\"https:\/\/schema.org\",\"@graph\":[{\"@type\":\"WebPage\",\"@id\":\"https:\/\/www.brandner.ee\/et\/huva-nou\/valmistusandmed-ja-formaadid\/\",\"url\":\"https:\/\/www.brandner.ee\/et\/huva-nou\/valmistusandmed-ja-formaadid\/\",\"name\":\"Valmistusandmed ja Formaadid - Brandner\",\"isPartOf\":{\"@id\":\"https:\/\/www.brandner.ee\/#website\"},\"datePublished\":\"2017-08-17T07:53:21+00:00\",\"dateModified\":\"2025-08-11T06:10:08+00:00\",\"breadcrumb\":{\"@id\":\"https:\/\/www.brandner.ee\/et\/huva-nou\/valmistusandmed-ja-formaadid\/#breadcrumb\"},\"inLanguage\":\"et\",\"potentialAction\":[{\"@type\":\"ReadAction\",\"target\":[\"https:\/\/www.brandner.ee\/et\/huva-nou\/valmistusandmed-ja-formaadid\/\"]}]},{\"@type\":\"BreadcrumbList\",\"@id\":\"https:\/\/www.brandner.ee\/et\/huva-nou\/valmistusandmed-ja-formaadid\/#breadcrumb\",\"itemListElement\":[{\"@type\":\"ListItem\",\"position\":1,\"name\":\"Home\",\"item\":\"https:\/\/www.brandner.ee\/et\/\"},{\"@type\":\"ListItem\",\"position\":2,\"name\":\"H\u00fcva N\u00f5u\",\"item\":\"https:\/\/www.brandner.ee\/et\/huva-nou\/\"},{\"@type\":\"ListItem\",\"position\":3,\"name\":\"Valmistusandmed ja Formaadid\"}]},{\"@type\":\"WebSite\",\"@id\":\"https:\/\/www.brandner.ee\/#website\",\"url\":\"https:\/\/www.brandner.ee\/\",\"name\":\"Brandner\",\"description\":\"PCB manufacturing\",\"potentialAction\":[{\"@type\":\"SearchAction\",\"target\":{\"@type\":\"EntryPoint\",\"urlTemplate\":\"https:\/\/www.brandner.ee\/?s={search_term_string}\"},\"query-input\":\"required name=search_term_string\"}],\"inLanguage\":\"et\"}]}<\/script>\n<!-- \/ Yoast SEO plugin. -->","yoast_head_json":{"title":"Valmistusandmed ja Formaadid - Brandner","robots":{"index":"index","follow":"follow","max-snippet":"max-snippet:-1","max-image-preview":"max-image-preview:large","max-video-preview":"max-video-preview:-1"},"canonical":"https:\/\/www.brandner.ee\/et\/huva-nou\/valmistusandmed-ja-formaadid\/","og_locale":"et_EE","og_type":"article","og_title":"Valmistusandmed ja Formaadid - Brandner","og_description":"Selleks, et tr\u00fckkplaadi valmistaja ja tellija saaksid teineteisest koheselt aru, palume teil oma projekteerimist\u00f6\u00f6s kasutada alltoodud andmete ja failinimede seoseid. CAD-i programmist eksportimisel pakkige vajalikud failid kokku (*.zip v\u00f5i *rar formaadis) ja nimetage saadud komplekt vastavalt oma \u00e4ran\u00e4gemise j\u00e4rgi &#8211; v\u00e4ljat\u00f6\u00f6tluse nimi, number jne. Kui te peaksite tegema juba Brandner Electronics&#8217;isse saadetud failides muudatusi, siis &hellip;","og_url":"https:\/\/www.brandner.ee\/et\/huva-nou\/valmistusandmed-ja-formaadid\/","og_site_name":"Brandner","article_modified_time":"2025-08-11T06:10:08+00:00","twitter_card":"summary_large_image","twitter_misc":{"Est. reading time":"2 minutit"},"schema":{"@context":"https:\/\/schema.org","@graph":[{"@type":"WebPage","@id":"https:\/\/www.brandner.ee\/et\/huva-nou\/valmistusandmed-ja-formaadid\/","url":"https:\/\/www.brandner.ee\/et\/huva-nou\/valmistusandmed-ja-formaadid\/","name":"Valmistusandmed ja Formaadid - Brandner","isPartOf":{"@id":"https:\/\/www.brandner.ee\/#website"},"datePublished":"2017-08-17T07:53:21+00:00","dateModified":"2025-08-11T06:10:08+00:00","breadcrumb":{"@id":"https:\/\/www.brandner.ee\/et\/huva-nou\/valmistusandmed-ja-formaadid\/#breadcrumb"},"inLanguage":"et","potentialAction":[{"@type":"ReadAction","target":["https:\/\/www.brandner.ee\/et\/huva-nou\/valmistusandmed-ja-formaadid\/"]}]},{"@type":"BreadcrumbList","@id":"https:\/\/www.brandner.ee\/et\/huva-nou\/valmistusandmed-ja-formaadid\/#breadcrumb","itemListElement":[{"@type":"ListItem","position":1,"name":"Home","item":"https:\/\/www.brandner.ee\/et\/"},{"@type":"ListItem","position":2,"name":"H\u00fcva N\u00f5u","item":"https:\/\/www.brandner.ee\/et\/huva-nou\/"},{"@type":"ListItem","position":3,"name":"Valmistusandmed ja Formaadid"}]},{"@type":"WebSite","@id":"https:\/\/www.brandner.ee\/#website","url":"https:\/\/www.brandner.ee\/","name":"Brandner","description":"PCB manufacturing","potentialAction":[{"@type":"SearchAction","target":{"@type":"EntryPoint","urlTemplate":"https:\/\/www.brandner.ee\/?s={search_term_string}"},"query-input":"required name=search_term_string"}],"inLanguage":"et"}]}},"_links":{"self":[{"href":"https:\/\/www.brandner.ee\/et\/wp-json\/wp\/v2\/pages\/838"}],"collection":[{"href":"https:\/\/www.brandner.ee\/et\/wp-json\/wp\/v2\/pages"}],"about":[{"href":"https:\/\/www.brandner.ee\/et\/wp-json\/wp\/v2\/types\/page"}],"author":[{"embeddable":true,"href":"https:\/\/www.brandner.ee\/et\/wp-json\/wp\/v2\/users\/31"}],"replies":[{"embeddable":true,"href":"https:\/\/www.brandner.ee\/et\/wp-json\/wp\/v2\/comments?post=838"}],"version-history":[{"count":9,"href":"https:\/\/www.brandner.ee\/et\/wp-json\/wp\/v2\/pages\/838\/revisions"}],"predecessor-version":[{"id":12819,"href":"https:\/\/www.brandner.ee\/et\/wp-json\/wp\/v2\/pages\/838\/revisions\/12819"}],"up":[{"embeddable":true,"href":"https:\/\/www.brandner.ee\/et\/wp-json\/wp\/v2\/pages\/807"}],"wp:attachment":[{"href":"https:\/\/www.brandner.ee\/et\/wp-json\/wp\/v2\/media?parent=838"}],"curies":[{"name":"wp","href":"https:\/\/api.w.org\/{rel}","templated":true}]}}