{"id":825,"date":"2017-08-17T10:45:12","date_gmt":"2017-08-17T07:45:12","guid":{"rendered":"http:\/\/www.brandner.ee\/?page_id=825\/"},"modified":"2025-08-11T09:08:25","modified_gmt":"2025-08-11T06:08:25","slug":"lainetakistus","status":"publish","type":"page","link":"https:\/\/www.brandner.ee\/et\/huva-nou\/lainetakistus\/","title":{"rendered":"Lainetakistus"},"content":{"rendered":"<p>Mida peab teadma lainetakistust omavate plaatide projekteerimisel:<\/p>\n<ol>\n<li>Erinevad materjalide paksused omavad erinevaid dielektrilisi konstante. Meil kasutuselolevate materjalide konstandid leiad\u00a0<strong><a href=\"https:\/\/www.brandner.ee\/wp-content\/uploads\/2017\/08\/DielectricConstants_R-1755V_R-1650V.pdf\">siit<\/a><\/strong>, <strong><a href=\"https:\/\/www.brandner.ee\/wp-content\/uploads\/2019\/04\/R-1755V-Laminate.pdf\">siit<\/a><\/strong> ja <strong><a href=\"https:\/\/www.brandner.ee\/wp-content\/uploads\/2019\/04\/R-1650V-Dk-Df.pdf\">siit<\/a><\/strong>;<\/li>\n<li>Liidese t\u00f6\u00f6sagedust. Sellele vastavat dielektrilist konstanti vaata eelnevast materjalide tabelist;<\/li>\n<li>Sisekihtide nominaalvasepaksused kahanevad meie protsessis 3\u00b5! N\u00e4iteks 18\u00b5 fooliumiga sisekihi vasepaksus j\u00e4\u00e4b peale tootmist 15\u00b5 st tehes lainetakistuse arvutusi tuleb sisestada programmi 15\u00b5. See suurus s\u00f5ltub tootja poolt kasutatavatest protsessidest ja v\u00f5ib olla erinev meie 3\u00b5-st.<\/li>\n<li>V\u00e4liskihtide vasepaksused suurenevad galvaanilise vasetamise t\u00f5ttu v\u00e4hemalt 35\u00b5 v\u00f5rra st arvestada tuleb alusfoolium + galvaaniline vasetamine (12\u00b5 + 35\u00b5 =47\u00b5);<\/li>\n<li>V\u00e4liskihtide topograafiat ehk vaseala \u00fchtlust. Mitte\u00fchtlane topograafia tekitab olukorra, kus h\u00f5redamas vasealas on vasepaksus radadel kuni 2x suurem v\u00f5rreldes t\u00e4idetud maa-alaga;<\/li>\n<li>Radade kahanemist s\u00f6\u00f6vitusprotsessi k\u00e4igus. Raja laius kahaneb minimaalselt alusfooliumi paksuse v\u00f5rra;<\/li>\n<li>Vajalike sise- ja vahekihtide olemasolu tr\u00fckkplaatide tarnijal. M\u00f5istlik on projekteerimise k\u00e4igus selgitada v\u00e4lja valitud tarnija laos olevad materjalid ja projekteerida vastavalt nendele. Meie materjalivaliku leiad<strong> <a href=\"https:\/\/www.brandner.ee\/wp-content\/uploads\/2018\/11\/stock-list-EST_M.pdf\" target=\"_blank\" rel=\"noopener noreferrer\">siit<\/a><\/strong>. Kui teie etteantud \u00fclesehitus ja tarnija poolt pakutud \u00fclesehitus ei \u00fchti, siis arvutage lainetakistus uuesti kasutades tarnija \u00fclesehitust!<\/li>\n<li>Lisage failidesse alati spetsifikatsioon, kus n\u00e4idake \u00e4ra lainetakistuse t\u00fc\u00fcp (single, diff pair), takistuse suurus oomides ja tolerants, signaali ja tugikihi numbrid (signal, ref) raja laius ja vahe (hea oleks ka D-kood). \u00dcks spetsifikatsiooni v\u00f5imalustest on toodud allpool:<\/li>\n<\/ol>\n<p><img loading=\"lazy\" decoding=\"async\" src=\"https:\/\/www.brandner.ee\/wp-content\/uploads\/2017\/10\/ImpedanceSpec.png\" alt=\"\" width=\"500\" height=\"69\" \/><\/p>\n","protected":false},"excerpt":{"rendered":"<p>Mida peab teadma lainetakistust omavate plaatide projekteerimisel: Erinevad materjalide paksused omavad erinevaid dielektrilisi konstante. Meil kasutuselolevate materjalide konstandid leiad\u00a0siit, siit ja siit; Liidese t\u00f6\u00f6sagedust. Sellele vastavat dielektrilist konstanti vaata eelnevast materjalide tabelist; Sisekihtide nominaalvasepaksused kahanevad meie protsessis 3\u00b5! N\u00e4iteks 18\u00b5 fooliumiga sisekihi vasepaksus j\u00e4\u00e4b peale tootmist 15\u00b5 st tehes lainetakistuse arvutusi tuleb sisestada programmi 15\u00b5. &hellip;<\/p>\n","protected":false},"author":31,"featured_media":0,"parent":807,"menu_order":30,"comment_status":"closed","ping_status":"closed","template":"template_content-sidebar.php","meta":{"footnotes":""},"yoast_head":"<!-- This site is optimized with the Yoast SEO plugin v21.5 - https:\/\/yoast.com\/wordpress\/plugins\/seo\/ -->\n<title>Lainetakistus - Brandner<\/title>\n<meta name=\"robots\" content=\"index, follow, max-snippet:-1, max-image-preview:large, max-video-preview:-1\" \/>\n<link rel=\"canonical\" href=\"https:\/\/www.brandner.ee\/et\/huva-nou\/lainetakistus\/\" \/>\n<meta property=\"og:locale\" content=\"et_EE\" \/>\n<meta property=\"og:type\" content=\"article\" \/>\n<meta property=\"og:title\" content=\"Lainetakistus - Brandner\" \/>\n<meta property=\"og:description\" content=\"Mida peab teadma lainetakistust omavate plaatide projekteerimisel: Erinevad materjalide paksused omavad erinevaid dielektrilisi konstante. Meil kasutuselolevate materjalide konstandid leiad\u00a0siit, siit ja siit; Liidese t\u00f6\u00f6sagedust. Sellele vastavat dielektrilist konstanti vaata eelnevast materjalide tabelist; Sisekihtide nominaalvasepaksused kahanevad meie protsessis 3\u00b5! N\u00e4iteks 18\u00b5 fooliumiga sisekihi vasepaksus j\u00e4\u00e4b peale tootmist 15\u00b5 st tehes lainetakistuse arvutusi tuleb sisestada programmi 15\u00b5. &hellip;\" \/>\n<meta property=\"og:url\" content=\"https:\/\/www.brandner.ee\/et\/huva-nou\/lainetakistus\/\" \/>\n<meta property=\"og:site_name\" content=\"Brandner\" \/>\n<meta property=\"article:modified_time\" content=\"2025-08-11T06:08:25+00:00\" \/>\n<meta property=\"og:image\" content=\"https:\/\/www.brandner.ee\/wp-content\/uploads\/2017\/10\/ImpedanceSpec.png\" \/>\n<meta name=\"twitter:card\" content=\"summary_large_image\" \/>\n<meta name=\"twitter:label1\" content=\"Est. reading time\" \/>\n\t<meta name=\"twitter:data1\" content=\"2 minutit\" \/>\n<script type=\"application\/ld+json\" class=\"yoast-schema-graph\">{\"@context\":\"https:\/\/schema.org\",\"@graph\":[{\"@type\":\"WebPage\",\"@id\":\"https:\/\/www.brandner.ee\/et\/huva-nou\/lainetakistus\/\",\"url\":\"https:\/\/www.brandner.ee\/et\/huva-nou\/lainetakistus\/\",\"name\":\"Lainetakistus - Brandner\",\"isPartOf\":{\"@id\":\"https:\/\/www.brandner.ee\/#website\"},\"datePublished\":\"2017-08-17T07:45:12+00:00\",\"dateModified\":\"2025-08-11T06:08:25+00:00\",\"breadcrumb\":{\"@id\":\"https:\/\/www.brandner.ee\/et\/huva-nou\/lainetakistus\/#breadcrumb\"},\"inLanguage\":\"et\",\"potentialAction\":[{\"@type\":\"ReadAction\",\"target\":[\"https:\/\/www.brandner.ee\/et\/huva-nou\/lainetakistus\/\"]}]},{\"@type\":\"BreadcrumbList\",\"@id\":\"https:\/\/www.brandner.ee\/et\/huva-nou\/lainetakistus\/#breadcrumb\",\"itemListElement\":[{\"@type\":\"ListItem\",\"position\":1,\"name\":\"Home\",\"item\":\"https:\/\/www.brandner.ee\/et\/\"},{\"@type\":\"ListItem\",\"position\":2,\"name\":\"H\u00fcva N\u00f5u\",\"item\":\"https:\/\/www.brandner.ee\/et\/huva-nou\/\"},{\"@type\":\"ListItem\",\"position\":3,\"name\":\"Lainetakistus\"}]},{\"@type\":\"WebSite\",\"@id\":\"https:\/\/www.brandner.ee\/#website\",\"url\":\"https:\/\/www.brandner.ee\/\",\"name\":\"Brandner\",\"description\":\"PCB manufacturing\",\"potentialAction\":[{\"@type\":\"SearchAction\",\"target\":{\"@type\":\"EntryPoint\",\"urlTemplate\":\"https:\/\/www.brandner.ee\/?s={search_term_string}\"},\"query-input\":\"required name=search_term_string\"}],\"inLanguage\":\"et\"}]}<\/script>\n<!-- \/ Yoast SEO plugin. -->","yoast_head_json":{"title":"Lainetakistus - Brandner","robots":{"index":"index","follow":"follow","max-snippet":"max-snippet:-1","max-image-preview":"max-image-preview:large","max-video-preview":"max-video-preview:-1"},"canonical":"https:\/\/www.brandner.ee\/et\/huva-nou\/lainetakistus\/","og_locale":"et_EE","og_type":"article","og_title":"Lainetakistus - Brandner","og_description":"Mida peab teadma lainetakistust omavate plaatide projekteerimisel: Erinevad materjalide paksused omavad erinevaid dielektrilisi konstante. Meil kasutuselolevate materjalide konstandid leiad\u00a0siit, siit ja siit; Liidese t\u00f6\u00f6sagedust. Sellele vastavat dielektrilist konstanti vaata eelnevast materjalide tabelist; Sisekihtide nominaalvasepaksused kahanevad meie protsessis 3\u00b5! N\u00e4iteks 18\u00b5 fooliumiga sisekihi vasepaksus j\u00e4\u00e4b peale tootmist 15\u00b5 st tehes lainetakistuse arvutusi tuleb sisestada programmi 15\u00b5. &hellip;","og_url":"https:\/\/www.brandner.ee\/et\/huva-nou\/lainetakistus\/","og_site_name":"Brandner","article_modified_time":"2025-08-11T06:08:25+00:00","og_image":[{"url":"https:\/\/www.brandner.ee\/wp-content\/uploads\/2017\/10\/ImpedanceSpec.png"}],"twitter_card":"summary_large_image","twitter_misc":{"Est. reading time":"2 minutit"},"schema":{"@context":"https:\/\/schema.org","@graph":[{"@type":"WebPage","@id":"https:\/\/www.brandner.ee\/et\/huva-nou\/lainetakistus\/","url":"https:\/\/www.brandner.ee\/et\/huva-nou\/lainetakistus\/","name":"Lainetakistus - Brandner","isPartOf":{"@id":"https:\/\/www.brandner.ee\/#website"},"datePublished":"2017-08-17T07:45:12+00:00","dateModified":"2025-08-11T06:08:25+00:00","breadcrumb":{"@id":"https:\/\/www.brandner.ee\/et\/huva-nou\/lainetakistus\/#breadcrumb"},"inLanguage":"et","potentialAction":[{"@type":"ReadAction","target":["https:\/\/www.brandner.ee\/et\/huva-nou\/lainetakistus\/"]}]},{"@type":"BreadcrumbList","@id":"https:\/\/www.brandner.ee\/et\/huva-nou\/lainetakistus\/#breadcrumb","itemListElement":[{"@type":"ListItem","position":1,"name":"Home","item":"https:\/\/www.brandner.ee\/et\/"},{"@type":"ListItem","position":2,"name":"H\u00fcva N\u00f5u","item":"https:\/\/www.brandner.ee\/et\/huva-nou\/"},{"@type":"ListItem","position":3,"name":"Lainetakistus"}]},{"@type":"WebSite","@id":"https:\/\/www.brandner.ee\/#website","url":"https:\/\/www.brandner.ee\/","name":"Brandner","description":"PCB manufacturing","potentialAction":[{"@type":"SearchAction","target":{"@type":"EntryPoint","urlTemplate":"https:\/\/www.brandner.ee\/?s={search_term_string}"},"query-input":"required name=search_term_string"}],"inLanguage":"et"}]}},"_links":{"self":[{"href":"https:\/\/www.brandner.ee\/et\/wp-json\/wp\/v2\/pages\/825"}],"collection":[{"href":"https:\/\/www.brandner.ee\/et\/wp-json\/wp\/v2\/pages"}],"about":[{"href":"https:\/\/www.brandner.ee\/et\/wp-json\/wp\/v2\/types\/page"}],"author":[{"embeddable":true,"href":"https:\/\/www.brandner.ee\/et\/wp-json\/wp\/v2\/users\/31"}],"replies":[{"embeddable":true,"href":"https:\/\/www.brandner.ee\/et\/wp-json\/wp\/v2\/comments?post=825"}],"version-history":[{"count":17,"href":"https:\/\/www.brandner.ee\/et\/wp-json\/wp\/v2\/pages\/825\/revisions"}],"predecessor-version":[{"id":12816,"href":"https:\/\/www.brandner.ee\/et\/wp-json\/wp\/v2\/pages\/825\/revisions\/12816"}],"up":[{"embeddable":true,"href":"https:\/\/www.brandner.ee\/et\/wp-json\/wp\/v2\/pages\/807"}],"wp:attachment":[{"href":"https:\/\/www.brandner.ee\/et\/wp-json\/wp\/v2\/media?parent=825"}],"curies":[{"name":"wp","href":"https:\/\/api.w.org\/{rel}","templated":true}]}}