{"id":818,"date":"2017-08-17T10:38:31","date_gmt":"2017-08-17T07:38:31","guid":{"rendered":"http:\/\/www.brandner.ee\/?page_id=818\/"},"modified":"2025-08-01T08:12:48","modified_gmt":"2025-08-01T05:12:48","slug":"faq","status":"publish","type":"page","link":"https:\/\/www.brandner.ee\/et\/huva-nou\/faq\/","title":{"rendered":"KKK"},"content":{"rendered":"<p>Oleme kogunud siia vastused k\u00fcsimustele, millele meil ikka ja j\u00e4lle vastata tuleb.<\/p>\n<p><strong>1)\u00a0<\/strong><strong>Maskivabastusi on vaja v\u00e4hendada. Miks? Kui palju?<\/strong><\/p>\n<p>See on t\u00f6\u00f6, mille saame Teie eest \u00e4ra teha, kui selleks meile kirjaliku n\u00f5usoleku annate.<\/p>\n<p>Liiga suured maskiavad p\u00f5hjustavad probleeme hilisemas jooteprotsessis. \u00dclem\u00e4\u00e4raste maskivabastuste puhul on oht niinimetatud jootesildade tekkeks metalliseeritud alade\/platside\/radade vahel, mis omakorda tekitavad soovimatuid \u00fchendusi v\u00f5i l\u00fchiseid.<\/p>\n<p>Ei ole kindlat arvv\u00e4\u00e4rtust, kui suured v\u00f5i v\u00e4ikesed t\u00e4pselt peaksid maskivabastused olema. Siin l\u00e4heneme asjale juhtumip\u00f5hiselt ning m\u00f5nikord v\u00f5ib juhtuda, et teatud kohtades tuleb maskivabastust hoopis suurendada. Teeme seda nii v\u00e4he kui v\u00f5imalik, aga nii palju kui tarvis, v\u00f5ttes seejuures appi teadmised, mis oleme saanud 20-aastasest kogemusest tr\u00fckkplaatide valmistamisel.<\/p>\n<p>Maskivabastusi on vaja korrigeerida:<\/p>\n<p><img loading=\"lazy\" decoding=\"async\" class=\"alignnone size-medium wp-image-3986\" src=\"https:\/\/www.brandner.ee\/wp-content\/uploads\/2017\/12\/Solder-mask-must-be-reduced.-Not-correct-one.-300x253.png\" alt=\"\" width=\"300\" height=\"253\" srcset=\"https:\/\/www.brandner.ee\/wp-content\/uploads\/2017\/12\/Solder-mask-must-be-reduced.-Not-correct-one.-300x253.png 300w, https:\/\/www.brandner.ee\/wp-content\/uploads\/2017\/12\/Solder-mask-must-be-reduced.-Not-correct-one.-768x647.png 768w, https:\/\/www.brandner.ee\/wp-content\/uploads\/2017\/12\/Solder-mask-must-be-reduced.-Not-correct-one..png 809w\" sizes=\"(max-width: 300px) 100vw, 300px\" \/><\/p>\n<p>Maskivabastused on korrektsed:<\/p>\n<p><img loading=\"lazy\" decoding=\"async\" class=\"alignnone size-medium wp-image-3982\" src=\"https:\/\/www.brandner.ee\/wp-content\/uploads\/2017\/12\/Solder-mask-must-be-reduced.-Correct-one.-300x269.png\" alt=\"\" width=\"300\" height=\"269\" srcset=\"https:\/\/www.brandner.ee\/wp-content\/uploads\/2017\/12\/Solder-mask-must-be-reduced.-Correct-one.-300x269.png 300w, https:\/\/www.brandner.ee\/wp-content\/uploads\/2017\/12\/Solder-mask-must-be-reduced.-Correct-one.-768x688.png 768w, https:\/\/www.brandner.ee\/wp-content\/uploads\/2017\/12\/Solder-mask-must-be-reduced.-Correct-one..png 826w\" sizes=\"(max-width: 300px) 100vw, 300px\" \/><\/p>\n<p><strong>2) Topograafia tasakaalustamine<\/strong><\/p>\n<p>Mida \u00fchtlasemalt jaguneb vask plaadil, seda \u00fchtlasemalt toimivad elektrokeemilised protsessid plaadi valmistamisel ja seda ideaalil\u00e4hedasem on tulemus. Tasakaalustatud topograafia t\u00e4hendab v\u00f5imalikult \u00fchtlaselt jaotatud vaske. Seda hinnatakse nii plaadi \u00fche pinna ulatuses v\u00f5i ka \u00fcla- ja alapooli omavahel v\u00f5rreldes. Kui suur maa-ala on plaadi \u00fches servas v\u00f5i \u00fclapoolel ja vaid m\u00f5ned kitsad rajakesed vastasnurgas v\u00f5i alapoolel, siis kitsad rajad saavad galvaniseerimisprotsessis \u00fclem\u00e4\u00e4raselt vasetatud. Tasakaalustamata topograafia t\u00f5ttu v\u00f5ib vasepaksus plaadil erineda kuni kaks korda. Halvimal juhul v\u00f5ib toimuda juhtmete, platside v\u00f5i maa-alade liitumine. Metallikihi paksuse suured erinevused tr\u00fckkplaadil muutuvad h\u00e4irivaks ka siis, kui oluline on t\u00e4pne lainetakistus.<\/p>\n<p>V\u00f5imalikud lahendused:<\/p>\n<p>1) Kui v\u00f5imalik, lisa vaske h\u00f5redasse piirkonda v h\u00f5redalt t\u00e4idetud poolele.<\/p>\n<p>2) Kui plaadid on paneelis, luba meil raamide metalliseerimist.<\/p>\n<p>Vt n\u00e4idist:<\/p>\n<p><img loading=\"lazy\" decoding=\"async\" src=\"https:\/\/www.brandner.ee\/wp-content\/uploads\/2017\/10\/faq_unbalanced_example.png\" alt=\"\" width=\"503\" height=\"149\" \/><\/p>\n<p>Rohelisega on m\u00e4rgitud vasealad. M\u00e4rka v\u00e4ga suurt erinevust plaadi vasaku ja parema poole vahel!<\/p>\n<p><img loading=\"lazy\" decoding=\"async\" src=\"https:\/\/www.brandner.ee\/wp-content\/uploads\/2017\/10\/Topograafia.jpg\" alt=\"N\u00e4ide topograafia parandamisest.\" width=\"495\" height=\"397\" \/><\/p>\n<p align=\"justify\">\u00dclal \u2013 tasakaalustatud topograafia. M\u00e4rka lisatud vaseplatse allservas ja siin-seal mujalgi!<\/p>\n<p align=\"justify\">All \u2013 tasakaalustamata topograafia. M\u00e4rka ebav\u00f5rdsust peente juhtmete ja ridastikku platside vahel, aga ka suuri t\u00fchje alasid!<\/p>\n<p align=\"justify\"><strong>3)\u00a0<\/strong><strong>Frees l\u00f5ikab vaske. Mis kahju see teeb?<\/strong><\/p>\n<p align=\"justify\">S\u00f5ltuvalt sellest, kui palju ja kus freesitee metalliseeritud alasid riivab v\u00f5i nendega l\u00f5ikub, v\u00f5ib tegu olla nii kosmeetilise probleemi kui p\u00f5him\u00f5ttelise veaga.<\/p>\n<p align=\"justify\">Freesist riivatud vaseservad t\u00f5usevad mingil m\u00e4\u00e4ral k\u00f5rgemale ja tekivad \u201ekrassid\u201d v\u00f5i \u201ekraad\u201d &#8211; kerge eba\u00fchtlus l\u00f5ikeservas. See v\u00f5ib tekitada probleeme juhul, kui plaat on ette n\u00e4htud jootmiseks automaatses jooteseadmes, kus plaat l\u00e4heb siinide vahele ja kraad v\u00f5ib takistada plaadi liikumist siinidesse v\u00f5i pastastensiili t\u00e4pset ja tihedat asetumist plaadile.<\/p>\n<p align=\"justify\">Alati, kui selline probleem esineb, anname sellest Teile teada ja soovitame v\u00f5imalusel disaini parandada. Kui olete oma disainis kindel ja annate meile vastava kirjaliku korralduse, valmistame plaadi ka vastava paranduseta.<\/p>\n<p align=\"justify\"><strong>4)\u00a0<\/strong><strong>Oht maskitasku tekkeks. Mis see on ja mis kahju teha v\u00f5ib?<\/strong><\/p>\n<p align=\"justify\">Maskitasku t\u00e4hendab olukorda, kus l\u00e4biviigu \u00fcks ots on maskiga kaetud, teine lahtine. Nii tekib \u00fchest otsast suletud \u201etasku\u201d.<\/p>\n<p align=\"justify\">Tr\u00fckkplaadi valmistamisel toimub mitmeid plaadi j\u00e4rjestikku t\u00f6\u00f6tlemisi erinevate kemikaalide lahustega ning on v\u00e4ga t\u00f5en\u00e4oline, et lahuste v\u00e4ljapesemine sellisest taskust ei \u00f5nnestu t\u00e4ielikult. Ainete j\u00e4\u00e4gid seesuguses taskus v\u00f5ivad tekitada probleeme mistahes t\u00f6\u00f6tlusprotsessis ning l\u00f5ppeks kannatab pinnakatte kvaliteet. Seet\u00f5ttu disainige arukalt ja v\u00e4ltige maskitaskuid.<\/p>\n<p align=\"justify\">Pildil maskitasku.<\/p>\n<p><img loading=\"lazy\" decoding=\"async\" class=\"alignnone wp-image-3900\" src=\"https:\/\/www.brandner.ee\/wp-content\/uploads\/2017\/12\/MaskPocket-300x162.jpg\" alt=\"\" width=\"385\" height=\"208\" srcset=\"https:\/\/www.brandner.ee\/wp-content\/uploads\/2017\/12\/MaskPocket-300x162.jpg 300w, https:\/\/www.brandner.ee\/wp-content\/uploads\/2017\/12\/MaskPocket-768x416.jpg 768w, https:\/\/www.brandner.ee\/wp-content\/uploads\/2017\/12\/MaskPocket.jpg 776w\" sizes=\"(max-width: 385px) 100vw, 385px\" \/><\/p>\n<p><strong>5) &#8220;Plaadil on resistitasku&#8221;? Mis see on ja mille poolest on ohtlik?<\/strong><\/p>\n<p>Tr\u00fckkplaadi valmistamisel kaetakse foolium valgustundliku resistiga, mis hilisema t\u00f6\u00f6tluse k\u00e4igus eemaldatakse.<\/p>\n<p>Resisti ilmutamisel valgust saanud resist k\u00f5veneb ja katab selle osa fooliumist, mis peab s\u00f6\u00f6vitamisel s\u00e4ilima. J\u00e4rgneb k\u00f5venemata resisti eemaldamine ja mittevajalik vask s\u00f6\u00f6vitatakse.<\/p>\n<p>Kui plaadi disainis on kasutatud teravaid nurki v\u00f5i elemendid korralikult \u00fchendamata j\u00e4\u00e4nud, on risk, et resist ei eemaldu kitsastest nurkadest ja vahedest t\u00e4ielikult. Lahtine resist v\u00f5ib hilisemates t\u00f6\u00f6tlusetappides lahti tulla ja ilmneda plaadil v\u00f5\u00f5rkehana, samuti j\u00e4\u00e4b \u00fclearuse resisti alla soovimatu vask, mis plaadi t\u00f6\u00f6s v\u00f5ib tuua soovimatuid tagaj\u00e4rgi. Et seda v\u00e4ltida, ei v\u00f5ta me t\u00f6\u00f6sse plaate, millel on oht resistitasku tekkeks, vaid palume kliendil oma plaadi disain \u00fcle vaadata, pidades silmas, et ei oleks teravnurki ja korralikult \u00fchendamata j\u00e4\u00e4nud elemente.<\/p>\n<p>Allpool on skemaatiline pilt t\u00fc\u00fcpilisest resistitaskust, mis tekib elementide mittekorrektsel \u00fchendamisel. Vt kitsad ribad punases kastis vasakpoolsel joonisel, parempoolsel on sama koht korrastatud:<\/p>\n<p><img loading=\"lazy\" decoding=\"async\" class=\"alignnone wp-image-3916\" src=\"https:\/\/www.brandner.ee\/wp-content\/uploads\/2017\/12\/Resist-Pocket-300x109.png\" alt=\"\" width=\"493\" height=\"179\" srcset=\"https:\/\/www.brandner.ee\/wp-content\/uploads\/2017\/12\/Resist-Pocket-300x109.png 300w, https:\/\/www.brandner.ee\/wp-content\/uploads\/2017\/12\/Resist-Pocket-768x280.png 768w, https:\/\/www.brandner.ee\/wp-content\/uploads\/2017\/12\/Resist-Pocket-1024x374.png 1024w, https:\/\/www.brandner.ee\/wp-content\/uploads\/2017\/12\/Resist-Pocket.png 1118w\" sizes=\"(max-width: 493px) 100vw, 493px\" \/><img loading=\"lazy\" decoding=\"async\" class=\"alignnone wp-image-3920\" src=\"https:\/\/www.brandner.ee\/wp-content\/uploads\/2017\/12\/ResistPocketExplained-300x161.jpg\" alt=\"\" width=\"382\" height=\"205\" srcset=\"https:\/\/www.brandner.ee\/wp-content\/uploads\/2017\/12\/ResistPocketExplained-300x161.jpg 300w, https:\/\/www.brandner.ee\/wp-content\/uploads\/2017\/12\/ResistPocketExplained.jpg 709w\" sizes=\"(max-width: 382px) 100vw, 382px\" \/><\/p>\n\n\n<p><strong>6) Miks \u00fcksikutel plaatidel v\u00f5i paneelidel peavad olema \u00fcmardatud nurgad?<\/strong><\/p>\n\n\n\n<p>Turvalise transpordi ja ladustamise \u00fclal pidamiseks k\u00f5ik meie plaadid on pakitud \u00f5hukindla antistaatilise mullikilega. Et paki k\u00e4sitluses plaadid ei torgiks kile sisse auke, on nende nurgad \u00fcmardatud.<br><br>Juhul kui te soovite plaate teravate nurkadega, v\u00f5ite tellida need paneelis (V-l\u00f5ike ja raamiga). Teine v\u00f5imalus on lisada V-l\u00f5ikega eraldatud v\u00e4hemalt 5mm raam plaadi m\u00f5lemale poole.<br><br><br><\/p>\n\n\n\n<p><strong>7)<\/strong> <strong>Puurimiss\u00fcgavuse piirang<\/strong><\/p>\n\n\n\n<p>Brandner Electronics&#8217;is suhe puurimiss\u00fcgavuse ja puuri l\u00e4bim\u00f5\u00f5du vahel on 1:16. See t\u00e4hendab, et ei ole v\u00f5imalik puurida l\u00e4bivavasid, mis on s\u00fcgavamad, kui 16x puuri l\u00e4bim\u00f5\u00f5t. Erand reeglist on 0,1mm puuride kohal, mille suhe on 1:12 (V\u00f5ib puurida 1,2mm).<\/p>\n\n\n\n<p>Pimedate avade kohal on t\u00e4htis j\u00e4lgida, et puuri l\u00e4bim\u00f5\u00f5du ja augu s\u00fcgavuse suhe ei \u00fcleta 1:1. Puurimiss\u00fcgavus ei tohi \u00fcletada puuri l\u00e4bim\u00f5\u00f5tu. Palun pidage plaadi disainimisel seda detaili meeles.<\/p>\n","protected":false},"excerpt":{"rendered":"<p>Oleme kogunud siia vastused k\u00fcsimustele, millele meil ikka ja j\u00e4lle vastata tuleb. 1)\u00a0Maskivabastusi on vaja v\u00e4hendada. Miks? Kui palju? See on t\u00f6\u00f6, mille saame Teie eest \u00e4ra teha, kui selleks meile kirjaliku n\u00f5usoleku annate. Liiga suured maskiavad p\u00f5hjustavad probleeme hilisemas jooteprotsessis. \u00dclem\u00e4\u00e4raste maskivabastuste puhul on oht niinimetatud jootesildade tekkeks metalliseeritud alade\/platside\/radade vahel, mis omakorda tekitavad &hellip;<\/p>\n","protected":false},"author":31,"featured_media":0,"parent":807,"menu_order":20,"comment_status":"closed","ping_status":"closed","template":"template_content-sidebar.php","meta":{"footnotes":""},"yoast_head":"<!-- This site is optimized with the Yoast SEO plugin v21.5 - https:\/\/yoast.com\/wordpress\/plugins\/seo\/ -->\n<title>KKK - Brandner<\/title>\n<meta name=\"robots\" content=\"index, follow, max-snippet:-1, max-image-preview:large, max-video-preview:-1\" \/>\n<link rel=\"canonical\" href=\"https:\/\/www.brandner.ee\/et\/huva-nou\/faq\/\" \/>\n<meta property=\"og:locale\" content=\"et_EE\" \/>\n<meta property=\"og:type\" content=\"article\" \/>\n<meta property=\"og:title\" content=\"KKK - Brandner\" \/>\n<meta property=\"og:description\" content=\"Oleme kogunud siia vastused k\u00fcsimustele, millele meil ikka ja j\u00e4lle vastata tuleb. 1)\u00a0Maskivabastusi on vaja v\u00e4hendada. Miks? Kui palju? See on t\u00f6\u00f6, mille saame Teie eest \u00e4ra teha, kui selleks meile kirjaliku n\u00f5usoleku annate. Liiga suured maskiavad p\u00f5hjustavad probleeme hilisemas jooteprotsessis. \u00dclem\u00e4\u00e4raste maskivabastuste puhul on oht niinimetatud jootesildade tekkeks metalliseeritud alade\/platside\/radade vahel, mis omakorda tekitavad &hellip;\" \/>\n<meta property=\"og:url\" content=\"https:\/\/www.brandner.ee\/et\/huva-nou\/faq\/\" \/>\n<meta property=\"og:site_name\" content=\"Brandner\" \/>\n<meta property=\"article:modified_time\" content=\"2025-08-01T05:12:48+00:00\" \/>\n<meta property=\"og:image\" content=\"https:\/\/www.brandner.ee\/wp-content\/uploads\/2017\/12\/Solder-mask-must-be-reduced.-Not-correct-one.-300x253.png\" \/>\n<meta name=\"twitter:card\" content=\"summary_large_image\" \/>\n<meta name=\"twitter:label1\" content=\"Est. reading time\" \/>\n\t<meta name=\"twitter:data1\" content=\"6 minutit\" \/>\n<script type=\"application\/ld+json\" class=\"yoast-schema-graph\">{\"@context\":\"https:\/\/schema.org\",\"@graph\":[{\"@type\":\"WebPage\",\"@id\":\"https:\/\/www.brandner.ee\/et\/huva-nou\/faq\/\",\"url\":\"https:\/\/www.brandner.ee\/et\/huva-nou\/faq\/\",\"name\":\"KKK - Brandner\",\"isPartOf\":{\"@id\":\"https:\/\/www.brandner.ee\/#website\"},\"datePublished\":\"2017-08-17T07:38:31+00:00\",\"dateModified\":\"2025-08-01T05:12:48+00:00\",\"breadcrumb\":{\"@id\":\"https:\/\/www.brandner.ee\/et\/huva-nou\/faq\/#breadcrumb\"},\"inLanguage\":\"et\",\"potentialAction\":[{\"@type\":\"ReadAction\",\"target\":[\"https:\/\/www.brandner.ee\/et\/huva-nou\/faq\/\"]}]},{\"@type\":\"BreadcrumbList\",\"@id\":\"https:\/\/www.brandner.ee\/et\/huva-nou\/faq\/#breadcrumb\",\"itemListElement\":[{\"@type\":\"ListItem\",\"position\":1,\"name\":\"Home\",\"item\":\"https:\/\/www.brandner.ee\/et\/\"},{\"@type\":\"ListItem\",\"position\":2,\"name\":\"H\u00fcva N\u00f5u\",\"item\":\"https:\/\/www.brandner.ee\/et\/huva-nou\/\"},{\"@type\":\"ListItem\",\"position\":3,\"name\":\"KKK\"}]},{\"@type\":\"WebSite\",\"@id\":\"https:\/\/www.brandner.ee\/#website\",\"url\":\"https:\/\/www.brandner.ee\/\",\"name\":\"Brandner\",\"description\":\"PCB manufacturing\",\"potentialAction\":[{\"@type\":\"SearchAction\",\"target\":{\"@type\":\"EntryPoint\",\"urlTemplate\":\"https:\/\/www.brandner.ee\/?s={search_term_string}\"},\"query-input\":\"required name=search_term_string\"}],\"inLanguage\":\"et\"}]}<\/script>\n<!-- \/ Yoast SEO plugin. -->","yoast_head_json":{"title":"KKK - Brandner","robots":{"index":"index","follow":"follow","max-snippet":"max-snippet:-1","max-image-preview":"max-image-preview:large","max-video-preview":"max-video-preview:-1"},"canonical":"https:\/\/www.brandner.ee\/et\/huva-nou\/faq\/","og_locale":"et_EE","og_type":"article","og_title":"KKK - Brandner","og_description":"Oleme kogunud siia vastused k\u00fcsimustele, millele meil ikka ja j\u00e4lle vastata tuleb. 1)\u00a0Maskivabastusi on vaja v\u00e4hendada. Miks? Kui palju? See on t\u00f6\u00f6, mille saame Teie eest \u00e4ra teha, kui selleks meile kirjaliku n\u00f5usoleku annate. Liiga suured maskiavad p\u00f5hjustavad probleeme hilisemas jooteprotsessis. \u00dclem\u00e4\u00e4raste maskivabastuste puhul on oht niinimetatud jootesildade tekkeks metalliseeritud alade\/platside\/radade vahel, mis omakorda tekitavad &hellip;","og_url":"https:\/\/www.brandner.ee\/et\/huva-nou\/faq\/","og_site_name":"Brandner","article_modified_time":"2025-08-01T05:12:48+00:00","og_image":[{"url":"https:\/\/www.brandner.ee\/wp-content\/uploads\/2017\/12\/Solder-mask-must-be-reduced.-Not-correct-one.-300x253.png"}],"twitter_card":"summary_large_image","twitter_misc":{"Est. reading time":"6 minutit"},"schema":{"@context":"https:\/\/schema.org","@graph":[{"@type":"WebPage","@id":"https:\/\/www.brandner.ee\/et\/huva-nou\/faq\/","url":"https:\/\/www.brandner.ee\/et\/huva-nou\/faq\/","name":"KKK - Brandner","isPartOf":{"@id":"https:\/\/www.brandner.ee\/#website"},"datePublished":"2017-08-17T07:38:31+00:00","dateModified":"2025-08-01T05:12:48+00:00","breadcrumb":{"@id":"https:\/\/www.brandner.ee\/et\/huva-nou\/faq\/#breadcrumb"},"inLanguage":"et","potentialAction":[{"@type":"ReadAction","target":["https:\/\/www.brandner.ee\/et\/huva-nou\/faq\/"]}]},{"@type":"BreadcrumbList","@id":"https:\/\/www.brandner.ee\/et\/huva-nou\/faq\/#breadcrumb","itemListElement":[{"@type":"ListItem","position":1,"name":"Home","item":"https:\/\/www.brandner.ee\/et\/"},{"@type":"ListItem","position":2,"name":"H\u00fcva N\u00f5u","item":"https:\/\/www.brandner.ee\/et\/huva-nou\/"},{"@type":"ListItem","position":3,"name":"KKK"}]},{"@type":"WebSite","@id":"https:\/\/www.brandner.ee\/#website","url":"https:\/\/www.brandner.ee\/","name":"Brandner","description":"PCB manufacturing","potentialAction":[{"@type":"SearchAction","target":{"@type":"EntryPoint","urlTemplate":"https:\/\/www.brandner.ee\/?s={search_term_string}"},"query-input":"required name=search_term_string"}],"inLanguage":"et"}]}},"_links":{"self":[{"href":"https:\/\/www.brandner.ee\/et\/wp-json\/wp\/v2\/pages\/818"}],"collection":[{"href":"https:\/\/www.brandner.ee\/et\/wp-json\/wp\/v2\/pages"}],"about":[{"href":"https:\/\/www.brandner.ee\/et\/wp-json\/wp\/v2\/types\/page"}],"author":[{"embeddable":true,"href":"https:\/\/www.brandner.ee\/et\/wp-json\/wp\/v2\/users\/31"}],"replies":[{"embeddable":true,"href":"https:\/\/www.brandner.ee\/et\/wp-json\/wp\/v2\/comments?post=818"}],"version-history":[{"count":39,"href":"https:\/\/www.brandner.ee\/et\/wp-json\/wp\/v2\/pages\/818\/revisions"}],"predecessor-version":[{"id":12810,"href":"https:\/\/www.brandner.ee\/et\/wp-json\/wp\/v2\/pages\/818\/revisions\/12810"}],"up":[{"embeddable":true,"href":"https:\/\/www.brandner.ee\/et\/wp-json\/wp\/v2\/pages\/807"}],"wp:attachment":[{"href":"https:\/\/www.brandner.ee\/et\/wp-json\/wp\/v2\/media?parent=818"}],"curies":[{"name":"wp","href":"https:\/\/api.w.org\/{rel}","templated":true}]}}