{"id":810,"date":"2017-08-17T10:26:01","date_gmt":"2017-08-17T07:26:01","guid":{"rendered":"http:\/\/www.brandner.ee\/?page_id=810\/"},"modified":"2025-08-11T09:05:24","modified_gmt":"2025-08-11T06:05:24","slug":"konstrueerimise-pohivead","status":"publish","type":"page","link":"https:\/\/www.brandner.ee\/et\/huva-nou\/konstrueerimise-pohivead\/","title":{"rendered":"Konstrueerimise P\u00f5hivead"},"content":{"rendered":"<ul type=\"disc\">\n<li>Puurisuuruseid k\u00e4sitletakse ilma metallisatsioonilisata.<\/li>\n<li>Juhtmed projekteeritakse l\u00f5ikejoonele, samuti maa-ala.<\/li>\n<li>Juhtmete ja vahe omavaheline kaugus j\u00e4etakse vaikimisi minimaalseks, kuigi disain seda ei n\u00f5ua.<\/li>\n<li>Sisekihtide puuril\u00e4biviikude kaugus maa-alast j\u00e4etakse 100\u00b5 ja alla, v\u00f5imalus soojuspaisumisl\u00fchise tekkeks.<\/li>\n<li>Unustatakse \u00e4ra, et s\u00f5rmfreesil on raadius st. ilma \u00fcmardatud nurkadeta ei ole v\u00f5imalik sisev\u00e4ljal\u00f5ikeid teha.<\/li>\n<li>Maskivabastus luuakse liiga suur, oht jootmisel tekitada l\u00fchis naaberplatsidega.<\/li>\n<li>Kasutatakse markeeringus joonelaiust alla 100\u00b5.<\/li>\n<\/ul>\n","protected":false},"excerpt":{"rendered":"<p>Puurisuuruseid k\u00e4sitletakse ilma metallisatsioonilisata. Juhtmed projekteeritakse l\u00f5ikejoonele, samuti maa-ala. Juhtmete ja vahe omavaheline kaugus j\u00e4etakse vaikimisi minimaalseks, kuigi disain seda ei n\u00f5ua. Sisekihtide puuril\u00e4biviikude kaugus maa-alast j\u00e4etakse 100\u00b5 ja alla, v\u00f5imalus soojuspaisumisl\u00fchise tekkeks. Unustatakse \u00e4ra, et s\u00f5rmfreesil on raadius st. ilma \u00fcmardatud nurkadeta ei ole v\u00f5imalik sisev\u00e4ljal\u00f5ikeid teha. Maskivabastus luuakse liiga suur, oht jootmisel tekitada &hellip;<\/p>\n","protected":false},"author":31,"featured_media":0,"parent":807,"menu_order":0,"comment_status":"closed","ping_status":"closed","template":"template_content-sidebar.php","meta":{"footnotes":""},"yoast_head":"<!-- This site is optimized with the Yoast SEO plugin v21.5 - https:\/\/yoast.com\/wordpress\/plugins\/seo\/ -->\n<title>Konstrueerimise P\u00f5hivead - Brandner<\/title>\n<meta name=\"robots\" content=\"index, follow, max-snippet:-1, max-image-preview:large, max-video-preview:-1\" \/>\n<link rel=\"canonical\" href=\"https:\/\/www.brandner.ee\/et\/huva-nou\/konstrueerimise-pohivead\/\" \/>\n<meta property=\"og:locale\" content=\"et_EE\" \/>\n<meta property=\"og:type\" content=\"article\" \/>\n<meta property=\"og:title\" content=\"Konstrueerimise P\u00f5hivead - Brandner\" \/>\n<meta property=\"og:description\" content=\"Puurisuuruseid k\u00e4sitletakse ilma metallisatsioonilisata. Juhtmed projekteeritakse l\u00f5ikejoonele, samuti maa-ala. Juhtmete ja vahe omavaheline kaugus j\u00e4etakse vaikimisi minimaalseks, kuigi disain seda ei n\u00f5ua. Sisekihtide puuril\u00e4biviikude kaugus maa-alast j\u00e4etakse 100\u00b5 ja alla, v\u00f5imalus soojuspaisumisl\u00fchise tekkeks. Unustatakse \u00e4ra, et s\u00f5rmfreesil on raadius st. ilma \u00fcmardatud nurkadeta ei ole v\u00f5imalik sisev\u00e4ljal\u00f5ikeid teha. Maskivabastus luuakse liiga suur, oht jootmisel tekitada &hellip;\" \/>\n<meta property=\"og:url\" content=\"https:\/\/www.brandner.ee\/et\/huva-nou\/konstrueerimise-pohivead\/\" \/>\n<meta property=\"og:site_name\" content=\"Brandner\" \/>\n<meta property=\"article:modified_time\" content=\"2025-08-11T06:05:24+00:00\" \/>\n<meta name=\"twitter:card\" content=\"summary_large_image\" \/>\n<meta name=\"twitter:label1\" content=\"Est. reading time\" \/>\n\t<meta name=\"twitter:data1\" content=\"1 minut\" \/>\n<script type=\"application\/ld+json\" class=\"yoast-schema-graph\">{\"@context\":\"https:\/\/schema.org\",\"@graph\":[{\"@type\":\"WebPage\",\"@id\":\"https:\/\/www.brandner.ee\/et\/huva-nou\/konstrueerimise-pohivead\/\",\"url\":\"https:\/\/www.brandner.ee\/et\/huva-nou\/konstrueerimise-pohivead\/\",\"name\":\"Konstrueerimise P\u00f5hivead - Brandner\",\"isPartOf\":{\"@id\":\"https:\/\/www.brandner.ee\/#website\"},\"datePublished\":\"2017-08-17T07:26:01+00:00\",\"dateModified\":\"2025-08-11T06:05:24+00:00\",\"breadcrumb\":{\"@id\":\"https:\/\/www.brandner.ee\/et\/huva-nou\/konstrueerimise-pohivead\/#breadcrumb\"},\"inLanguage\":\"et\",\"potentialAction\":[{\"@type\":\"ReadAction\",\"target\":[\"https:\/\/www.brandner.ee\/et\/huva-nou\/konstrueerimise-pohivead\/\"]}]},{\"@type\":\"BreadcrumbList\",\"@id\":\"https:\/\/www.brandner.ee\/et\/huva-nou\/konstrueerimise-pohivead\/#breadcrumb\",\"itemListElement\":[{\"@type\":\"ListItem\",\"position\":1,\"name\":\"Home\",\"item\":\"https:\/\/www.brandner.ee\/et\/\"},{\"@type\":\"ListItem\",\"position\":2,\"name\":\"H\u00fcva N\u00f5u\",\"item\":\"https:\/\/www.brandner.ee\/et\/huva-nou\/\"},{\"@type\":\"ListItem\",\"position\":3,\"name\":\"Konstrueerimise P\u00f5hivead\"}]},{\"@type\":\"WebSite\",\"@id\":\"https:\/\/www.brandner.ee\/#website\",\"url\":\"https:\/\/www.brandner.ee\/\",\"name\":\"Brandner\",\"description\":\"PCB manufacturing\",\"potentialAction\":[{\"@type\":\"SearchAction\",\"target\":{\"@type\":\"EntryPoint\",\"urlTemplate\":\"https:\/\/www.brandner.ee\/?s={search_term_string}\"},\"query-input\":\"required name=search_term_string\"}],\"inLanguage\":\"et\"}]}<\/script>\n<!-- \/ Yoast SEO plugin. -->","yoast_head_json":{"title":"Konstrueerimise P\u00f5hivead - Brandner","robots":{"index":"index","follow":"follow","max-snippet":"max-snippet:-1","max-image-preview":"max-image-preview:large","max-video-preview":"max-video-preview:-1"},"canonical":"https:\/\/www.brandner.ee\/et\/huva-nou\/konstrueerimise-pohivead\/","og_locale":"et_EE","og_type":"article","og_title":"Konstrueerimise P\u00f5hivead - Brandner","og_description":"Puurisuuruseid k\u00e4sitletakse ilma metallisatsioonilisata. Juhtmed projekteeritakse l\u00f5ikejoonele, samuti maa-ala. Juhtmete ja vahe omavaheline kaugus j\u00e4etakse vaikimisi minimaalseks, kuigi disain seda ei n\u00f5ua. Sisekihtide puuril\u00e4biviikude kaugus maa-alast j\u00e4etakse 100\u00b5 ja alla, v\u00f5imalus soojuspaisumisl\u00fchise tekkeks. Unustatakse \u00e4ra, et s\u00f5rmfreesil on raadius st. ilma \u00fcmardatud nurkadeta ei ole v\u00f5imalik sisev\u00e4ljal\u00f5ikeid teha. Maskivabastus luuakse liiga suur, oht jootmisel tekitada &hellip;","og_url":"https:\/\/www.brandner.ee\/et\/huva-nou\/konstrueerimise-pohivead\/","og_site_name":"Brandner","article_modified_time":"2025-08-11T06:05:24+00:00","twitter_card":"summary_large_image","twitter_misc":{"Est. reading time":"1 minut"},"schema":{"@context":"https:\/\/schema.org","@graph":[{"@type":"WebPage","@id":"https:\/\/www.brandner.ee\/et\/huva-nou\/konstrueerimise-pohivead\/","url":"https:\/\/www.brandner.ee\/et\/huva-nou\/konstrueerimise-pohivead\/","name":"Konstrueerimise P\u00f5hivead - Brandner","isPartOf":{"@id":"https:\/\/www.brandner.ee\/#website"},"datePublished":"2017-08-17T07:26:01+00:00","dateModified":"2025-08-11T06:05:24+00:00","breadcrumb":{"@id":"https:\/\/www.brandner.ee\/et\/huva-nou\/konstrueerimise-pohivead\/#breadcrumb"},"inLanguage":"et","potentialAction":[{"@type":"ReadAction","target":["https:\/\/www.brandner.ee\/et\/huva-nou\/konstrueerimise-pohivead\/"]}]},{"@type":"BreadcrumbList","@id":"https:\/\/www.brandner.ee\/et\/huva-nou\/konstrueerimise-pohivead\/#breadcrumb","itemListElement":[{"@type":"ListItem","position":1,"name":"Home","item":"https:\/\/www.brandner.ee\/et\/"},{"@type":"ListItem","position":2,"name":"H\u00fcva N\u00f5u","item":"https:\/\/www.brandner.ee\/et\/huva-nou\/"},{"@type":"ListItem","position":3,"name":"Konstrueerimise P\u00f5hivead"}]},{"@type":"WebSite","@id":"https:\/\/www.brandner.ee\/#website","url":"https:\/\/www.brandner.ee\/","name":"Brandner","description":"PCB manufacturing","potentialAction":[{"@type":"SearchAction","target":{"@type":"EntryPoint","urlTemplate":"https:\/\/www.brandner.ee\/?s={search_term_string}"},"query-input":"required name=search_term_string"}],"inLanguage":"et"}]}},"_links":{"self":[{"href":"https:\/\/www.brandner.ee\/et\/wp-json\/wp\/v2\/pages\/810"}],"collection":[{"href":"https:\/\/www.brandner.ee\/et\/wp-json\/wp\/v2\/pages"}],"about":[{"href":"https:\/\/www.brandner.ee\/et\/wp-json\/wp\/v2\/types\/page"}],"author":[{"embeddable":true,"href":"https:\/\/www.brandner.ee\/et\/wp-json\/wp\/v2\/users\/31"}],"replies":[{"embeddable":true,"href":"https:\/\/www.brandner.ee\/et\/wp-json\/wp\/v2\/comments?post=810"}],"version-history":[{"count":4,"href":"https:\/\/www.brandner.ee\/et\/wp-json\/wp\/v2\/pages\/810\/revisions"}],"predecessor-version":[{"id":12814,"href":"https:\/\/www.brandner.ee\/et\/wp-json\/wp\/v2\/pages\/810\/revisions\/12814"}],"up":[{"embeddable":true,"href":"https:\/\/www.brandner.ee\/et\/wp-json\/wp\/v2\/pages\/807"}],"wp:attachment":[{"href":"https:\/\/www.brandner.ee\/et\/wp-json\/wp\/v2\/media?parent=810"}],"curies":[{"name":"wp","href":"https:\/\/api.w.org\/{rel}","templated":true}]}}