{"id":773,"date":"2017-08-17T10:12:14","date_gmt":"2017-08-17T07:12:14","guid":{"rendered":"http:\/\/www.brandner.ee\/?page_id=773\/"},"modified":"2025-07-04T13:59:07","modified_gmt":"2025-07-04T10:59:07","slug":"ulesehituse-abi","status":"publish","type":"page","link":"https:\/\/www.brandner.ee\/et\/tootmisvoimekus\/ulesehituse-abi\/","title":{"rendered":"\u00dclesehituse Abi"},"content":{"rendered":"<p>Siin saab koostada \u00fclesehitusi, milles on kasutatud maetuid ja\/v\u00f5i pimedaid avasid. Brandner Electronics&#8217;is tehakse pimedad avad mehaanilise puurimise teel. Alltoodud n\u00e4ide on 4-kihilise tr\u00fckkplaadi kohta. Vali k\u00f5igepealt plaadi l\u00f5plik kihtide arv:<\/p>\n<p><img loading=\"lazy\" decoding=\"async\" src=\"https:\/\/www.brandner.ee\/wp-content\/uploads\/2017\/10\/LayerCount.png\" alt=\"\" width=\"54\" height=\"31\" \/><\/p>\n<p>Seej\u00e4rel m\u00e4\u00e4ra pimedate ja\/v\u00f5i maetud avade struktuur.<\/p>\n<p>Pimedate avade lisamiseks \u00fclakihist (TOP; kiht 1) esimesse sisekihti (layer 2) vali allj\u00e4rgnev struktuur:<\/p>\n<p><img loading=\"lazy\" decoding=\"async\" src=\"https:\/\/www.brandner.ee\/wp-content\/uploads\/2017\/10\/BlindFmTop.png\" alt=\"\" width=\"139\" height=\"31\" \/><\/p>\n<p>Pimedate avade puurimiseks alakihist (BOT; kiht 4) alumisse sisekihti (layer3) vali allj\u00e4rgnev:<\/p>\n<p><img loading=\"lazy\" decoding=\"async\" src=\"https:\/\/www.brandner.ee\/wp-content\/uploads\/2017\/10\/BlindFmBot.png\" alt=\"\" width=\"140\" height=\"31\" \/><\/p>\n<p>Pimedate avade tegemiseks nii \u00fcla- kui alapoolelt (TOP, layer 1; BOT; layer 4) kasuta j\u00e4rgnevat struktuuri:<br \/>\n<img loading=\"lazy\" decoding=\"async\" src=\"https:\/\/www.brandner.ee\/wp-content\/uploads\/2017\/10\/BlindTopBot.png\" alt=\"\" width=\"140\" height=\"31\" \/><\/p>\n<p>Maetud avade korral pane t\u00e4hele, et maetud avad saavad praegusel juhul olla ainult v\u00e4limiste sisekihtide vahel st 4-kihilisel plaadil kihtide 2 ja 3 vahel, 6-kihilisel plaadil kihtide 2 ja 5 vahel jne.<\/p>\n<p>Pimedate ja maetud avadega paketi struktuuriks vali allj\u00e4rgnev lahendus:<\/p>\n<p><img loading=\"lazy\" decoding=\"async\" src=\"https:\/\/www.brandner.ee\/wp-content\/uploads\/2017\/10\/BlindAndBuried.png\" alt=\"\" width=\"142\" height=\"31\" \/><\/p>\n<p>J\u00e4rgmisen vali minimaalne puuri l\u00e4bim\u00f5\u00f5t nii pimedatele kui maetud avadele. Pane t\u00e4hele, et pimedate avade kuvasuhe st puurimiss\u00fcgavus jagatud puuri diameetriga ei tohi olla suurem kui 1:1! Kuvasuhte \u00fcletamisel annab programm veateatega m\u00e4rku.<\/p>\n<p><img loading=\"lazy\" decoding=\"async\" src=\"https:\/\/www.brandner.ee\/wp-content\/uploads\/2017\/10\/BlindDrill.png\" alt=\"\" width=\"265\" height=\"55\" \/><\/p>\n<p>Saadud tulemust vaata paremal asetseval paketi graafilisel pildil:<\/p>\n<p><img loading=\"lazy\" decoding=\"async\" src=\"https:\/\/www.brandner.ee\/wp-content\/uploads\/2017\/10\/ViaGraphEng.png\" alt=\"\" width=\"72\" height=\"205\" \/><\/p>\n<p>Edasi v\u00f5id vahetada sisekihte ja vahekihte ja koostada oma v\u00e4ljat\u00f6\u00f6tluse tarbeks sobiv \u00fclesehitus. \u00c4ra unusta paketti salvestamast ja Brandner Electronics&#8217;isse koos tellimusega saatmast.<\/p>\n","protected":false},"excerpt":{"rendered":"<p>Siin saab koostada \u00fclesehitusi, milles on kasutatud maetuid ja\/v\u00f5i pimedaid avasid. Brandner Electronics&#8217;is tehakse pimedad avad mehaanilise puurimise teel. Alltoodud n\u00e4ide on 4-kihilise tr\u00fckkplaadi kohta. Vali k\u00f5igepealt plaadi l\u00f5plik kihtide arv: Seej\u00e4rel m\u00e4\u00e4ra pimedate ja\/v\u00f5i maetud avade struktuur. Pimedate avade lisamiseks \u00fclakihist (TOP; kiht 1) esimesse sisekihti (layer 2) vali allj\u00e4rgnev struktuur: Pimedate avade puurimiseks &hellip;<\/p>\n","protected":false},"author":31,"featured_media":0,"parent":718,"menu_order":150,"comment_status":"closed","ping_status":"closed","template":"template_content-sidebar.php","meta":{"footnotes":""},"yoast_head":"<!-- This site is optimized with the Yoast SEO plugin v21.5 - https:\/\/yoast.com\/wordpress\/plugins\/seo\/ -->\n<title>\u00dclesehituse Abi - Brandner<\/title>\n<meta name=\"robots\" content=\"index, follow, max-snippet:-1, max-image-preview:large, max-video-preview:-1\" \/>\n<link rel=\"canonical\" href=\"https:\/\/www.brandner.ee\/et\/tootmisvoimekus\/ulesehituse-abi\/\" \/>\n<meta property=\"og:locale\" content=\"et_EE\" \/>\n<meta property=\"og:type\" content=\"article\" \/>\n<meta property=\"og:title\" content=\"\u00dclesehituse Abi - Brandner\" \/>\n<meta property=\"og:description\" content=\"Siin saab koostada \u00fclesehitusi, milles on kasutatud maetuid ja\/v\u00f5i pimedaid avasid. Brandner Electronics&#8217;is tehakse pimedad avad mehaanilise puurimise teel. Alltoodud n\u00e4ide on 4-kihilise tr\u00fckkplaadi kohta. Vali k\u00f5igepealt plaadi l\u00f5plik kihtide arv: Seej\u00e4rel m\u00e4\u00e4ra pimedate ja\/v\u00f5i maetud avade struktuur. Pimedate avade lisamiseks \u00fclakihist (TOP; kiht 1) esimesse sisekihti (layer 2) vali allj\u00e4rgnev struktuur: Pimedate avade puurimiseks &hellip;\" \/>\n<meta property=\"og:url\" content=\"https:\/\/www.brandner.ee\/et\/tootmisvoimekus\/ulesehituse-abi\/\" \/>\n<meta property=\"og:site_name\" content=\"Brandner\" \/>\n<meta property=\"article:modified_time\" content=\"2025-07-04T10:59:07+00:00\" \/>\n<meta property=\"og:image\" content=\"https:\/\/www.brandner.ee\/wp-content\/uploads\/2017\/10\/LayerCount.png\" \/>\n<meta name=\"twitter:card\" content=\"summary_large_image\" \/>\n<meta name=\"twitter:label1\" content=\"Est. reading time\" \/>\n\t<meta name=\"twitter:data1\" content=\"3 minutit\" \/>\n<script type=\"application\/ld+json\" class=\"yoast-schema-graph\">{\"@context\":\"https:\/\/schema.org\",\"@graph\":[{\"@type\":\"WebPage\",\"@id\":\"https:\/\/www.brandner.ee\/et\/tootmisvoimekus\/ulesehituse-abi\/\",\"url\":\"https:\/\/www.brandner.ee\/et\/tootmisvoimekus\/ulesehituse-abi\/\",\"name\":\"\u00dclesehituse Abi - Brandner\",\"isPartOf\":{\"@id\":\"https:\/\/www.brandner.ee\/#website\"},\"datePublished\":\"2017-08-17T07:12:14+00:00\",\"dateModified\":\"2025-07-04T10:59:07+00:00\",\"breadcrumb\":{\"@id\":\"https:\/\/www.brandner.ee\/et\/tootmisvoimekus\/ulesehituse-abi\/#breadcrumb\"},\"inLanguage\":\"et\",\"potentialAction\":[{\"@type\":\"ReadAction\",\"target\":[\"https:\/\/www.brandner.ee\/et\/tootmisvoimekus\/ulesehituse-abi\/\"]}]},{\"@type\":\"BreadcrumbList\",\"@id\":\"https:\/\/www.brandner.ee\/et\/tootmisvoimekus\/ulesehituse-abi\/#breadcrumb\",\"itemListElement\":[{\"@type\":\"ListItem\",\"position\":1,\"name\":\"Home\",\"item\":\"https:\/\/www.brandner.ee\/et\/\"},{\"@type\":\"ListItem\",\"position\":2,\"name\":\"Tootmisv\u00f5imekus\",\"item\":\"https:\/\/www.brandner.ee\/et\/tootmisvoimekus\/\"},{\"@type\":\"ListItem\",\"position\":3,\"name\":\"\u00dclesehituse Abi\"}]},{\"@type\":\"WebSite\",\"@id\":\"https:\/\/www.brandner.ee\/#website\",\"url\":\"https:\/\/www.brandner.ee\/\",\"name\":\"Brandner\",\"description\":\"PCB manufacturing\",\"potentialAction\":[{\"@type\":\"SearchAction\",\"target\":{\"@type\":\"EntryPoint\",\"urlTemplate\":\"https:\/\/www.brandner.ee\/?s={search_term_string}\"},\"query-input\":\"required name=search_term_string\"}],\"inLanguage\":\"et\"}]}<\/script>\n<!-- \/ Yoast SEO plugin. -->","yoast_head_json":{"title":"\u00dclesehituse Abi - Brandner","robots":{"index":"index","follow":"follow","max-snippet":"max-snippet:-1","max-image-preview":"max-image-preview:large","max-video-preview":"max-video-preview:-1"},"canonical":"https:\/\/www.brandner.ee\/et\/tootmisvoimekus\/ulesehituse-abi\/","og_locale":"et_EE","og_type":"article","og_title":"\u00dclesehituse Abi - Brandner","og_description":"Siin saab koostada \u00fclesehitusi, milles on kasutatud maetuid ja\/v\u00f5i pimedaid avasid. Brandner Electronics&#8217;is tehakse pimedad avad mehaanilise puurimise teel. Alltoodud n\u00e4ide on 4-kihilise tr\u00fckkplaadi kohta. Vali k\u00f5igepealt plaadi l\u00f5plik kihtide arv: Seej\u00e4rel m\u00e4\u00e4ra pimedate ja\/v\u00f5i maetud avade struktuur. Pimedate avade lisamiseks \u00fclakihist (TOP; kiht 1) esimesse sisekihti (layer 2) vali allj\u00e4rgnev struktuur: Pimedate avade puurimiseks &hellip;","og_url":"https:\/\/www.brandner.ee\/et\/tootmisvoimekus\/ulesehituse-abi\/","og_site_name":"Brandner","article_modified_time":"2025-07-04T10:59:07+00:00","og_image":[{"url":"https:\/\/www.brandner.ee\/wp-content\/uploads\/2017\/10\/LayerCount.png"}],"twitter_card":"summary_large_image","twitter_misc":{"Est. reading time":"3 minutit"},"schema":{"@context":"https:\/\/schema.org","@graph":[{"@type":"WebPage","@id":"https:\/\/www.brandner.ee\/et\/tootmisvoimekus\/ulesehituse-abi\/","url":"https:\/\/www.brandner.ee\/et\/tootmisvoimekus\/ulesehituse-abi\/","name":"\u00dclesehituse Abi - Brandner","isPartOf":{"@id":"https:\/\/www.brandner.ee\/#website"},"datePublished":"2017-08-17T07:12:14+00:00","dateModified":"2025-07-04T10:59:07+00:00","breadcrumb":{"@id":"https:\/\/www.brandner.ee\/et\/tootmisvoimekus\/ulesehituse-abi\/#breadcrumb"},"inLanguage":"et","potentialAction":[{"@type":"ReadAction","target":["https:\/\/www.brandner.ee\/et\/tootmisvoimekus\/ulesehituse-abi\/"]}]},{"@type":"BreadcrumbList","@id":"https:\/\/www.brandner.ee\/et\/tootmisvoimekus\/ulesehituse-abi\/#breadcrumb","itemListElement":[{"@type":"ListItem","position":1,"name":"Home","item":"https:\/\/www.brandner.ee\/et\/"},{"@type":"ListItem","position":2,"name":"Tootmisv\u00f5imekus","item":"https:\/\/www.brandner.ee\/et\/tootmisvoimekus\/"},{"@type":"ListItem","position":3,"name":"\u00dclesehituse Abi"}]},{"@type":"WebSite","@id":"https:\/\/www.brandner.ee\/#website","url":"https:\/\/www.brandner.ee\/","name":"Brandner","description":"PCB manufacturing","potentialAction":[{"@type":"SearchAction","target":{"@type":"EntryPoint","urlTemplate":"https:\/\/www.brandner.ee\/?s={search_term_string}"},"query-input":"required name=search_term_string"}],"inLanguage":"et"}]}},"_links":{"self":[{"href":"https:\/\/www.brandner.ee\/et\/wp-json\/wp\/v2\/pages\/773"}],"collection":[{"href":"https:\/\/www.brandner.ee\/et\/wp-json\/wp\/v2\/pages"}],"about":[{"href":"https:\/\/www.brandner.ee\/et\/wp-json\/wp\/v2\/types\/page"}],"author":[{"embeddable":true,"href":"https:\/\/www.brandner.ee\/et\/wp-json\/wp\/v2\/users\/31"}],"replies":[{"embeddable":true,"href":"https:\/\/www.brandner.ee\/et\/wp-json\/wp\/v2\/comments?post=773"}],"version-history":[{"count":7,"href":"https:\/\/www.brandner.ee\/et\/wp-json\/wp\/v2\/pages\/773\/revisions"}],"predecessor-version":[{"id":12559,"href":"https:\/\/www.brandner.ee\/et\/wp-json\/wp\/v2\/pages\/773\/revisions\/12559"}],"up":[{"embeddable":true,"href":"https:\/\/www.brandner.ee\/et\/wp-json\/wp\/v2\/pages\/718"}],"wp:attachment":[{"href":"https:\/\/www.brandner.ee\/et\/wp-json\/wp\/v2\/media?parent=773"}],"curies":[{"name":"wp","href":"https:\/\/api.w.org\/{rel}","templated":true}]}}