{"id":766,"date":"2017-08-17T10:03:37","date_gmt":"2017-08-17T07:03:37","guid":{"rendered":"http:\/\/www.brandner.ee\/?page_id=766\/"},"modified":"2019-01-11T14:14:41","modified_gmt":"2019-01-11T12:14:41","slug":"stensiilid","status":"publish","type":"page","link":"https:\/\/www.brandner.ee\/et\/tootmisvoimekus\/stensiilid\/","title":{"rendered":"Stensiilid"},"content":{"rendered":"<p>Meil on r\u00f5\u00f5m teatada, et koos Sincotron O\u00dcga pakume oma klientidele v\u00f5imalust tellida koos tr\u00fckkplaatidega ka vajalik stensiil.<\/p>\n<p>Teeme Teile stensiili hinnapakkumise, kui edastate meile selleks vajaliku l\u00e4hteinfo:<\/p>\n<ul>\n<li>kas vajate stensiili plaadi \u00fchele v\u00f5i m\u00f5lemale poolele, kui \u00fchele, siis kummale,<\/li>\n<li>stensiili l\u00f5ppm\u00f5\u00f5tmed (laius, k\u00f5rgus)<\/li>\n<li>stensiili materjalipaksus &#8211; saadaval materjal alates 0,075mm kuni 0,3 mm.<\/li>\n<li>stensiili kinnitusviis &#8211; kas kasutatava raami tootja ja mark v\u00f5i kinnitusavade arv, suurus ja asukoht, stensiili gabariit gerberfailina vms.<\/li>\n<li>kas soovite stensiilile markeeringut &#8211; saadaval graveeritud v\u00f5i kleebism\u00e4rgistus.<\/li>\n<\/ul>\n<p>&nbsp;<\/p>\n<p>Soovi korral on v\u00f5imalik stensiili t\u00f6\u00f6tlus kemikaaliga, mis hoiab \u00e4ra jootepasta kleepumist avadesse.<\/p>\n<p>\u00dcldjuhul on stensiili tellimine v\u00f5imalik tavatarneajaga t\u00f6\u00f6 puhul. Kiirt\u00f6\u00f6le stensiili tellimise v\u00f5imalikkuse t\u00e4psustame igakordselt eraldi.<\/p>\n<p>Sincotron O\u00dc pakub stensiile lehena ja alumiiniumraamis, step-stensiile jm.<\/p>\n<p>Stensiilide l\u00f5ikamiseks kasutatakse laserl\u00f5ikurit, j\u00e4relkontrolliks k\u00f5ik stensiilid skaneeritakse. Lisainfo tootja kohta\u00a0<a href=\"http:\/\/www.sincotron.eu\/\" target=\"_blank\" rel=\"noopener\">www.sincotron.eu<\/a><\/p>\n","protected":false},"excerpt":{"rendered":"<p>Meil on r\u00f5\u00f5m teatada, et koos Sincotron O\u00dcga pakume oma klientidele v\u00f5imalust tellida koos tr\u00fckkplaatidega ka vajalik stensiil. Teeme Teile stensiili hinnapakkumise, kui edastate meile selleks vajaliku l\u00e4hteinfo: kas vajate stensiili plaadi \u00fchele v\u00f5i m\u00f5lemale poolele, kui \u00fchele, siis kummale, stensiili l\u00f5ppm\u00f5\u00f5tmed (laius, k\u00f5rgus) stensiili materjalipaksus &#8211; saadaval materjal alates 0,075mm kuni 0,3 mm. stensiili &hellip;<\/p>\n","protected":false},"author":31,"featured_media":0,"parent":718,"menu_order":120,"comment_status":"closed","ping_status":"closed","template":"template_content-sidebar.php","meta":{"footnotes":""},"yoast_head":"<!-- This site is optimized with the Yoast SEO plugin v21.5 - https:\/\/yoast.com\/wordpress\/plugins\/seo\/ -->\n<title>Stensiilid - Brandner<\/title>\n<meta name=\"robots\" content=\"index, follow, max-snippet:-1, max-image-preview:large, max-video-preview:-1\" \/>\n<link rel=\"canonical\" href=\"https:\/\/www.brandner.ee\/et\/tootmisvoimekus\/stensiilid\/\" \/>\n<meta property=\"og:locale\" content=\"et_EE\" \/>\n<meta property=\"og:type\" content=\"article\" \/>\n<meta property=\"og:title\" content=\"Stensiilid - Brandner\" \/>\n<meta property=\"og:description\" content=\"Meil on r\u00f5\u00f5m teatada, et koos Sincotron O\u00dcga pakume oma klientidele v\u00f5imalust tellida koos tr\u00fckkplaatidega ka vajalik stensiil. Teeme Teile stensiili hinnapakkumise, kui edastate meile selleks vajaliku l\u00e4hteinfo: kas vajate stensiili plaadi \u00fchele v\u00f5i m\u00f5lemale poolele, kui \u00fchele, siis kummale, stensiili l\u00f5ppm\u00f5\u00f5tmed (laius, k\u00f5rgus) stensiili materjalipaksus &#8211; saadaval materjal alates 0,075mm kuni 0,3 mm. stensiili &hellip;\" \/>\n<meta property=\"og:url\" content=\"https:\/\/www.brandner.ee\/et\/tootmisvoimekus\/stensiilid\/\" \/>\n<meta property=\"og:site_name\" content=\"Brandner\" \/>\n<meta property=\"article:modified_time\" content=\"2019-01-11T12:14:41+00:00\" \/>\n<meta name=\"twitter:card\" content=\"summary_large_image\" \/>\n<meta name=\"twitter:label1\" content=\"Est. reading time\" \/>\n\t<meta name=\"twitter:data1\" content=\"1 minut\" \/>\n<script type=\"application\/ld+json\" class=\"yoast-schema-graph\">{\"@context\":\"https:\/\/schema.org\",\"@graph\":[{\"@type\":\"WebPage\",\"@id\":\"https:\/\/www.brandner.ee\/et\/tootmisvoimekus\/stensiilid\/\",\"url\":\"https:\/\/www.brandner.ee\/et\/tootmisvoimekus\/stensiilid\/\",\"name\":\"Stensiilid - Brandner\",\"isPartOf\":{\"@id\":\"https:\/\/www.brandner.ee\/#website\"},\"datePublished\":\"2017-08-17T07:03:37+00:00\",\"dateModified\":\"2019-01-11T12:14:41+00:00\",\"breadcrumb\":{\"@id\":\"https:\/\/www.brandner.ee\/et\/tootmisvoimekus\/stensiilid\/#breadcrumb\"},\"inLanguage\":\"et\",\"potentialAction\":[{\"@type\":\"ReadAction\",\"target\":[\"https:\/\/www.brandner.ee\/et\/tootmisvoimekus\/stensiilid\/\"]}]},{\"@type\":\"BreadcrumbList\",\"@id\":\"https:\/\/www.brandner.ee\/et\/tootmisvoimekus\/stensiilid\/#breadcrumb\",\"itemListElement\":[{\"@type\":\"ListItem\",\"position\":1,\"name\":\"Home\",\"item\":\"https:\/\/www.brandner.ee\/et\/\"},{\"@type\":\"ListItem\",\"position\":2,\"name\":\"Tootmisv\u00f5imekus\",\"item\":\"https:\/\/www.brandner.ee\/et\/tootmisvoimekus\/\"},{\"@type\":\"ListItem\",\"position\":3,\"name\":\"Stensiilid\"}]},{\"@type\":\"WebSite\",\"@id\":\"https:\/\/www.brandner.ee\/#website\",\"url\":\"https:\/\/www.brandner.ee\/\",\"name\":\"Brandner\",\"description\":\"PCB manufacturing\",\"potentialAction\":[{\"@type\":\"SearchAction\",\"target\":{\"@type\":\"EntryPoint\",\"urlTemplate\":\"https:\/\/www.brandner.ee\/?s={search_term_string}\"},\"query-input\":\"required name=search_term_string\"}],\"inLanguage\":\"et\"}]}<\/script>\n<!-- \/ Yoast SEO plugin. -->","yoast_head_json":{"title":"Stensiilid - Brandner","robots":{"index":"index","follow":"follow","max-snippet":"max-snippet:-1","max-image-preview":"max-image-preview:large","max-video-preview":"max-video-preview:-1"},"canonical":"https:\/\/www.brandner.ee\/et\/tootmisvoimekus\/stensiilid\/","og_locale":"et_EE","og_type":"article","og_title":"Stensiilid - Brandner","og_description":"Meil on r\u00f5\u00f5m teatada, et koos Sincotron O\u00dcga pakume oma klientidele v\u00f5imalust tellida koos tr\u00fckkplaatidega ka vajalik stensiil. Teeme Teile stensiili hinnapakkumise, kui edastate meile selleks vajaliku l\u00e4hteinfo: kas vajate stensiili plaadi \u00fchele v\u00f5i m\u00f5lemale poolele, kui \u00fchele, siis kummale, stensiili l\u00f5ppm\u00f5\u00f5tmed (laius, k\u00f5rgus) stensiili materjalipaksus &#8211; saadaval materjal alates 0,075mm kuni 0,3 mm. stensiili &hellip;","og_url":"https:\/\/www.brandner.ee\/et\/tootmisvoimekus\/stensiilid\/","og_site_name":"Brandner","article_modified_time":"2019-01-11T12:14:41+00:00","twitter_card":"summary_large_image","twitter_misc":{"Est. reading time":"1 minut"},"schema":{"@context":"https:\/\/schema.org","@graph":[{"@type":"WebPage","@id":"https:\/\/www.brandner.ee\/et\/tootmisvoimekus\/stensiilid\/","url":"https:\/\/www.brandner.ee\/et\/tootmisvoimekus\/stensiilid\/","name":"Stensiilid - Brandner","isPartOf":{"@id":"https:\/\/www.brandner.ee\/#website"},"datePublished":"2017-08-17T07:03:37+00:00","dateModified":"2019-01-11T12:14:41+00:00","breadcrumb":{"@id":"https:\/\/www.brandner.ee\/et\/tootmisvoimekus\/stensiilid\/#breadcrumb"},"inLanguage":"et","potentialAction":[{"@type":"ReadAction","target":["https:\/\/www.brandner.ee\/et\/tootmisvoimekus\/stensiilid\/"]}]},{"@type":"BreadcrumbList","@id":"https:\/\/www.brandner.ee\/et\/tootmisvoimekus\/stensiilid\/#breadcrumb","itemListElement":[{"@type":"ListItem","position":1,"name":"Home","item":"https:\/\/www.brandner.ee\/et\/"},{"@type":"ListItem","position":2,"name":"Tootmisv\u00f5imekus","item":"https:\/\/www.brandner.ee\/et\/tootmisvoimekus\/"},{"@type":"ListItem","position":3,"name":"Stensiilid"}]},{"@type":"WebSite","@id":"https:\/\/www.brandner.ee\/#website","url":"https:\/\/www.brandner.ee\/","name":"Brandner","description":"PCB manufacturing","potentialAction":[{"@type":"SearchAction","target":{"@type":"EntryPoint","urlTemplate":"https:\/\/www.brandner.ee\/?s={search_term_string}"},"query-input":"required name=search_term_string"}],"inLanguage":"et"}]}},"_links":{"self":[{"href":"https:\/\/www.brandner.ee\/et\/wp-json\/wp\/v2\/pages\/766"}],"collection":[{"href":"https:\/\/www.brandner.ee\/et\/wp-json\/wp\/v2\/pages"}],"about":[{"href":"https:\/\/www.brandner.ee\/et\/wp-json\/wp\/v2\/types\/page"}],"author":[{"embeddable":true,"href":"https:\/\/www.brandner.ee\/et\/wp-json\/wp\/v2\/users\/31"}],"replies":[{"embeddable":true,"href":"https:\/\/www.brandner.ee\/et\/wp-json\/wp\/v2\/comments?post=766"}],"version-history":[{"count":4,"href":"https:\/\/www.brandner.ee\/et\/wp-json\/wp\/v2\/pages\/766\/revisions"}],"predecessor-version":[{"id":5039,"href":"https:\/\/www.brandner.ee\/et\/wp-json\/wp\/v2\/pages\/766\/revisions\/5039"}],"up":[{"embeddable":true,"href":"https:\/\/www.brandner.ee\/et\/wp-json\/wp\/v2\/pages\/718"}],"wp:attachment":[{"href":"https:\/\/www.brandner.ee\/et\/wp-json\/wp\/v2\/media?parent=766"}],"curies":[{"name":"wp","href":"https:\/\/api.w.org\/{rel}","templated":true}]}}