{"id":756,"date":"2017-08-17T09:51:23","date_gmt":"2017-08-17T06:51:23","guid":{"rendered":"http:\/\/www.brandner.ee\/?page_id=756\/"},"modified":"2019-01-11T14:13:57","modified_gmt":"2019-01-11T12:13:57","slug":"prototuubid","status":"publish","type":"page","link":"https:\/\/www.brandner.ee\/et\/tootmisvoimekus\/prototuubid\/","title":{"rendered":"Protot\u00fc\u00fcbid"},"content":{"rendered":"<ul>\n<li>1-12 tr\u00fckkplaati<\/li>\n<li>Standardpaksused 0.36-2.4 mm<\/li>\n<li>Mitmekihilised standard- v\u00f5i eri\u00fclesehitusega tr\u00fckkplaadid<\/li>\n<li>Pimedate ja maetud avadega<\/li>\n<li>\u00dcksik tr\u00fckkplaat, paneel v\u00f5i komplekt<\/li>\n<li>UL aktsepteeringuga<\/li>\n<li>Valmistusaeg alates 24 tunnist<\/li>\n<li>Pinnakatte valikud:\u00a0 kuld v\u00f5i kuumtina<\/li>\n<\/ul>\n<p>Jootev\u00e4ljade pinnakatte valikuv\u00f5imalused.<\/p>\n<p>K\u00fcsi hinnapakkumist\u00a0<a href=\"mailto:sales@brandner.ee\">sales@brandner.ee\u00a0<\/a>v\u00f5i\u00a0<a href=\"https:\/\/www.brandner.ee\/et\/kusi-hinnapakkumist\/\">k\u00fcsige hinnapakkumist<\/a><\/p>\n","protected":false},"excerpt":{"rendered":"<p>1-12 tr\u00fckkplaati Standardpaksused 0.36-2.4 mm Mitmekihilised standard- v\u00f5i eri\u00fclesehitusega tr\u00fckkplaadid Pimedate ja maetud avadega \u00dcksik tr\u00fckkplaat, paneel v\u00f5i komplekt UL aktsepteeringuga Valmistusaeg alates 24 tunnist Pinnakatte valikud:\u00a0 kuld v\u00f5i kuumtina Jootev\u00e4ljade pinnakatte valikuv\u00f5imalused. K\u00fcsi hinnapakkumist\u00a0sales@brandner.ee\u00a0v\u00f5i\u00a0k\u00fcsige hinnapakkumist<\/p>\n","protected":false},"author":31,"featured_media":0,"parent":718,"menu_order":90,"comment_status":"closed","ping_status":"closed","template":"template_content-sidebar.php","meta":{"footnotes":""},"yoast_head":"<!-- This site is optimized with the Yoast SEO plugin v21.5 - https:\/\/yoast.com\/wordpress\/plugins\/seo\/ -->\n<title>Protot\u00fc\u00fcbid - Brandner<\/title>\n<meta name=\"robots\" content=\"index, follow, max-snippet:-1, max-image-preview:large, max-video-preview:-1\" \/>\n<link rel=\"canonical\" href=\"https:\/\/www.brandner.ee\/et\/tootmisvoimekus\/prototuubid\/\" \/>\n<meta property=\"og:locale\" content=\"et_EE\" \/>\n<meta property=\"og:type\" content=\"article\" \/>\n<meta property=\"og:title\" content=\"Protot\u00fc\u00fcbid - Brandner\" \/>\n<meta property=\"og:description\" content=\"1-12 tr\u00fckkplaati Standardpaksused 0.36-2.4 mm Mitmekihilised standard- v\u00f5i eri\u00fclesehitusega tr\u00fckkplaadid Pimedate ja maetud avadega \u00dcksik tr\u00fckkplaat, paneel v\u00f5i komplekt UL aktsepteeringuga Valmistusaeg alates 24 tunnist Pinnakatte valikud:\u00a0 kuld v\u00f5i kuumtina Jootev\u00e4ljade pinnakatte valikuv\u00f5imalused. K\u00fcsi hinnapakkumist\u00a0sales@brandner.ee\u00a0v\u00f5i\u00a0k\u00fcsige hinnapakkumist\" \/>\n<meta property=\"og:url\" content=\"https:\/\/www.brandner.ee\/et\/tootmisvoimekus\/prototuubid\/\" \/>\n<meta property=\"og:site_name\" content=\"Brandner\" \/>\n<meta property=\"article:modified_time\" content=\"2019-01-11T12:13:57+00:00\" \/>\n<meta name=\"twitter:card\" content=\"summary_large_image\" \/>\n<script type=\"application\/ld+json\" class=\"yoast-schema-graph\">{\"@context\":\"https:\/\/schema.org\",\"@graph\":[{\"@type\":\"WebPage\",\"@id\":\"https:\/\/www.brandner.ee\/et\/tootmisvoimekus\/prototuubid\/\",\"url\":\"https:\/\/www.brandner.ee\/et\/tootmisvoimekus\/prototuubid\/\",\"name\":\"Protot\u00fc\u00fcbid - Brandner\",\"isPartOf\":{\"@id\":\"https:\/\/www.brandner.ee\/#website\"},\"datePublished\":\"2017-08-17T06:51:23+00:00\",\"dateModified\":\"2019-01-11T12:13:57+00:00\",\"breadcrumb\":{\"@id\":\"https:\/\/www.brandner.ee\/et\/tootmisvoimekus\/prototuubid\/#breadcrumb\"},\"inLanguage\":\"et\",\"potentialAction\":[{\"@type\":\"ReadAction\",\"target\":[\"https:\/\/www.brandner.ee\/et\/tootmisvoimekus\/prototuubid\/\"]}]},{\"@type\":\"BreadcrumbList\",\"@id\":\"https:\/\/www.brandner.ee\/et\/tootmisvoimekus\/prototuubid\/#breadcrumb\",\"itemListElement\":[{\"@type\":\"ListItem\",\"position\":1,\"name\":\"Home\",\"item\":\"https:\/\/www.brandner.ee\/et\/\"},{\"@type\":\"ListItem\",\"position\":2,\"name\":\"Tootmisv\u00f5imekus\",\"item\":\"https:\/\/www.brandner.ee\/et\/tootmisvoimekus\/\"},{\"@type\":\"ListItem\",\"position\":3,\"name\":\"Protot\u00fc\u00fcbid\"}]},{\"@type\":\"WebSite\",\"@id\":\"https:\/\/www.brandner.ee\/#website\",\"url\":\"https:\/\/www.brandner.ee\/\",\"name\":\"Brandner\",\"description\":\"PCB manufacturing\",\"potentialAction\":[{\"@type\":\"SearchAction\",\"target\":{\"@type\":\"EntryPoint\",\"urlTemplate\":\"https:\/\/www.brandner.ee\/?s={search_term_string}\"},\"query-input\":\"required name=search_term_string\"}],\"inLanguage\":\"et\"}]}<\/script>\n<!-- \/ Yoast SEO plugin. -->","yoast_head_json":{"title":"Protot\u00fc\u00fcbid - Brandner","robots":{"index":"index","follow":"follow","max-snippet":"max-snippet:-1","max-image-preview":"max-image-preview:large","max-video-preview":"max-video-preview:-1"},"canonical":"https:\/\/www.brandner.ee\/et\/tootmisvoimekus\/prototuubid\/","og_locale":"et_EE","og_type":"article","og_title":"Protot\u00fc\u00fcbid - Brandner","og_description":"1-12 tr\u00fckkplaati Standardpaksused 0.36-2.4 mm Mitmekihilised standard- v\u00f5i eri\u00fclesehitusega tr\u00fckkplaadid Pimedate ja maetud avadega \u00dcksik tr\u00fckkplaat, paneel v\u00f5i komplekt UL aktsepteeringuga Valmistusaeg alates 24 tunnist Pinnakatte valikud:\u00a0 kuld v\u00f5i kuumtina Jootev\u00e4ljade pinnakatte valikuv\u00f5imalused. K\u00fcsi hinnapakkumist\u00a0sales@brandner.ee\u00a0v\u00f5i\u00a0k\u00fcsige hinnapakkumist","og_url":"https:\/\/www.brandner.ee\/et\/tootmisvoimekus\/prototuubid\/","og_site_name":"Brandner","article_modified_time":"2019-01-11T12:13:57+00:00","twitter_card":"summary_large_image","schema":{"@context":"https:\/\/schema.org","@graph":[{"@type":"WebPage","@id":"https:\/\/www.brandner.ee\/et\/tootmisvoimekus\/prototuubid\/","url":"https:\/\/www.brandner.ee\/et\/tootmisvoimekus\/prototuubid\/","name":"Protot\u00fc\u00fcbid - Brandner","isPartOf":{"@id":"https:\/\/www.brandner.ee\/#website"},"datePublished":"2017-08-17T06:51:23+00:00","dateModified":"2019-01-11T12:13:57+00:00","breadcrumb":{"@id":"https:\/\/www.brandner.ee\/et\/tootmisvoimekus\/prototuubid\/#breadcrumb"},"inLanguage":"et","potentialAction":[{"@type":"ReadAction","target":["https:\/\/www.brandner.ee\/et\/tootmisvoimekus\/prototuubid\/"]}]},{"@type":"BreadcrumbList","@id":"https:\/\/www.brandner.ee\/et\/tootmisvoimekus\/prototuubid\/#breadcrumb","itemListElement":[{"@type":"ListItem","position":1,"name":"Home","item":"https:\/\/www.brandner.ee\/et\/"},{"@type":"ListItem","position":2,"name":"Tootmisv\u00f5imekus","item":"https:\/\/www.brandner.ee\/et\/tootmisvoimekus\/"},{"@type":"ListItem","position":3,"name":"Protot\u00fc\u00fcbid"}]},{"@type":"WebSite","@id":"https:\/\/www.brandner.ee\/#website","url":"https:\/\/www.brandner.ee\/","name":"Brandner","description":"PCB manufacturing","potentialAction":[{"@type":"SearchAction","target":{"@type":"EntryPoint","urlTemplate":"https:\/\/www.brandner.ee\/?s={search_term_string}"},"query-input":"required name=search_term_string"}],"inLanguage":"et"}]}},"_links":{"self":[{"href":"https:\/\/www.brandner.ee\/et\/wp-json\/wp\/v2\/pages\/756"}],"collection":[{"href":"https:\/\/www.brandner.ee\/et\/wp-json\/wp\/v2\/pages"}],"about":[{"href":"https:\/\/www.brandner.ee\/et\/wp-json\/wp\/v2\/types\/page"}],"author":[{"embeddable":true,"href":"https:\/\/www.brandner.ee\/et\/wp-json\/wp\/v2\/users\/31"}],"replies":[{"embeddable":true,"href":"https:\/\/www.brandner.ee\/et\/wp-json\/wp\/v2\/comments?post=756"}],"version-history":[{"count":10,"href":"https:\/\/www.brandner.ee\/et\/wp-json\/wp\/v2\/pages\/756\/revisions"}],"predecessor-version":[{"id":4166,"href":"https:\/\/www.brandner.ee\/et\/wp-json\/wp\/v2\/pages\/756\/revisions\/4166"}],"up":[{"embeddable":true,"href":"https:\/\/www.brandner.ee\/et\/wp-json\/wp\/v2\/pages\/718"}],"wp:attachment":[{"href":"https:\/\/www.brandner.ee\/et\/wp-json\/wp\/v2\/media?parent=756"}],"curies":[{"name":"wp","href":"https:\/\/api.w.org\/{rel}","templated":true}]}}