{"id":743,"date":"2017-08-17T09:34:35","date_gmt":"2017-08-17T06:34:35","guid":{"rendered":"http:\/\/www.brandner.ee\/?page_id=743\/"},"modified":"2019-01-11T14:13:43","modified_gmt":"2019-01-11T12:13:43","slug":"vastupuurimine-uus","status":"publish","type":"page","link":"https:\/\/www.brandner.ee\/et\/tootmisvoimekus\/vastupuurimine-uus\/","title":{"rendered":"Vastupuurimine"},"content":{"rendered":"<p>Vastupuurimine on k\u00e4ep\u00e4rane lahendus saavutamaks \u00fchendust mitmekihilise tr\u00fckkplaadi v\u00e4lis- ja sisekihtide vahel siis, kui kuvasuhe ei v\u00f5imalda puurida nn pimedat ava.<\/p>\n<p>Vastupuurimise t\u00f6\u00f6k\u00e4ik on j\u00e4rgmine &#8211; esmalt puuritakse l\u00e4bivava ja teostatakse plaadi eelmetallisatsioon. Seej\u00e4rel puuritakse \u00e4sja saavutatud eelmetallisatsioonikiht avast kindlaksm\u00e4\u00e4ratud s\u00fcgavuseni v\u00e4lja, mist\u00f5ttu edaspidises t\u00f6\u00f6tluses kattub selline ava metalliga ja tekib elektriline \u00fchendus vaid seal, kus on eelmetallisatsioon s\u00e4ilinud.<\/p>\n<p>Et t\u00f6\u00f6lahuste liikumine l\u00e4bivates avades on parem ja t\u00e4ielikum kui \u00fchest otsast suletud pimedates avades, tagab seesugune t\u00f6\u00f6tlus ava hea metalliseerumise.<\/p>\n<p>Vastupuuritud avade puhul palume silmas pidada, et eelmetallisatsiooni eemaldumiseks peab vastupuuri diameeter olema esialgsest v\u00e4hemalt 0,3mm v\u00f5rra suurem, minimaalne juhtme v platsi kaugus vastupuuritud avast mitte v\u00e4hem kui 0,2 mm. Kahtluse korral palume \u00fchendust v\u00f5tta meie m\u00fc\u00fcgikonsultantidega aadressil\u00a0<a href=\"mailto:sales@brandner.ee\">sales@brandner.ee<\/a>.<\/p>\n<p>&nbsp;<\/p>\n<p><img loading=\"lazy\" decoding=\"async\" class=\"wp-image-373 alignleft\" src=\"https:\/\/www.brandner.ee\/wp-content\/uploads\/2017\/08\/Backdrilling-283x300.jpg\" alt=\"\" width=\"345\" height=\"366\" srcset=\"https:\/\/www.brandner.ee\/wp-content\/uploads\/2017\/08\/Backdrilling-283x300.jpg 283w, https:\/\/www.brandner.ee\/wp-content\/uploads\/2017\/08\/Backdrilling-768x815.jpg 768w, https:\/\/www.brandner.ee\/wp-content\/uploads\/2017\/08\/Backdrilling.jpg 810w\" sizes=\"(max-width: 345px) 100vw, 345px\" \/><\/p>\n","protected":false},"excerpt":{"rendered":"<p>Vastupuurimine on k\u00e4ep\u00e4rane lahendus saavutamaks \u00fchendust mitmekihilise tr\u00fckkplaadi v\u00e4lis- ja sisekihtide vahel siis, kui kuvasuhe ei v\u00f5imalda puurida nn pimedat ava. Vastupuurimise t\u00f6\u00f6k\u00e4ik on j\u00e4rgmine &#8211; esmalt puuritakse l\u00e4bivava ja teostatakse plaadi eelmetallisatsioon. Seej\u00e4rel puuritakse \u00e4sja saavutatud eelmetallisatsioonikiht avast kindlaksm\u00e4\u00e4ratud s\u00fcgavuseni v\u00e4lja, mist\u00f5ttu edaspidises t\u00f6\u00f6tluses kattub selline ava metalliga ja tekib elektriline \u00fchendus vaid seal, &hellip;<\/p>\n","protected":false},"author":31,"featured_media":0,"parent":718,"menu_order":70,"comment_status":"closed","ping_status":"closed","template":"template_content-sidebar.php","meta":{"footnotes":""},"yoast_head":"<!-- This site is optimized with the Yoast SEO plugin v21.5 - https:\/\/yoast.com\/wordpress\/plugins\/seo\/ -->\n<title>Vastupuurimine - Brandner<\/title>\n<meta name=\"robots\" content=\"index, follow, max-snippet:-1, max-image-preview:large, max-video-preview:-1\" \/>\n<link rel=\"canonical\" href=\"https:\/\/www.brandner.ee\/et\/tootmisvoimekus\/vastupuurimine-uus\/\" \/>\n<meta property=\"og:locale\" content=\"et_EE\" \/>\n<meta property=\"og:type\" content=\"article\" \/>\n<meta property=\"og:title\" content=\"Vastupuurimine - Brandner\" \/>\n<meta property=\"og:description\" content=\"Vastupuurimine on k\u00e4ep\u00e4rane lahendus saavutamaks \u00fchendust mitmekihilise tr\u00fckkplaadi v\u00e4lis- ja sisekihtide vahel siis, kui kuvasuhe ei v\u00f5imalda puurida nn pimedat ava. Vastupuurimise t\u00f6\u00f6k\u00e4ik on j\u00e4rgmine &#8211; esmalt puuritakse l\u00e4bivava ja teostatakse plaadi eelmetallisatsioon. Seej\u00e4rel puuritakse \u00e4sja saavutatud eelmetallisatsioonikiht avast kindlaksm\u00e4\u00e4ratud s\u00fcgavuseni v\u00e4lja, mist\u00f5ttu edaspidises t\u00f6\u00f6tluses kattub selline ava metalliga ja tekib elektriline \u00fchendus vaid seal, &hellip;\" \/>\n<meta property=\"og:url\" content=\"https:\/\/www.brandner.ee\/et\/tootmisvoimekus\/vastupuurimine-uus\/\" \/>\n<meta property=\"og:site_name\" content=\"Brandner\" \/>\n<meta property=\"article:modified_time\" content=\"2019-01-11T12:13:43+00:00\" \/>\n<meta property=\"og:image\" content=\"http:\/\/www.brandner.ee\/wp-content\/uploads\/2017\/08\/Backdrilling-283x300.jpg\" \/>\n<meta name=\"twitter:card\" content=\"summary_large_image\" \/>\n<meta name=\"twitter:label1\" content=\"Est. reading time\" \/>\n\t<meta name=\"twitter:data1\" content=\"1 minut\" \/>\n<script type=\"application\/ld+json\" class=\"yoast-schema-graph\">{\"@context\":\"https:\/\/schema.org\",\"@graph\":[{\"@type\":\"WebPage\",\"@id\":\"https:\/\/www.brandner.ee\/et\/tootmisvoimekus\/vastupuurimine-uus\/\",\"url\":\"https:\/\/www.brandner.ee\/et\/tootmisvoimekus\/vastupuurimine-uus\/\",\"name\":\"Vastupuurimine - Brandner\",\"isPartOf\":{\"@id\":\"https:\/\/www.brandner.ee\/#website\"},\"datePublished\":\"2017-08-17T06:34:35+00:00\",\"dateModified\":\"2019-01-11T12:13:43+00:00\",\"breadcrumb\":{\"@id\":\"https:\/\/www.brandner.ee\/et\/tootmisvoimekus\/vastupuurimine-uus\/#breadcrumb\"},\"inLanguage\":\"et\",\"potentialAction\":[{\"@type\":\"ReadAction\",\"target\":[\"https:\/\/www.brandner.ee\/et\/tootmisvoimekus\/vastupuurimine-uus\/\"]}]},{\"@type\":\"BreadcrumbList\",\"@id\":\"https:\/\/www.brandner.ee\/et\/tootmisvoimekus\/vastupuurimine-uus\/#breadcrumb\",\"itemListElement\":[{\"@type\":\"ListItem\",\"position\":1,\"name\":\"Home\",\"item\":\"https:\/\/www.brandner.ee\/et\/\"},{\"@type\":\"ListItem\",\"position\":2,\"name\":\"Tootmisv\u00f5imekus\",\"item\":\"https:\/\/www.brandner.ee\/et\/tootmisvoimekus\/\"},{\"@type\":\"ListItem\",\"position\":3,\"name\":\"Vastupuurimine\"}]},{\"@type\":\"WebSite\",\"@id\":\"https:\/\/www.brandner.ee\/#website\",\"url\":\"https:\/\/www.brandner.ee\/\",\"name\":\"Brandner\",\"description\":\"PCB manufacturing\",\"potentialAction\":[{\"@type\":\"SearchAction\",\"target\":{\"@type\":\"EntryPoint\",\"urlTemplate\":\"https:\/\/www.brandner.ee\/?s={search_term_string}\"},\"query-input\":\"required name=search_term_string\"}],\"inLanguage\":\"et\"}]}<\/script>\n<!-- \/ Yoast SEO plugin. -->","yoast_head_json":{"title":"Vastupuurimine - Brandner","robots":{"index":"index","follow":"follow","max-snippet":"max-snippet:-1","max-image-preview":"max-image-preview:large","max-video-preview":"max-video-preview:-1"},"canonical":"https:\/\/www.brandner.ee\/et\/tootmisvoimekus\/vastupuurimine-uus\/","og_locale":"et_EE","og_type":"article","og_title":"Vastupuurimine - Brandner","og_description":"Vastupuurimine on k\u00e4ep\u00e4rane lahendus saavutamaks \u00fchendust mitmekihilise tr\u00fckkplaadi v\u00e4lis- ja sisekihtide vahel siis, kui kuvasuhe ei v\u00f5imalda puurida nn pimedat ava. Vastupuurimise t\u00f6\u00f6k\u00e4ik on j\u00e4rgmine &#8211; esmalt puuritakse l\u00e4bivava ja teostatakse plaadi eelmetallisatsioon. Seej\u00e4rel puuritakse \u00e4sja saavutatud eelmetallisatsioonikiht avast kindlaksm\u00e4\u00e4ratud s\u00fcgavuseni v\u00e4lja, mist\u00f5ttu edaspidises t\u00f6\u00f6tluses kattub selline ava metalliga ja tekib elektriline \u00fchendus vaid seal, &hellip;","og_url":"https:\/\/www.brandner.ee\/et\/tootmisvoimekus\/vastupuurimine-uus\/","og_site_name":"Brandner","article_modified_time":"2019-01-11T12:13:43+00:00","og_image":[{"url":"http:\/\/www.brandner.ee\/wp-content\/uploads\/2017\/08\/Backdrilling-283x300.jpg"}],"twitter_card":"summary_large_image","twitter_misc":{"Est. reading time":"1 minut"},"schema":{"@context":"https:\/\/schema.org","@graph":[{"@type":"WebPage","@id":"https:\/\/www.brandner.ee\/et\/tootmisvoimekus\/vastupuurimine-uus\/","url":"https:\/\/www.brandner.ee\/et\/tootmisvoimekus\/vastupuurimine-uus\/","name":"Vastupuurimine - Brandner","isPartOf":{"@id":"https:\/\/www.brandner.ee\/#website"},"datePublished":"2017-08-17T06:34:35+00:00","dateModified":"2019-01-11T12:13:43+00:00","breadcrumb":{"@id":"https:\/\/www.brandner.ee\/et\/tootmisvoimekus\/vastupuurimine-uus\/#breadcrumb"},"inLanguage":"et","potentialAction":[{"@type":"ReadAction","target":["https:\/\/www.brandner.ee\/et\/tootmisvoimekus\/vastupuurimine-uus\/"]}]},{"@type":"BreadcrumbList","@id":"https:\/\/www.brandner.ee\/et\/tootmisvoimekus\/vastupuurimine-uus\/#breadcrumb","itemListElement":[{"@type":"ListItem","position":1,"name":"Home","item":"https:\/\/www.brandner.ee\/et\/"},{"@type":"ListItem","position":2,"name":"Tootmisv\u00f5imekus","item":"https:\/\/www.brandner.ee\/et\/tootmisvoimekus\/"},{"@type":"ListItem","position":3,"name":"Vastupuurimine"}]},{"@type":"WebSite","@id":"https:\/\/www.brandner.ee\/#website","url":"https:\/\/www.brandner.ee\/","name":"Brandner","description":"PCB manufacturing","potentialAction":[{"@type":"SearchAction","target":{"@type":"EntryPoint","urlTemplate":"https:\/\/www.brandner.ee\/?s={search_term_string}"},"query-input":"required name=search_term_string"}],"inLanguage":"et"}]}},"_links":{"self":[{"href":"https:\/\/www.brandner.ee\/et\/wp-json\/wp\/v2\/pages\/743"}],"collection":[{"href":"https:\/\/www.brandner.ee\/et\/wp-json\/wp\/v2\/pages"}],"about":[{"href":"https:\/\/www.brandner.ee\/et\/wp-json\/wp\/v2\/types\/page"}],"author":[{"embeddable":true,"href":"https:\/\/www.brandner.ee\/et\/wp-json\/wp\/v2\/users\/31"}],"replies":[{"embeddable":true,"href":"https:\/\/www.brandner.ee\/et\/wp-json\/wp\/v2\/comments?post=743"}],"version-history":[{"count":5,"href":"https:\/\/www.brandner.ee\/et\/wp-json\/wp\/v2\/pages\/743\/revisions"}],"predecessor-version":[{"id":6426,"href":"https:\/\/www.brandner.ee\/et\/wp-json\/wp\/v2\/pages\/743\/revisions\/6426"}],"up":[{"embeddable":true,"href":"https:\/\/www.brandner.ee\/et\/wp-json\/wp\/v2\/pages\/718"}],"wp:attachment":[{"href":"https:\/\/www.brandner.ee\/et\/wp-json\/wp\/v2\/media?parent=743"}],"curies":[{"name":"wp","href":"https:\/\/api.w.org\/{rel}","templated":true}]}}