{"id":739,"date":"2017-08-17T09:31:55","date_gmt":"2017-08-17T06:31:55","guid":{"rendered":"http:\/\/www.brandner.ee\/?page_id=739\/"},"modified":"2019-01-11T14:13:23","modified_gmt":"2019-01-11T12:13:23","slug":"faasitud-serv","status":"publish","type":"page","link":"https:\/\/www.brandner.ee\/et\/tootmisvoimekus\/faasitud-serv\/","title":{"rendered":"Faasitud Serv"},"content":{"rendered":"<p>Vajadusel on v\u00f5imalik plaadi\u00a0<strong>serva \u00fche- v\u00f5i kahepoolse faasi l\u00f5ikamine<\/strong>.<\/p>\n<p>Faasitud servale ei ole v\u00f5imalik lisada raami &#8211; see on oluline n\u00fcanss, kui soovite, et tarnime plaadid Teile paneelis.<\/p>\n<p>Astmelist faasimist meie tehnoloogia kahjuks ei v\u00f5imalda.<\/p>\n<p>Faasitud servaga projekteerides palume j\u00e4lgida, et kaugus vaseplatsist v\u00f5i juhtmest faasini oleks v\u00e4hemalt 0,2 mm.<\/p>\n<p>Projektidokumentides palume ette anda faasimiseks vajalikud j\u00e4rgmised parameetrid:<\/p>\n<ul>\n<li>faasimisnurk,<\/li>\n<li>faasi laius,<\/li>\n<li>faasitud serva j\u00e4\u00e4kpaksus.<\/li>\n<\/ul>\n<p><img loading=\"lazy\" decoding=\"async\" class=\"alignnone wp-image-367\" src=\"http:\/\/www.brandner.ee\/wp-content\/uploads\/2017\/08\/BeveledEdge_ENG-300x172.jpg\" alt=\"\" width=\"500\" height=\"287\" srcset=\"https:\/\/www.brandner.ee\/wp-content\/uploads\/2017\/08\/BeveledEdge_ENG-300x172.jpg 300w, https:\/\/www.brandner.ee\/wp-content\/uploads\/2017\/08\/BeveledEdge_ENG-768x440.jpg 768w, https:\/\/www.brandner.ee\/wp-content\/uploads\/2017\/08\/BeveledEdge_ENG.jpg 999w\" sizes=\"(max-width: 500px) 100vw, 500px\" \/><\/p>\n","protected":false},"excerpt":{"rendered":"<p>Vajadusel on v\u00f5imalik plaadi\u00a0serva \u00fche- v\u00f5i kahepoolse faasi l\u00f5ikamine. Faasitud servale ei ole v\u00f5imalik lisada raami &#8211; see on oluline n\u00fcanss, kui soovite, et tarnime plaadid Teile paneelis. Astmelist faasimist meie tehnoloogia kahjuks ei v\u00f5imalda. Faasitud servaga projekteerides palume j\u00e4lgida, et kaugus vaseplatsist v\u00f5i juhtmest faasini oleks v\u00e4hemalt 0,2 mm. Projektidokumentides palume ette anda faasimiseks &hellip;<\/p>\n","protected":false},"author":31,"featured_media":0,"parent":718,"menu_order":40,"comment_status":"closed","ping_status":"closed","template":"template_content-sidebar.php","meta":{"footnotes":""},"yoast_head":"<!-- This site is optimized with the Yoast SEO plugin v21.5 - https:\/\/yoast.com\/wordpress\/plugins\/seo\/ -->\n<title>Faasitud Serv - Brandner<\/title>\n<meta name=\"robots\" content=\"index, follow, max-snippet:-1, max-image-preview:large, max-video-preview:-1\" \/>\n<link rel=\"canonical\" href=\"https:\/\/www.brandner.ee\/et\/tootmisvoimekus\/faasitud-serv\/\" \/>\n<meta property=\"og:locale\" content=\"et_EE\" \/>\n<meta property=\"og:type\" content=\"article\" \/>\n<meta property=\"og:title\" content=\"Faasitud Serv - Brandner\" \/>\n<meta property=\"og:description\" content=\"Vajadusel on v\u00f5imalik plaadi\u00a0serva \u00fche- v\u00f5i kahepoolse faasi l\u00f5ikamine. Faasitud servale ei ole v\u00f5imalik lisada raami &#8211; see on oluline n\u00fcanss, kui soovite, et tarnime plaadid Teile paneelis. Astmelist faasimist meie tehnoloogia kahjuks ei v\u00f5imalda. Faasitud servaga projekteerides palume j\u00e4lgida, et kaugus vaseplatsist v\u00f5i juhtmest faasini oleks v\u00e4hemalt 0,2 mm. Projektidokumentides palume ette anda faasimiseks &hellip;\" \/>\n<meta property=\"og:url\" content=\"https:\/\/www.brandner.ee\/et\/tootmisvoimekus\/faasitud-serv\/\" \/>\n<meta property=\"og:site_name\" content=\"Brandner\" \/>\n<meta property=\"article:modified_time\" content=\"2019-01-11T12:13:23+00:00\" \/>\n<meta property=\"og:image\" content=\"http:\/\/www.brandner.ee\/wp-content\/uploads\/2017\/08\/BeveledEdge_ENG-300x172.jpg\" \/>\n<meta name=\"twitter:card\" content=\"summary_large_image\" \/>\n<script type=\"application\/ld+json\" class=\"yoast-schema-graph\">{\"@context\":\"https:\/\/schema.org\",\"@graph\":[{\"@type\":\"WebPage\",\"@id\":\"https:\/\/www.brandner.ee\/et\/tootmisvoimekus\/faasitud-serv\/\",\"url\":\"https:\/\/www.brandner.ee\/et\/tootmisvoimekus\/faasitud-serv\/\",\"name\":\"Faasitud Serv - Brandner\",\"isPartOf\":{\"@id\":\"https:\/\/www.brandner.ee\/#website\"},\"datePublished\":\"2017-08-17T06:31:55+00:00\",\"dateModified\":\"2019-01-11T12:13:23+00:00\",\"breadcrumb\":{\"@id\":\"https:\/\/www.brandner.ee\/et\/tootmisvoimekus\/faasitud-serv\/#breadcrumb\"},\"inLanguage\":\"et\",\"potentialAction\":[{\"@type\":\"ReadAction\",\"target\":[\"https:\/\/www.brandner.ee\/et\/tootmisvoimekus\/faasitud-serv\/\"]}]},{\"@type\":\"BreadcrumbList\",\"@id\":\"https:\/\/www.brandner.ee\/et\/tootmisvoimekus\/faasitud-serv\/#breadcrumb\",\"itemListElement\":[{\"@type\":\"ListItem\",\"position\":1,\"name\":\"Home\",\"item\":\"https:\/\/www.brandner.ee\/et\/\"},{\"@type\":\"ListItem\",\"position\":2,\"name\":\"Tootmisv\u00f5imekus\",\"item\":\"https:\/\/www.brandner.ee\/et\/tootmisvoimekus\/\"},{\"@type\":\"ListItem\",\"position\":3,\"name\":\"Faasitud Serv\"}]},{\"@type\":\"WebSite\",\"@id\":\"https:\/\/www.brandner.ee\/#website\",\"url\":\"https:\/\/www.brandner.ee\/\",\"name\":\"Brandner\",\"description\":\"PCB manufacturing\",\"potentialAction\":[{\"@type\":\"SearchAction\",\"target\":{\"@type\":\"EntryPoint\",\"urlTemplate\":\"https:\/\/www.brandner.ee\/?s={search_term_string}\"},\"query-input\":\"required name=search_term_string\"}],\"inLanguage\":\"et\"}]}<\/script>\n<!-- \/ Yoast SEO plugin. -->","yoast_head_json":{"title":"Faasitud Serv - Brandner","robots":{"index":"index","follow":"follow","max-snippet":"max-snippet:-1","max-image-preview":"max-image-preview:large","max-video-preview":"max-video-preview:-1"},"canonical":"https:\/\/www.brandner.ee\/et\/tootmisvoimekus\/faasitud-serv\/","og_locale":"et_EE","og_type":"article","og_title":"Faasitud Serv - Brandner","og_description":"Vajadusel on v\u00f5imalik plaadi\u00a0serva \u00fche- v\u00f5i kahepoolse faasi l\u00f5ikamine. Faasitud servale ei ole v\u00f5imalik lisada raami &#8211; see on oluline n\u00fcanss, kui soovite, et tarnime plaadid Teile paneelis. Astmelist faasimist meie tehnoloogia kahjuks ei v\u00f5imalda. Faasitud servaga projekteerides palume j\u00e4lgida, et kaugus vaseplatsist v\u00f5i juhtmest faasini oleks v\u00e4hemalt 0,2 mm. Projektidokumentides palume ette anda faasimiseks &hellip;","og_url":"https:\/\/www.brandner.ee\/et\/tootmisvoimekus\/faasitud-serv\/","og_site_name":"Brandner","article_modified_time":"2019-01-11T12:13:23+00:00","og_image":[{"url":"http:\/\/www.brandner.ee\/wp-content\/uploads\/2017\/08\/BeveledEdge_ENG-300x172.jpg"}],"twitter_card":"summary_large_image","schema":{"@context":"https:\/\/schema.org","@graph":[{"@type":"WebPage","@id":"https:\/\/www.brandner.ee\/et\/tootmisvoimekus\/faasitud-serv\/","url":"https:\/\/www.brandner.ee\/et\/tootmisvoimekus\/faasitud-serv\/","name":"Faasitud Serv - Brandner","isPartOf":{"@id":"https:\/\/www.brandner.ee\/#website"},"datePublished":"2017-08-17T06:31:55+00:00","dateModified":"2019-01-11T12:13:23+00:00","breadcrumb":{"@id":"https:\/\/www.brandner.ee\/et\/tootmisvoimekus\/faasitud-serv\/#breadcrumb"},"inLanguage":"et","potentialAction":[{"@type":"ReadAction","target":["https:\/\/www.brandner.ee\/et\/tootmisvoimekus\/faasitud-serv\/"]}]},{"@type":"BreadcrumbList","@id":"https:\/\/www.brandner.ee\/et\/tootmisvoimekus\/faasitud-serv\/#breadcrumb","itemListElement":[{"@type":"ListItem","position":1,"name":"Home","item":"https:\/\/www.brandner.ee\/et\/"},{"@type":"ListItem","position":2,"name":"Tootmisv\u00f5imekus","item":"https:\/\/www.brandner.ee\/et\/tootmisvoimekus\/"},{"@type":"ListItem","position":3,"name":"Faasitud Serv"}]},{"@type":"WebSite","@id":"https:\/\/www.brandner.ee\/#website","url":"https:\/\/www.brandner.ee\/","name":"Brandner","description":"PCB manufacturing","potentialAction":[{"@type":"SearchAction","target":{"@type":"EntryPoint","urlTemplate":"https:\/\/www.brandner.ee\/?s={search_term_string}"},"query-input":"required name=search_term_string"}],"inLanguage":"et"}]}},"_links":{"self":[{"href":"https:\/\/www.brandner.ee\/et\/wp-json\/wp\/v2\/pages\/739"}],"collection":[{"href":"https:\/\/www.brandner.ee\/et\/wp-json\/wp\/v2\/pages"}],"about":[{"href":"https:\/\/www.brandner.ee\/et\/wp-json\/wp\/v2\/types\/page"}],"author":[{"embeddable":true,"href":"https:\/\/www.brandner.ee\/et\/wp-json\/wp\/v2\/users\/31"}],"replies":[{"embeddable":true,"href":"https:\/\/www.brandner.ee\/et\/wp-json\/wp\/v2\/comments?post=739"}],"version-history":[{"count":4,"href":"https:\/\/www.brandner.ee\/et\/wp-json\/wp\/v2\/pages\/739\/revisions"}],"predecessor-version":[{"id":2183,"href":"https:\/\/www.brandner.ee\/et\/wp-json\/wp\/v2\/pages\/739\/revisions\/2183"}],"up":[{"embeddable":true,"href":"https:\/\/www.brandner.ee\/et\/wp-json\/wp\/v2\/pages\/718"}],"wp:attachment":[{"href":"https:\/\/www.brandner.ee\/et\/wp-json\/wp\/v2\/media?parent=739"}],"curies":[{"name":"wp","href":"https:\/\/api.w.org\/{rel}","templated":true}]}}