{"id":736,"date":"2017-08-17T09:29:38","date_gmt":"2017-08-17T06:29:38","guid":{"rendered":"http:\/\/www.brandner.ee\/?page_id=736\/"},"modified":"2025-07-14T08:36:53","modified_gmt":"2025-07-14T05:36:53","slug":"faasitud-avad","status":"publish","type":"page","link":"https:\/\/www.brandner.ee\/et\/tootmisvoimekus\/faasitud-avad\/","title":{"rendered":"Faasitud Avad"},"content":{"rendered":"<p><strong>Faasitud (s\u00fcvistatud) avasid<\/strong>\u00a0vajatakse \u00fcldjuhul konstruktsioonides, kus kasutatakse s\u00fcvispeadega kinnituskruvisid.<\/p>\n<p>Faasitud avade korral tuleb projektidokumentatsioonis n\u00e4idata, milliselt poolelt (TOP v\u00f5i BOTTOM) ja millise s\u00fcgavuseni tuleb avad faasida.<\/p>\n<table style=\"height: 35px;\" width=\"131\">\n<tbody>\n<tr>\n<td><\/td>\n<td><\/td>\n<td rowspan=\"4\"><\/td>\n<\/tr>\n<tr>\n<td><\/td>\n<td><\/td>\n<\/tr>\n<tr>\n<td><\/td>\n<td><\/td>\n<\/tr>\n<tr>\n<td><\/td>\n<td><\/td>\n<\/tr>\n<\/tbody>\n<\/table>\n<p>Faasi Maksimaalne Diameeter<\/p>\n<p>Metalliseeritud\u00a0\u00a0\u00a0\u00a0\u00a0\u00a0 4,9mm<\/p>\n<p>Metalliseerimata\u00a0\u00a0\u00a0 5,0mm<\/p>\n<p>Faasimise Nurk\u00a0\u00a0\u00a0\u00a0\u00a0\u00a0 90\u00b0<\/p>\n<p><img loading=\"lazy\" decoding=\"async\" class=\"alignnone wp-image-3892\" src=\"https:\/\/www.brandner.ee\/wp-content\/uploads\/2017\/12\/CountersunkHole_EST-300x229.jpg\" alt=\"\" width=\"354\" height=\"270\" srcset=\"https:\/\/www.brandner.ee\/wp-content\/uploads\/2017\/12\/CountersunkHole_EST-300x229.jpg 300w, https:\/\/www.brandner.ee\/wp-content\/uploads\/2017\/12\/CountersunkHole_EST-768x587.jpg 768w, https:\/\/www.brandner.ee\/wp-content\/uploads\/2017\/12\/CountersunkHole_EST-1024x782.jpg 1024w, https:\/\/www.brandner.ee\/wp-content\/uploads\/2017\/12\/CountersunkHole_EST.jpg 1081w\" sizes=\"(max-width: 354px) 100vw, 354px\" \/><\/p>\n","protected":false},"excerpt":{"rendered":"<p>Faasitud (s\u00fcvistatud) avasid\u00a0vajatakse \u00fcldjuhul konstruktsioonides, kus kasutatakse s\u00fcvispeadega kinnituskruvisid. Faasitud avade korral tuleb projektidokumentatsioonis n\u00e4idata, milliselt poolelt (TOP v\u00f5i BOTTOM) ja millise s\u00fcgavuseni tuleb avad faasida. Faasi Maksimaalne Diameeter Metalliseeritud\u00a0\u00a0\u00a0\u00a0\u00a0\u00a0 4,9mm Metalliseerimata\u00a0\u00a0\u00a0 5,0mm Faasimise Nurk\u00a0\u00a0\u00a0\u00a0\u00a0\u00a0 90\u00b0<\/p>\n","protected":false},"author":31,"featured_media":0,"parent":718,"menu_order":30,"comment_status":"closed","ping_status":"closed","template":"template_content-sidebar.php","meta":{"footnotes":""},"yoast_head":"<!-- This site is optimized with the Yoast SEO plugin v21.5 - https:\/\/yoast.com\/wordpress\/plugins\/seo\/ -->\n<title>Faasitud Avad - Brandner<\/title>\n<meta name=\"robots\" content=\"index, follow, max-snippet:-1, max-image-preview:large, max-video-preview:-1\" \/>\n<link rel=\"canonical\" href=\"https:\/\/www.brandner.ee\/et\/tootmisvoimekus\/faasitud-avad\/\" \/>\n<meta property=\"og:locale\" content=\"et_EE\" \/>\n<meta property=\"og:type\" content=\"article\" \/>\n<meta property=\"og:title\" content=\"Faasitud Avad - Brandner\" \/>\n<meta property=\"og:description\" content=\"Faasitud (s\u00fcvistatud) avasid\u00a0vajatakse \u00fcldjuhul konstruktsioonides, kus kasutatakse s\u00fcvispeadega kinnituskruvisid. Faasitud avade korral tuleb projektidokumentatsioonis n\u00e4idata, milliselt poolelt (TOP v\u00f5i BOTTOM) ja millise s\u00fcgavuseni tuleb avad faasida. Faasi Maksimaalne Diameeter Metalliseeritud\u00a0\u00a0\u00a0\u00a0\u00a0\u00a0 4,9mm Metalliseerimata\u00a0\u00a0\u00a0 5,0mm Faasimise Nurk\u00a0\u00a0\u00a0\u00a0\u00a0\u00a0 90\u00b0\" \/>\n<meta property=\"og:url\" content=\"https:\/\/www.brandner.ee\/et\/tootmisvoimekus\/faasitud-avad\/\" \/>\n<meta property=\"og:site_name\" content=\"Brandner\" \/>\n<meta property=\"article:modified_time\" content=\"2025-07-14T05:36:53+00:00\" \/>\n<meta property=\"og:image\" content=\"https:\/\/www.brandner.ee\/wp-content\/uploads\/2017\/12\/CountersunkHole_EST-300x229.jpg\" \/>\n<meta name=\"twitter:card\" content=\"summary_large_image\" \/>\n<meta name=\"twitter:label1\" content=\"Est. reading time\" \/>\n\t<meta name=\"twitter:data1\" content=\"1 minut\" \/>\n<script type=\"application\/ld+json\" class=\"yoast-schema-graph\">{\"@context\":\"https:\/\/schema.org\",\"@graph\":[{\"@type\":\"WebPage\",\"@id\":\"https:\/\/www.brandner.ee\/et\/tootmisvoimekus\/faasitud-avad\/\",\"url\":\"https:\/\/www.brandner.ee\/et\/tootmisvoimekus\/faasitud-avad\/\",\"name\":\"Faasitud Avad - Brandner\",\"isPartOf\":{\"@id\":\"https:\/\/www.brandner.ee\/#website\"},\"datePublished\":\"2017-08-17T06:29:38+00:00\",\"dateModified\":\"2025-07-14T05:36:53+00:00\",\"breadcrumb\":{\"@id\":\"https:\/\/www.brandner.ee\/et\/tootmisvoimekus\/faasitud-avad\/#breadcrumb\"},\"inLanguage\":\"et\",\"potentialAction\":[{\"@type\":\"ReadAction\",\"target\":[\"https:\/\/www.brandner.ee\/et\/tootmisvoimekus\/faasitud-avad\/\"]}]},{\"@type\":\"BreadcrumbList\",\"@id\":\"https:\/\/www.brandner.ee\/et\/tootmisvoimekus\/faasitud-avad\/#breadcrumb\",\"itemListElement\":[{\"@type\":\"ListItem\",\"position\":1,\"name\":\"Home\",\"item\":\"https:\/\/www.brandner.ee\/et\/\"},{\"@type\":\"ListItem\",\"position\":2,\"name\":\"Tootmisv\u00f5imekus\",\"item\":\"https:\/\/www.brandner.ee\/et\/tootmisvoimekus\/\"},{\"@type\":\"ListItem\",\"position\":3,\"name\":\"Faasitud Avad\"}]},{\"@type\":\"WebSite\",\"@id\":\"https:\/\/www.brandner.ee\/#website\",\"url\":\"https:\/\/www.brandner.ee\/\",\"name\":\"Brandner\",\"description\":\"PCB manufacturing\",\"potentialAction\":[{\"@type\":\"SearchAction\",\"target\":{\"@type\":\"EntryPoint\",\"urlTemplate\":\"https:\/\/www.brandner.ee\/?s={search_term_string}\"},\"query-input\":\"required name=search_term_string\"}],\"inLanguage\":\"et\"}]}<\/script>\n<!-- \/ Yoast SEO plugin. -->","yoast_head_json":{"title":"Faasitud Avad - Brandner","robots":{"index":"index","follow":"follow","max-snippet":"max-snippet:-1","max-image-preview":"max-image-preview:large","max-video-preview":"max-video-preview:-1"},"canonical":"https:\/\/www.brandner.ee\/et\/tootmisvoimekus\/faasitud-avad\/","og_locale":"et_EE","og_type":"article","og_title":"Faasitud Avad - Brandner","og_description":"Faasitud (s\u00fcvistatud) avasid\u00a0vajatakse \u00fcldjuhul konstruktsioonides, kus kasutatakse s\u00fcvispeadega kinnituskruvisid. Faasitud avade korral tuleb projektidokumentatsioonis n\u00e4idata, milliselt poolelt (TOP v\u00f5i BOTTOM) ja millise s\u00fcgavuseni tuleb avad faasida. Faasi Maksimaalne Diameeter Metalliseeritud\u00a0\u00a0\u00a0\u00a0\u00a0\u00a0 4,9mm Metalliseerimata\u00a0\u00a0\u00a0 5,0mm Faasimise Nurk\u00a0\u00a0\u00a0\u00a0\u00a0\u00a0 90\u00b0","og_url":"https:\/\/www.brandner.ee\/et\/tootmisvoimekus\/faasitud-avad\/","og_site_name":"Brandner","article_modified_time":"2025-07-14T05:36:53+00:00","og_image":[{"url":"https:\/\/www.brandner.ee\/wp-content\/uploads\/2017\/12\/CountersunkHole_EST-300x229.jpg"}],"twitter_card":"summary_large_image","twitter_misc":{"Est. reading time":"1 minut"},"schema":{"@context":"https:\/\/schema.org","@graph":[{"@type":"WebPage","@id":"https:\/\/www.brandner.ee\/et\/tootmisvoimekus\/faasitud-avad\/","url":"https:\/\/www.brandner.ee\/et\/tootmisvoimekus\/faasitud-avad\/","name":"Faasitud Avad - Brandner","isPartOf":{"@id":"https:\/\/www.brandner.ee\/#website"},"datePublished":"2017-08-17T06:29:38+00:00","dateModified":"2025-07-14T05:36:53+00:00","breadcrumb":{"@id":"https:\/\/www.brandner.ee\/et\/tootmisvoimekus\/faasitud-avad\/#breadcrumb"},"inLanguage":"et","potentialAction":[{"@type":"ReadAction","target":["https:\/\/www.brandner.ee\/et\/tootmisvoimekus\/faasitud-avad\/"]}]},{"@type":"BreadcrumbList","@id":"https:\/\/www.brandner.ee\/et\/tootmisvoimekus\/faasitud-avad\/#breadcrumb","itemListElement":[{"@type":"ListItem","position":1,"name":"Home","item":"https:\/\/www.brandner.ee\/et\/"},{"@type":"ListItem","position":2,"name":"Tootmisv\u00f5imekus","item":"https:\/\/www.brandner.ee\/et\/tootmisvoimekus\/"},{"@type":"ListItem","position":3,"name":"Faasitud Avad"}]},{"@type":"WebSite","@id":"https:\/\/www.brandner.ee\/#website","url":"https:\/\/www.brandner.ee\/","name":"Brandner","description":"PCB manufacturing","potentialAction":[{"@type":"SearchAction","target":{"@type":"EntryPoint","urlTemplate":"https:\/\/www.brandner.ee\/?s={search_term_string}"},"query-input":"required name=search_term_string"}],"inLanguage":"et"}]}},"_links":{"self":[{"href":"https:\/\/www.brandner.ee\/et\/wp-json\/wp\/v2\/pages\/736"}],"collection":[{"href":"https:\/\/www.brandner.ee\/et\/wp-json\/wp\/v2\/pages"}],"about":[{"href":"https:\/\/www.brandner.ee\/et\/wp-json\/wp\/v2\/types\/page"}],"author":[{"embeddable":true,"href":"https:\/\/www.brandner.ee\/et\/wp-json\/wp\/v2\/users\/31"}],"replies":[{"embeddable":true,"href":"https:\/\/www.brandner.ee\/et\/wp-json\/wp\/v2\/comments?post=736"}],"version-history":[{"count":11,"href":"https:\/\/www.brandner.ee\/et\/wp-json\/wp\/v2\/pages\/736\/revisions"}],"predecessor-version":[{"id":12622,"href":"https:\/\/www.brandner.ee\/et\/wp-json\/wp\/v2\/pages\/736\/revisions\/12622"}],"up":[{"embeddable":true,"href":"https:\/\/www.brandner.ee\/et\/wp-json\/wp\/v2\/pages\/718"}],"wp:attachment":[{"href":"https:\/\/www.brandner.ee\/et\/wp-json\/wp\/v2\/media?parent=736"}],"curies":[{"name":"wp","href":"https:\/\/api.w.org\/{rel}","templated":true}]}}