{"id":733,"date":"2017-08-17T09:24:28","date_gmt":"2017-08-17T06:24:28","guid":{"rendered":"http:\/\/www.brandner.ee\/?page_id=733\/"},"modified":"2025-08-11T09:26:01","modified_gmt":"2025-08-11T06:26:01","slug":"poolitatud-avad","status":"publish","type":"page","link":"https:\/\/www.brandner.ee\/et\/tootmisvoimekus\/poolitatud-avad\/","title":{"rendered":"Poolitatud Avad"},"content":{"rendered":"<table width=\"433\">\n<tbody>\n<tr>\n<td>V\u00e4ikseim metaliseeritud poolitatud ava<\/td>\n<td>0.6mm<\/td>\n<td><\/td>\n<\/tr>\n<tr>\n<td>V\u00e4him avade kaugus \u00fcksteisest<\/td>\n<td>0.7mm<\/td>\n<td><\/td>\n<\/tr>\n<tr>\n<td>Paneelis asuvate plaatide v\u00e4him vahe<\/td>\n<td>3.0mm<\/td>\n<td><\/td>\n<\/tr>\n<\/tbody>\n<\/table>\n<p>V\u00f5imalik on teha ka metaliseeritud poolitatud pilu.<\/p>\n<p><img loading=\"lazy\" decoding=\"async\" class=\"alignnone wp-image-5990 \" src=\"https:\/\/www.brandner.ee\/wp-content\/uploads\/2018\/10\/poolitatud-avad-ja-pilud-EST-300x229.png\" alt=\"\" width=\"466\" height=\"356\" srcset=\"https:\/\/www.brandner.ee\/wp-content\/uploads\/2018\/10\/poolitatud-avad-ja-pilud-EST-300x229.png 300w, https:\/\/www.brandner.ee\/wp-content\/uploads\/2018\/10\/poolitatud-avad-ja-pilud-EST.png 599w\" sizes=\"(max-width: 466px) 100vw, 466px\" \/><\/p>\n<p><strong>\u00a0<\/strong><\/p>\n","protected":false},"excerpt":{"rendered":"<p>V\u00e4ikseim metaliseeritud poolitatud ava 0.6mm V\u00e4him avade kaugus \u00fcksteisest 0.7mm Paneelis asuvate plaatide v\u00e4him vahe 3.0mm V\u00f5imalik on teha ka metaliseeritud poolitatud pilu. \u00a0<\/p>\n","protected":false},"author":31,"featured_media":0,"parent":718,"menu_order":20,"comment_status":"closed","ping_status":"closed","template":"template_content-sidebar.php","meta":{"footnotes":""},"yoast_head":"<!-- This site is optimized with the Yoast SEO plugin v21.5 - https:\/\/yoast.com\/wordpress\/plugins\/seo\/ -->\n<title>Poolitatud Avad - Brandner<\/title>\n<meta name=\"robots\" content=\"index, follow, max-snippet:-1, max-image-preview:large, max-video-preview:-1\" \/>\n<link rel=\"canonical\" href=\"https:\/\/www.brandner.ee\/et\/tootmisvoimekus\/poolitatud-avad\/\" \/>\n<meta property=\"og:locale\" content=\"et_EE\" \/>\n<meta property=\"og:type\" content=\"article\" \/>\n<meta property=\"og:title\" content=\"Poolitatud Avad - Brandner\" \/>\n<meta property=\"og:description\" content=\"V\u00e4ikseim metaliseeritud poolitatud ava 0.6mm V\u00e4him avade kaugus \u00fcksteisest 0.7mm Paneelis asuvate plaatide v\u00e4him vahe 3.0mm V\u00f5imalik on teha ka metaliseeritud poolitatud pilu. \u00a0\" \/>\n<meta property=\"og:url\" content=\"https:\/\/www.brandner.ee\/et\/tootmisvoimekus\/poolitatud-avad\/\" \/>\n<meta property=\"og:site_name\" content=\"Brandner\" \/>\n<meta property=\"article:modified_time\" content=\"2025-08-11T06:26:01+00:00\" \/>\n<meta property=\"og:image\" content=\"https:\/\/www.brandner.ee\/wp-content\/uploads\/2018\/10\/poolitatud-avad-ja-pilud-EST-300x229.png\" \/>\n<meta name=\"twitter:card\" content=\"summary_large_image\" \/>\n<meta name=\"twitter:label1\" content=\"Est. reading time\" \/>\n\t<meta name=\"twitter:data1\" content=\"1 minut\" \/>\n<script type=\"application\/ld+json\" class=\"yoast-schema-graph\">{\"@context\":\"https:\/\/schema.org\",\"@graph\":[{\"@type\":\"WebPage\",\"@id\":\"https:\/\/www.brandner.ee\/et\/tootmisvoimekus\/poolitatud-avad\/\",\"url\":\"https:\/\/www.brandner.ee\/et\/tootmisvoimekus\/poolitatud-avad\/\",\"name\":\"Poolitatud Avad - Brandner\",\"isPartOf\":{\"@id\":\"https:\/\/www.brandner.ee\/#website\"},\"datePublished\":\"2017-08-17T06:24:28+00:00\",\"dateModified\":\"2025-08-11T06:26:01+00:00\",\"breadcrumb\":{\"@id\":\"https:\/\/www.brandner.ee\/et\/tootmisvoimekus\/poolitatud-avad\/#breadcrumb\"},\"inLanguage\":\"et\",\"potentialAction\":[{\"@type\":\"ReadAction\",\"target\":[\"https:\/\/www.brandner.ee\/et\/tootmisvoimekus\/poolitatud-avad\/\"]}]},{\"@type\":\"BreadcrumbList\",\"@id\":\"https:\/\/www.brandner.ee\/et\/tootmisvoimekus\/poolitatud-avad\/#breadcrumb\",\"itemListElement\":[{\"@type\":\"ListItem\",\"position\":1,\"name\":\"Home\",\"item\":\"https:\/\/www.brandner.ee\/et\/\"},{\"@type\":\"ListItem\",\"position\":2,\"name\":\"Tootmisv\u00f5imekus\",\"item\":\"https:\/\/www.brandner.ee\/et\/tootmisvoimekus\/\"},{\"@type\":\"ListItem\",\"position\":3,\"name\":\"Poolitatud Avad\"}]},{\"@type\":\"WebSite\",\"@id\":\"https:\/\/www.brandner.ee\/#website\",\"url\":\"https:\/\/www.brandner.ee\/\",\"name\":\"Brandner\",\"description\":\"PCB manufacturing\",\"potentialAction\":[{\"@type\":\"SearchAction\",\"target\":{\"@type\":\"EntryPoint\",\"urlTemplate\":\"https:\/\/www.brandner.ee\/?s={search_term_string}\"},\"query-input\":\"required name=search_term_string\"}],\"inLanguage\":\"et\"}]}<\/script>\n<!-- \/ Yoast SEO plugin. -->","yoast_head_json":{"title":"Poolitatud Avad - Brandner","robots":{"index":"index","follow":"follow","max-snippet":"max-snippet:-1","max-image-preview":"max-image-preview:large","max-video-preview":"max-video-preview:-1"},"canonical":"https:\/\/www.brandner.ee\/et\/tootmisvoimekus\/poolitatud-avad\/","og_locale":"et_EE","og_type":"article","og_title":"Poolitatud Avad - Brandner","og_description":"V\u00e4ikseim metaliseeritud poolitatud ava 0.6mm V\u00e4him avade kaugus \u00fcksteisest 0.7mm Paneelis asuvate plaatide v\u00e4him vahe 3.0mm V\u00f5imalik on teha ka metaliseeritud poolitatud pilu. \u00a0","og_url":"https:\/\/www.brandner.ee\/et\/tootmisvoimekus\/poolitatud-avad\/","og_site_name":"Brandner","article_modified_time":"2025-08-11T06:26:01+00:00","og_image":[{"url":"https:\/\/www.brandner.ee\/wp-content\/uploads\/2018\/10\/poolitatud-avad-ja-pilud-EST-300x229.png"}],"twitter_card":"summary_large_image","twitter_misc":{"Est. reading time":"1 minut"},"schema":{"@context":"https:\/\/schema.org","@graph":[{"@type":"WebPage","@id":"https:\/\/www.brandner.ee\/et\/tootmisvoimekus\/poolitatud-avad\/","url":"https:\/\/www.brandner.ee\/et\/tootmisvoimekus\/poolitatud-avad\/","name":"Poolitatud Avad - Brandner","isPartOf":{"@id":"https:\/\/www.brandner.ee\/#website"},"datePublished":"2017-08-17T06:24:28+00:00","dateModified":"2025-08-11T06:26:01+00:00","breadcrumb":{"@id":"https:\/\/www.brandner.ee\/et\/tootmisvoimekus\/poolitatud-avad\/#breadcrumb"},"inLanguage":"et","potentialAction":[{"@type":"ReadAction","target":["https:\/\/www.brandner.ee\/et\/tootmisvoimekus\/poolitatud-avad\/"]}]},{"@type":"BreadcrumbList","@id":"https:\/\/www.brandner.ee\/et\/tootmisvoimekus\/poolitatud-avad\/#breadcrumb","itemListElement":[{"@type":"ListItem","position":1,"name":"Home","item":"https:\/\/www.brandner.ee\/et\/"},{"@type":"ListItem","position":2,"name":"Tootmisv\u00f5imekus","item":"https:\/\/www.brandner.ee\/et\/tootmisvoimekus\/"},{"@type":"ListItem","position":3,"name":"Poolitatud Avad"}]},{"@type":"WebSite","@id":"https:\/\/www.brandner.ee\/#website","url":"https:\/\/www.brandner.ee\/","name":"Brandner","description":"PCB manufacturing","potentialAction":[{"@type":"SearchAction","target":{"@type":"EntryPoint","urlTemplate":"https:\/\/www.brandner.ee\/?s={search_term_string}"},"query-input":"required name=search_term_string"}],"inLanguage":"et"}]}},"_links":{"self":[{"href":"https:\/\/www.brandner.ee\/et\/wp-json\/wp\/v2\/pages\/733"}],"collection":[{"href":"https:\/\/www.brandner.ee\/et\/wp-json\/wp\/v2\/pages"}],"about":[{"href":"https:\/\/www.brandner.ee\/et\/wp-json\/wp\/v2\/types\/page"}],"author":[{"embeddable":true,"href":"https:\/\/www.brandner.ee\/et\/wp-json\/wp\/v2\/users\/31"}],"replies":[{"embeddable":true,"href":"https:\/\/www.brandner.ee\/et\/wp-json\/wp\/v2\/comments?post=733"}],"version-history":[{"count":9,"href":"https:\/\/www.brandner.ee\/et\/wp-json\/wp\/v2\/pages\/733\/revisions"}],"predecessor-version":[{"id":12822,"href":"https:\/\/www.brandner.ee\/et\/wp-json\/wp\/v2\/pages\/733\/revisions\/12822"}],"up":[{"embeddable":true,"href":"https:\/\/www.brandner.ee\/et\/wp-json\/wp\/v2\/pages\/718"}],"wp:attachment":[{"href":"https:\/\/www.brandner.ee\/et\/wp-json\/wp\/v2\/media?parent=733"}],"curies":[{"name":"wp","href":"https:\/\/api.w.org\/{rel}","templated":true}]}}