{"id":721,"date":"2017-08-16T15:56:11","date_gmt":"2017-08-16T12:56:11","guid":{"rendered":"http:\/\/www.brandner.ee\/?page_id=721\/"},"modified":"2025-08-13T09:54:43","modified_gmt":"2025-08-13T06:54:43","slug":"tootmisvoimalused","status":"publish","type":"page","link":"https:\/\/www.brandner.ee\/et\/tootmisvoimekus\/tootmisvoimalused\/","title":{"rendered":"Tootmisv\u00f5imekus"},"content":{"rendered":"<h2><strong>Tootmisv\u00f5imekus<\/strong><\/h2>\n<hr \/>\n<p><strong>Materjal<\/strong><\/p>\n<table style=\"height: 265px;\" width=\"540\">\n<tbody>\n<tr>\n<td>\u00a0\u00dche-ja kahepoolsetel<\/td>\n<td>Tg 135\u00b0C\/Tg 170\u00b0C<\/td>\n<td><a href=\"http:\/\/www.brandner.ee\/wp-content\/uploads\/2017\/08\/Data-Sheet-MC-100EX.pdf\" target=\"_blank\" rel=\"noopener noreferrer\"><img loading=\"lazy\" decoding=\"async\" class=\"alignnone\" src=\"https:\/\/www.brandner.ee\/wp-content\/uploads\/2017\/08\/Brandner_Icon_questionmark.png\" alt=\"\" width=\"20\" height=\"19\" \/><\/a><\/td>\n<\/tr>\n<tr>\n<td>\u00a0Mitmekihilistel<\/td>\n<td>Tg 170\u00b0C<\/td>\n<td><a href=\"http:\/\/www.brandner.ee\/wp-content\/uploads\/2017\/08\/Data-Sheet_R-1755V_R-1650V.pdf\" target=\"_blank\" rel=\"noopener noreferrer\"><img loading=\"lazy\" decoding=\"async\" class=\"alignnone\" src=\"https:\/\/www.brandner.ee\/wp-content\/uploads\/2017\/08\/Brandner_Icon_questionmark.png\" alt=\"\" width=\"20\" height=\"19\" \/><\/a><\/td>\n<\/tr>\n<tr>\n<td>\u00a0Minimaalne paksus kahepoolsetel<\/td>\n<td>0,36mm<\/td>\n<td><a href=\"https:\/\/www.brandner.ee\/wp-content\/Documents\/Minimaalne_paksus_kahepoolsetel_04072025.pdf\" target=\"_blank\" rel=\"noopener noreferrer\"><img loading=\"lazy\" decoding=\"async\" class=\"alignnone\" src=\"https:\/\/www.brandner.ee\/wp-content\/uploads\/2017\/08\/Brandner_Icon_questionmark.png\" alt=\"\" width=\"20\" height=\"19\" \/><\/a><\/td>\n<\/tr>\n<tr>\n<td>\u00a0Minimaalne sisekihi paksus<\/td>\n<td>0,1mm<\/td>\n<td><a href=\"https:\/\/www.brandner.ee\/wp-content\/Documents\/Minimaalne_sisekihi_paksus_04072025.pdf\" target=\"_blank\" rel=\"noopener noreferrer\"><img loading=\"lazy\" decoding=\"async\" class=\"alignnone\" src=\"https:\/\/www.brandner.ee\/wp-content\/uploads\/2017\/08\/Brandner_Icon_questionmark.png\" alt=\"\" width=\"20\" height=\"19\" \/><\/a><\/td>\n<\/tr>\n<tr>\n<td>\u00a0Minimaalne vahekihi paksus<\/td>\n<td>0,063mm<\/td>\n<td><a href=\"https:\/\/www.brandner.ee\/wp-content\/Documents\/Minimaalne_vahekihi_paksus_04072025.pdf\" target=\"_blank\" rel=\"noopener noreferrer\"><img loading=\"lazy\" decoding=\"async\" class=\"alignnone\" src=\"https:\/\/www.brandner.ee\/wp-content\/uploads\/2017\/08\/Brandner_Icon_questionmark.png\" alt=\"\" width=\"20\" height=\"19\" \/><\/a><\/td>\n<\/tr>\n<tr>\n<td>\u00a0Maksimaalne paksus<\/td>\n<td>2,4mm<\/td>\n<td><a href=\"https:\/\/www.brandner.ee\/wp-content\/Documents\/Maksimaalne_paksus_04072025.pdf\" target=\"_blank\" rel=\"noopener noreferrer\"><img loading=\"lazy\" decoding=\"async\" class=\"alignnone\" src=\"https:\/\/www.brandner.ee\/wp-content\/uploads\/2017\/08\/Brandner_Icon_questionmark.png\" alt=\"\" width=\"20\" height=\"19\" \/><\/a><\/td>\n<\/tr>\n<tr>\n<td>\u00a0Laos hoitavad materjalid<\/td>\n<td><a href=\"https:\/\/www.brandner.ee\/wp-content\/Documents\/Laomaterjalid_04072025.pdf\">vaata<\/a><\/td>\n<td><a href=\"https:\/\/www.brandner.ee\/wp-content\/Documents\/Laomaterjalid_04072025.pdf\" target=\"_blank\" rel=\"noopener noreferrer\"><img loading=\"lazy\" decoding=\"async\" class=\"alignnone\" src=\"https:\/\/www.brandner.ee\/wp-content\/uploads\/2017\/08\/Brandner_Icon_questionmark.png\" alt=\"\" width=\"20\" height=\"19\" \/><\/a><\/td>\n<\/tr>\n<tr>\n<td>\u00a0Max kihtide arv<\/td>\n<td>24<\/td>\n<td><a href=\"https:\/\/www.brandner.ee\/wp-content\/Documents\/Maksimaalne_kihtide_arv_04072025.pdf\" target=\"_blank\" rel=\"noopener noreferrer\"><img loading=\"lazy\" decoding=\"async\" class=\"alignnone\" src=\"https:\/\/www.brandner.ee\/wp-content\/uploads\/2017\/08\/Brandner_Icon_questionmark.png\" alt=\"\" width=\"20\" height=\"19\" \/><\/a><\/td>\n<\/tr>\n<\/tbody>\n<\/table>\n<hr \/>\n<p><strong>Avad ja juhtmed<\/strong><\/p>\n<table style=\"height: 703px;\" width=\"691\">\n<tbody>\n<tr>\n<td>\u00a0Minimaalne ava<\/td>\n<td>0,1mm<\/td>\n<td><\/td>\n<\/tr>\n<tr>\n<td>\u00a0Minimaalne pime ava<\/td>\n<td>0,1mm<\/td>\n<td><a href=\"https:\/\/www.brandner.ee\/wp-content\/Documents\/Minimaalne_pime_ava_04072025.pdf\" target=\"_blank\" rel=\"noopener noreferrer\"><img loading=\"lazy\" decoding=\"async\" class=\"alignnone\" src=\"https:\/\/www.brandner.ee\/wp-content\/uploads\/2017\/08\/Brandner_Icon_questionmark.png\" alt=\"\" width=\"57\" height=\"62\" \/><\/a><\/td>\n<\/tr>\n<tr>\n<td>\u00a0Puurimise t\u00e4psus<\/td>\n<td>+\/- 0,1mm<\/td>\n<td><\/td>\n<\/tr>\n<tr>\n<td>\u00a0Maksimaalne maskiga t\u00e4idetud ava<\/td>\n<td>0,4mm<\/td>\n<td><\/td>\n<\/tr>\n<tr>\n<td>\u00a0Minimaalne puurikrae sisekihis<\/td>\n<td>0,1mm<\/td>\n<td><a href=\"https:\/\/www.brandner.ee\/wp-content\/Documents\/Minimaalne_puurikrae_sisekihis_04072025.pdf\" target=\"_blank\" rel=\"noopener noreferrer\"><img loading=\"lazy\" decoding=\"async\" class=\"alignnone\" src=\"https:\/\/www.brandner.ee\/wp-content\/uploads\/2017\/08\/Brandner_Icon_questionmark.png\" alt=\"\" width=\"20\" height=\"19\" \/><\/a><\/td>\n<\/tr>\n<tr>\n<td>\u00a0Minimaalne puurikrae v\u00e4liskihis<\/td>\n<td>0,05mm<\/td>\n<td><\/td>\n<\/tr>\n<tr>\n<td><\/td>\n<td><\/td>\n<td><\/td>\n<\/tr>\n<tr>\n<td>\u00a0Aspect ratio pimedatele avadele<\/td>\n<td>1:1<\/td>\n<td><\/td>\n<\/tr>\n<tr>\n<td>\u00a0Min. kaugus puuri servast teiseni<\/td>\n<td>0,15mm<\/td>\n<td><a href=\"https:\/\/www.brandner.ee\/wp-content\/Documents\/Minimaalne_kaugus_puuri_servast_teise_puurini_04072025.pdf\" target=\"_blank\" rel=\"noopener noreferrer\"><img loading=\"lazy\" decoding=\"async\" class=\"alignnone\" src=\"https:\/\/www.brandner.ee\/wp-content\/uploads\/2017\/08\/Brandner_Icon_questionmark.png\" alt=\"\" width=\"20\" height=\"19\" \/><\/a><\/td>\n<\/tr>\n<tr>\n<td>\u00a0Min.kaugus puuri servast maa-alani (0,2mm-0,4mm avad) Min. kaugus puuri servast maa-alani (0,1mm\/0,15mm\/al. 0,5mm avad)<\/td>\n<td>0,15mm (sisekihis) 0,2mm (sisekihis)<\/td>\n<td><a href=\"https:\/\/www.brandner.ee\/wp-content\/Documents\/Minimaalne_kaugus_puuri_servast_vasealani_sisekihis_04072025.pdf\" target=\"_blank\" rel=\"noopener noreferrer\"><img loading=\"lazy\" decoding=\"async\" class=\"alignnone\" src=\"https:\/\/www.brandner.ee\/wp-content\/uploads\/2017\/08\/Brandner_Icon_questionmark.png\" alt=\"\" width=\"20\" height=\"19\" \/><\/a><\/td>\n<\/tr>\n<tr>\n<td>\u00a0Min.pimeda ava maandumisplats<\/td>\n<td>0,3mm (sisekihis)<\/td>\n<td><\/td>\n<\/tr>\n<tr>\n<td>\u00a0Minimaalne juhe ja juhtmete vahe<\/td>\n<td>0,075mm (sisekihis)<\/td>\n<td><a href=\"https:\/\/www.brandner.ee\/wp-content\/Documents\/Minimaalne_juhe_ja_juhtmete_vahe_sisekihis_04072025.pdf\" target=\"_blank\" rel=\"noopener noreferrer\"><img loading=\"lazy\" decoding=\"async\" class=\"alignnone\" src=\"https:\/\/www.brandner.ee\/wp-content\/uploads\/2017\/08\/Brandner_Icon_questionmark.png\" alt=\"\" width=\"20\" height=\"19\" \/><\/a><\/td>\n<\/tr>\n<tr>\n<td>\u00a0Minimaalne juhe ja juhtmete vahe<\/td>\n<td>0,06mm (v\u00e4liskihis)<\/td>\n<td><\/td>\n<\/tr>\n<tr>\n<td>\u00a0Min. gabariidi ja juhtme vahe<\/td>\n<td>0,2mm<\/td>\n<td><a href=\"https:\/\/www.brandner.ee\/wp-content\/Documents\/Minimaalne_gabariidi_ja_juhtme_vahe_04072025.pdf\" target=\"_blank\" rel=\"noopener noreferrer\"><img loading=\"lazy\" decoding=\"async\" class=\"alignnone\" src=\"https:\/\/www.brandner.ee\/wp-content\/uploads\/2017\/08\/Brandner_Icon_questionmark.png\" alt=\"\" width=\"20\" height=\"19\" \/><\/a><\/td>\n<\/tr>\n<tr>\n<td>\u00a0Min. V-l\u00f5ike kaugus vasealast<\/td>\n<td>0,4mm <a href=\"https:\/\/www.brandner.ee\/et\/tootmisvoimekus\/v-loike-kalkulaator\/\">V-l\u00f5ike\u00a0kalkulaator<\/a><\/td>\n<td><a href=\"https:\/\/www.brandner.ee\/wp-content\/Documents\/Minimaalne_V-loike_kaugus_vasealast_04072025.pdf\" target=\"_blank\" rel=\"noopener noreferrer\"><img loading=\"lazy\" decoding=\"async\" class=\"alignnone\" src=\"https:\/\/www.brandner.ee\/wp-content\/uploads\/2017\/08\/Brandner_Icon_questionmark.png\" alt=\"\" width=\"20\" height=\"19\" \/><\/a><\/td>\n<\/tr>\n<\/tbody>\n<\/table>\n<hr \/>\n<p><strong>Jootemask ja markeering<\/strong><\/p>\n<table style=\"height: 569px;\" width=\"652\">\n<tbody>\n<tr>\n<td>\u00a0Jootemaski v\u00e4rvid<\/td>\n<td>roheline, must, valge, sinine, punane<\/td>\n<td><a href=\"http:\/\/www.brandner.ee\/wp-content\/uploads\/2017\/08\/Solder-Mask-TechnicalDataSheet.pdf\" target=\"_blank\" rel=\"noopener noreferrer\"><img loading=\"lazy\" decoding=\"async\" class=\"alignnone\" src=\"https:\/\/www.brandner.ee\/wp-content\/uploads\/2017\/08\/Brandner_Icon_questionmark.png\" alt=\"\" width=\"20\" height=\"19\" \/><\/a><\/td>\n<\/tr>\n<tr>\n<td>\u00a0Jootemaski paksus kuivana<\/td>\n<td>20-25\u00b5<\/td>\n<td><\/td>\n<\/tr>\n<tr>\n<td>\u00a0Min. jootemaski vabastus platsist<\/td>\n<td>0,05mm<\/td>\n<td><\/td>\n<\/tr>\n<tr>\n<td>\u00a0Min. maskijoone laius<\/td>\n<td>0,075mm rohelise maski puhul,<br \/>\n0,150mm k\u00f5igi teiste toonide puhul<\/td>\n<td><\/td>\n<\/tr>\n<tr>\n<td colspan=\"3\"><strong>NB! <\/strong>Palume arvestada, et kuni 0,4mm l\u00e4bim\u00f5\u00f5duga avades v\u00f5ib leiduda jootemaski j\u00e4\u00e4ke.<\/td>\n<\/tr>\n<tr>\n<td>\u00a0Markeeringu v\u00e4rvid<\/td>\n<td>valge, must<\/td>\n<td><\/td>\n<\/tr>\n<tr>\n<td>\u00a0Min. joonelaius markeeringus<\/td>\n<td>0,1mm<\/td>\n<td><\/td>\n<\/tr>\n<tr>\n<td>\u00a0Markeeringu positsioneerimist\u00e4psus<\/td>\n<td>\u00b125\u00b5<\/td>\n<td><\/td>\n<\/tr>\n<\/tbody>\n<\/table>\n<p><strong>NB!<\/strong> Alla 0,1mm kiri suurendatakse automaatselt!<\/p>\n<p><strong>NB!<\/strong>\u00a0Maskivabastustele j\u00e4\u00e4v markeering eemaldatakse!<\/p>\n<hr \/>\n<p><strong>Pinnakate jootev\u00e4ljadel<\/strong><\/p>\n<table style=\"height: 95px;\" width=\"1054\">\n<tbody>\n<tr>\n<td>Kuumtina Felder\u00a0\u00a0 SN99Ag+<\/td>\n<td>5-20\u00b5 minimaalne materjali paksus 0,8mm; minimaalne metalliga pilu krae 0,5mm<\/td>\n<\/tr>\n<tr>\n<td>Keemiline kuld ENIG firmalt OMG<\/td>\n<td>Ni 3-6\u00b5; Au 0,05-0,125\u00b5 minimaalne metalliga pilu krae 0,2mm<\/td>\n<\/tr>\n<\/tbody>\n<\/table>\n<hr \/>\n<p><strong>Mehaaniline t\u00f6\u00f6tlus<\/strong><\/p>\n<table style=\"height: 301px;\" width=\"487\">\n<tbody>\n<tr>\n<td>Minimaalne frees<\/td>\n<td>0,2mm<\/td>\n<\/tr>\n<tr>\n<td>Maksimaalne frees<\/td>\n<td>2,5mm<\/td>\n<\/tr>\n<tr>\n<td>Freesimise t\u00e4psus<\/td>\n<td>\u00b10,1mm<\/td>\n<\/tr>\n<tr>\n<td>V-l\u00f5ige (v-cut)<\/td>\n<td>30\u00b0;min j\u00e4\u00e4k 0,2mm<\/td>\n<\/tr>\n<tr>\n<td>V-l\u00f5ike materjali min paksus<\/td>\n<td>0,8mm<\/td>\n<\/tr>\n<tr>\n<td>V-l\u00f5ike t\u00e4psus<\/td>\n<td>\u00b10,3mm<\/td>\n<\/tr>\n<tr>\n<td>Min plaadi m\u00f5\u00f5t<\/td>\n<td>10 x 10mm<\/td>\n<\/tr>\n<tr>\n<td>Max plaadi m\u00f5\u00f5t<\/td>\n<td>360 x 460mm<\/td>\n<\/tr>\n<tr>\n<td>Pimedad ja maetud avad<br \/>\nPime frees<br \/>\nVastupuurimine<\/td>\n<td>Jah, <a href=\"https:\/\/www.brandner.ee\/et\/tootmisvoimekus\/pimedad-ja-maetud-avad\/\">vaata siia<\/a><br \/>\nJah, <a href=\"https:\/\/www.brandner.ee\/et\/tootmisvoimekus\/pime-frees\/\">vaata siia<\/a><br \/>\nJah, <a href=\"https:\/\/www.brandner.ee\/et\/tootmisvoimekus\/vastupuurimine-uus\/\">vaata siia <\/a><\/td>\n<\/tr>\n<tr>\n<td><\/td>\n<td><\/td>\n<\/tr>\n<\/tbody>\n<\/table>\n<hr \/>\n<h2><strong>Projekteerimisreeglid<\/strong><\/h2>\n<hr \/>\n<p><strong>V\u00e4liskiht<\/strong><\/p>\n<table style=\"height: 332px;\" width=\"700\">\n<tbody>\n<tr>\n<td>\u00a0Minimaalne plats l\u00e4biviikudele(via)<\/td>\n<td>\u00a0ava diameeter + 0,2mm<\/td>\n<\/tr>\n<tr>\n<td>\u00a0Minimaalne plats komponentidele<\/td>\n<td>\u00a0ava diameeter + 0,3mm<\/td>\n<\/tr>\n<tr>\n<td>\u00a0Min juhtme laius\/vahe fooliumile 12\u00b5<\/td>\n<td>\u00a00,065mm<\/td>\n<\/tr>\n<tr>\n<td>\u00a0Min juhtme laius\/vahe fooliumile 18\u00b5<\/td>\n<td>\u00a00,075mm<\/td>\n<\/tr>\n<tr>\n<td>\u00a0Min juhtme laius\/vahe fooliumile 35\u00b5<\/td>\n<td>\u00a00,125mm<\/td>\n<\/tr>\n<tr>\n<td>\u00a0Min juhtme laius\/vahe fooliumile 70\u00b5<\/td>\n<td>\u00a00,25mm<\/td>\n<\/tr>\n<tr>\n<td>\u00a0Minimaalne maa-ala kaugus avast<\/td>\n<td>\u00a00,125mm<\/td>\n<\/tr>\n<tr>\n<td>\u00a0Minimaalne maa-ala kaugus platsist<\/td>\n<td>\u00a00,075mm<\/td>\n<\/tr>\n<tr>\n<td>\u00a0Min vase, juhtme\u00a0 kaugus V-l\u00f5ikest<\/td>\n<td>\u00a00,4mm<\/td>\n<\/tr>\n<tr>\n<td>\u00a0Min juhtme, platsi kaugus gabariidist<\/td>\n<td>\u00a00,2mm<\/td>\n<\/tr>\n<\/tbody>\n<\/table>\n<p><strong>Sisekiht<\/strong><\/p>\n<table style=\"height: 137px;\" width=\"654\">\n<tbody>\n<tr>\n<td>\u00a0Minimaalne avakrae<\/td>\n<td>\u00a0min.ava + 0,3mm<\/td>\n<\/tr>\n<tr>\n<td>\u00a0Minimaalne maa-ala kaugus avast<\/td>\n<td>\u00a00,2mm<\/td>\n<\/tr>\n<tr>\n<td>\u00a0Minimaalne pimeda ava maandumisplats<\/td>\n<td>\u00a0ava + 0,2mm<\/td>\n<\/tr>\n<tr>\n<td>\u00a0Minimaalne juhtmelaius ja vahe<\/td>\n<td>\u00a0vaata v\u00e4liskiht va 12\u00b5<\/td>\n<\/tr>\n<\/tbody>\n<\/table>\n<p>70um vasepaksuse korral sisekihtides, peab vahekihi paksus olema v\u00e4hemalt 0,2mm!<\/p>\n<hr \/>\n<p><strong>Kui m\u00f5ni parameeter on teile takistuseks, siis palun konsulteerige meie\u00a0<a href=\"http:\/\/www.brandner.ee\/et\/kontakt\/\">m\u00fc\u00fcgiassistentidega<\/a>!<\/strong><\/p>\n","protected":false},"excerpt":{"rendered":"<p>Tootmisv\u00f5imekus Materjal \u00a0\u00dche-ja kahepoolsetel Tg 135\u00b0C\/Tg 170\u00b0C \u00a0Mitmekihilistel Tg 170\u00b0C \u00a0Minimaalne paksus kahepoolsetel 0,36mm \u00a0Minimaalne sisekihi paksus 0,1mm \u00a0Minimaalne vahekihi paksus 0,063mm \u00a0Maksimaalne paksus 2,4mm \u00a0Laos hoitavad materjalid vaata \u00a0Max kihtide arv 24 Avad ja juhtmed \u00a0Minimaalne ava 0,1mm \u00a0Minimaalne pime ava 0,1mm \u00a0Puurimise t\u00e4psus +\/- 0,1mm \u00a0Maksimaalne maskiga t\u00e4idetud ava 0,4mm \u00a0Minimaalne puurikrae sisekihis &hellip;<\/p>\n","protected":false},"author":31,"featured_media":0,"parent":718,"menu_order":0,"comment_status":"closed","ping_status":"closed","template":"template_content-sidebar.php","meta":{"footnotes":""},"yoast_head":"<!-- This site is optimized with the Yoast SEO plugin v21.5 - https:\/\/yoast.com\/wordpress\/plugins\/seo\/ -->\n<title>Tootmisv\u00f5imekus - Brandner<\/title>\n<meta name=\"robots\" content=\"index, follow, max-snippet:-1, max-image-preview:large, max-video-preview:-1\" \/>\n<link rel=\"canonical\" href=\"https:\/\/www.brandner.ee\/et\/tootmisvoimekus\/tootmisvoimalused\/\" \/>\n<meta property=\"og:locale\" content=\"et_EE\" \/>\n<meta property=\"og:type\" content=\"article\" \/>\n<meta property=\"og:title\" content=\"Tootmisv\u00f5imekus - Brandner\" \/>\n<meta property=\"og:description\" content=\"Tootmisv\u00f5imekus Materjal \u00a0\u00dche-ja kahepoolsetel Tg 135\u00b0C\/Tg 170\u00b0C \u00a0Mitmekihilistel Tg 170\u00b0C \u00a0Minimaalne paksus kahepoolsetel 0,36mm \u00a0Minimaalne sisekihi paksus 0,1mm \u00a0Minimaalne vahekihi paksus 0,063mm \u00a0Maksimaalne paksus 2,4mm \u00a0Laos hoitavad materjalid vaata \u00a0Max kihtide arv 24 Avad ja juhtmed \u00a0Minimaalne ava 0,1mm \u00a0Minimaalne pime ava 0,1mm \u00a0Puurimise t\u00e4psus +\/- 0,1mm \u00a0Maksimaalne maskiga t\u00e4idetud ava 0,4mm \u00a0Minimaalne puurikrae sisekihis &hellip;\" \/>\n<meta property=\"og:url\" content=\"https:\/\/www.brandner.ee\/et\/tootmisvoimekus\/tootmisvoimalused\/\" \/>\n<meta property=\"og:site_name\" content=\"Brandner\" \/>\n<meta property=\"article:modified_time\" content=\"2025-08-13T06:54:43+00:00\" \/>\n<meta property=\"og:image\" content=\"https:\/\/www.brandner.ee\/wp-content\/uploads\/2017\/08\/Brandner_Icon_questionmark.png\" \/>\n<meta name=\"twitter:card\" content=\"summary_large_image\" \/>\n<meta name=\"twitter:label1\" content=\"Est. reading time\" \/>\n\t<meta name=\"twitter:data1\" content=\"6 minutit\" \/>\n<script type=\"application\/ld+json\" class=\"yoast-schema-graph\">{\"@context\":\"https:\/\/schema.org\",\"@graph\":[{\"@type\":\"WebPage\",\"@id\":\"https:\/\/www.brandner.ee\/et\/tootmisvoimekus\/tootmisvoimalused\/\",\"url\":\"https:\/\/www.brandner.ee\/et\/tootmisvoimekus\/tootmisvoimalused\/\",\"name\":\"Tootmisv\u00f5imekus - Brandner\",\"isPartOf\":{\"@id\":\"https:\/\/www.brandner.ee\/#website\"},\"datePublished\":\"2017-08-16T12:56:11+00:00\",\"dateModified\":\"2025-08-13T06:54:43+00:00\",\"breadcrumb\":{\"@id\":\"https:\/\/www.brandner.ee\/et\/tootmisvoimekus\/tootmisvoimalused\/#breadcrumb\"},\"inLanguage\":\"et\",\"potentialAction\":[{\"@type\":\"ReadAction\",\"target\":[\"https:\/\/www.brandner.ee\/et\/tootmisvoimekus\/tootmisvoimalused\/\"]}]},{\"@type\":\"BreadcrumbList\",\"@id\":\"https:\/\/www.brandner.ee\/et\/tootmisvoimekus\/tootmisvoimalused\/#breadcrumb\",\"itemListElement\":[{\"@type\":\"ListItem\",\"position\":1,\"name\":\"Home\",\"item\":\"https:\/\/www.brandner.ee\/et\/\"},{\"@type\":\"ListItem\",\"position\":2,\"name\":\"Tootmisv\u00f5imekus\",\"item\":\"https:\/\/www.brandner.ee\/et\/tootmisvoimekus\/\"},{\"@type\":\"ListItem\",\"position\":3,\"name\":\"Tootmisv\u00f5imekus\"}]},{\"@type\":\"WebSite\",\"@id\":\"https:\/\/www.brandner.ee\/#website\",\"url\":\"https:\/\/www.brandner.ee\/\",\"name\":\"Brandner\",\"description\":\"PCB manufacturing\",\"potentialAction\":[{\"@type\":\"SearchAction\",\"target\":{\"@type\":\"EntryPoint\",\"urlTemplate\":\"https:\/\/www.brandner.ee\/?s={search_term_string}\"},\"query-input\":\"required name=search_term_string\"}],\"inLanguage\":\"et\"}]}<\/script>\n<!-- \/ Yoast SEO plugin. -->","yoast_head_json":{"title":"Tootmisv\u00f5imekus - Brandner","robots":{"index":"index","follow":"follow","max-snippet":"max-snippet:-1","max-image-preview":"max-image-preview:large","max-video-preview":"max-video-preview:-1"},"canonical":"https:\/\/www.brandner.ee\/et\/tootmisvoimekus\/tootmisvoimalused\/","og_locale":"et_EE","og_type":"article","og_title":"Tootmisv\u00f5imekus - Brandner","og_description":"Tootmisv\u00f5imekus Materjal \u00a0\u00dche-ja kahepoolsetel Tg 135\u00b0C\/Tg 170\u00b0C \u00a0Mitmekihilistel Tg 170\u00b0C \u00a0Minimaalne paksus kahepoolsetel 0,36mm \u00a0Minimaalne sisekihi paksus 0,1mm \u00a0Minimaalne vahekihi paksus 0,063mm \u00a0Maksimaalne paksus 2,4mm \u00a0Laos hoitavad materjalid vaata \u00a0Max kihtide arv 24 Avad ja juhtmed \u00a0Minimaalne ava 0,1mm \u00a0Minimaalne pime ava 0,1mm \u00a0Puurimise t\u00e4psus +\/- 0,1mm \u00a0Maksimaalne maskiga t\u00e4idetud ava 0,4mm \u00a0Minimaalne puurikrae sisekihis &hellip;","og_url":"https:\/\/www.brandner.ee\/et\/tootmisvoimekus\/tootmisvoimalused\/","og_site_name":"Brandner","article_modified_time":"2025-08-13T06:54:43+00:00","og_image":[{"url":"https:\/\/www.brandner.ee\/wp-content\/uploads\/2017\/08\/Brandner_Icon_questionmark.png"}],"twitter_card":"summary_large_image","twitter_misc":{"Est. reading time":"6 minutit"},"schema":{"@context":"https:\/\/schema.org","@graph":[{"@type":"WebPage","@id":"https:\/\/www.brandner.ee\/et\/tootmisvoimekus\/tootmisvoimalused\/","url":"https:\/\/www.brandner.ee\/et\/tootmisvoimekus\/tootmisvoimalused\/","name":"Tootmisv\u00f5imekus - Brandner","isPartOf":{"@id":"https:\/\/www.brandner.ee\/#website"},"datePublished":"2017-08-16T12:56:11+00:00","dateModified":"2025-08-13T06:54:43+00:00","breadcrumb":{"@id":"https:\/\/www.brandner.ee\/et\/tootmisvoimekus\/tootmisvoimalused\/#breadcrumb"},"inLanguage":"et","potentialAction":[{"@type":"ReadAction","target":["https:\/\/www.brandner.ee\/et\/tootmisvoimekus\/tootmisvoimalused\/"]}]},{"@type":"BreadcrumbList","@id":"https:\/\/www.brandner.ee\/et\/tootmisvoimekus\/tootmisvoimalused\/#breadcrumb","itemListElement":[{"@type":"ListItem","position":1,"name":"Home","item":"https:\/\/www.brandner.ee\/et\/"},{"@type":"ListItem","position":2,"name":"Tootmisv\u00f5imekus","item":"https:\/\/www.brandner.ee\/et\/tootmisvoimekus\/"},{"@type":"ListItem","position":3,"name":"Tootmisv\u00f5imekus"}]},{"@type":"WebSite","@id":"https:\/\/www.brandner.ee\/#website","url":"https:\/\/www.brandner.ee\/","name":"Brandner","description":"PCB manufacturing","potentialAction":[{"@type":"SearchAction","target":{"@type":"EntryPoint","urlTemplate":"https:\/\/www.brandner.ee\/?s={search_term_string}"},"query-input":"required name=search_term_string"}],"inLanguage":"et"}]}},"_links":{"self":[{"href":"https:\/\/www.brandner.ee\/et\/wp-json\/wp\/v2\/pages\/721"}],"collection":[{"href":"https:\/\/www.brandner.ee\/et\/wp-json\/wp\/v2\/pages"}],"about":[{"href":"https:\/\/www.brandner.ee\/et\/wp-json\/wp\/v2\/types\/page"}],"author":[{"embeddable":true,"href":"https:\/\/www.brandner.ee\/et\/wp-json\/wp\/v2\/users\/31"}],"replies":[{"embeddable":true,"href":"https:\/\/www.brandner.ee\/et\/wp-json\/wp\/v2\/comments?post=721"}],"version-history":[{"count":67,"href":"https:\/\/www.brandner.ee\/et\/wp-json\/wp\/v2\/pages\/721\/revisions"}],"predecessor-version":[{"id":12839,"href":"https:\/\/www.brandner.ee\/et\/wp-json\/wp\/v2\/pages\/721\/revisions\/12839"}],"up":[{"embeddable":true,"href":"https:\/\/www.brandner.ee\/et\/wp-json\/wp\/v2\/pages\/718"}],"wp:attachment":[{"href":"https:\/\/www.brandner.ee\/et\/wp-json\/wp\/v2\/media?parent=721"}],"curies":[{"name":"wp","href":"https:\/\/api.w.org\/{rel}","templated":true}]}}