{"id":709,"date":"2017-08-16T15:49:30","date_gmt":"2017-08-16T12:49:30","guid":{"rendered":"http:\/\/www.brandner.ee\/?page_id=709\/"},"modified":"2019-01-11T14:10:22","modified_gmt":"2019-01-11T12:10:22","slug":"makseviisid","status":"publish","type":"page","link":"https:\/\/www.brandner.ee\/et\/ettevottest\/makseviisid\/","title":{"rendered":"Makseviisid"},"content":{"rendered":"<p><strong>Interneti kaardimakse (Visa, MasterCard)<\/strong><\/p>\n<p>Peale tellimuse vormistamist suunatakse klient makse sooritamiseks Nets Estonia AS-i turvalisse keskkonda. Seal on eelt\u00e4idetud maksekorraldus, kus on kirjas tasumisele kuuluv summa. Peale kaardinumbri, turvakoodi (3 numbriline kood kaardi tagak\u00fcljel) ning kaardi kehtivusaja l\u00f5pu sisestamist autoriseerib Nets Estonia tehingu kliendi pangas.<br \/>\nKaardiandmete k\u00fcsimisel kasutatakse SSL-turvaprotokolli ning MasterCard SecureCode ja Verified by Visa turvaprogramme, mis tagavad selle, et vahetatavat informatsiooni ei saa k\u00f5rvalised isikud pealt kuulata ega muuta.<\/p>\n","protected":false},"excerpt":{"rendered":"<p>Interneti kaardimakse (Visa, MasterCard) Peale tellimuse vormistamist suunatakse klient makse sooritamiseks Nets Estonia AS-i turvalisse keskkonda. Seal on eelt\u00e4idetud maksekorraldus, kus on kirjas tasumisele kuuluv summa. Peale kaardinumbri, turvakoodi (3 numbriline kood kaardi tagak\u00fcljel) ning kaardi kehtivusaja l\u00f5pu sisestamist autoriseerib Nets Estonia tehingu kliendi pangas. Kaardiandmete k\u00fcsimisel kasutatakse SSL-turvaprotokolli ning MasterCard SecureCode ja Verified by &hellip;<\/p>\n","protected":false},"author":31,"featured_media":0,"parent":694,"menu_order":60,"comment_status":"closed","ping_status":"closed","template":"template_about-us.php","meta":{"footnotes":""},"yoast_head":"<!-- This site is optimized with the Yoast SEO plugin v21.5 - https:\/\/yoast.com\/wordpress\/plugins\/seo\/ -->\n<title>Makseviisid - Brandner<\/title>\n<meta name=\"robots\" content=\"index, follow, max-snippet:-1, max-image-preview:large, max-video-preview:-1\" \/>\n<link rel=\"canonical\" href=\"https:\/\/www.brandner.ee\/et\/ettevottest\/makseviisid\/\" \/>\n<meta property=\"og:locale\" content=\"et_EE\" \/>\n<meta property=\"og:type\" content=\"article\" \/>\n<meta property=\"og:title\" content=\"Makseviisid - Brandner\" \/>\n<meta property=\"og:description\" content=\"Interneti kaardimakse (Visa, MasterCard) Peale tellimuse vormistamist suunatakse klient makse sooritamiseks Nets Estonia AS-i turvalisse keskkonda. Seal on eelt\u00e4idetud maksekorraldus, kus on kirjas tasumisele kuuluv summa. Peale kaardinumbri, turvakoodi (3 numbriline kood kaardi tagak\u00fcljel) ning kaardi kehtivusaja l\u00f5pu sisestamist autoriseerib Nets Estonia tehingu kliendi pangas. Kaardiandmete k\u00fcsimisel kasutatakse SSL-turvaprotokolli ning MasterCard SecureCode ja Verified by &hellip;\" \/>\n<meta property=\"og:url\" content=\"https:\/\/www.brandner.ee\/et\/ettevottest\/makseviisid\/\" \/>\n<meta property=\"og:site_name\" content=\"Brandner\" \/>\n<meta property=\"article:modified_time\" content=\"2019-01-11T12:10:22+00:00\" \/>\n<meta name=\"twitter:card\" content=\"summary_large_image\" \/>\n<script type=\"application\/ld+json\" class=\"yoast-schema-graph\">{\"@context\":\"https:\/\/schema.org\",\"@graph\":[{\"@type\":\"WebPage\",\"@id\":\"https:\/\/www.brandner.ee\/et\/ettevottest\/makseviisid\/\",\"url\":\"https:\/\/www.brandner.ee\/et\/ettevottest\/makseviisid\/\",\"name\":\"Makseviisid - Brandner\",\"isPartOf\":{\"@id\":\"https:\/\/www.brandner.ee\/#website\"},\"datePublished\":\"2017-08-16T12:49:30+00:00\",\"dateModified\":\"2019-01-11T12:10:22+00:00\",\"breadcrumb\":{\"@id\":\"https:\/\/www.brandner.ee\/et\/ettevottest\/makseviisid\/#breadcrumb\"},\"inLanguage\":\"et\",\"potentialAction\":[{\"@type\":\"ReadAction\",\"target\":[\"https:\/\/www.brandner.ee\/et\/ettevottest\/makseviisid\/\"]}]},{\"@type\":\"BreadcrumbList\",\"@id\":\"https:\/\/www.brandner.ee\/et\/ettevottest\/makseviisid\/#breadcrumb\",\"itemListElement\":[{\"@type\":\"ListItem\",\"position\":1,\"name\":\"Home\",\"item\":\"https:\/\/www.brandner.ee\/et\/\"},{\"@type\":\"ListItem\",\"position\":2,\"name\":\"Ettev\u00f5ttest\",\"item\":\"https:\/\/www.brandner.ee\/et\/ettevottest\/\"},{\"@type\":\"ListItem\",\"position\":3,\"name\":\"Makseviisid\"}]},{\"@type\":\"WebSite\",\"@id\":\"https:\/\/www.brandner.ee\/#website\",\"url\":\"https:\/\/www.brandner.ee\/\",\"name\":\"Brandner\",\"description\":\"PCB manufacturing\",\"potentialAction\":[{\"@type\":\"SearchAction\",\"target\":{\"@type\":\"EntryPoint\",\"urlTemplate\":\"https:\/\/www.brandner.ee\/?s={search_term_string}\"},\"query-input\":\"required name=search_term_string\"}],\"inLanguage\":\"et\"}]}<\/script>\n<!-- \/ Yoast SEO plugin. -->","yoast_head_json":{"title":"Makseviisid - Brandner","robots":{"index":"index","follow":"follow","max-snippet":"max-snippet:-1","max-image-preview":"max-image-preview:large","max-video-preview":"max-video-preview:-1"},"canonical":"https:\/\/www.brandner.ee\/et\/ettevottest\/makseviisid\/","og_locale":"et_EE","og_type":"article","og_title":"Makseviisid - Brandner","og_description":"Interneti kaardimakse (Visa, MasterCard) Peale tellimuse vormistamist suunatakse klient makse sooritamiseks Nets Estonia AS-i turvalisse keskkonda. Seal on eelt\u00e4idetud maksekorraldus, kus on kirjas tasumisele kuuluv summa. Peale kaardinumbri, turvakoodi (3 numbriline kood kaardi tagak\u00fcljel) ning kaardi kehtivusaja l\u00f5pu sisestamist autoriseerib Nets Estonia tehingu kliendi pangas. Kaardiandmete k\u00fcsimisel kasutatakse SSL-turvaprotokolli ning MasterCard SecureCode ja Verified by &hellip;","og_url":"https:\/\/www.brandner.ee\/et\/ettevottest\/makseviisid\/","og_site_name":"Brandner","article_modified_time":"2019-01-11T12:10:22+00:00","twitter_card":"summary_large_image","schema":{"@context":"https:\/\/schema.org","@graph":[{"@type":"WebPage","@id":"https:\/\/www.brandner.ee\/et\/ettevottest\/makseviisid\/","url":"https:\/\/www.brandner.ee\/et\/ettevottest\/makseviisid\/","name":"Makseviisid - Brandner","isPartOf":{"@id":"https:\/\/www.brandner.ee\/#website"},"datePublished":"2017-08-16T12:49:30+00:00","dateModified":"2019-01-11T12:10:22+00:00","breadcrumb":{"@id":"https:\/\/www.brandner.ee\/et\/ettevottest\/makseviisid\/#breadcrumb"},"inLanguage":"et","potentialAction":[{"@type":"ReadAction","target":["https:\/\/www.brandner.ee\/et\/ettevottest\/makseviisid\/"]}]},{"@type":"BreadcrumbList","@id":"https:\/\/www.brandner.ee\/et\/ettevottest\/makseviisid\/#breadcrumb","itemListElement":[{"@type":"ListItem","position":1,"name":"Home","item":"https:\/\/www.brandner.ee\/et\/"},{"@type":"ListItem","position":2,"name":"Ettev\u00f5ttest","item":"https:\/\/www.brandner.ee\/et\/ettevottest\/"},{"@type":"ListItem","position":3,"name":"Makseviisid"}]},{"@type":"WebSite","@id":"https:\/\/www.brandner.ee\/#website","url":"https:\/\/www.brandner.ee\/","name":"Brandner","description":"PCB manufacturing","potentialAction":[{"@type":"SearchAction","target":{"@type":"EntryPoint","urlTemplate":"https:\/\/www.brandner.ee\/?s={search_term_string}"},"query-input":"required name=search_term_string"}],"inLanguage":"et"}]}},"_links":{"self":[{"href":"https:\/\/www.brandner.ee\/et\/wp-json\/wp\/v2\/pages\/709"}],"collection":[{"href":"https:\/\/www.brandner.ee\/et\/wp-json\/wp\/v2\/pages"}],"about":[{"href":"https:\/\/www.brandner.ee\/et\/wp-json\/wp\/v2\/types\/page"}],"author":[{"embeddable":true,"href":"https:\/\/www.brandner.ee\/et\/wp-json\/wp\/v2\/users\/31"}],"replies":[{"embeddable":true,"href":"https:\/\/www.brandner.ee\/et\/wp-json\/wp\/v2\/comments?post=709"}],"version-history":[{"count":5,"href":"https:\/\/www.brandner.ee\/et\/wp-json\/wp\/v2\/pages\/709\/revisions"}],"predecessor-version":[{"id":2340,"href":"https:\/\/www.brandner.ee\/et\/wp-json\/wp\/v2\/pages\/709\/revisions\/2340"}],"up":[{"embeddable":true,"href":"https:\/\/www.brandner.ee\/et\/wp-json\/wp\/v2\/pages\/694"}],"wp:attachment":[{"href":"https:\/\/www.brandner.ee\/et\/wp-json\/wp\/v2\/media?parent=709"}],"curies":[{"name":"wp","href":"https:\/\/api.w.org\/{rel}","templated":true}]}}