{"id":707,"date":"2017-08-16T15:46:48","date_gmt":"2017-08-16T12:46:48","guid":{"rendered":"http:\/\/www.brandner.ee\/?page_id=707\/"},"modified":"2019-01-11T14:10:14","modified_gmt":"2019-01-11T12:10:14","slug":"tookalender","status":"publish","type":"page","link":"https:\/\/www.brandner.ee\/et\/ettevottest\/tookalender\/","title":{"rendered":"T\u00f6\u00f6kalender"},"content":{"rendered":"<p>Kalendris on m\u00e4rgitud meie\u00a0<strong>puhkep\u00e4evad<\/strong>.<\/p>\n<p>&nbsp;<\/p>\n<p><iframe loading=\"lazy\" style=\"border-width: 0;\" src=\"https:\/\/calendar.google.com\/calendar\/embed?showTitle=0&amp;showTabs=0&amp;height=350&amp;wkst=2&amp;hl=en_GB&amp;bgcolor=%23FFFFFF&amp;src=brandner.pcb%40gmail.com&amp;color=%231B887A&amp;src=en-gb.ee%23holiday%40group.v.calendar.google.com&amp;color=%23125A12&amp;ctz=Europe%2FTallinn\" width=\"500\" height=\"350\" frameborder=\"0\" scrolling=\"no\"><\/iframe><\/p>\n<p>&nbsp;<\/p>\n<p>Teadmiseks ka Eesti riigip\u00fchad, mis on meile t\u00f6\u00f6vabad p\u00e4evad:<\/p>\n<p>1. jaanuar &#8211; uusaasta<br \/>\n24. veebruar &#8211; Eesti iseseisvusp\u00e4ev<br \/>\nliikuv p\u00fcha &#8211; suur reede<br \/>\n1. mai &#8211; kevadp\u00fcha<br \/>\n23. juuni &#8211; v\u00f5idup\u00fcha<br \/>\n24. juuni &#8211; jaanip\u00e4ev<br \/>\n20. august &#8211; taasiseseisvumisp\u00e4ev<br \/>\n24. detsember &#8211; j\u00f5ululaup\u00e4ev<br \/>\n25. detsember &#8211; esimene j\u00f5ulup\u00fcha<br \/>\n26. detsember &#8211; teine j\u00f5ulup\u00fcha<\/p>\n","protected":false},"excerpt":{"rendered":"<p>Kalendris on m\u00e4rgitud meie\u00a0puhkep\u00e4evad. &nbsp; &nbsp; Teadmiseks ka Eesti riigip\u00fchad, mis on meile t\u00f6\u00f6vabad p\u00e4evad: 1. jaanuar &#8211; uusaasta 24. veebruar &#8211; Eesti iseseisvusp\u00e4ev liikuv p\u00fcha &#8211; suur reede 1. mai &#8211; kevadp\u00fcha 23. juuni &#8211; v\u00f5idup\u00fcha 24. juuni &#8211; jaanip\u00e4ev 20. august &#8211; taasiseseisvumisp\u00e4ev 24. detsember &#8211; j\u00f5ululaup\u00e4ev 25. detsember &#8211; esimene j\u00f5ulup\u00fcha 26. &hellip;<\/p>\n","protected":false},"author":31,"featured_media":0,"parent":694,"menu_order":40,"comment_status":"closed","ping_status":"closed","template":"template_about-us.php","meta":{"footnotes":""},"yoast_head":"<!-- This site is optimized with the Yoast SEO plugin v21.5 - https:\/\/yoast.com\/wordpress\/plugins\/seo\/ -->\n<title>T\u00f6\u00f6kalender - Brandner<\/title>\n<meta name=\"robots\" content=\"index, follow, max-snippet:-1, max-image-preview:large, max-video-preview:-1\" \/>\n<link rel=\"canonical\" href=\"https:\/\/www.brandner.ee\/et\/ettevottest\/tookalender\/\" \/>\n<meta property=\"og:locale\" content=\"et_EE\" \/>\n<meta property=\"og:type\" content=\"article\" \/>\n<meta property=\"og:title\" content=\"T\u00f6\u00f6kalender - Brandner\" \/>\n<meta property=\"og:description\" content=\"Kalendris on m\u00e4rgitud meie\u00a0puhkep\u00e4evad. &nbsp; &nbsp; Teadmiseks ka Eesti riigip\u00fchad, mis on meile t\u00f6\u00f6vabad p\u00e4evad: 1. jaanuar &#8211; uusaasta 24. veebruar &#8211; Eesti iseseisvusp\u00e4ev liikuv p\u00fcha &#8211; suur reede 1. mai &#8211; kevadp\u00fcha 23. juuni &#8211; v\u00f5idup\u00fcha 24. juuni &#8211; jaanip\u00e4ev 20. august &#8211; taasiseseisvumisp\u00e4ev 24. detsember &#8211; j\u00f5ululaup\u00e4ev 25. detsember &#8211; esimene j\u00f5ulup\u00fcha 26. &hellip;\" \/>\n<meta property=\"og:url\" content=\"https:\/\/www.brandner.ee\/et\/ettevottest\/tookalender\/\" \/>\n<meta property=\"og:site_name\" content=\"Brandner\" \/>\n<meta property=\"article:modified_time\" content=\"2019-01-11T12:10:14+00:00\" \/>\n<meta name=\"twitter:card\" content=\"summary_large_image\" \/>\n<script type=\"application\/ld+json\" class=\"yoast-schema-graph\">{\"@context\":\"https:\/\/schema.org\",\"@graph\":[{\"@type\":\"WebPage\",\"@id\":\"https:\/\/www.brandner.ee\/et\/ettevottest\/tookalender\/\",\"url\":\"https:\/\/www.brandner.ee\/et\/ettevottest\/tookalender\/\",\"name\":\"T\u00f6\u00f6kalender - Brandner\",\"isPartOf\":{\"@id\":\"https:\/\/www.brandner.ee\/#website\"},\"datePublished\":\"2017-08-16T12:46:48+00:00\",\"dateModified\":\"2019-01-11T12:10:14+00:00\",\"breadcrumb\":{\"@id\":\"https:\/\/www.brandner.ee\/et\/ettevottest\/tookalender\/#breadcrumb\"},\"inLanguage\":\"et\",\"potentialAction\":[{\"@type\":\"ReadAction\",\"target\":[\"https:\/\/www.brandner.ee\/et\/ettevottest\/tookalender\/\"]}]},{\"@type\":\"BreadcrumbList\",\"@id\":\"https:\/\/www.brandner.ee\/et\/ettevottest\/tookalender\/#breadcrumb\",\"itemListElement\":[{\"@type\":\"ListItem\",\"position\":1,\"name\":\"Home\",\"item\":\"https:\/\/www.brandner.ee\/et\/\"},{\"@type\":\"ListItem\",\"position\":2,\"name\":\"Ettev\u00f5ttest\",\"item\":\"https:\/\/www.brandner.ee\/et\/ettevottest\/\"},{\"@type\":\"ListItem\",\"position\":3,\"name\":\"T\u00f6\u00f6kalender\"}]},{\"@type\":\"WebSite\",\"@id\":\"https:\/\/www.brandner.ee\/#website\",\"url\":\"https:\/\/www.brandner.ee\/\",\"name\":\"Brandner\",\"description\":\"PCB manufacturing\",\"potentialAction\":[{\"@type\":\"SearchAction\",\"target\":{\"@type\":\"EntryPoint\",\"urlTemplate\":\"https:\/\/www.brandner.ee\/?s={search_term_string}\"},\"query-input\":\"required name=search_term_string\"}],\"inLanguage\":\"et\"}]}<\/script>\n<!-- \/ Yoast SEO plugin. -->","yoast_head_json":{"title":"T\u00f6\u00f6kalender - Brandner","robots":{"index":"index","follow":"follow","max-snippet":"max-snippet:-1","max-image-preview":"max-image-preview:large","max-video-preview":"max-video-preview:-1"},"canonical":"https:\/\/www.brandner.ee\/et\/ettevottest\/tookalender\/","og_locale":"et_EE","og_type":"article","og_title":"T\u00f6\u00f6kalender - Brandner","og_description":"Kalendris on m\u00e4rgitud meie\u00a0puhkep\u00e4evad. &nbsp; &nbsp; Teadmiseks ka Eesti riigip\u00fchad, mis on meile t\u00f6\u00f6vabad p\u00e4evad: 1. jaanuar &#8211; uusaasta 24. veebruar &#8211; Eesti iseseisvusp\u00e4ev liikuv p\u00fcha &#8211; suur reede 1. mai &#8211; kevadp\u00fcha 23. juuni &#8211; v\u00f5idup\u00fcha 24. juuni &#8211; jaanip\u00e4ev 20. august &#8211; taasiseseisvumisp\u00e4ev 24. detsember &#8211; j\u00f5ululaup\u00e4ev 25. detsember &#8211; esimene j\u00f5ulup\u00fcha 26. &hellip;","og_url":"https:\/\/www.brandner.ee\/et\/ettevottest\/tookalender\/","og_site_name":"Brandner","article_modified_time":"2019-01-11T12:10:14+00:00","twitter_card":"summary_large_image","schema":{"@context":"https:\/\/schema.org","@graph":[{"@type":"WebPage","@id":"https:\/\/www.brandner.ee\/et\/ettevottest\/tookalender\/","url":"https:\/\/www.brandner.ee\/et\/ettevottest\/tookalender\/","name":"T\u00f6\u00f6kalender - Brandner","isPartOf":{"@id":"https:\/\/www.brandner.ee\/#website"},"datePublished":"2017-08-16T12:46:48+00:00","dateModified":"2019-01-11T12:10:14+00:00","breadcrumb":{"@id":"https:\/\/www.brandner.ee\/et\/ettevottest\/tookalender\/#breadcrumb"},"inLanguage":"et","potentialAction":[{"@type":"ReadAction","target":["https:\/\/www.brandner.ee\/et\/ettevottest\/tookalender\/"]}]},{"@type":"BreadcrumbList","@id":"https:\/\/www.brandner.ee\/et\/ettevottest\/tookalender\/#breadcrumb","itemListElement":[{"@type":"ListItem","position":1,"name":"Home","item":"https:\/\/www.brandner.ee\/et\/"},{"@type":"ListItem","position":2,"name":"Ettev\u00f5ttest","item":"https:\/\/www.brandner.ee\/et\/ettevottest\/"},{"@type":"ListItem","position":3,"name":"T\u00f6\u00f6kalender"}]},{"@type":"WebSite","@id":"https:\/\/www.brandner.ee\/#website","url":"https:\/\/www.brandner.ee\/","name":"Brandner","description":"PCB manufacturing","potentialAction":[{"@type":"SearchAction","target":{"@type":"EntryPoint","urlTemplate":"https:\/\/www.brandner.ee\/?s={search_term_string}"},"query-input":"required name=search_term_string"}],"inLanguage":"et"}]}},"_links":{"self":[{"href":"https:\/\/www.brandner.ee\/et\/wp-json\/wp\/v2\/pages\/707"}],"collection":[{"href":"https:\/\/www.brandner.ee\/et\/wp-json\/wp\/v2\/pages"}],"about":[{"href":"https:\/\/www.brandner.ee\/et\/wp-json\/wp\/v2\/types\/page"}],"author":[{"embeddable":true,"href":"https:\/\/www.brandner.ee\/et\/wp-json\/wp\/v2\/users\/31"}],"replies":[{"embeddable":true,"href":"https:\/\/www.brandner.ee\/et\/wp-json\/wp\/v2\/comments?post=707"}],"version-history":[{"count":8,"href":"https:\/\/www.brandner.ee\/et\/wp-json\/wp\/v2\/pages\/707\/revisions"}],"predecessor-version":[{"id":4409,"href":"https:\/\/www.brandner.ee\/et\/wp-json\/wp\/v2\/pages\/707\/revisions\/4409"}],"up":[{"embeddable":true,"href":"https:\/\/www.brandner.ee\/et\/wp-json\/wp\/v2\/pages\/694"}],"wp:attachment":[{"href":"https:\/\/www.brandner.ee\/et\/wp-json\/wp\/v2\/media?parent=707"}],"curies":[{"name":"wp","href":"https:\/\/api.w.org\/{rel}","templated":true}]}}