{"id":705,"date":"2017-08-16T15:44:44","date_gmt":"2017-08-16T12:44:44","guid":{"rendered":"http:\/\/www.brandner.ee\/?page_id=705\/"},"modified":"2025-10-31T13:53:38","modified_gmt":"2025-10-31T11:53:38","slug":"ajalugu","status":"publish","type":"page","link":"https:\/\/www.brandner.ee\/et\/ettevottest\/ajalugu\/","title":{"rendered":"Ajalugu"},"content":{"rendered":"<p>Eellugu:<\/p>\n<p><strong>1995<\/strong>\u00a0aastal ostis saksa \u00e4rimees hr. Manfred Brandner Tallinnas Akadeemia teel asunud tr\u00fckkplaatide valmistus\u00fcksuse ja asutas AS-i Brandner PCB eesm\u00e4rgiga valmistada tr\u00fckkplaate Manfred Brandneri elektroonikafirmale ning Saksamaa turu jaoks. Kahjuks ei sujunud firma tegevus ootusp\u00e4raselt, tr\u00fckkplaatide valmistamise tehnoloogia on v\u00e4ga kapitalimahukas ja n\u00f5uab turul p\u00fcsimiseks pidevaid investeeringuid.<\/p>\n<p><strong>Brandner PCB O\u00dc alustas aastal 1997<\/strong>, kui oktoobrikuus asutati ettev\u00f5te.<\/p>\n<p><strong>1998<\/strong> &#8211; ostis Brandner PCB O\u00dc v\u00e4lja pankrotistunud saksa ettev\u00f5tja vara.<\/p>\n<p>Aastaks\u00a0<strong>2000<\/strong>\u00a0tasus O\u00dc Brandner PCB v\u00f5etud laenud, misj\u00e4rel saabus v\u00f5imalus alustada investeeringutega. V\u00e4lja vahetati kogu keemiliste liinide park, ehitati heitveepuhasti ja k\u00e4ivitati mitmekihiliste tr\u00fckkplaatide tootmine. Kvaliteedis\u00fcsteem sertifitseeriti ISO 9001-2000 j\u00e4rgi.<\/p>\n<p>Verstapostide j\u00e4rgi vaadatuna v\u00f5iks r\u00f5hutada j\u00e4rgmisi ajaj\u00e4rke:<br \/>\n<strong>1999<\/strong> &#8211; esimene elektriline test;<\/p>\n<p><strong>2000<\/strong> &#8211; esimene uus keemiline liin (s\u00f6\u00f6vitusliin), ISO sertifikaat;<\/p>\n<p><strong>2001<\/strong> &#8211; tootmispindade renoveerimine, uus galvaanika, uus heitveepuhasti;<\/p>\n<p><strong>2002<\/strong> &#8211; uus labor, esimesed kliendip\u00e4evad;<\/p>\n<p><strong>2003<\/strong> &#8211; t\u00f6\u00f6tajatele motivatsioonis\u00fcsteem, jootemaski ettevalmistuss\u00fcsteem;<\/p>\n<p><strong>2004<\/strong> &#8211; mitmekihiliste tr\u00fckkplaatide tehnoloogia, pliivaba pinnakatte &#8211; keemilise tina juurutamine;<\/p>\n<p><strong>2005<\/strong> &#8211; k\u00f5rge t\u00e4psusklassiga elektriline test, r\u00f6ntgenpuurimine;<br \/>\n<strong>2005<\/strong> &#8211; uue tehase kavandamine;<br \/>\n<strong>2005<\/strong> &#8211; pliid sisaldava kuumtina protsessi (Sn\/Pb 60\/40) vahetamine pliivaba kuumtina (tina\/vase\/nikli sulam) protsessi vastu: Lead- free HAL;<\/p>\n<p><strong>2006<\/strong> &#8211; lisaks freesile juurutatud V-l\u00f5ike meetod (V-cut, Scoring). K\u00fclg-k\u00fclje vastas asetsevate plaatide servad l\u00f5igatakse V- kujuliste terade abil kahepoolselt kuni 0.3 mm \u00fchenduskihini l\u00e4bi. V-l\u00f5ike tolerants p\u00e4rast plaatide lahtimurdmist +\/- 0.3mm. V\u00f5imalik ainult sirgjooneline l\u00f5ige, sirgjoonest v\u00e4ljuv kontuur tuleb siis eelnevalt freesida;<\/p>\n<p><strong>2007<\/strong> jaanuar\u00a0&#8211; uue tootmis- ja b\u00fcroohoone avamine Paides, Eestimaa s\u00fcdames;<br \/>\n<strong>2007<\/strong> &#8211; 10. jaanuaril\u00a0v\u00e4ljastati esimene toodang uuest tehasest;<\/p>\n<p><strong>2008<\/strong> &#8211; investeering uude puurmasinasse, mille tulemusel saavutame puurimisv\u00f5imsuseks<br \/>\n1 000 000 ava p\u00e4evas;<br \/>\n<strong>2008<\/strong> &#8211; 100\u00b5 l\u00e4bim\u00f5\u00f5duga pimeda ava (blind via) tehnoloogia k\u00e4ivitamine.<br \/>\nAva maksimaalne s\u00fcgavus 130\u00b5, minimaalne jootev\u00e4li 180\u00b5.<br \/>\nTehnoloogia on sobiv mitmekordsete pressits\u00fcklitega (sequential build up) mitmekihiliste tr\u00fckkplaatide tegemisel;<br \/>\n<strong>2008<\/strong> &#8211; uus CCD kaameratega varustatud jootemaski positsioneerimise seade, mille t\u00e4psus on \u00b115\u00b5;<br \/>\n<strong>2008<\/strong> &#8211; uus r\u00f6ntgen protsess, mis v\u00f5imaldab j\u00e4rjestikuse \u00fclesehituse tegemist (Sequential build up)<\/p>\n<p><strong>2009<\/strong> &#8211; madalate hindadega harrastuselektroonikapaketid HARREL-2 (1- ja 2-poolsed tr\u00fckkplaadid) ning HARREL-4 (4-kihilised tr\u00fckkplaadid);<br \/>\n<strong>2009<\/strong> &#8211; tehnoloogia arendamise tulemusel 260 \u00b5 jootev\u00e4ljad, mis on pimedate avade kaudu \u00fchenduses sisekihtidega. Ava l\u00e4bim\u00f5\u00f5t 100 \u00b5 ja s\u00fcgavus 150 \u00b5. Kuvasuhe 1:1.5;<br \/>\n<strong>2009<\/strong> &#8211; september\u00a0\u2013 100\u00b5 pimedate avadega HDI tr\u00fckkplaadid 24 tunniga;<br \/>\n<strong>2009<\/strong> &#8211; tarnekindluse tulemus 98.2%;<\/p>\n<p><strong>2010<\/strong> &#8211; uus, kaasaegne veebileht. Keemilise kuldamise protsessi ettevalmistamine.<\/p>\n<p><strong>2011<\/strong> &#8211; juurutatud keemiline kuldamine;<\/p>\n<p><strong>2012<\/strong> &#8211; mitmekihiliste plaatide positsioneerimise t\u00e4iustamine, n\u00fc\u00fcd on v\u00f5imalikud 24-kihilised plaadid;<br \/>\n<strong>2012 <\/strong>&#8211; alumiiniumalusel plaatide tootmise alustamine;<\/p>\n<p><strong>2013<\/strong> &#8211; automaatne optiline test;<br \/>\n<strong>2013<\/strong> &#8211; protoplaatide veebipood;<\/p>\n<p><strong>2014\u00a0<\/strong>&#8211; lainetakistuse m\u00f5\u00f5tmine;<br \/>\n<strong>2014 <\/strong>&#8211; messil &#8216;Electronica 2014&#8217; tunnustati Brandner PCB O\u00dc-d \u00fchena parimatest eksportivatest ettev\u00f5tetest Eestis.<\/p>\n<p><strong>2015\u00a0<\/strong>&#8211; pimedate s\u00fcvendite freesimine;<\/p>\n<p><strong>01.06.2016<\/strong> &#8211; vastupuurimise rakendamine.<\/p>\n<p><strong>19.01.2017<\/strong> &#8211; t\u00f6\u00f6d alustas uus, varasemast oluliselt v\u00f5imsam plotter, mille tulemusel on v\u00f5imalik samaaegselt tootmiseks ette valmistada senisest tunduvalt enam t\u00f6id. See v\u00f5imaldab meil paindlikumalt k\u00e4sitleda kiirtellimusi ja v\u00f5imaldab oluliselt l\u00fchendada aega tellimuse saabumisest toote v\u00e4ljastamiseni.<\/p>\n<p><strong>Mai 2017<\/strong>\u00a0&#8211; investeerimine j\u00e4tkub &#8211; saabumas on uus laminaatorseade.<\/p>\n<p><strong>10.07.2017<\/strong>\u00a0&#8211; investeerimine j\u00e4tkub &#8211; v\u00f5tsime kasutusele uue laminaatori.<\/p>\n<p><strong>15.10.2017 <\/strong>&#8211; t\u00e4itus Brandner PCB <strong>20<\/strong>. juubeliaasta.<\/p>\n<p><strong>8.12.2017 <\/strong>&#8211; t\u00e4nap\u00e4evane koduleht\/veebipood <a href=\"https:\/\/www.brandner.ee\/et\/\" target=\"_blank\" rel=\"noopener\">https:\/\/www.brandner.ee\/et\/<\/a><\/p>\n<p><strong>02.01.2018<\/strong> &#8211;<strong> 10<\/strong> aastat uue tootmishoone valmimisest.<\/p>\n<p><strong>03.02.2018<\/strong> &#8211; Saabus uus puurmasin. Endise 13 000 ava asemel 20 000 ava tunnis!<\/p>\n<p><strong>29.03.2018 <\/strong>&#8211; Lisaks endistele alustas t\u00f6\u00f6d uus v\u00f5imsam testmasin.<\/p>\n<p><strong>06.09.2018<\/strong> &#8211; S\u00f6\u00f6vitusliin<\/p>\n<p><strong>18.02.2019 &#8211;<\/strong> EV03 Frees ja puurmasin.<\/p>\n<p><strong>18.02.2019<\/strong> &#8211; EV04 Frees ja puurmasin.<\/p>\n<p><strong>22.02.2019 <\/strong>&#8211; Optiline test sisekihtide kontrollimiseks.<\/p>\n<p><strong>02.2020<\/strong> &#8211; Siiditr\u00fcki masin maskiv\u00e4rvi peale kandmiseks.<span style=\"color: #ff0000;\"><br \/>\n<\/span><br \/>\n<strong>10.08.2020<\/strong> &#8211; Sisekihtide laminaators.<\/p>\n<p><strong>26.10.2020 &#8211;<\/strong> Oks\u00fcdeerimine, sisekihtide ettevalmistus pressimiseks.<\/p>\n<p><strong>27.10.2020 <\/strong>&#8211; Sisekihtide ettevalmstus lamineerimiseks.<\/p>\n<p><strong>21.12.2020 &#8211;<\/strong> Resisti ilmutusliin.<\/p>\n<p><strong>01.2021 &#8211;<\/strong> Automaatkopeerimine.<\/p>\n<p><strong>09.09.2021 &#8211;<\/strong> Uus demineraliseeritud vee kolonn.<\/p>\n<p><strong>15.12.2021 &#8211; <\/strong>Resisti strippamisliin.<\/p>\n<p><strong>16.12.2021<\/strong> &#8211; EV05 Frees ja puurmasin.<\/p>\n<p><strong>19.07.2022<\/strong> &#8211; R\u00f6ntgen puuritud toorikute vaatamiseks\/ x-ray to check<\/p>\n<p><strong>August 2025<\/strong> &#8211; Alustas t\u00f6\u00f6d Brandner Electronics O\u00dc<\/p>\n","protected":false},"excerpt":{"rendered":"<p>Eellugu: 1995\u00a0aastal ostis saksa \u00e4rimees hr. Manfred Brandner Tallinnas Akadeemia teel asunud tr\u00fckkplaatide valmistus\u00fcksuse ja asutas AS-i Brandner PCB eesm\u00e4rgiga valmistada tr\u00fckkplaate Manfred Brandneri elektroonikafirmale ning Saksamaa turu jaoks. Kahjuks ei sujunud firma tegevus ootusp\u00e4raselt, tr\u00fckkplaatide valmistamise tehnoloogia on v\u00e4ga kapitalimahukas ja n\u00f5uab turul p\u00fcsimiseks pidevaid investeeringuid. Brandner PCB O\u00dc alustas aastal 1997, kui oktoobrikuus &hellip;<\/p>\n","protected":false},"author":31,"featured_media":0,"parent":694,"menu_order":30,"comment_status":"closed","ping_status":"closed","template":"template_about-us.php","meta":{"footnotes":""},"yoast_head":"<!-- This site is optimized with the Yoast SEO plugin v21.5 - https:\/\/yoast.com\/wordpress\/plugins\/seo\/ -->\n<title>Ajalugu - Brandner<\/title>\n<meta name=\"robots\" content=\"index, follow, max-snippet:-1, max-image-preview:large, max-video-preview:-1\" \/>\n<link rel=\"canonical\" href=\"https:\/\/www.brandner.ee\/et\/ettevottest\/ajalugu\/\" \/>\n<meta property=\"og:locale\" content=\"et_EE\" \/>\n<meta property=\"og:type\" content=\"article\" \/>\n<meta property=\"og:title\" content=\"Ajalugu - Brandner\" \/>\n<meta property=\"og:description\" content=\"Eellugu: 1995\u00a0aastal ostis saksa \u00e4rimees hr. Manfred Brandner Tallinnas Akadeemia teel asunud tr\u00fckkplaatide valmistus\u00fcksuse ja asutas AS-i Brandner PCB eesm\u00e4rgiga valmistada tr\u00fckkplaate Manfred Brandneri elektroonikafirmale ning Saksamaa turu jaoks. Kahjuks ei sujunud firma tegevus ootusp\u00e4raselt, tr\u00fckkplaatide valmistamise tehnoloogia on v\u00e4ga kapitalimahukas ja n\u00f5uab turul p\u00fcsimiseks pidevaid investeeringuid. Brandner PCB O\u00dc alustas aastal 1997, kui oktoobrikuus &hellip;\" \/>\n<meta property=\"og:url\" content=\"https:\/\/www.brandner.ee\/et\/ettevottest\/ajalugu\/\" \/>\n<meta property=\"og:site_name\" content=\"Brandner\" \/>\n<meta property=\"article:modified_time\" content=\"2025-10-31T11:53:38+00:00\" \/>\n<meta name=\"twitter:card\" content=\"summary_large_image\" \/>\n<meta name=\"twitter:label1\" content=\"Est. reading time\" \/>\n\t<meta name=\"twitter:data1\" content=\"4 minutit\" \/>\n<script type=\"application\/ld+json\" class=\"yoast-schema-graph\">{\"@context\":\"https:\/\/schema.org\",\"@graph\":[{\"@type\":\"WebPage\",\"@id\":\"https:\/\/www.brandner.ee\/et\/ettevottest\/ajalugu\/\",\"url\":\"https:\/\/www.brandner.ee\/et\/ettevottest\/ajalugu\/\",\"name\":\"Ajalugu - Brandner\",\"isPartOf\":{\"@id\":\"https:\/\/www.brandner.ee\/#website\"},\"datePublished\":\"2017-08-16T12:44:44+00:00\",\"dateModified\":\"2025-10-31T11:53:38+00:00\",\"breadcrumb\":{\"@id\":\"https:\/\/www.brandner.ee\/et\/ettevottest\/ajalugu\/#breadcrumb\"},\"inLanguage\":\"et\",\"potentialAction\":[{\"@type\":\"ReadAction\",\"target\":[\"https:\/\/www.brandner.ee\/et\/ettevottest\/ajalugu\/\"]}]},{\"@type\":\"BreadcrumbList\",\"@id\":\"https:\/\/www.brandner.ee\/et\/ettevottest\/ajalugu\/#breadcrumb\",\"itemListElement\":[{\"@type\":\"ListItem\",\"position\":1,\"name\":\"Home\",\"item\":\"https:\/\/www.brandner.ee\/et\/\"},{\"@type\":\"ListItem\",\"position\":2,\"name\":\"Ettev\u00f5ttest\",\"item\":\"https:\/\/www.brandner.ee\/et\/ettevottest\/\"},{\"@type\":\"ListItem\",\"position\":3,\"name\":\"Ajalugu\"}]},{\"@type\":\"WebSite\",\"@id\":\"https:\/\/www.brandner.ee\/#website\",\"url\":\"https:\/\/www.brandner.ee\/\",\"name\":\"Brandner\",\"description\":\"PCB manufacturing\",\"potentialAction\":[{\"@type\":\"SearchAction\",\"target\":{\"@type\":\"EntryPoint\",\"urlTemplate\":\"https:\/\/www.brandner.ee\/?s={search_term_string}\"},\"query-input\":\"required name=search_term_string\"}],\"inLanguage\":\"et\"}]}<\/script>\n<!-- \/ Yoast SEO plugin. -->","yoast_head_json":{"title":"Ajalugu - Brandner","robots":{"index":"index","follow":"follow","max-snippet":"max-snippet:-1","max-image-preview":"max-image-preview:large","max-video-preview":"max-video-preview:-1"},"canonical":"https:\/\/www.brandner.ee\/et\/ettevottest\/ajalugu\/","og_locale":"et_EE","og_type":"article","og_title":"Ajalugu - Brandner","og_description":"Eellugu: 1995\u00a0aastal ostis saksa \u00e4rimees hr. Manfred Brandner Tallinnas Akadeemia teel asunud tr\u00fckkplaatide valmistus\u00fcksuse ja asutas AS-i Brandner PCB eesm\u00e4rgiga valmistada tr\u00fckkplaate Manfred Brandneri elektroonikafirmale ning Saksamaa turu jaoks. Kahjuks ei sujunud firma tegevus ootusp\u00e4raselt, tr\u00fckkplaatide valmistamise tehnoloogia on v\u00e4ga kapitalimahukas ja n\u00f5uab turul p\u00fcsimiseks pidevaid investeeringuid. Brandner PCB O\u00dc alustas aastal 1997, kui oktoobrikuus &hellip;","og_url":"https:\/\/www.brandner.ee\/et\/ettevottest\/ajalugu\/","og_site_name":"Brandner","article_modified_time":"2025-10-31T11:53:38+00:00","twitter_card":"summary_large_image","twitter_misc":{"Est. reading time":"4 minutit"},"schema":{"@context":"https:\/\/schema.org","@graph":[{"@type":"WebPage","@id":"https:\/\/www.brandner.ee\/et\/ettevottest\/ajalugu\/","url":"https:\/\/www.brandner.ee\/et\/ettevottest\/ajalugu\/","name":"Ajalugu - Brandner","isPartOf":{"@id":"https:\/\/www.brandner.ee\/#website"},"datePublished":"2017-08-16T12:44:44+00:00","dateModified":"2025-10-31T11:53:38+00:00","breadcrumb":{"@id":"https:\/\/www.brandner.ee\/et\/ettevottest\/ajalugu\/#breadcrumb"},"inLanguage":"et","potentialAction":[{"@type":"ReadAction","target":["https:\/\/www.brandner.ee\/et\/ettevottest\/ajalugu\/"]}]},{"@type":"BreadcrumbList","@id":"https:\/\/www.brandner.ee\/et\/ettevottest\/ajalugu\/#breadcrumb","itemListElement":[{"@type":"ListItem","position":1,"name":"Home","item":"https:\/\/www.brandner.ee\/et\/"},{"@type":"ListItem","position":2,"name":"Ettev\u00f5ttest","item":"https:\/\/www.brandner.ee\/et\/ettevottest\/"},{"@type":"ListItem","position":3,"name":"Ajalugu"}]},{"@type":"WebSite","@id":"https:\/\/www.brandner.ee\/#website","url":"https:\/\/www.brandner.ee\/","name":"Brandner","description":"PCB manufacturing","potentialAction":[{"@type":"SearchAction","target":{"@type":"EntryPoint","urlTemplate":"https:\/\/www.brandner.ee\/?s={search_term_string}"},"query-input":"required name=search_term_string"}],"inLanguage":"et"}]}},"_links":{"self":[{"href":"https:\/\/www.brandner.ee\/et\/wp-json\/wp\/v2\/pages\/705"}],"collection":[{"href":"https:\/\/www.brandner.ee\/et\/wp-json\/wp\/v2\/pages"}],"about":[{"href":"https:\/\/www.brandner.ee\/et\/wp-json\/wp\/v2\/types\/page"}],"author":[{"embeddable":true,"href":"https:\/\/www.brandner.ee\/et\/wp-json\/wp\/v2\/users\/31"}],"replies":[{"embeddable":true,"href":"https:\/\/www.brandner.ee\/et\/wp-json\/wp\/v2\/comments?post=705"}],"version-history":[{"count":14,"href":"https:\/\/www.brandner.ee\/et\/wp-json\/wp\/v2\/pages\/705\/revisions"}],"predecessor-version":[{"id":12888,"href":"https:\/\/www.brandner.ee\/et\/wp-json\/wp\/v2\/pages\/705\/revisions\/12888"}],"up":[{"embeddable":true,"href":"https:\/\/www.brandner.ee\/et\/wp-json\/wp\/v2\/pages\/694"}],"wp:attachment":[{"href":"https:\/\/www.brandner.ee\/et\/wp-json\/wp\/v2\/media?parent=705"}],"curies":[{"name":"wp","href":"https:\/\/api.w.org\/{rel}","templated":true}]}}