{"id":702,"date":"2017-08-16T15:40:20","date_gmt":"2017-08-16T12:40:20","guid":{"rendered":"http:\/\/www.brandner.ee\/?page_id=702\/"},"modified":"2025-11-03T14:26:37","modified_gmt":"2025-11-03T12:26:37","slug":"uldinfo","status":"publish","type":"page","link":"https:\/\/www.brandner.ee\/et\/ettevottest\/uldinfo\/","title":{"rendered":"\u00dcldinfo"},"content":{"rendered":"<table class=\"data-table\" style=\"height: 556px;\" width=\"924\" cellspacing=\"0\">\n<tbody>\n<tr>\n<td>Ettev\u00f5tte nimi<\/td>\n<td>BRANDNER ELECTRONICS O\u00dc<\/td>\n<\/tr>\n<tr>\n<td>Tegevusala<\/td>\n<td>\u00dclikiire tr\u00fckkplaatide tootmine ning kohalesaatmine proto-ja<br \/>\nv\u00e4ikeseeriatena<\/td>\n<\/tr>\n<tr>\n<td>Registrikood<\/td>\n<td>17117350<\/td>\n<\/tr>\n<tr>\n<td>VAT<\/td>\n<td>EE102812264<\/td>\n<\/tr>\n<tr>\n<td>Aadress<\/td>\n<td>T\u00f6\u00f6stuse 17, 72720, Paide<\/td>\n<\/tr>\n<tr>\n<td>Telefon<\/td>\n<td>+372 384 6320<\/td>\n<\/tr>\n<tr>\n<td><\/td>\n<td><\/td>\n<\/tr>\n<tr>\n<td>E-post<\/td>\n<td><a href=\"mailto:sales@brandner.ee\">sales@brandner.ee<\/a><\/td>\n<\/tr>\n<tr>\n<td>T\u00f6\u00f6aeg<\/td>\n<td>E-R 8.00-16.30<\/td>\n<\/tr>\n<tr>\n<td>Asutatud<\/td>\n<td>1997<\/td>\n<\/tr>\n<tr>\n<td>Tootmispind<\/td>\n<td>3000m\u00b2<\/td>\n<\/tr>\n<tr>\n<td>T\u00f6\u00f6tajate arv<\/td>\n<td>30<\/td>\n<\/tr>\n<tr>\n<td>Omandus<\/td>\n<td>mitu omanikku<\/td>\n<\/tr>\n<tr>\n<td>Sihtturud<\/td>\n<td>K\u00f5ik turud, kuhu tarneaeg ei \u00fcleta 24h<\/td>\n<\/tr>\n<tr>\n<td>K\u00e4ive<\/td>\n<td>3\u00a0 000 000 EUR\/aastas<\/td>\n<\/tr>\n<tr>\n<td>Tootmisv\u00f5imsus<\/td>\n<td>2000m\u00b2\/aastas<\/td>\n<\/tr>\n<tr>\n<td>Kvaliteedi standard<\/td>\n<td>ISO9001-2015 sertifitseeritud<\/td>\n<\/tr>\n<tr>\n<td>UL aksepteering<\/td>\n<td>File No E177379<\/td>\n<\/tr>\n<tr>\n<td>Tarnetingimused<\/td>\n<td><a href=\"https:\/\/www.brandner.ee\/wp-content\/uploads\/2025\/07\/Tarnetingimused_yldinfo.pdf\">Brandner Electronics O\u00dc Tarnetingimused<\/a><\/td>\n<\/tr>\n<\/tbody>\n<\/table>\n","protected":false},"excerpt":{"rendered":"<p>Ettev\u00f5tte nimi BRANDNER ELECTRONICS O\u00dc Tegevusala \u00dclikiire tr\u00fckkplaatide tootmine ning kohalesaatmine proto-ja v\u00e4ikeseeriatena Registrikood 17117350 VAT EE102812264 Aadress T\u00f6\u00f6stuse 17, 72720, Paide Telefon +372 384 6320 E-post sales@brandner.ee T\u00f6\u00f6aeg E-R 8.00-16.30 Asutatud 1997 Tootmispind 3000m\u00b2 T\u00f6\u00f6tajate arv 30 Omandus mitu omanikku Sihtturud K\u00f5ik turud, kuhu tarneaeg ei \u00fcleta 24h K\u00e4ive 3\u00a0 000 000 EUR\/aastas Tootmisv\u00f5imsus &hellip;<\/p>\n","protected":false},"author":31,"featured_media":0,"parent":694,"menu_order":20,"comment_status":"closed","ping_status":"closed","template":"template_about-us.php","meta":{"footnotes":""},"yoast_head":"<!-- This site is optimized with the Yoast SEO plugin v21.5 - https:\/\/yoast.com\/wordpress\/plugins\/seo\/ -->\n<title>\u00dcldinfo - Brandner<\/title>\n<meta name=\"robots\" content=\"index, follow, max-snippet:-1, max-image-preview:large, max-video-preview:-1\" \/>\n<link rel=\"canonical\" href=\"https:\/\/www.brandner.ee\/et\/ettevottest\/uldinfo\/\" \/>\n<meta property=\"og:locale\" content=\"et_EE\" \/>\n<meta property=\"og:type\" content=\"article\" \/>\n<meta property=\"og:title\" content=\"\u00dcldinfo - Brandner\" \/>\n<meta property=\"og:description\" content=\"Ettev\u00f5tte nimi BRANDNER ELECTRONICS O\u00dc Tegevusala \u00dclikiire tr\u00fckkplaatide tootmine ning kohalesaatmine proto-ja v\u00e4ikeseeriatena Registrikood 17117350 VAT EE102812264 Aadress T\u00f6\u00f6stuse 17, 72720, Paide Telefon +372 384 6320 E-post sales@brandner.ee T\u00f6\u00f6aeg E-R 8.00-16.30 Asutatud 1997 Tootmispind 3000m\u00b2 T\u00f6\u00f6tajate arv 30 Omandus mitu omanikku Sihtturud K\u00f5ik turud, kuhu tarneaeg ei \u00fcleta 24h K\u00e4ive 3\u00a0 000 000 EUR\/aastas Tootmisv\u00f5imsus &hellip;\" \/>\n<meta property=\"og:url\" content=\"https:\/\/www.brandner.ee\/et\/ettevottest\/uldinfo\/\" \/>\n<meta property=\"og:site_name\" content=\"Brandner\" \/>\n<meta property=\"article:modified_time\" content=\"2025-11-03T12:26:37+00:00\" \/>\n<meta name=\"twitter:card\" content=\"summary_large_image\" \/>\n<meta name=\"twitter:label1\" content=\"Est. reading time\" \/>\n\t<meta name=\"twitter:data1\" content=\"1 minut\" \/>\n<script type=\"application\/ld+json\" class=\"yoast-schema-graph\">{\"@context\":\"https:\/\/schema.org\",\"@graph\":[{\"@type\":\"WebPage\",\"@id\":\"https:\/\/www.brandner.ee\/et\/ettevottest\/uldinfo\/\",\"url\":\"https:\/\/www.brandner.ee\/et\/ettevottest\/uldinfo\/\",\"name\":\"\u00dcldinfo - Brandner\",\"isPartOf\":{\"@id\":\"https:\/\/www.brandner.ee\/#website\"},\"datePublished\":\"2017-08-16T12:40:20+00:00\",\"dateModified\":\"2025-11-03T12:26:37+00:00\",\"breadcrumb\":{\"@id\":\"https:\/\/www.brandner.ee\/et\/ettevottest\/uldinfo\/#breadcrumb\"},\"inLanguage\":\"et\",\"potentialAction\":[{\"@type\":\"ReadAction\",\"target\":[\"https:\/\/www.brandner.ee\/et\/ettevottest\/uldinfo\/\"]}]},{\"@type\":\"BreadcrumbList\",\"@id\":\"https:\/\/www.brandner.ee\/et\/ettevottest\/uldinfo\/#breadcrumb\",\"itemListElement\":[{\"@type\":\"ListItem\",\"position\":1,\"name\":\"Home\",\"item\":\"https:\/\/www.brandner.ee\/et\/\"},{\"@type\":\"ListItem\",\"position\":2,\"name\":\"Ettev\u00f5ttest\",\"item\":\"https:\/\/www.brandner.ee\/et\/ettevottest\/\"},{\"@type\":\"ListItem\",\"position\":3,\"name\":\"\u00dcldinfo\"}]},{\"@type\":\"WebSite\",\"@id\":\"https:\/\/www.brandner.ee\/#website\",\"url\":\"https:\/\/www.brandner.ee\/\",\"name\":\"Brandner\",\"description\":\"PCB manufacturing\",\"potentialAction\":[{\"@type\":\"SearchAction\",\"target\":{\"@type\":\"EntryPoint\",\"urlTemplate\":\"https:\/\/www.brandner.ee\/?s={search_term_string}\"},\"query-input\":\"required name=search_term_string\"}],\"inLanguage\":\"et\"}]}<\/script>\n<!-- \/ Yoast SEO plugin. -->","yoast_head_json":{"title":"\u00dcldinfo - Brandner","robots":{"index":"index","follow":"follow","max-snippet":"max-snippet:-1","max-image-preview":"max-image-preview:large","max-video-preview":"max-video-preview:-1"},"canonical":"https:\/\/www.brandner.ee\/et\/ettevottest\/uldinfo\/","og_locale":"et_EE","og_type":"article","og_title":"\u00dcldinfo - Brandner","og_description":"Ettev\u00f5tte nimi BRANDNER ELECTRONICS O\u00dc Tegevusala \u00dclikiire tr\u00fckkplaatide tootmine ning kohalesaatmine proto-ja v\u00e4ikeseeriatena Registrikood 17117350 VAT EE102812264 Aadress T\u00f6\u00f6stuse 17, 72720, Paide Telefon +372 384 6320 E-post sales@brandner.ee T\u00f6\u00f6aeg E-R 8.00-16.30 Asutatud 1997 Tootmispind 3000m\u00b2 T\u00f6\u00f6tajate arv 30 Omandus mitu omanikku Sihtturud K\u00f5ik turud, kuhu tarneaeg ei \u00fcleta 24h K\u00e4ive 3\u00a0 000 000 EUR\/aastas Tootmisv\u00f5imsus &hellip;","og_url":"https:\/\/www.brandner.ee\/et\/ettevottest\/uldinfo\/","og_site_name":"Brandner","article_modified_time":"2025-11-03T12:26:37+00:00","twitter_card":"summary_large_image","twitter_misc":{"Est. reading time":"1 minut"},"schema":{"@context":"https:\/\/schema.org","@graph":[{"@type":"WebPage","@id":"https:\/\/www.brandner.ee\/et\/ettevottest\/uldinfo\/","url":"https:\/\/www.brandner.ee\/et\/ettevottest\/uldinfo\/","name":"\u00dcldinfo - Brandner","isPartOf":{"@id":"https:\/\/www.brandner.ee\/#website"},"datePublished":"2017-08-16T12:40:20+00:00","dateModified":"2025-11-03T12:26:37+00:00","breadcrumb":{"@id":"https:\/\/www.brandner.ee\/et\/ettevottest\/uldinfo\/#breadcrumb"},"inLanguage":"et","potentialAction":[{"@type":"ReadAction","target":["https:\/\/www.brandner.ee\/et\/ettevottest\/uldinfo\/"]}]},{"@type":"BreadcrumbList","@id":"https:\/\/www.brandner.ee\/et\/ettevottest\/uldinfo\/#breadcrumb","itemListElement":[{"@type":"ListItem","position":1,"name":"Home","item":"https:\/\/www.brandner.ee\/et\/"},{"@type":"ListItem","position":2,"name":"Ettev\u00f5ttest","item":"https:\/\/www.brandner.ee\/et\/ettevottest\/"},{"@type":"ListItem","position":3,"name":"\u00dcldinfo"}]},{"@type":"WebSite","@id":"https:\/\/www.brandner.ee\/#website","url":"https:\/\/www.brandner.ee\/","name":"Brandner","description":"PCB manufacturing","potentialAction":[{"@type":"SearchAction","target":{"@type":"EntryPoint","urlTemplate":"https:\/\/www.brandner.ee\/?s={search_term_string}"},"query-input":"required name=search_term_string"}],"inLanguage":"et"}]}},"_links":{"self":[{"href":"https:\/\/www.brandner.ee\/et\/wp-json\/wp\/v2\/pages\/702"}],"collection":[{"href":"https:\/\/www.brandner.ee\/et\/wp-json\/wp\/v2\/pages"}],"about":[{"href":"https:\/\/www.brandner.ee\/et\/wp-json\/wp\/v2\/types\/page"}],"author":[{"embeddable":true,"href":"https:\/\/www.brandner.ee\/et\/wp-json\/wp\/v2\/users\/31"}],"replies":[{"embeddable":true,"href":"https:\/\/www.brandner.ee\/et\/wp-json\/wp\/v2\/comments?post=702"}],"version-history":[{"count":27,"href":"https:\/\/www.brandner.ee\/et\/wp-json\/wp\/v2\/pages\/702\/revisions"}],"predecessor-version":[{"id":12905,"href":"https:\/\/www.brandner.ee\/et\/wp-json\/wp\/v2\/pages\/702\/revisions\/12905"}],"up":[{"embeddable":true,"href":"https:\/\/www.brandner.ee\/et\/wp-json\/wp\/v2\/pages\/694"}],"wp:attachment":[{"href":"https:\/\/www.brandner.ee\/et\/wp-json\/wp\/v2\/media?parent=702"}],"curies":[{"name":"wp","href":"https:\/\/api.w.org\/{rel}","templated":true}]}}