{"id":700,"date":"2017-08-16T15:37:46","date_gmt":"2017-08-16T12:37:46","guid":{"rendered":"http:\/\/www.brandner.ee\/?page_id=700\/"},"modified":"2019-01-11T14:10:00","modified_gmt":"2019-01-11T12:10:00","slug":"vaartused","status":"publish","type":"page","link":"https:\/\/www.brandner.ee\/et\/ettevottest\/vaartused\/","title":{"rendered":"V\u00e4\u00e4rtused"},"content":{"rendered":"<p>&#8211;\u00a0<strong>USALDUS<\/strong><\/p>\n<p><strong>&#8211; KIIRUS + KONKURENTSIV\u00d5IMELINE HIND<\/strong><\/p>\n<p><strong>&#8211; PAINDLIKKUS<\/strong><\/p>\n<p><strong>&#8211; KOGEMUSED<\/strong><\/p>\n<p><strong>&#8211; KVALITEET &#8211;\u00a0\u00a0<\/strong>VAID PARIM ON MEILE PIISAV<\/p>\n<p><strong>&#8211; INNOVATIIVSUS + PIDEV ENESET\u00c4IENDUS<\/strong><\/p>\n<p><strong>&#8211; PERSONAL &#8211;\u00a0\u00a0<\/strong>TUGEVA MOTIVATSIOONI- JA V\u00c4LJA\u00d5PPEGA<\/p>\n<p><strong>&#8211; KESKKONNAS\u00d5BRALIKKUS<\/strong><\/p>\n<p><img loading=\"lazy\" decoding=\"async\" class=\"alignnone size-medium wp-image-1852\" src=\"https:\/\/www.brandner.ee\/wp-content\/uploads\/2017\/08\/personaalteenindus-300x300.jpg\" sizes=\"(max-width: 300px) 100vw, 300px\" srcset=\"https:\/\/www.brandner.ee\/wp-content\/uploads\/2017\/08\/personaalteenindus-300x300.jpg 300w, https:\/\/www.brandner.ee\/wp-content\/uploads\/2017\/08\/personaalteenindus-150x150.jpg 150w, https:\/\/www.brandner.ee\/wp-content\/uploads\/2017\/08\/personaalteenindus-768x768.jpg 768w, https:\/\/www.brandner.ee\/wp-content\/uploads\/2017\/08\/personaalteenindus-1024x1024.jpg 1024w, https:\/\/www.brandner.ee\/wp-content\/uploads\/2017\/08\/personaalteenindus-180x180.jpg 180w, https:\/\/www.brandner.ee\/wp-content\/uploads\/2017\/08\/personaalteenindus-600x600.jpg 600w\" alt=\"\" width=\"300\" height=\"300\" \/><\/p>\n","protected":false},"excerpt":{"rendered":"<p>&#8211;\u00a0USALDUS &#8211; KIIRUS + KONKURENTSIV\u00d5IMELINE HIND &#8211; PAINDLIKKUS &#8211; KOGEMUSED &#8211; KVALITEET &#8211;\u00a0\u00a0VAID PARIM ON MEILE PIISAV &#8211; INNOVATIIVSUS + PIDEV ENESET\u00c4IENDUS &#8211; PERSONAL &#8211;\u00a0\u00a0TUGEVA MOTIVATSIOONI- JA V\u00c4LJA\u00d5PPEGA &#8211; KESKKONNAS\u00d5BRALIKKUS<\/p>\n","protected":false},"author":31,"featured_media":0,"parent":694,"menu_order":10,"comment_status":"closed","ping_status":"closed","template":"template_about-us.php","meta":{"footnotes":""},"yoast_head":"<!-- This site is optimized with the Yoast SEO plugin v21.5 - https:\/\/yoast.com\/wordpress\/plugins\/seo\/ -->\n<title>V\u00e4\u00e4rtused - Brandner<\/title>\n<meta name=\"robots\" content=\"index, follow, max-snippet:-1, max-image-preview:large, max-video-preview:-1\" \/>\n<link rel=\"canonical\" href=\"https:\/\/www.brandner.ee\/et\/ettevottest\/vaartused\/\" \/>\n<meta property=\"og:locale\" content=\"et_EE\" \/>\n<meta property=\"og:type\" content=\"article\" \/>\n<meta property=\"og:title\" content=\"V\u00e4\u00e4rtused - Brandner\" \/>\n<meta property=\"og:description\" content=\"&#8211;\u00a0USALDUS &#8211; KIIRUS + KONKURENTSIV\u00d5IMELINE HIND &#8211; PAINDLIKKUS &#8211; KOGEMUSED &#8211; KVALITEET &#8211;\u00a0\u00a0VAID PARIM ON MEILE PIISAV &#8211; INNOVATIIVSUS + PIDEV ENESET\u00c4IENDUS &#8211; PERSONAL &#8211;\u00a0\u00a0TUGEVA MOTIVATSIOONI- JA V\u00c4LJA\u00d5PPEGA &#8211; KESKKONNAS\u00d5BRALIKKUS\" \/>\n<meta property=\"og:url\" content=\"https:\/\/www.brandner.ee\/et\/ettevottest\/vaartused\/\" \/>\n<meta property=\"og:site_name\" content=\"Brandner\" \/>\n<meta property=\"article:modified_time\" content=\"2019-01-11T12:10:00+00:00\" \/>\n<meta property=\"og:image\" content=\"https:\/\/www.brandner.ee\/wp-content\/uploads\/2017\/08\/personaalteenindus-300x300.jpg\" \/>\n<meta name=\"twitter:card\" content=\"summary_large_image\" \/>\n<script type=\"application\/ld+json\" class=\"yoast-schema-graph\">{\"@context\":\"https:\/\/schema.org\",\"@graph\":[{\"@type\":\"WebPage\",\"@id\":\"https:\/\/www.brandner.ee\/et\/ettevottest\/vaartused\/\",\"url\":\"https:\/\/www.brandner.ee\/et\/ettevottest\/vaartused\/\",\"name\":\"V\u00e4\u00e4rtused - Brandner\",\"isPartOf\":{\"@id\":\"https:\/\/www.brandner.ee\/#website\"},\"datePublished\":\"2017-08-16T12:37:46+00:00\",\"dateModified\":\"2019-01-11T12:10:00+00:00\",\"breadcrumb\":{\"@id\":\"https:\/\/www.brandner.ee\/et\/ettevottest\/vaartused\/#breadcrumb\"},\"inLanguage\":\"et\",\"potentialAction\":[{\"@type\":\"ReadAction\",\"target\":[\"https:\/\/www.brandner.ee\/et\/ettevottest\/vaartused\/\"]}]},{\"@type\":\"BreadcrumbList\",\"@id\":\"https:\/\/www.brandner.ee\/et\/ettevottest\/vaartused\/#breadcrumb\",\"itemListElement\":[{\"@type\":\"ListItem\",\"position\":1,\"name\":\"Home\",\"item\":\"https:\/\/www.brandner.ee\/et\/\"},{\"@type\":\"ListItem\",\"position\":2,\"name\":\"Ettev\u00f5ttest\",\"item\":\"https:\/\/www.brandner.ee\/et\/ettevottest\/\"},{\"@type\":\"ListItem\",\"position\":3,\"name\":\"V\u00e4\u00e4rtused\"}]},{\"@type\":\"WebSite\",\"@id\":\"https:\/\/www.brandner.ee\/#website\",\"url\":\"https:\/\/www.brandner.ee\/\",\"name\":\"Brandner\",\"description\":\"PCB manufacturing\",\"potentialAction\":[{\"@type\":\"SearchAction\",\"target\":{\"@type\":\"EntryPoint\",\"urlTemplate\":\"https:\/\/www.brandner.ee\/?s={search_term_string}\"},\"query-input\":\"required name=search_term_string\"}],\"inLanguage\":\"et\"}]}<\/script>\n<!-- \/ Yoast SEO plugin. -->","yoast_head_json":{"title":"V\u00e4\u00e4rtused - Brandner","robots":{"index":"index","follow":"follow","max-snippet":"max-snippet:-1","max-image-preview":"max-image-preview:large","max-video-preview":"max-video-preview:-1"},"canonical":"https:\/\/www.brandner.ee\/et\/ettevottest\/vaartused\/","og_locale":"et_EE","og_type":"article","og_title":"V\u00e4\u00e4rtused - Brandner","og_description":"&#8211;\u00a0USALDUS &#8211; KIIRUS + KONKURENTSIV\u00d5IMELINE HIND &#8211; PAINDLIKKUS &#8211; KOGEMUSED &#8211; KVALITEET &#8211;\u00a0\u00a0VAID PARIM ON MEILE PIISAV &#8211; INNOVATIIVSUS + PIDEV ENESET\u00c4IENDUS &#8211; PERSONAL &#8211;\u00a0\u00a0TUGEVA MOTIVATSIOONI- JA V\u00c4LJA\u00d5PPEGA &#8211; KESKKONNAS\u00d5BRALIKKUS","og_url":"https:\/\/www.brandner.ee\/et\/ettevottest\/vaartused\/","og_site_name":"Brandner","article_modified_time":"2019-01-11T12:10:00+00:00","og_image":[{"url":"https:\/\/www.brandner.ee\/wp-content\/uploads\/2017\/08\/personaalteenindus-300x300.jpg"}],"twitter_card":"summary_large_image","schema":{"@context":"https:\/\/schema.org","@graph":[{"@type":"WebPage","@id":"https:\/\/www.brandner.ee\/et\/ettevottest\/vaartused\/","url":"https:\/\/www.brandner.ee\/et\/ettevottest\/vaartused\/","name":"V\u00e4\u00e4rtused - Brandner","isPartOf":{"@id":"https:\/\/www.brandner.ee\/#website"},"datePublished":"2017-08-16T12:37:46+00:00","dateModified":"2019-01-11T12:10:00+00:00","breadcrumb":{"@id":"https:\/\/www.brandner.ee\/et\/ettevottest\/vaartused\/#breadcrumb"},"inLanguage":"et","potentialAction":[{"@type":"ReadAction","target":["https:\/\/www.brandner.ee\/et\/ettevottest\/vaartused\/"]}]},{"@type":"BreadcrumbList","@id":"https:\/\/www.brandner.ee\/et\/ettevottest\/vaartused\/#breadcrumb","itemListElement":[{"@type":"ListItem","position":1,"name":"Home","item":"https:\/\/www.brandner.ee\/et\/"},{"@type":"ListItem","position":2,"name":"Ettev\u00f5ttest","item":"https:\/\/www.brandner.ee\/et\/ettevottest\/"},{"@type":"ListItem","position":3,"name":"V\u00e4\u00e4rtused"}]},{"@type":"WebSite","@id":"https:\/\/www.brandner.ee\/#website","url":"https:\/\/www.brandner.ee\/","name":"Brandner","description":"PCB manufacturing","potentialAction":[{"@type":"SearchAction","target":{"@type":"EntryPoint","urlTemplate":"https:\/\/www.brandner.ee\/?s={search_term_string}"},"query-input":"required name=search_term_string"}],"inLanguage":"et"}]}},"_links":{"self":[{"href":"https:\/\/www.brandner.ee\/et\/wp-json\/wp\/v2\/pages\/700"}],"collection":[{"href":"https:\/\/www.brandner.ee\/et\/wp-json\/wp\/v2\/pages"}],"about":[{"href":"https:\/\/www.brandner.ee\/et\/wp-json\/wp\/v2\/types\/page"}],"author":[{"embeddable":true,"href":"https:\/\/www.brandner.ee\/et\/wp-json\/wp\/v2\/users\/31"}],"replies":[{"embeddable":true,"href":"https:\/\/www.brandner.ee\/et\/wp-json\/wp\/v2\/comments?post=700"}],"version-history":[{"count":5,"href":"https:\/\/www.brandner.ee\/et\/wp-json\/wp\/v2\/pages\/700\/revisions"}],"predecessor-version":[{"id":3660,"href":"https:\/\/www.brandner.ee\/et\/wp-json\/wp\/v2\/pages\/700\/revisions\/3660"}],"up":[{"embeddable":true,"href":"https:\/\/www.brandner.ee\/et\/wp-json\/wp\/v2\/pages\/694"}],"wp:attachment":[{"href":"https:\/\/www.brandner.ee\/et\/wp-json\/wp\/v2\/media?parent=700"}],"curies":[{"name":"wp","href":"https:\/\/api.w.org\/{rel}","templated":true}]}}