{"id":6350,"date":"2019-01-08T12:19:56","date_gmt":"2019-01-08T10:19:56","guid":{"rendered":"https:\/\/www.brandner.ee\/?page_id=6350"},"modified":"2019-06-04T13:56:22","modified_gmt":"2019-06-04T10:56:22","slug":"pime-frees","status":"publish","type":"page","link":"https:\/\/www.brandner.ee\/et\/tootmisvoimekus\/pime-frees\/","title":{"rendered":"Pime frees"},"content":{"rendered":"<p><strong>Pimedat freesi<\/strong> tr\u00fckkiplaadi disainis kasutatakse mitmel erineval p\u00f5hjusel.<br \/>\nN\u00e4iteks:<br \/>\n1. Komponentide avauste v\u00f5i sissel\u00f5igete tegemiseks.<br \/>\n2. Metalliseeritud kujul soojuse \u00e4rajuhtimiseks.<br \/>\n3. Eriliste profiilidega kinnituste korral.<\/p>\n<p><img loading=\"lazy\" decoding=\"async\" class=\"alignnone size-medium wp-image-6415\" src=\"https:\/\/www.brandner.ee\/wp-content\/uploads\/2019\/01\/Pime-frees-DSC_1629-par2-300x157.jpg\" alt=\"\" width=\"300\" height=\"157\" srcset=\"https:\/\/www.brandner.ee\/wp-content\/uploads\/2019\/01\/Pime-frees-DSC_1629-par2-300x157.jpg 300w, https:\/\/www.brandner.ee\/wp-content\/uploads\/2019\/01\/Pime-frees-DSC_1629-par2-768x401.jpg 768w, https:\/\/www.brandner.ee\/wp-content\/uploads\/2019\/01\/Pime-frees-DSC_1629-par2-1024x535.jpg 1024w\" sizes=\"(max-width: 300px) 100vw, 300px\" \/><\/p>\n<p>Pimeda frees puhul kehtivad tavafreesi parameetrid.<br \/>\nMinimaalne freesi t\u00f6\u00f6riist Brandneris pimedale freesile on 0,6mm ja maksimaalne t\u00f6\u00f6riist on 2,5mm<br \/>\nS\u00fcgavuse tolerants pimedale freesile on +\/- 7um<\/p>\n<p>&nbsp;<\/p>\n<p>Pimeda freesi jaoks vajalik info:<br \/>\n&#8211; Gabariit ja freesitee.<br \/>\n&#8211; Eraldi kiht pimeda freesi jaoks, kiht peab olema m\u00e4rgitud arusaadavalt.<br \/>\n&#8211; Pimeda freesi s\u00fcgavus (mm).<br \/>\n&#8211; Info, kas pime frees on metalliseeritud v\u00f5i mitte.<\/p>\n","protected":false},"excerpt":{"rendered":"<p>Pimedat freesi tr\u00fckkiplaadi disainis kasutatakse mitmel erineval p\u00f5hjusel. N\u00e4iteks: 1. Komponentide avauste v\u00f5i sissel\u00f5igete tegemiseks. 2. Metalliseeritud kujul soojuse \u00e4rajuhtimiseks. 3. Eriliste profiilidega kinnituste korral. Pimeda frees puhul kehtivad tavafreesi parameetrid. Minimaalne freesi t\u00f6\u00f6riist Brandneris pimedale freesile on 0,6mm ja maksimaalne t\u00f6\u00f6riist on 2,5mm S\u00fcgavuse tolerants pimedale freesile on +\/- 7um &nbsp; Pimeda freesi jaoks &hellip;<\/p>\n","protected":false},"author":31,"featured_media":0,"parent":718,"menu_order":60,"comment_status":"closed","ping_status":"closed","template":"template_content-sidebar.php","meta":{"footnotes":""},"yoast_head":"<!-- This site is optimized with the Yoast SEO plugin v21.5 - https:\/\/yoast.com\/wordpress\/plugins\/seo\/ -->\n<title>Pime frees - Brandner<\/title>\n<meta name=\"robots\" content=\"index, follow, max-snippet:-1, max-image-preview:large, max-video-preview:-1\" \/>\n<link rel=\"canonical\" href=\"https:\/\/www.brandner.ee\/et\/tootmisvoimekus\/pime-frees\/\" \/>\n<meta property=\"og:locale\" content=\"et_EE\" \/>\n<meta property=\"og:type\" content=\"article\" \/>\n<meta property=\"og:title\" content=\"Pime frees - Brandner\" \/>\n<meta property=\"og:description\" content=\"Pimedat freesi tr\u00fckkiplaadi disainis kasutatakse mitmel erineval p\u00f5hjusel. N\u00e4iteks: 1. Komponentide avauste v\u00f5i sissel\u00f5igete tegemiseks. 2. Metalliseeritud kujul soojuse \u00e4rajuhtimiseks. 3. Eriliste profiilidega kinnituste korral. Pimeda frees puhul kehtivad tavafreesi parameetrid. Minimaalne freesi t\u00f6\u00f6riist Brandneris pimedale freesile on 0,6mm ja maksimaalne t\u00f6\u00f6riist on 2,5mm S\u00fcgavuse tolerants pimedale freesile on +\/- 7um &nbsp; Pimeda freesi jaoks &hellip;\" \/>\n<meta property=\"og:url\" content=\"https:\/\/www.brandner.ee\/et\/tootmisvoimekus\/pime-frees\/\" \/>\n<meta property=\"og:site_name\" content=\"Brandner\" \/>\n<meta property=\"article:modified_time\" content=\"2019-06-04T10:56:22+00:00\" \/>\n<meta property=\"og:image\" content=\"https:\/\/www.brandner.ee\/wp-content\/uploads\/2019\/01\/Pime-frees-DSC_1629-par2-300x157.jpg\" \/>\n<meta name=\"twitter:card\" content=\"summary_large_image\" \/>\n<script type=\"application\/ld+json\" class=\"yoast-schema-graph\">{\"@context\":\"https:\/\/schema.org\",\"@graph\":[{\"@type\":\"WebPage\",\"@id\":\"https:\/\/www.brandner.ee\/et\/tootmisvoimekus\/pime-frees\/\",\"url\":\"https:\/\/www.brandner.ee\/et\/tootmisvoimekus\/pime-frees\/\",\"name\":\"Pime frees - Brandner\",\"isPartOf\":{\"@id\":\"https:\/\/www.brandner.ee\/#website\"},\"datePublished\":\"2019-01-08T10:19:56+00:00\",\"dateModified\":\"2019-06-04T10:56:22+00:00\",\"breadcrumb\":{\"@id\":\"https:\/\/www.brandner.ee\/et\/tootmisvoimekus\/pime-frees\/#breadcrumb\"},\"inLanguage\":\"et\",\"potentialAction\":[{\"@type\":\"ReadAction\",\"target\":[\"https:\/\/www.brandner.ee\/et\/tootmisvoimekus\/pime-frees\/\"]}]},{\"@type\":\"BreadcrumbList\",\"@id\":\"https:\/\/www.brandner.ee\/et\/tootmisvoimekus\/pime-frees\/#breadcrumb\",\"itemListElement\":[{\"@type\":\"ListItem\",\"position\":1,\"name\":\"Home\",\"item\":\"https:\/\/www.brandner.ee\/et\/\"},{\"@type\":\"ListItem\",\"position\":2,\"name\":\"Tootmisv\u00f5imekus\",\"item\":\"https:\/\/www.brandner.ee\/et\/tootmisvoimekus\/\"},{\"@type\":\"ListItem\",\"position\":3,\"name\":\"Pime frees\"}]},{\"@type\":\"WebSite\",\"@id\":\"https:\/\/www.brandner.ee\/#website\",\"url\":\"https:\/\/www.brandner.ee\/\",\"name\":\"Brandner\",\"description\":\"PCB manufacturing\",\"potentialAction\":[{\"@type\":\"SearchAction\",\"target\":{\"@type\":\"EntryPoint\",\"urlTemplate\":\"https:\/\/www.brandner.ee\/?s={search_term_string}\"},\"query-input\":\"required name=search_term_string\"}],\"inLanguage\":\"et\"}]}<\/script>\n<!-- \/ Yoast SEO plugin. -->","yoast_head_json":{"title":"Pime frees - Brandner","robots":{"index":"index","follow":"follow","max-snippet":"max-snippet:-1","max-image-preview":"max-image-preview:large","max-video-preview":"max-video-preview:-1"},"canonical":"https:\/\/www.brandner.ee\/et\/tootmisvoimekus\/pime-frees\/","og_locale":"et_EE","og_type":"article","og_title":"Pime frees - Brandner","og_description":"Pimedat freesi tr\u00fckkiplaadi disainis kasutatakse mitmel erineval p\u00f5hjusel. N\u00e4iteks: 1. Komponentide avauste v\u00f5i sissel\u00f5igete tegemiseks. 2. Metalliseeritud kujul soojuse \u00e4rajuhtimiseks. 3. Eriliste profiilidega kinnituste korral. Pimeda frees puhul kehtivad tavafreesi parameetrid. Minimaalne freesi t\u00f6\u00f6riist Brandneris pimedale freesile on 0,6mm ja maksimaalne t\u00f6\u00f6riist on 2,5mm S\u00fcgavuse tolerants pimedale freesile on +\/- 7um &nbsp; Pimeda freesi jaoks &hellip;","og_url":"https:\/\/www.brandner.ee\/et\/tootmisvoimekus\/pime-frees\/","og_site_name":"Brandner","article_modified_time":"2019-06-04T10:56:22+00:00","og_image":[{"url":"https:\/\/www.brandner.ee\/wp-content\/uploads\/2019\/01\/Pime-frees-DSC_1629-par2-300x157.jpg"}],"twitter_card":"summary_large_image","schema":{"@context":"https:\/\/schema.org","@graph":[{"@type":"WebPage","@id":"https:\/\/www.brandner.ee\/et\/tootmisvoimekus\/pime-frees\/","url":"https:\/\/www.brandner.ee\/et\/tootmisvoimekus\/pime-frees\/","name":"Pime frees - Brandner","isPartOf":{"@id":"https:\/\/www.brandner.ee\/#website"},"datePublished":"2019-01-08T10:19:56+00:00","dateModified":"2019-06-04T10:56:22+00:00","breadcrumb":{"@id":"https:\/\/www.brandner.ee\/et\/tootmisvoimekus\/pime-frees\/#breadcrumb"},"inLanguage":"et","potentialAction":[{"@type":"ReadAction","target":["https:\/\/www.brandner.ee\/et\/tootmisvoimekus\/pime-frees\/"]}]},{"@type":"BreadcrumbList","@id":"https:\/\/www.brandner.ee\/et\/tootmisvoimekus\/pime-frees\/#breadcrumb","itemListElement":[{"@type":"ListItem","position":1,"name":"Home","item":"https:\/\/www.brandner.ee\/et\/"},{"@type":"ListItem","position":2,"name":"Tootmisv\u00f5imekus","item":"https:\/\/www.brandner.ee\/et\/tootmisvoimekus\/"},{"@type":"ListItem","position":3,"name":"Pime frees"}]},{"@type":"WebSite","@id":"https:\/\/www.brandner.ee\/#website","url":"https:\/\/www.brandner.ee\/","name":"Brandner","description":"PCB manufacturing","potentialAction":[{"@type":"SearchAction","target":{"@type":"EntryPoint","urlTemplate":"https:\/\/www.brandner.ee\/?s={search_term_string}"},"query-input":"required name=search_term_string"}],"inLanguage":"et"}]}},"_links":{"self":[{"href":"https:\/\/www.brandner.ee\/et\/wp-json\/wp\/v2\/pages\/6350"}],"collection":[{"href":"https:\/\/www.brandner.ee\/et\/wp-json\/wp\/v2\/pages"}],"about":[{"href":"https:\/\/www.brandner.ee\/et\/wp-json\/wp\/v2\/types\/page"}],"author":[{"embeddable":true,"href":"https:\/\/www.brandner.ee\/et\/wp-json\/wp\/v2\/users\/31"}],"replies":[{"embeddable":true,"href":"https:\/\/www.brandner.ee\/et\/wp-json\/wp\/v2\/comments?post=6350"}],"version-history":[{"count":5,"href":"https:\/\/www.brandner.ee\/et\/wp-json\/wp\/v2\/pages\/6350\/revisions"}],"predecessor-version":[{"id":6877,"href":"https:\/\/www.brandner.ee\/et\/wp-json\/wp\/v2\/pages\/6350\/revisions\/6877"}],"up":[{"embeddable":true,"href":"https:\/\/www.brandner.ee\/et\/wp-json\/wp\/v2\/pages\/718"}],"wp:attachment":[{"href":"https:\/\/www.brandner.ee\/et\/wp-json\/wp\/v2\/media?parent=6350"}],"curies":[{"name":"wp","href":"https:\/\/api.w.org\/{rel}","templated":true}]}}