{"id":6337,"date":"2019-01-08T12:12:27","date_gmt":"2019-01-08T10:12:27","guid":{"rendered":"https:\/\/www.brandner.ee\/?page_id=6337"},"modified":"2019-01-11T14:13:29","modified_gmt":"2019-01-11T12:13:29","slug":"pimedad-ja-maetud-avad","status":"publish","type":"page","link":"https:\/\/www.brandner.ee\/et\/tootmisvoimekus\/pimedad-ja-maetud-avad\/","title":{"rendered":"Pimedad ja maetud avad"},"content":{"rendered":"<div class=\"col-lg-9 col-md-8 col-sm-7 col-xs-12 padding-top\">\n<div class=\"row\">\n<div class=\"col-md-12\">\n<article id=\"post-6339\" class=\"post-6339 page type-page status-publish hentry\">\n<div class=\"entry-content scrollbox\">Pimedaid ja maetud avasid kasutatakse kihtide \u00fchendamiseks eriti tiheda disaini puhul (HDI).<\/div>\n<\/article>\n<article id=\"post-6339\" class=\"post-6339 page type-page status-publish hentry\">\n<div class=\"entry-content scrollbox\"><strong>Pimedad avad<\/strong> on avatud vaid plaadi \u00fchele k\u00fcljele, samas kui <strong>maetud avad<\/strong> \u00fchendavad sisekihid ilma, et nad oleksid m\u00f5lema poole pinnaga kokku puutunud.<\/div>\n<div><\/div>\n<div class=\"entry-content scrollbox\">Meie Brandneris puurime pimedad ja maetud avad mehaaniliselt selleks, et tagada avade kvaliteet!<\/div>\n<div class=\"entry-content scrollbox\"><img loading=\"lazy\" decoding=\"async\" class=\"alignnone wp-image-6373\" src=\"https:\/\/www.brandner.ee\/wp-content\/uploads\/2019\/01\/ggblhkngnihlfmjm-300x159.png\" sizes=\"(max-width: 428px) 100vw, 428px\" srcset=\"https:\/\/www.brandner.ee\/wp-content\/uploads\/2019\/01\/ggblhkngnihlfmjm-300x159.png 300w, https:\/\/www.brandner.ee\/wp-content\/uploads\/2019\/01\/ggblhkngnihlfmjm.png 563w\" alt=\"\" width=\"428\" height=\"227\" \/><\/div>\n<div class=\"entry-content scrollbox\">Pimedate avade puhul on oluline s\u00e4ilitada kuvasuhe 1:1.<br \/>\nSee t\u00e4hendab, et pimeda ava s\u00fcgavus peab olema v\u00e4hem v\u00f5i v\u00f5rdne ava l\u00e4bim\u00f5\u00f5duga.<br \/>\nPalun \u00e4rge unustage seda, kui koostate \u00fclesehitust pimedate avadega.<\/div>\n<\/article>\n<\/div>\n<\/div>\n<\/div>\n","protected":false},"excerpt":{"rendered":"<p>Pimedaid ja maetud avasid kasutatakse kihtide \u00fchendamiseks eriti tiheda disaini puhul (HDI). Pimedad avad on avatud vaid plaadi \u00fchele k\u00fcljele, samas kui maetud avad \u00fchendavad sisekihid ilma, et nad oleksid m\u00f5lema poole pinnaga kokku puutunud. Meie Brandneris puurime pimedad ja maetud avad mehaaniliselt selleks, et tagada avade kvaliteet! Pimedate avade puhul on oluline s\u00e4ilitada kuvasuhe &hellip;<\/p>\n","protected":false},"author":31,"featured_media":0,"parent":718,"menu_order":50,"comment_status":"closed","ping_status":"closed","template":"template_content-sidebar.php","meta":{"footnotes":""},"yoast_head":"<!-- This site is optimized with the Yoast SEO plugin v21.5 - https:\/\/yoast.com\/wordpress\/plugins\/seo\/ -->\n<title>Pimedad ja maetud avad - Brandner<\/title>\n<meta name=\"robots\" content=\"index, follow, max-snippet:-1, max-image-preview:large, max-video-preview:-1\" \/>\n<link rel=\"canonical\" href=\"https:\/\/www.brandner.ee\/et\/tootmisvoimekus\/pimedad-ja-maetud-avad\/\" \/>\n<meta property=\"og:locale\" content=\"et_EE\" \/>\n<meta property=\"og:type\" content=\"article\" \/>\n<meta property=\"og:title\" content=\"Pimedad ja maetud avad - Brandner\" \/>\n<meta property=\"og:description\" content=\"Pimedaid ja maetud avasid kasutatakse kihtide \u00fchendamiseks eriti tiheda disaini puhul (HDI). Pimedad avad on avatud vaid plaadi \u00fchele k\u00fcljele, samas kui maetud avad \u00fchendavad sisekihid ilma, et nad oleksid m\u00f5lema poole pinnaga kokku puutunud. Meie Brandneris puurime pimedad ja maetud avad mehaaniliselt selleks, et tagada avade kvaliteet! Pimedate avade puhul on oluline s\u00e4ilitada kuvasuhe &hellip;\" \/>\n<meta property=\"og:url\" content=\"https:\/\/www.brandner.ee\/et\/tootmisvoimekus\/pimedad-ja-maetud-avad\/\" \/>\n<meta property=\"og:site_name\" content=\"Brandner\" \/>\n<meta property=\"article:modified_time\" content=\"2019-01-11T12:13:29+00:00\" \/>\n<meta property=\"og:image\" content=\"https:\/\/www.brandner.ee\/wp-content\/uploads\/2019\/01\/ggblhkngnihlfmjm-300x159.png\" \/>\n<meta name=\"twitter:card\" content=\"summary_large_image\" \/>\n<script type=\"application\/ld+json\" class=\"yoast-schema-graph\">{\"@context\":\"https:\/\/schema.org\",\"@graph\":[{\"@type\":\"WebPage\",\"@id\":\"https:\/\/www.brandner.ee\/et\/tootmisvoimekus\/pimedad-ja-maetud-avad\/\",\"url\":\"https:\/\/www.brandner.ee\/et\/tootmisvoimekus\/pimedad-ja-maetud-avad\/\",\"name\":\"Pimedad ja maetud avad - Brandner\",\"isPartOf\":{\"@id\":\"https:\/\/www.brandner.ee\/#website\"},\"datePublished\":\"2019-01-08T10:12:27+00:00\",\"dateModified\":\"2019-01-11T12:13:29+00:00\",\"breadcrumb\":{\"@id\":\"https:\/\/www.brandner.ee\/et\/tootmisvoimekus\/pimedad-ja-maetud-avad\/#breadcrumb\"},\"inLanguage\":\"et\",\"potentialAction\":[{\"@type\":\"ReadAction\",\"target\":[\"https:\/\/www.brandner.ee\/et\/tootmisvoimekus\/pimedad-ja-maetud-avad\/\"]}]},{\"@type\":\"BreadcrumbList\",\"@id\":\"https:\/\/www.brandner.ee\/et\/tootmisvoimekus\/pimedad-ja-maetud-avad\/#breadcrumb\",\"itemListElement\":[{\"@type\":\"ListItem\",\"position\":1,\"name\":\"Home\",\"item\":\"https:\/\/www.brandner.ee\/et\/\"},{\"@type\":\"ListItem\",\"position\":2,\"name\":\"Tootmisv\u00f5imekus\",\"item\":\"https:\/\/www.brandner.ee\/et\/tootmisvoimekus\/\"},{\"@type\":\"ListItem\",\"position\":3,\"name\":\"Pimedad ja maetud avad\"}]},{\"@type\":\"WebSite\",\"@id\":\"https:\/\/www.brandner.ee\/#website\",\"url\":\"https:\/\/www.brandner.ee\/\",\"name\":\"Brandner\",\"description\":\"PCB manufacturing\",\"potentialAction\":[{\"@type\":\"SearchAction\",\"target\":{\"@type\":\"EntryPoint\",\"urlTemplate\":\"https:\/\/www.brandner.ee\/?s={search_term_string}\"},\"query-input\":\"required name=search_term_string\"}],\"inLanguage\":\"et\"}]}<\/script>\n<!-- \/ Yoast SEO plugin. -->","yoast_head_json":{"title":"Pimedad ja maetud avad - Brandner","robots":{"index":"index","follow":"follow","max-snippet":"max-snippet:-1","max-image-preview":"max-image-preview:large","max-video-preview":"max-video-preview:-1"},"canonical":"https:\/\/www.brandner.ee\/et\/tootmisvoimekus\/pimedad-ja-maetud-avad\/","og_locale":"et_EE","og_type":"article","og_title":"Pimedad ja maetud avad - Brandner","og_description":"Pimedaid ja maetud avasid kasutatakse kihtide \u00fchendamiseks eriti tiheda disaini puhul (HDI). Pimedad avad on avatud vaid plaadi \u00fchele k\u00fcljele, samas kui maetud avad \u00fchendavad sisekihid ilma, et nad oleksid m\u00f5lema poole pinnaga kokku puutunud. Meie Brandneris puurime pimedad ja maetud avad mehaaniliselt selleks, et tagada avade kvaliteet! Pimedate avade puhul on oluline s\u00e4ilitada kuvasuhe &hellip;","og_url":"https:\/\/www.brandner.ee\/et\/tootmisvoimekus\/pimedad-ja-maetud-avad\/","og_site_name":"Brandner","article_modified_time":"2019-01-11T12:13:29+00:00","og_image":[{"url":"https:\/\/www.brandner.ee\/wp-content\/uploads\/2019\/01\/ggblhkngnihlfmjm-300x159.png"}],"twitter_card":"summary_large_image","schema":{"@context":"https:\/\/schema.org","@graph":[{"@type":"WebPage","@id":"https:\/\/www.brandner.ee\/et\/tootmisvoimekus\/pimedad-ja-maetud-avad\/","url":"https:\/\/www.brandner.ee\/et\/tootmisvoimekus\/pimedad-ja-maetud-avad\/","name":"Pimedad ja maetud avad - Brandner","isPartOf":{"@id":"https:\/\/www.brandner.ee\/#website"},"datePublished":"2019-01-08T10:12:27+00:00","dateModified":"2019-01-11T12:13:29+00:00","breadcrumb":{"@id":"https:\/\/www.brandner.ee\/et\/tootmisvoimekus\/pimedad-ja-maetud-avad\/#breadcrumb"},"inLanguage":"et","potentialAction":[{"@type":"ReadAction","target":["https:\/\/www.brandner.ee\/et\/tootmisvoimekus\/pimedad-ja-maetud-avad\/"]}]},{"@type":"BreadcrumbList","@id":"https:\/\/www.brandner.ee\/et\/tootmisvoimekus\/pimedad-ja-maetud-avad\/#breadcrumb","itemListElement":[{"@type":"ListItem","position":1,"name":"Home","item":"https:\/\/www.brandner.ee\/et\/"},{"@type":"ListItem","position":2,"name":"Tootmisv\u00f5imekus","item":"https:\/\/www.brandner.ee\/et\/tootmisvoimekus\/"},{"@type":"ListItem","position":3,"name":"Pimedad ja maetud avad"}]},{"@type":"WebSite","@id":"https:\/\/www.brandner.ee\/#website","url":"https:\/\/www.brandner.ee\/","name":"Brandner","description":"PCB manufacturing","potentialAction":[{"@type":"SearchAction","target":{"@type":"EntryPoint","urlTemplate":"https:\/\/www.brandner.ee\/?s={search_term_string}"},"query-input":"required name=search_term_string"}],"inLanguage":"et"}]}},"_links":{"self":[{"href":"https:\/\/www.brandner.ee\/et\/wp-json\/wp\/v2\/pages\/6337"}],"collection":[{"href":"https:\/\/www.brandner.ee\/et\/wp-json\/wp\/v2\/pages"}],"about":[{"href":"https:\/\/www.brandner.ee\/et\/wp-json\/wp\/v2\/types\/page"}],"author":[{"embeddable":true,"href":"https:\/\/www.brandner.ee\/et\/wp-json\/wp\/v2\/users\/31"}],"replies":[{"embeddable":true,"href":"https:\/\/www.brandner.ee\/et\/wp-json\/wp\/v2\/comments?post=6337"}],"version-history":[{"count":8,"href":"https:\/\/www.brandner.ee\/et\/wp-json\/wp\/v2\/pages\/6337\/revisions"}],"predecessor-version":[{"id":6400,"href":"https:\/\/www.brandner.ee\/et\/wp-json\/wp\/v2\/pages\/6337\/revisions\/6400"}],"up":[{"embeddable":true,"href":"https:\/\/www.brandner.ee\/et\/wp-json\/wp\/v2\/pages\/718"}],"wp:attachment":[{"href":"https:\/\/www.brandner.ee\/et\/wp-json\/wp\/v2\/media?parent=6337"}],"curies":[{"name":"wp","href":"https:\/\/api.w.org\/{rel}","templated":true}]}}