{"id":3477,"date":"2017-12-05T15:09:21","date_gmt":"2017-12-05T13:09:21","guid":{"rendered":"https:\/\/www.brandner.ee\/?page_id=3477"},"modified":"2025-07-09T12:04:37","modified_gmt":"2025-07-09T09:04:37","slug":"vaikeseeriad-uus","status":"publish","type":"page","link":"https:\/\/www.brandner.ee\/et\/tootmisvoimekus\/vaikeseeriad-uus\/","title":{"rendered":"V\u00e4ikeseeriad &#8211; UUS!"},"content":{"rendered":"<p><strong>Pakume tr\u00fckkplaatide valmistamist v\u00e4ikeseeriana valmistusajaga alates 7 t\u00f6\u00f6p\u00e4eva:<\/strong><\/p>\n<ul>\n<li>kuni\u00a0<strong>8<\/strong>\u00a0kihti, FR4;<\/li>\n<li>plaadi v\u00f5i paneeli maksimaalsuurus:\u00a0<strong>360mm x 460mm<\/strong>;<\/li>\n<li>puurisuurus alates\u00a0<strong>0,2 mm<\/strong>;<\/li>\n<li>vaikimisi roheline jootemask (teised v\u00e4rvid &#8211; k\u00fcsi lisa!);<\/li>\n<li><strong>HASL<\/strong>\u00a0v\u00f5i\u00a0<strong>ENIG<\/strong>\u00a0pinnakate;<\/li>\n<li>v\u00e4ljal\u00f5ikamine:\u00a0<strong>frees\u00a0<\/strong>v\u00f5i\u00a0<strong>V-l\u00f5ige<\/strong>;<\/li>\n<li><strong>paneliseerime\u00a0<\/strong>Teie plaadi ja saadame stensiilifailid: enne t\u00f6\u00f6sseandmist kinnitab klient paneeli eelvaate.<\/li>\n<\/ul>\n<p>Teie p\u00e4ringud on oodatud meilile\u00a0<a href=\"mailto:sales@brandner.ee\">sales@brandner.ee<\/a>.<\/p>\n","protected":false},"excerpt":{"rendered":"<p>Pakume tr\u00fckkplaatide valmistamist v\u00e4ikeseeriana valmistusajaga alates 7 t\u00f6\u00f6p\u00e4eva: kuni\u00a08\u00a0kihti, FR4; plaadi v\u00f5i paneeli maksimaalsuurus:\u00a0360mm x 460mm; puurisuurus alates\u00a00,2 mm; vaikimisi roheline jootemask (teised v\u00e4rvid &#8211; k\u00fcsi lisa!); HASL\u00a0v\u00f5i\u00a0ENIG\u00a0pinnakate; v\u00e4ljal\u00f5ikamine:\u00a0frees\u00a0v\u00f5i\u00a0V-l\u00f5ige; paneliseerime\u00a0Teie plaadi ja saadame stensiilifailid: enne t\u00f6\u00f6sseandmist kinnitab klient paneeli eelvaate. Teie p\u00e4ringud on oodatud meilile\u00a0sales@brandner.ee.<\/p>\n","protected":false},"author":31,"featured_media":0,"parent":718,"menu_order":100,"comment_status":"closed","ping_status":"closed","template":"template_content-sidebar.php","meta":{"footnotes":""},"yoast_head":"<!-- This site is optimized with the Yoast SEO plugin v21.5 - https:\/\/yoast.com\/wordpress\/plugins\/seo\/ -->\n<title>V\u00e4ikeseeriad - UUS! - Brandner<\/title>\n<meta name=\"robots\" content=\"index, follow, max-snippet:-1, max-image-preview:large, max-video-preview:-1\" \/>\n<link rel=\"canonical\" href=\"https:\/\/www.brandner.ee\/et\/tootmisvoimekus\/vaikeseeriad-uus\/\" \/>\n<meta property=\"og:locale\" content=\"et_EE\" \/>\n<meta property=\"og:type\" content=\"article\" \/>\n<meta property=\"og:title\" content=\"V\u00e4ikeseeriad - UUS! - Brandner\" \/>\n<meta property=\"og:description\" content=\"Pakume tr\u00fckkplaatide valmistamist v\u00e4ikeseeriana valmistusajaga alates 7 t\u00f6\u00f6p\u00e4eva: kuni\u00a08\u00a0kihti, FR4; plaadi v\u00f5i paneeli maksimaalsuurus:\u00a0360mm x 460mm; puurisuurus alates\u00a00,2 mm; vaikimisi roheline jootemask (teised v\u00e4rvid &#8211; k\u00fcsi lisa!); HASL\u00a0v\u00f5i\u00a0ENIG\u00a0pinnakate; v\u00e4ljal\u00f5ikamine:\u00a0frees\u00a0v\u00f5i\u00a0V-l\u00f5ige; paneliseerime\u00a0Teie plaadi ja saadame stensiilifailid: enne t\u00f6\u00f6sseandmist kinnitab klient paneeli eelvaate. Teie p\u00e4ringud on oodatud meilile\u00a0sales@brandner.ee.\" \/>\n<meta property=\"og:url\" content=\"https:\/\/www.brandner.ee\/et\/tootmisvoimekus\/vaikeseeriad-uus\/\" \/>\n<meta property=\"og:site_name\" content=\"Brandner\" \/>\n<meta property=\"article:modified_time\" content=\"2025-07-09T09:04:37+00:00\" \/>\n<meta name=\"twitter:card\" content=\"summary_large_image\" \/>\n<meta name=\"twitter:label1\" content=\"Est. reading time\" \/>\n\t<meta name=\"twitter:data1\" content=\"1 minut\" \/>\n<script type=\"application\/ld+json\" class=\"yoast-schema-graph\">{\"@context\":\"https:\/\/schema.org\",\"@graph\":[{\"@type\":\"WebPage\",\"@id\":\"https:\/\/www.brandner.ee\/et\/tootmisvoimekus\/vaikeseeriad-uus\/\",\"url\":\"https:\/\/www.brandner.ee\/et\/tootmisvoimekus\/vaikeseeriad-uus\/\",\"name\":\"V\u00e4ikeseeriad - UUS! - Brandner\",\"isPartOf\":{\"@id\":\"https:\/\/www.brandner.ee\/#website\"},\"datePublished\":\"2017-12-05T13:09:21+00:00\",\"dateModified\":\"2025-07-09T09:04:37+00:00\",\"breadcrumb\":{\"@id\":\"https:\/\/www.brandner.ee\/et\/tootmisvoimekus\/vaikeseeriad-uus\/#breadcrumb\"},\"inLanguage\":\"et\",\"potentialAction\":[{\"@type\":\"ReadAction\",\"target\":[\"https:\/\/www.brandner.ee\/et\/tootmisvoimekus\/vaikeseeriad-uus\/\"]}]},{\"@type\":\"BreadcrumbList\",\"@id\":\"https:\/\/www.brandner.ee\/et\/tootmisvoimekus\/vaikeseeriad-uus\/#breadcrumb\",\"itemListElement\":[{\"@type\":\"ListItem\",\"position\":1,\"name\":\"Home\",\"item\":\"https:\/\/www.brandner.ee\/et\/\"},{\"@type\":\"ListItem\",\"position\":2,\"name\":\"Tootmisv\u00f5imekus\",\"item\":\"https:\/\/www.brandner.ee\/et\/tootmisvoimekus\/\"},{\"@type\":\"ListItem\",\"position\":3,\"name\":\"V\u00e4ikeseeriad &#8211; UUS!\"}]},{\"@type\":\"WebSite\",\"@id\":\"https:\/\/www.brandner.ee\/#website\",\"url\":\"https:\/\/www.brandner.ee\/\",\"name\":\"Brandner\",\"description\":\"PCB manufacturing\",\"potentialAction\":[{\"@type\":\"SearchAction\",\"target\":{\"@type\":\"EntryPoint\",\"urlTemplate\":\"https:\/\/www.brandner.ee\/?s={search_term_string}\"},\"query-input\":\"required name=search_term_string\"}],\"inLanguage\":\"et\"}]}<\/script>\n<!-- \/ Yoast SEO plugin. -->","yoast_head_json":{"title":"V\u00e4ikeseeriad - UUS! - Brandner","robots":{"index":"index","follow":"follow","max-snippet":"max-snippet:-1","max-image-preview":"max-image-preview:large","max-video-preview":"max-video-preview:-1"},"canonical":"https:\/\/www.brandner.ee\/et\/tootmisvoimekus\/vaikeseeriad-uus\/","og_locale":"et_EE","og_type":"article","og_title":"V\u00e4ikeseeriad - UUS! - Brandner","og_description":"Pakume tr\u00fckkplaatide valmistamist v\u00e4ikeseeriana valmistusajaga alates 7 t\u00f6\u00f6p\u00e4eva: kuni\u00a08\u00a0kihti, FR4; plaadi v\u00f5i paneeli maksimaalsuurus:\u00a0360mm x 460mm; puurisuurus alates\u00a00,2 mm; vaikimisi roheline jootemask (teised v\u00e4rvid &#8211; k\u00fcsi lisa!); HASL\u00a0v\u00f5i\u00a0ENIG\u00a0pinnakate; v\u00e4ljal\u00f5ikamine:\u00a0frees\u00a0v\u00f5i\u00a0V-l\u00f5ige; paneliseerime\u00a0Teie plaadi ja saadame stensiilifailid: enne t\u00f6\u00f6sseandmist kinnitab klient paneeli eelvaate. Teie p\u00e4ringud on oodatud meilile\u00a0sales@brandner.ee.","og_url":"https:\/\/www.brandner.ee\/et\/tootmisvoimekus\/vaikeseeriad-uus\/","og_site_name":"Brandner","article_modified_time":"2025-07-09T09:04:37+00:00","twitter_card":"summary_large_image","twitter_misc":{"Est. reading time":"1 minut"},"schema":{"@context":"https:\/\/schema.org","@graph":[{"@type":"WebPage","@id":"https:\/\/www.brandner.ee\/et\/tootmisvoimekus\/vaikeseeriad-uus\/","url":"https:\/\/www.brandner.ee\/et\/tootmisvoimekus\/vaikeseeriad-uus\/","name":"V\u00e4ikeseeriad - UUS! - Brandner","isPartOf":{"@id":"https:\/\/www.brandner.ee\/#website"},"datePublished":"2017-12-05T13:09:21+00:00","dateModified":"2025-07-09T09:04:37+00:00","breadcrumb":{"@id":"https:\/\/www.brandner.ee\/et\/tootmisvoimekus\/vaikeseeriad-uus\/#breadcrumb"},"inLanguage":"et","potentialAction":[{"@type":"ReadAction","target":["https:\/\/www.brandner.ee\/et\/tootmisvoimekus\/vaikeseeriad-uus\/"]}]},{"@type":"BreadcrumbList","@id":"https:\/\/www.brandner.ee\/et\/tootmisvoimekus\/vaikeseeriad-uus\/#breadcrumb","itemListElement":[{"@type":"ListItem","position":1,"name":"Home","item":"https:\/\/www.brandner.ee\/et\/"},{"@type":"ListItem","position":2,"name":"Tootmisv\u00f5imekus","item":"https:\/\/www.brandner.ee\/et\/tootmisvoimekus\/"},{"@type":"ListItem","position":3,"name":"V\u00e4ikeseeriad &#8211; UUS!"}]},{"@type":"WebSite","@id":"https:\/\/www.brandner.ee\/#website","url":"https:\/\/www.brandner.ee\/","name":"Brandner","description":"PCB manufacturing","potentialAction":[{"@type":"SearchAction","target":{"@type":"EntryPoint","urlTemplate":"https:\/\/www.brandner.ee\/?s={search_term_string}"},"query-input":"required name=search_term_string"}],"inLanguage":"et"}]}},"_links":{"self":[{"href":"https:\/\/www.brandner.ee\/et\/wp-json\/wp\/v2\/pages\/3477"}],"collection":[{"href":"https:\/\/www.brandner.ee\/et\/wp-json\/wp\/v2\/pages"}],"about":[{"href":"https:\/\/www.brandner.ee\/et\/wp-json\/wp\/v2\/types\/page"}],"author":[{"embeddable":true,"href":"https:\/\/www.brandner.ee\/et\/wp-json\/wp\/v2\/users\/31"}],"replies":[{"embeddable":true,"href":"https:\/\/www.brandner.ee\/et\/wp-json\/wp\/v2\/comments?post=3477"}],"version-history":[{"count":4,"href":"https:\/\/www.brandner.ee\/et\/wp-json\/wp\/v2\/pages\/3477\/revisions"}],"predecessor-version":[{"id":12611,"href":"https:\/\/www.brandner.ee\/et\/wp-json\/wp\/v2\/pages\/3477\/revisions\/12611"}],"up":[{"embeddable":true,"href":"https:\/\/www.brandner.ee\/et\/wp-json\/wp\/v2\/pages\/718"}],"wp:attachment":[{"href":"https:\/\/www.brandner.ee\/et\/wp-json\/wp\/v2\/media?parent=3477"}],"curies":[{"name":"wp","href":"https:\/\/api.w.org\/{rel}","templated":true}]}}